{"id":9162,"date":"2025-09-29T10:07:22","date_gmt":"2025-09-29T10:07:22","guid":{"rendered":"https:\/\/tolwatertechniek.nl\/informations-sur-lozone-bassins-et-aquaculture\/"},"modified":"2025-09-29T10:07:47","modified_gmt":"2025-09-29T10:07:47","slug":"informations-sur-lozone-bassins-et-aquaculture","status":"publish","type":"page","link":"https:\/\/tolwatertechniek.nl\/fr\/informations-sur-lozone-bassins-et-aquaculture\/","title":{"rendered":"Informations sur l\u2019ozone (bassins et aquaculture)"},"content":{"rendered":"<h2>Introduction \u00e0 l\u2019ozone<\/h2>\n<p>Le mot ozone est familier \u00e0 la plupart des gens, que ce soit \u00e0 cause de la couche d\u2019ozone ou de l\u2019odeur que produisent certaines imprimantes. Beaucoup ignorent toutefois qu\u2019il peut \u00e9galement \u00eatre utilis\u00e9 tr\u00e8s efficacement pour purifier l\u2019eau. L\u2019ozone est utilis\u00e9 depuis des ann\u00e9es dans la production d\u2019eau potable comme alternative au chlore. Il est aussi de plus en plus utilis\u00e9 dans les piscines, car le chlore peut provoquer des irritations de la peau et des voies respiratoires. Utilis\u00e9 correctement, ces probl\u00e8mes appartiennent au pass\u00e9. Ces derni\u00e8res ann\u00e9es, l\u2019ozone est aussi de plus en plus employ\u00e9 dans les \u00e9levages de poissons, les zoos et les bassins (notamment ceux de ko\u00efs). Son utilisation constitue un excellent compl\u00e9ment \u00e0 votre syst\u00e8me de filtration existant, mais ce n\u2019est pas un substitut ! Sur Internet, on trouve beaucoup d\u2019informations sur l\u2019ozone, mais malheureusement aussi beaucoup de b\u00eatises. Dans le texte ci-dessous, nous avons tent\u00e9 d\u2019expliquer les bases d\u2019une bonne utilisation.<\/p>\n<h3>Qu\u2019est-ce que c\u2019est ?<\/h3>\n<p>L\u2019ozone est compos\u00e9 de trois atomes d\u2019oxyg\u00e8ne (O3) et est produit \u00e0 partir de l\u2019oxyg\u00e8ne, qui lui-m\u00eame se compose de deux atomes d\u2019oxyg\u00e8ne. La transformation de l\u2019oxyg\u00e8ne en ozone peut se faire de deux fa\u00e7ons : soit \u00e0 l\u2019aide de lumi\u00e8re UV \u00e0 faible longueur d\u2019onde, soit par haute tension. La deuxi\u00e8me m\u00e9thode est la plus utilis\u00e9e, car la concentration maximale obtenue est bien plus \u00e9lev\u00e9e qu\u2019avec l\u2019UV et la consommation d\u2019\u00e9lectricit\u00e9 par gramme d\u2019ozone produit est \u00e9galement bien plus faible. L\u2019ozone est tr\u00e8s instable et cherche \u00e0 se d\u00e9barrasser rapidement d\u2019un atome pour redevenir de l\u2019oxyg\u00e8ne.<\/p>\n<h3>\u00c0 quoi sert-il ?<\/h3>\n<p>L\u2019ozone est utilis\u00e9 pour \u00e9liminer des substances difficiles \u00e0 retirer de l\u2019eau, comme les colorants, le nitrite, les r\u00e9sidus de m\u00e9dicaments et les ph\u00e9romones. Il tue \u00e9galement les bact\u00e9ries, les parasites et les virus, et ce, bien plus efficacement qu\u2019une lampe UV ! Cependant, il ne r\u00e9agit qu\u2019avec les substances, parasites, bact\u00e9ries, etc. qui passent par le r\u00e9acteur. Il ne nuira donc pas aux bonnes bact\u00e9ries pr\u00e9sentes dans votre filtre. Apr\u00e8s avoir agi, il ne reste que de l\u2019oxyg\u00e8ne pur !<\/p>\n<h3>De quoi se compose une installation d\u2019ozone ?<\/h3>\n<p>Une bonne installation se compose de plusieurs composants, chacun ayant une fonction sp\u00e9cifique.<\/p>\n<h4>G\u00e9n\u00e9rateur d\u2019ozone<\/h4>\n<p>Le g\u00e9n\u00e9rateur d\u2019ozone transforme l\u2019air (qui contient de l\u2019oxyg\u00e8ne) en ozone. La capacit\u00e9 d\u2019un g\u00e9n\u00e9rateur d\u2019ozone s\u2019exprime en grammes par heure. Dans le domaine des bassins, cela varie souvent de 500 mg \u00e0 plusieurs grammes par heure.<\/p>\n<h4>S\u00e9cheur d\u2019air \/ g\u00e9n\u00e9rateur d\u2019oxyg\u00e8ne<\/h4>\n<p>L\u2019utilisation d\u2019un s\u00e9cheur d\u2019air ou d\u2019un g\u00e9n\u00e9rateur d\u2019oxyg\u00e8ne est fortement recommand\u00e9e pour s\u00e9cher l\u2019air entrant dans le g\u00e9n\u00e9rateur d\u2019ozone. L\u2019air humide peut r\u00e9duire le rendement de plus de 50 %. De plus, l\u2019utilisation d\u2019air humide provoque la formation d\u2019acide nitrique dans la cellule d\u2019ozone, ce qui r\u00e9duit consid\u00e9rablement sa dur\u00e9e de vie. Un g\u00e9n\u00e9rateur d\u2019oxyg\u00e8ne permet \u00e9galement de produire beaucoup plus d\u2019ozone.<\/p>\n<h4>R\u00e9acteur \u00e0 ozone<\/h4>\n<p>Il s\u2019agit en fait d\u2019un terme g\u00e9n\u00e9rique pour tous les dispositifs utilis\u00e9s pour faire r\u00e9agir l\u2019ozone avec l\u2019eau. Un bon r\u00e9acteur m\u00e9lange de petites bulles d\u2019ozone (de 2 \u00e0 5 mm) avec l\u2019eau, car c\u2019est la m\u00e9thode la plus efficace. Dans l\u2019industrie, on utilise souvent un m\u00e9langeur statique et\/ou une venturi pour injecter l\u2019ozone dans l\u2019eau, car ces syst\u00e8mes offrent le meilleur rendement. L\u2019inconv\u00e9nient de ces m\u00e9thodes est leur consommation d\u2019\u00e9nergie \u00e9lev\u00e9e, car elles n\u00e9cessitent des pompes puissantes pour bien fonctionner. Dans les zoos et l\u2019aquaculture, on utilise souvent un r\u00e9acteur sous forme de cuve remplie d\u2019eau dans laquelle les bulles d\u2019ozone sont inject\u00e9es au moyen de pierres poreuses. Cela est parfois combin\u00e9 avec un \u00e9cumeur, ce qui permet d\u2019\u00e9liminer directement une partie des substances oxyd\u00e9es par l\u2019ozone.<\/p>\n<h4>Destructeur d\u2019ozone r\u00e9siduel<\/h4>\n<p>La plupart des r\u00e9acteurs \u00e0 ozone poss\u00e8dent une \u00ab sortie d\u2019air r\u00e9siduel \u00bb. En r\u00e9alit\u00e9, il n\u2019en sort pas seulement de l\u2019air, mais aussi de l\u2019ozone. Ce flux gazeux ne doit jamais \u00eatre lib\u00e9r\u00e9 directement dans votre local technique, car il est nocif pour les \u00eatres humains et les animaux. Pour neutraliser l\u2019ozone pr\u00e9sent dans l\u2019air r\u00e9siduel, on utilise donc un destructeur d\u2019ozone r\u00e9siduel, qui transforme l\u2019ozone restant en oxyg\u00e8ne.<\/p>\n<h4>Contr\u00f4leur redox<\/h4>\n<p>La puret\u00e9 de votre eau peut \u00eatre exprim\u00e9e en potentiel redox (mV). L\u2019ozone provoque une augmentation de la valeur redox. Une valeur redox trop \u00e9lev\u00e9e est cependant nocive pour les animaux aquatiques, c\u2019est pourquoi un contr\u00f4leur redox est utilis\u00e9. On peut comparer ce contr\u00f4leur \u00e0 un thermostat de chaudi\u00e8re. Vous d\u00e9finissez une valeur redox sur le contr\u00f4leur, et celui-ci veille \u00e0 ce que le g\u00e9n\u00e9rateur d\u2019ozone soit arr\u00eat\u00e9 lorsque la valeur est trop \u00e9lev\u00e9e. Si la valeur redescend en dessous du seuil fix\u00e9, le contr\u00f4leur redox rallume le g\u00e9n\u00e9rateur d\u2019ozone.<\/p>\n<h3>Bonne utilisation<\/h3>\n<p>Une bonne utilisation de l\u2019ozone commence par une installation fiable et par le respect de quelques directives.<\/p>\n<h4>Valeur redox<\/h4>\n<p>Comme mentionn\u00e9 pr\u00e9c\u00e9demment, la valeur redox est un indicateur de la puret\u00e9 de l\u2019eau. Pour un bassin, une valeur redox de 275 mV est consid\u00e9r\u00e9e comme un maximum recommand\u00e9.<\/p>\n<h4>Emplacement du r\u00e9acteur<\/h4>\n<p>Il est important que la sortie du r\u00e9acteur \u00e0 ozone ne se d\u00e9verse pas directement dans votre bassin. De l\u2019ozone peut encore \u00eatre pr\u00e9sent dans cette eau, ce qui serait nocif pour les animaux aquatiques. Il est pr\u00e9f\u00e9rable de faire d\u00e9boucher la sortie du r\u00e9acteur dans le pr\u00e9filtre, la derni\u00e8re chambre de filtration ou le filtre \u00e0 plantes. Il est parfois recommand\u00e9 de placer une lampe UV apr\u00e8s la sortie du r\u00e9acteur, mais cela est fortement d\u00e9conseill\u00e9. En effet, l\u2019UV transforme l\u2019ozone en peroxyde d\u2019hydrog\u00e8ne. Ces deux substances r\u00e9agissent ensuite ensemble pour former des radicaux OH, qui sont extr\u00eamement nocifs pour vos poissons !<\/p>\n<h4><em>Voici encore quelques id\u00e9es re\u00e7ues persistantes :<\/em><\/h4>\n<h4>Ammoniac<\/h4>\n<p>Certains sites affirment que l\u2019ozone d\u00e9compose l\u2019ammoniac, ce qui n\u2019est pas tout \u00e0 fait exact. Dans certaines conditions (pH), l\u2019ozone peut en d\u00e9composer une petite quantit\u00e9, mais cela reste si minime que cela n\u2019a pas d\u2019importance. En revanche, l\u2019ozone convertit bien le nitrite en nitrate !<\/p>\n<h4>Algues<\/h4>\n<p>Nous recevons r\u00e9guli\u00e8rement des questions sur l\u2019\u00e9limination des algues \u00e0 l\u2019aide de l\u2019ozone. L\u2019\u00e9limination et la destruction des algues avec les installations d\u2019ozone utilis\u00e9es dans les bassins sont tr\u00e8s limit\u00e9es. Cela reste possible, mais il faut pour cela environ dix fois plus d\u2019ozone que ce qui est normalement utilis\u00e9 dans les bassins. De plus, le temps de contact est souvent trop court ; pour tuer les algues, il faut g\u00e9n\u00e9ralement un temps de contact d\u2019au moins 3 minutes.<\/p>\n<h4>Phosphate<\/h4>\n<p>Certaines entreprises affirment que l\u2019ozone \u00e9limine le phosphate, ce qui est malheureusement faux.<\/p>\n<h4>De petites bulles d\u2019ozone sont le facteur le plus important pour un bon m\u00e9lange<\/h4>\n<p>Cette affirmation part du principe que la surface de contact pour l\u2019\u00e9change d\u2019ozone est plus grande lorsque les bulles sont plus petites. C\u2019est vrai, mais d\u2019autres facteurs entrent aussi en jeu. En r\u00e9sum\u00e9, les bulles de 2 \u00e0 5 mm sont les plus favorables pour un \u00e9change efficace. Lorsque les bulles mesurent moins de 2,5 mm, le d\u00e9placement des mol\u00e9cules d\u2019ozone \u00e0 l\u2019int\u00e9rieur de la bulle joue un r\u00f4le important. Expliquer cela en d\u00e9tail serait trop complexe ici. Quoi qu\u2019il en soit, l\u2019id\u00e9e que \u00ab plus les bulles sont petites, mieux c\u2019est \u00bb est certainement fausse !<\/p>\n<h4>\u00c9liminer l\u2019ozone r\u00e9siduel \u00e0 l\u2019aide des UV<\/h4>\n<p>Ce n\u2019est pas recommand\u00e9, car l\u2019UV transforme l\u2019ozone en peroxyde d\u2019hydrog\u00e8ne, et ces deux substances forment ensemble des radicaux OH. Dans l\u2019industrie, cette m\u00e9thode est utilis\u00e9e, non pas tant pour \u00e9liminer l\u2019ozone que parce que les radicaux OH \u00e9liminent certaines substances plus efficacement. Cela montre bien que les radicaux OH peuvent \u00eatre tr\u00e8s dangereux si l\u2019on ne sait pas ce que l\u2019on fait.<\/p>\n<h4>D\u00e9gradation en quelques minutes<\/h4>\n<p>L\u2019ozone se d\u00e9grade relativement rapidement, bien que cette dur\u00e9e d\u00e9pende fortement des conditions et de la quantit\u00e9 de substances \u00e0 oxyder. \u00c0 titre indicatif, dans de l\u2019eau pure \u00e0 20 \u00b0C avec un pH de 7, la plupart de l\u2019ozone se d\u00e9grade en 30 minutes. Dans les bassins, cela se produit \u00e9videmment plus rapidement \u00e0 cause des impuret\u00e9s pr\u00e9sentes. Cependant, si trop d\u2019ozone est inject\u00e9 dans un r\u00e9acteur, il restera peu de substances \u00e0 oxyder. Dans ce cas, l\u2019ozone restant ne r\u00e9agira que lorsqu\u2019il entrera en contact avec des substances oxydables, ce qui se produira g\u00e9n\u00e9ralement dans le bassin ou le filtre. Malheureusement, l\u2019ozone ne fait pas la diff\u00e9rence entre les d\u00e9bris en suspension, les bact\u00e9ries ou les poissons, et r\u00e9agira avec tout ce qu\u2019il rencontre en premier.<\/p>\n<h4>Un g\u00e9n\u00e9rateur d\u2019ozone ne peut pas \u00eatre trop grand<\/h4>\n<p>Nous entendons souvent cette affirmation. On suppose que le contr\u00f4leur redox emp\u00eache la valeur redox de devenir trop \u00e9lev\u00e9e. Cela est souvent vrai, mais il est tout de m\u00eame pr\u00e9f\u00e9rable de ne pas choisir un g\u00e9n\u00e9rateur trop puissant.<\/p>\n<h4>Effet d\u2019augmentation de l\u2019oxyg\u00e8ne<\/h4>\n<p>On dit qu\u2019une installation d\u2019ozone enrichit l\u2019eau en oxyg\u00e8ne, ce qui n\u2019est que partiellement vrai. Pour produire de l\u2019ozone, l\u2019air doit passer par le g\u00e9n\u00e9rateur. Cet air sera partiellement transform\u00e9 en ozone, qui r\u00e9agira ensuite avec les substances pr\u00e9sentes dans l\u2019eau \u00e0 l\u2019int\u00e9rieur du r\u00e9acteur ou du m\u00e9langeur. En principe, cela augmente le niveau d\u2019oxyg\u00e8ne dans l\u2019eau, car ce processus permet aussi d\u2019a\u00e9rer l\u2019eau. Cependant, si l\u2019air \u00e9tait inject\u00e9 directement dans l\u2019eau, il y ajouterait plus d\u2019oxyg\u00e8ne que via un g\u00e9n\u00e9rateur d\u2019ozone ! Il y a toutefois un point important : l\u2019ozone r\u00e9agit avec les substances pr\u00e9sentes dans l\u2019eau. Certaines d\u2019entre elles seraient autrement oxyd\u00e9es par l\u2019oxyg\u00e8ne (par exemple, lors d\u2019un processus de d\u00e9composition). Comme l\u2019ozone r\u00e9agit avec ces substances, la consommation d\u2019oxyg\u00e8ne d\u2019un bassin diminue. En ce sens, l\u2019ozone contribue donc \u00e0 augmenter le niveau d\u2019oxyg\u00e8ne.<\/p>\n<h4>Pression des maladies<\/h4>\n<p>L\u2019ozone r\u00e9agit avec les bact\u00e9ries et parasites pr\u00e9sents dans l\u2019eau. En utilisation normale, la pression des maladies dans votre bassin diminuera, mais pas au point de nuire aux poissons. Cependant, si la valeur redox devient trop \u00e9lev\u00e9e, la pression des maladies peut devenir si faible que les poissons d\u00e9velopperont une r\u00e9sistance r\u00e9duite aux infections. Avec une bonne installation d\u2019ozone, celui-ci ne r\u00e9agira qu\u2019avec les substances qui passent par le r\u00e9acteur ou le m\u00e9langeur ; s\u2019il est bien utilis\u00e9, il n\u2019affectera donc pas les bact\u00e9ries de votre filtre.<\/p>\n<h4>Quantit\u00e9 n\u00e9cessaire<\/h4>\n<p>La quantit\u00e9 d\u2019ozone n\u00e9cessaire pour votre bassin d\u00e9pend de nombreux facteurs, tels que le type de filtre utilis\u00e9, le type de r\u00e9acteur \u00e0 ozone, la densit\u00e9 de poissons, etc. En g\u00e9n\u00e9ral, 1 gramme pour 20 m\u00b3 est suffisant \u00e0 condition d\u2019utiliser un bon r\u00e9acteur ou m\u00e9langeur. Parfois, des valeurs plus \u00e9lev\u00e9es sont recommand\u00e9es, jusqu\u2019\u00e0 3 grammes pour 20 m\u00b3 ! Cela est non seulement inutile, mais peut m\u00eame \u00eatre dangereux \u00e0 cause de l\u2019ozone r\u00e9siduel qui peut se former.<\/p>\n<h4>Production indiqu\u00e9e des g\u00e9n\u00e9rateurs d\u2019ozone<\/h4>\n<p>La production d\u2019ozone des g\u00e9n\u00e9rateurs est indiqu\u00e9e en grammes d\u2019ozone par heure. Chez la plupart des fabricants, c\u2019est la seule information fournie, sans mention des conditions de mesure. Ainsi, un g\u00e9n\u00e9rateur annonc\u00e9 \u00e0 3 grammes peut en r\u00e9alit\u00e9 ne produire qu\u20191 gramme par heure. Comment cela est-il possible ? Les 3 grammes indiqu\u00e9s ont \u00e9t\u00e9 mesur\u00e9s dans des conditions optimales. Il existe plusieurs possibilit\u00e9s : la production d\u2019ozone a \u00e9t\u00e9 mesur\u00e9e avec de l\u2019oxyg\u00e8ne comme gaz d\u2019alimentation. Avec de l\u2019air normal dans des conditions optimales, le g\u00e9n\u00e9rateur atteindra environ 65 % de cette valeur, soit environ 2 grammes dans ce cas. Il est \u00e9galement possible que la production ait \u00e9t\u00e9 mesur\u00e9e avec de l\u2019air comme gaz d\u2019alimentation, mais que cet air ait \u00e9t\u00e9 bien s\u00e9ch\u00e9 et refroidi. Le point de ros\u00e9e (taux d\u2019humidit\u00e9) de l\u2019air a une grande influence sur la production d\u2019ozone. Parfois, la production est mesur\u00e9e avec un point de ros\u00e9e de -60 \u00b0C, ce qui n\u2019est possible qu\u2019avec des s\u00e9cheurs d\u2019air tr\u00e8s avanc\u00e9s. Dans ce cas \u00e9galement, le g\u00e9n\u00e9rateur ne produira pas 3 grammes dans des conditions normales. Lors de l\u2019achat d\u2019un g\u00e9n\u00e9rateur d\u2019ozone, ne vous fiez donc pas uniquement \u00e0 la production indiqu\u00e9e, mais \u00e9galement aux conditions dans lesquelles elle a \u00e9t\u00e9 mesur\u00e9e !<\/p>\n<h4>Enfin, un avertissement :<\/h4>\n<p>L\u2019ozone est une substance dangereuse qu\u2019il faut manipuler avec pr\u00e9caution. Il est \u00e9galement dangereux pour l\u2019homme. Veillez \u00e0 ne jamais sentir d\u2019odeur d\u2019ozone ; si c\u2019est le cas, c\u2019est que votre installation ne fonctionne pas correctement. Il arrive parfois que l\u2019on sente \u00e0 la sortie du g\u00e9n\u00e9rateur pour v\u00e9rifier s\u2019il fonctionne \u2014 ne le faites JAMAIS ! Comme vous pouvez le constater, il existe de nombreuses id\u00e9es fausses sur l\u2019ozone. Si, apr\u00e8s avoir lu ce texte, vous avez encore des questions sur l\u2019application ou l\u2019utilisation de l\u2019ozone, n\u2019h\u00e9sitez pas \u00e0 contacter Tol Watertechniek ou l\u2019un de nos revendeurs. Vous trouverez une liste de nos revendeurs <a href=\"https:\/\/tolwatertechniek.nl\/dealers-van-purusaqua-ozon-apparatuur-en-filters\/\">ici<\/a>. <strong>\u00a9 Tol Watertechniek<\/strong> <strong>Aucun contenu de cette page ne peut \u00eatre reproduit sans autorisation \u00e9crite pr\u00e9alable !<\/strong><\/p>\n","protected":false},"excerpt":{"rendered":"<p>informations sur l\u2019ozone<\/p>\n","protected":false},"author":1,"featured_media":0,"parent":0,"menu_order":0,"comment_status":"open","ping_status":"open","template":"","meta":{"_et_pb_use_builder":"","_et_pb_old_content":"","_et_gb_content_width":"","footnotes":""},"class_list":["post-9162","page","type-page","status-publish","hentry"],"_links":{"self":[{"href":"https:\/\/tolwatertechniek.nl\/fr\/wp-json\/wp\/v2\/pages\/9162","targetHints":{"allow":["GET"]}}],"collection":[{"href":"https:\/\/tolwatertechniek.nl\/fr\/wp-json\/wp\/v2\/pages"}],"about":[{"href":"https:\/\/tolwatertechniek.nl\/fr\/wp-json\/wp\/v2\/types\/page"}],"author":[{"embeddable":true,"href":"https:\/\/tolwatertechniek.nl\/fr\/wp-json\/wp\/v2\/users\/1"}],"replies":[{"embeddable":true,"href":"https:\/\/tolwatertechniek.nl\/fr\/wp-json\/wp\/v2\/comments?post=9162"}],"version-history":[{"count":1,"href":"https:\/\/tolwatertechniek.nl\/fr\/wp-json\/wp\/v2\/pages\/9162\/revisions"}],"predecessor-version":[{"id":9163,"href":"https:\/\/tolwatertechniek.nl\/fr\/wp-json\/wp\/v2\/pages\/9162\/revisions\/9163"}],"wp:attachment":[{"href":"https:\/\/tolwatertechniek.nl\/fr\/wp-json\/wp\/v2\/media?parent=9162"}],"curies":[{"name":"wp","href":"https:\/\/api.w.org\/{rel}","templated":true}]}}