{"id":9160,"date":"2025-09-29T09:32:44","date_gmt":"2025-09-29T09:32:44","guid":{"rendered":"https:\/\/tolwatertechniek.nl\/informations-et-problemes-concernant-le-fonctionnement-de-lozone-dans-un-bassin-a-kois\/"},"modified":"2025-09-29T09:35:43","modified_gmt":"2025-09-29T09:35:43","slug":"informations-et-problemes-concernant-le-fonctionnement-de-lozone-dans-un-bassin-a-kois","status":"publish","type":"page","link":"https:\/\/tolwatertechniek.nl\/fr\/informations-et-problemes-concernant-le-fonctionnement-de-lozone-dans-un-bassin-a-kois\/","title":{"rendered":"Informations et probl\u00e8mes concernant le fonctionnement de l\u2019ozone dans un bassin \u00e0 ko\u00efs"},"content":{"rendered":"<p style=\"text-align: center;\"><em><strong>Informations et probl\u00e8mes concernant le fonctionnement de l\u2019ozone dans un bassin \u00e0 ko\u00efs<\/strong><\/em><\/p>\n<p>L\u2019ozone est largement utilis\u00e9 dans les bassins et les bassins \u00e0 ko\u00efs, mais malheureusement, les connaissances \u00e0 ce sujet dans le monde des ko\u00efs sont tr\u00e8s limit\u00e9es. Sur divers forums et chez de nombreux revendeurs de ko\u00efs, on trouve les affirmations les plus folles \u00e0 propos de l\u2019ozone (c\u2019est d\u2019ailleurs pour cette raison que nous avons un nombre tr\u00e8s limit\u00e9 de revendeurs dans ce secteur). C\u2019est bien dommage, car l\u2019ozone est souvent mal compris et de mauvais conseils sont ainsi donn\u00e9s. Chaque ann\u00e9e, nous rencontrons des dizaines d\u2019installations d\u2019ozone pour bassins de ko\u00efs qui ne fonctionnent pas correctement. Il est grand temps de dissiper certaines id\u00e9es re\u00e7ues persistantes.<\/p>\n<h3>Qu\u2019est-ce que l\u2019ozone r\u00e9siduel ?<\/h3>\n<p>L\u2019ozone r\u00e9siduel et l\u2019ozone dissous sont souvent confondus. L\u2019ozone r\u00e9siduel est l\u2019ozone qui n\u2019est pas dissous dans l\u2019eau. Les bulles que vous voyez remonter dans un r\u00e9acteur sont en r\u00e9alit\u00e9 de l\u2019ozone r\u00e9siduel d\u00e8s qu\u2019elles quittent l\u2019eau. C\u2019est pourquoi un r\u00e9acteur aura toujours une sortie o\u00f9 le m\u00e9lange air\/ozone inject\u00e9 ressort. Le flux gazeux qui en sort contient \u00e9galement de l\u2019ozone, autrement dit de l\u2019ozone r\u00e9siduel. C\u2019est aussi la raison pour laquelle nous d\u00e9conseillons les m\u00e9langeurs statiques. Leur rendement est extr\u00eamement faible, ce qui fait que la majorit\u00e9 de l\u2019ozone inject\u00e9 ressort sous forme d\u2019ozone r\u00e9siduel. De plus, ces syst\u00e8mes ne disposent g\u00e9n\u00e9ralement pas d\u2019une possibilit\u00e9 de d\u00e9gazage, ce qui signifie que tout l\u2019ozone r\u00e9siduel est lib\u00e9r\u00e9 directement dans le bassin !<\/p>\n<h3>Qu\u2019est-ce que l\u2019ozone dissous ?<\/h3>\n<p>Comme son nom l\u2019indique, c\u2019est l\u2019ozone qui est dissous dans l\u2019eau. Tout comme l\u2019oxyg\u00e8ne, l\u2019ozone peut se dissoudre dans l\u2019eau \u2013 et m\u00eame beaucoup mieux que l\u2019oxyg\u00e8ne. Un bon r\u00e9acteur dissoudra donc une grande partie de l\u2019ozone inject\u00e9 dans l\u2019eau, mais cela n\u2019est pas visible. Avec les installations utilis\u00e9es pour les bassins \u00e0 ko\u00efs, seules de tr\u00e8s faibles valeurs d\u2019ozone dissous peuvent \u00eatre atteintes, ce qui d\u00e9pend de la concentration en gaz d\u2019ozone. C\u2019est une bonne chose, car des valeurs plus \u00e9lev\u00e9es pourraient \u00eatre nocives pour vos ko\u00efs.<\/p>\n<h3>Une valeur redox de 350~400 mV est une bonne valeur pour les bassins<\/h3>\n<p>Cette valeur est en r\u00e9alit\u00e9 trop \u00e9lev\u00e9e pour un bassin ; 275 mV est une meilleure r\u00e9f\u00e9rence. Techniquement, la valeur redox correcte ne peut \u00eatre d\u00e9termin\u00e9e qu\u2019en connaissant \u00e9galement le pH de l\u2019eau, mais cela va trop loin pour \u00eatre expliqu\u00e9 ici. Une valeur redox trop \u00e9lev\u00e9e se reconna\u00eet \u00e0 la coloration bleue de l\u2019eau. Cela n\u2019est pas bon pour les ko\u00efs car l\u2019eau pr\u00e9sente alors un pouvoir oxydant trop \u00e9lev\u00e9, ce qui irrite leur mucus cutan\u00e9.<\/p>\n<h3>L\u2019eau du bassin est bleue ou pr\u00e9sente une teinte bleut\u00e9e<\/h3>\n<p>Comme mentionn\u00e9 ci-dessus, cela indique que la valeur redox de l\u2019eau est trop \u00e9lev\u00e9e. Une valeur redox \u00e9lev\u00e9e signifie qu\u2019il y a peu de mati\u00e8re \u00e0 oxyder dans l\u2019eau. Toute coloration pr\u00e9sente dans l\u2019eau est enti\u00e8rement oxyd\u00e9e, ce qui lui donne une couleur bleue claire. Certains pr\u00e9tendent que l\u2019eau bleue est due \u00e0 un mauvais temps de contact, ce qui ferait rester de l\u2019ozone dissous dans l\u2019eau. Cependant, cette affirmation est contradictoire : avec un mauvais temps de contact, il est difficile de dissoudre l\u2019ozone dans l\u2019eau. Ce que l\u2019on veut probablement dire, c\u2019est que l\u2019eau n\u2019est pas correctement d\u00e9gaz\u00e9e (ce qui peut \u00eatre d\u00fb \u00e0 un temps de contact trop court), laissant des bulles d\u2019ozone dans l\u2019eau, qui finissent ensuite dans le bassin.<\/p>\n<h3>Un redoxm\u00e8tre mesure la quantit\u00e9 d\u2019ozone dans l\u2019eau<\/h3>\n<p>Certainement pas. Un redoxm\u00e8tre mesure la capacit\u00e9 oxydante de l\u2019eau. Cela donne une indication de la capacit\u00e9 de l\u2019eau \u00e0 oxyder les polluants. \u00c0 des valeurs redox \u00e9lev\u00e9es (&gt;500 mV), il existe une corr\u00e9lation relativement claire entre la valeur redox et la quantit\u00e9 d\u2019ozone dissous. Comme nous ne travaillons pas avec de telles valeurs dans les bassins, la valeur redox ne dit donc rien sur la quantit\u00e9 d\u2019ozone dissous. Si vous souhaitez mesurer la quantit\u00e9 d\u2019ozone dissous, il existe des appareils sp\u00e9ciaux qui indiquent la concentration en mg\/l ou en PPM. C\u2019est donc tr\u00e8s diff\u00e9rent de la valeur redox, exprim\u00e9e en mV (millivolt et non Mv, soit m\u00e9gavolt !)<\/p>\n<h3>L\u2019ozone rend mon bassin st\u00e9rile<\/h3>\n<p>Il est pratiquement impossible de rendre un bassin st\u00e9rile avec les quantit\u00e9s d\u2019ozone g\u00e9n\u00e9ralement recommand\u00e9es. En cas de mauvaise utilisation, de l\u2019ozone libre peut p\u00e9n\u00e9trer dans l\u2019eau du bassin (les bulles d\u2019ozone r\u00e9siduel mentionn\u00e9es plus haut), ce qui peut nuire \u00e0 vos poissons. Les cons\u00e9quences de cela peuvent \u00eatre confondues avec celles d\u2019un bassin st\u00e9rile : la muqueuse des ko\u00efs est irrit\u00e9e et, dans les cas extr\u00eames, des trous peuvent appara\u00eetre dans leur peau.<\/p>\n<h3>L\u2019ozone d\u00e9compose l\u2019ammoniac \/ l\u2019ammonium ou acc\u00e9l\u00e8re ce processus<\/h3>\n<p>Techniquement, cela peut \u00eatre vrai sous certaines conditions. \u00c0 un pH sup\u00e9rieur \u00e0 7, l\u2019ammonium peut \u00eatre oxyd\u00e9 (il n\u2019est pas d\u00e9compos\u00e9) en nitrate. Cependant, ce processus est extr\u00eamement lent. Ce n\u2019est qu\u2019\u00e0 un pH sup\u00e9rieur \u00e0 9 que l\u2019influence de l\u2019ozone sur l\u2019ammonium devient significative. Dans un bassin, l\u2019ozone a donc tr\u00e8s peu d\u2019effet sur l\u2019ammonium. Pour vous donner une id\u00e9e : \u00e0 pH 9, l\u2019ozone peut r\u00e9duire de moiti\u00e9 la concentration d\u2019ammonium en 15 minutes ; \u00e0 pH 8,4, cela prend d\u00e9j\u00e0 plus de 30 minutes ! De plus, comme il y a g\u00e9n\u00e9ralement beaucoup de mati\u00e8re organique \u00e0 oxyder dans les bassins, l\u2019ozone est consomm\u00e9 avant m\u00eame de pouvoir r\u00e9agir avec l\u2019ammonium. Nous pouvons donc affirmer sans risque que l\u2019ozone n\u2019a aucun effet sur l\u2019oxydation de l\u2019ammoniac et de l\u2019ammonium.<\/p>\n<h3>L\u2019ozone d\u00e9compose les nitrites ou acc\u00e9l\u00e8re ce processus<\/h3>\n<p>Les nitrites sont <span style=\"text-decoration: underline;\">transform\u00e9s<\/span> en nitrates par l\u2019ozone, sans qu\u2019il soit n\u00e9cessaire d\u2019ajouter de l\u2019oxyg\u00e8ne. Le pH n\u2019a pas d\u2019influence sur la conversion des nitrites, bien que cela soit parfois affirm\u00e9.<\/p>\n<h3>L\u2019ozone d\u00e9compose les nitrates et les phosphates ou acc\u00e9l\u00e8re ce processus<\/h3>\n<p>L\u2019ozone n\u2019a pas d\u2019effet direct sur la teneur en nitrates ou en phosphates de l\u2019eau.<\/p>\n<h3>L\u2019ozone am\u00e9liore le fonctionnement de mon filtre biologique<\/h3>\n<p>Comme l\u2019ozone r\u00e9duit la consommation d\u2019oxyg\u00e8ne des processus d\u2019oxydation, plus d\u2019oxyg\u00e8ne est disponible pour le filtre biologique, ce qui am\u00e9liore son efficacit\u00e9.<\/p>\n<h3>L\u2019ozone ajoute de l\u2019oxyg\u00e8ne suppl\u00e9mentaire \u00e0 l\u2019eau<\/h3>\n<p>Oui et non. L\u2019ozone inject\u00e9 se d\u00e9compose en oxyg\u00e8ne et augmente donc la teneur en oxyg\u00e8ne. Cependant, le m\u00eame effet peut \u00eatre obtenu beaucoup moins cher avec une pompe \u00e0 air. L\u2019avantage principal est que l\u2019ozone <span style=\"text-decoration: underline;\">r\u00e9duit la consommation d\u2019oxyg\u00e8ne<\/span> de votre bassin en oxydant des substances qui n\u00e9cessiteraient autrement beaucoup d\u2019oxyg\u00e8ne.<\/p>\n<h3>L\u2019ozone aide contre les algues en suspension<\/h3>\n<p>La plupart des installations d\u2019ozone pour bassins ont peu d\u2019effet sur les algues, car le temps de r\u00e9action est tout simplement trop court. Pour tuer les algues, un temps de r\u00e9action minimum de 4 \u00e0 5 minutes est n\u00e9cessaire. Une valeur C\/T de 1,5 est requise pour oxyder efficacement les algues ; avec un temps de contact de 5 minutes, cela signifie qu\u2019il faut 0,3 mg\/l d\u2019ozone dans l\u2019eau \u2014 ce qui est impossible \u00e0 atteindre avec une installation standard.<\/p>\n<h3>Je peux placer une lampe UVC apr\u00e8s mon installation d\u2019ozone pour d\u00e9composer l\u2019ozone r\u00e9siduel<\/h3>\n<p>L\u2019ozone r\u00e9siduel et l\u2019ozone dissous peuvent \u00eatre d\u00e9compos\u00e9s par une lampe UVC. Nous d\u00e9conseillons toutefois fortement de placer une lampe UVC apr\u00e8s le r\u00e9acteur \u00e0 ozone. La lumi\u00e8re UVC convertit en effet l\u2019ozone dissous en peroxyde d\u2019hydrog\u00e8ne et en radicaux OH-. Si vous utilisez un bon r\u00e9acteur \u00e0 ozone, il n\u2019est pas n\u00e9cessaire d\u2019utiliser une lampe UVC pour d\u00e9composer l\u2019ozone dissous ou r\u00e9siduel. Avec une installation d\u2019ozone, la lampe UVC doit toujours \u00eatre plac\u00e9e avant ou en parall\u00e8le du r\u00e9acteur, jamais apr\u00e8s !<\/p>\n<h3>Il faut 1 gramme d\u2019ozone pour 20 m\u00b3 d\u2019eau<\/h3>\n<p>Cela d\u00e9pend de nombreux facteurs, dont les plus importants sont l\u2019efficacit\u00e9 de votre r\u00e9acteur et la concentration d\u2019ozone. Avec un mauvais r\u00e9acteur, 1 gramme d\u2019ozone ne sera pas suffisant, tandis qu\u2019avec un bon r\u00e9acteur, 1 gramme peut suffire pour 50 m\u00b3 d\u2019eau.<\/p>\n<h3>1 gramme d\u2019ozone, c\u2019est 1 gramme d\u2019ozone<\/h3>\n<p>Cela peut sembler \u00e9trange, mais lisez ce qui suit et vous comprendrez ce que nous voulons dire. Lors du choix d\u2019un g\u00e9n\u00e9rateur d\u2019ozone, plusieurs \u00e9l\u00e9ments doivent \u00eatre pris en compte. La plupart des fabricants ne pr\u00e9cisent pas les conditions de mesure de la production d\u2019ozone \u2013 si elle a \u00e9t\u00e9 mesur\u00e9e. Cette valeur ne signifie donc rien. Les conditions de mesure font une grande diff\u00e9rence ! La production d\u2019ozone de nombreux g\u00e9n\u00e9rateurs (souvent bon march\u00e9) est mesur\u00e9e avec un point de ros\u00e9e de -40 ou -60 \u00b0C pour l\u2019air d\u2019alimentation (si elle a \u00e9t\u00e9 mesur\u00e9e). Avec un s\u00e9cheur d\u2019air standard aliment\u00e9 par une pompe, vous atteindrez difficilement un point de ros\u00e9e de <span style=\"text-decoration: underline;\">+5<\/span> \u00b0C. Cette diff\u00e9rence de 45 \u00b0C signifie que votre g\u00e9n\u00e9rateur ne produira probablement que 0,5 gramme ou moins d\u2019ozone au lieu de 1 gramme. De plus, la quantit\u00e9 d\u2019air n\u00e9cessaire pour produire 1 gramme d\u2019ozone est un facteur important, car elle d\u00e9termine la concentration d\u2019ozone. Cette valeur indique la facilit\u00e9 avec laquelle l\u2019ozone se dissout dans l\u2019eau. Un bon g\u00e9n\u00e9rateur d\u2019ozone n\u00e9cessite entre 5 et 8 litres d\u2019air (point de ros\u00e9e de 0 \u00b0C) pour produire 1 gramme d\u2019ozone par heure. Certains n\u00e9cessitent plus de 20 litres pour la m\u00eame quantit\u00e9, la concentration d\u2019ozone est alors 4 fois plus faible ! Comme vous pouvez le voir, 1 gramme d\u2019ozone n\u2019est pas toujours 1 gramme d\u2019ozone.<\/p>\n<p style=\"font-size: small; color: #ff0000;\"><strong>L\u2019ozone, lorsqu\u2019il est utilis\u00e9 correctement, est un compl\u00e9ment tr\u00e8s efficace et s\u00fbr pour votre filtre. En cas de mauvaise utilisation, il peut \u00eatre dangereux (tant pour vous que pour vos poissons). Demandez toujours conseil avant d\u2019acheter une installation d\u2019ozone ! N\u2019h\u00e9sitez pas \u00e0 nous contacter pour plus d\u2019informations.<\/strong><\/p>\n<p><strong>\u00a9 Tol Watertechniek<\/strong><\/p>\n<p>&nbsp;<\/p>\n","protected":false},"excerpt":{"rendered":"<p>Ozone bassin<\/p>\n","protected":false},"author":1,"featured_media":0,"parent":0,"menu_order":0,"comment_status":"open","ping_status":"open","template":"","meta":{"_et_pb_use_builder":"","_et_pb_old_content":"","_et_gb_content_width":"","footnotes":""},"class_list":["post-9160","page","type-page","status-publish","hentry"],"_links":{"self":[{"href":"https:\/\/tolwatertechniek.nl\/fr\/wp-json\/wp\/v2\/pages\/9160","targetHints":{"allow":["GET"]}}],"collection":[{"href":"https:\/\/tolwatertechniek.nl\/fr\/wp-json\/wp\/v2\/pages"}],"about":[{"href":"https:\/\/tolwatertechniek.nl\/fr\/wp-json\/wp\/v2\/types\/page"}],"author":[{"embeddable":true,"href":"https:\/\/tolwatertechniek.nl\/fr\/wp-json\/wp\/v2\/users\/1"}],"replies":[{"embeddable":true,"href":"https:\/\/tolwatertechniek.nl\/fr\/wp-json\/wp\/v2\/comments?post=9160"}],"version-history":[{"count":1,"href":"https:\/\/tolwatertechniek.nl\/fr\/wp-json\/wp\/v2\/pages\/9160\/revisions"}],"predecessor-version":[{"id":9161,"href":"https:\/\/tolwatertechniek.nl\/fr\/wp-json\/wp\/v2\/pages\/9160\/revisions\/9161"}],"wp:attachment":[{"href":"https:\/\/tolwatertechniek.nl\/fr\/wp-json\/wp\/v2\/media?parent=9160"}],"curies":[{"name":"wp","href":"https:\/\/api.w.org\/{rel}","templated":true}]}}