{"id":9159,"date":"2025-09-28T09:14:42","date_gmt":"2025-09-28T09:14:42","guid":{"rendered":"https:\/\/tolwatertechniek.nl\/informations-sur-la-production-dozone-a-laide-dun-generateur-dozone\/"},"modified":"2025-09-28T09:14:42","modified_gmt":"2025-09-28T09:14:42","slug":"informations-sur-la-production-dozone-a-laide-dun-generateur-dozone","status":"publish","type":"page","link":"https:\/\/tolwatertechniek.nl\/fr\/informations-sur-la-production-dozone-a-laide-dun-generateur-dozone\/","title":{"rendered":"Informations sur la production d&rsquo;ozone \u00e0 l&rsquo;aide d&rsquo;un g\u00e9n\u00e9rateur d&rsquo;ozone."},"content":{"rendered":"<p>Un g\u00e9n\u00e9rateur d\u2019ozone est un \u00e9l\u00e9ment indispensable d\u2019une installation d\u2019ozonation ; c\u2019est lui qui transforme l\u2019oxyg\u00e8ne en ozone. Un g\u00e9n\u00e9rateur d\u2019ozone est aussi appel\u00e9 ozoniseur, ozonisateur ou ozoniser : ce sont d\u2019autres noms pour exactement le m\u00eame appareil. L\u2019ozone est produit \u00e0 partir d\u2019oxyg\u00e8ne, ce qui ne signifie pas qu\u2019il faille utiliser de l\u2019oxyg\u00e8ne pur comme gaz d\u2019alimentation. L\u2019air peut \u00e9galement \u00eatre utilis\u00e9 comme gaz d\u2019alimentation puisqu\u2019il contient 21 % d\u2019oxyg\u00e8ne. Chaque type de gaz d\u2019alimentation a ses avantages et ses inconv\u00e9nients. La conversion de l\u2019oxyg\u00e8ne en ozone s\u2019effectue dans les g\u00e9n\u00e9rateurs d\u2019ozone au moyen de lumi\u00e8re UV ou de haute tension. La seconde m\u00e9thode est de loin la plus utilis\u00e9e, car la consommation d\u2019\u00e9nergie est nettement plus faible. Vous trouverez ci-dessous plus d\u2019informations sur les g\u00e9n\u00e9rateurs d\u2019ozone et plusieurs options, chacune avec ses avantages et ses inconv\u00e9nients.<\/p>\n<div id=\"attachment_7349\" style=\"width: 310px\" class=\"wp-caption aligncenter\"><a href=\"https:\/\/tolwatertechniek.nl\/wp-content\/uploads\/2018\/06\/products-ozongenerator_o3-3000b_1_2.jpg\"><img fetchpriority=\"high\" fetchpriority=\"high\" decoding=\"async\" aria-describedby=\"caption-attachment-7349\" class=\"size-medium wp-image-1376\" src=\"https:\/\/tolwatertechniek.nl\/wp-content\/uploads\/2018\/06\/products-ozongenerator_o3-3000b_1_2.jpg\" alt=\"G\u00e9n\u00e9rateur d\u2019ozone O3-3000B\" width=\"300\" height=\"214\" \/><\/a><p id=\"caption-attachment-7349\" class=\"wp-caption-text\">O3-3000B g\u00e9n\u00e9rateur d\u2019ozone<\/p><\/div>\n<h4><strong>Produire de l\u2019ozone avec uv<\/strong><\/h4>\n<p>Pour produire efficacement de l\u2019ozone \u00e0 l\u2019aide d\u2019UV, une courte longueur d\u2019onde de 185 nm est n\u00e9cessaire. Des lampes sp\u00e9ciales sont requises. Les lampes UV bien connues pour l\u2019\u00e9limination des algues ont une longueur d\u2019onde de 254 nm ; \u00e0 cette longueur d\u2019onde, l\u2019ozone est au contraire d\u00e9compos\u00e9 en oxyg\u00e8ne. En th\u00e9orie, il est possible de produire environ 130 grammes d\u2019ozone avec 1 kWh de lumi\u00e8re UV. En pratique, les g\u00e9n\u00e9rateurs d\u2019ozone qui utilisent les UV n\u00e9cessitent environ 100 \u00e0 150 watts pour produire 1 gramme d\u2019ozone. Cette m\u00e9thode a toutefois un avantage : de l\u2019air d\u2019alimentation sec n\u2019est pas indispensable. <em>Avantages :<\/em><\/p>\n<ul>\n<li>Construction simple<\/li>\n<li>Pas besoin d\u2019air sec comme gaz d\u2019alimentation<\/li>\n<\/ul>\n<p><em>Inconv\u00e9nients :<\/em><\/p>\n<ul>\n<li>Tr\u00e8s forte consommation \u00e9lectrique<\/li>\n<li>Faible concentration d\u2019ozone<\/li>\n<li>Beaucoup d\u2019entretien (remplacement des lampes UV)<\/li>\n<\/ul>\n<p>&nbsp;<\/p>\n<h4><strong>Produire de l\u2019ozone avec haute tension<\/strong><\/h4>\n<p>De nos jours, presque tous les g\u00e9n\u00e9rateurs d\u2019ozone utilisent la haute tension pour g\u00e9n\u00e9rer de l\u2019ozone. On parle couramment de \u00ab corona discharge \u00bb, ce qui est en r\u00e9alit\u00e9 un terme inexact. La \u00ab corona discharge \u00bb repose sur un champ \u00e9lectrique entre deux \u00e9lectrodes sans isolant entre elles. Dans presque tous les g\u00e9n\u00e9rateurs commerciaux, on utilise bien un isolant. Le terme correct n\u2019est donc pas \u00ab corona discharge \u00bb mais \u00ab dielectric barrier discharge \u00bb (d\u00e9charge \u00e0 barri\u00e8re di\u00e9lectrique). Les g\u00e9n\u00e9rateurs d\u2019ozone \u00e0 haute tension sont bien plus \u00e9conomes ; avec de l\u2019air sec, il faut environ 20 watts par gramme d\u2019ozone. Avec de l\u2019oxyg\u00e8ne, la consommation descend m\u00eame autour de 10 watts par gramme. Ce type de g\u00e9n\u00e9rateur n\u00e9cessite un gaz d\u2019alimentation sec, car l\u2019humidit\u00e9 endommage la cellule d\u2019ozone. Tous les g\u00e9n\u00e9rateurs que nous vendons fonctionnent \u00e0 haute tension. <em>Avantages :<\/em><\/p>\n<ul>\n<li>\u00c9conome en \u00e9nergie<\/li>\n<li>Fortes concentrations d\u2019ozone possibles (jusqu\u2019\u00e0 14 % en poids)<\/li>\n<li>Relativement peu co\u00fbteux \u00e0 l\u2019achat et \u00e0 l\u2019entretien<\/li>\n<\/ul>\n<p><em>Inconv\u00e9nients :<\/em><\/p>\n<ul>\n<li>Le gaz d\u2019alimentation doit \u00eatre sec<\/li>\n<li>Pour des performances optimales, l\u2019oxyg\u00e8ne est recommand\u00e9 comme gaz d\u2019alimentation<\/li>\n<\/ul>\n<p>&nbsp;<\/p>\n<h4><strong>Air comme gaz d\u2019alimentation<\/strong><\/h4>\n<p>L\u2019air comme gaz d\u2019alimentation est principalement utilis\u00e9 dans les g\u00e9n\u00e9rateurs d\u2019ozone plus petits, jusqu\u2019\u00e0 \u00b1 10 g d\u2019ozone par heure. Ce type de g\u00e9n\u00e9rateur est tr\u00e8s utilis\u00e9 pour les bassins, les piscines et les spas, car il est relativement peu co\u00fbteux. Dans l\u2019industrie, ce type est peu employ\u00e9, car la concentration d\u2019ozone maximale obtenue est faible, autour de 3 % en poids (avec de l\u2019air sec). Pour un bon fonctionnement, l\u2019air d\u2019alimentation doit \u00eatre s\u00e9ch\u00e9, car l\u2019humidit\u00e9 pr\u00e9sente provoquera la formation d\u2019acide nitrique, des d\u00e9p\u00f4ts sur la cellule d\u2019ozone et une faible concentration d\u2019ozone (rendement d\u2019ozone). Cela signifie que de l\u2019air sec doit circuler dans le g\u00e9n\u00e9rateur non seulement lorsqu\u2019il fonctionne, mais qu\u2019aucun air humide ne doit passer lorsqu\u2019il est \u00e0 l\u2019arr\u00eat ! \u00c0 l\u2019arr\u00eat, il ne se forme certes pas d\u2019acide nitrique, mais l\u2019humidit\u00e9 endommage malgr\u00e9 tout la cellule d\u2019ozone. Notez \u00e9galement que presque tous les fabricants de ce type de g\u00e9n\u00e9rateurs mesurent le rendement d\u2019ozone avec de l\u2019air sec comme gaz d\u2019alimentation. Par \u00ab air sec \u00bb, on entend un point de ros\u00e9e de \u221240 \u00b0C \u00e0 \u221270 \u00b0C. Un tel point de ros\u00e9e est difficilement atteignable avec la plupart des s\u00e9cheurs d\u2019air. Sur notre site, les conditions exactes de mesure du rendement d\u2019ozone sont indiqu\u00e9es. Malheureusement, peu de fabricants publient ces donn\u00e9es. Avant l\u2019achat, demandez donc plus d\u2019informations sur un g\u00e9n\u00e9rateur d\u2019ozone afin de savoir ce que vous achetez. Voici les avantages et inconv\u00e9nients r\u00e9sum\u00e9s : <em>Avantages :<\/em><\/p>\n<ul>\n<li>Faibles co\u00fbts d\u2019investissement<\/li>\n<li>Utilisation simple<\/li>\n<\/ul>\n<p><em>Inconv\u00e9nients :<\/em><\/p>\n<ul>\n<li>Entretien relativement important<\/li>\n<li>Faible concentration d\u2019ozone<\/li>\n<li>L\u2019air humide r\u00e9duit fortement le rendement d\u2019ozone<\/li>\n<li>Le gaz d\u2019ozone contient des impuret\u00e9s telles que l\u2019acide nitrique<\/li>\n<li>Consommation \u00e9lectrique relativement \u00e9lev\u00e9e<\/li>\n<\/ul>\n<p>&nbsp;<\/p>\n<h4><strong>Oxyg\u00e8ne comme gaz d\u2019alimentation<\/strong><\/h4>\n<p>Les g\u00e9n\u00e9rateurs d\u2019ozone aliment\u00e9s en oxyg\u00e8ne ont g\u00e9n\u00e9ralement un rendement d\u2019ozone d\u2019au moins 10 grammes. Pour les petits g\u00e9n\u00e9rateurs, produire l\u2019oxyg\u00e8ne n\u00e9cessaire est trop co\u00fbteux pour une utilisation efficace. Les g\u00e9n\u00e9rateurs aliment\u00e9s en oxyg\u00e8ne se rencontrent donc principalement dans l\u2019industrie, les grandes piscines, les zoos et l\u2019aquaculture. Le d\u00e9bit d\u2019ozone des g\u00e9n\u00e9rateurs aliment\u00e9s en oxyg\u00e8ne atteint environ 2 kg\/h. De tels volumes importants sont essentiellement utilis\u00e9s pour la production d\u2019eau potable et le traitement des eaux us\u00e9es. L\u2019oxyg\u00e8ne produit par un concentrateur d\u2019oxyg\u00e8ne ou provenant de bouteilles pr\u00e9sente d\u00e9j\u00e0 un point de ros\u00e9e assez bas ; il n\u2019est donc g\u00e9n\u00e9ralement pas n\u00e9cessaire de s\u00e9cher davantage le gaz d\u2019alimentation. Les concentrations d\u2019ozone maximales obtenues avec l\u2019oxyg\u00e8ne sont tr\u00e8s \u00e9lev\u00e9es, jusqu\u2019\u00e0 15 %. Cela rend ces g\u00e9n\u00e9rateurs parfaitement adapt\u00e9s aux applications de d\u00e9sinfection. <em>Avantages :<\/em><\/p>\n<ul>\n<li>Tr\u00e8s forte concentration d\u2019ozone (jusqu\u2019\u00e0 plus de 15 %)<\/li>\n<li>Faible consommation d\u2019\u00e9nergie<\/li>\n<li>Peu d\u2019entretien n\u00e9cessaire<\/li>\n<li>Gaz d\u2019ozone propre<\/li>\n<\/ul>\n<p><em>Inconv\u00e9nients :<\/em><\/p>\n<ul>\n<li>Investissement \u00e9lev\u00e9<\/li>\n<li>Le concentrateur d\u2019oxyg\u00e8ne consomme pas mal d\u2019\u00e9nergie, surtout pour les petits syst\u00e8mes<\/li>\n<\/ul>\n<p>&nbsp;<\/p>\n<h3><strong>Quel g\u00e9n\u00e9rateur d\u2019ozone convient \u00e0 ma situation ?<\/strong><\/h3>\n<p>Le g\u00e9n\u00e9rateur d\u2019ozone le plus adapt\u00e9 \u00e0 votre application d\u00e9pend de la situation.<\/p>\n<h4><strong>Traitement de l\u2019air<\/strong><\/h4>\n<p>Pour le traitement de petits espaces (voiture, habitation), un appareil UV ou une simple unit\u00e9 \u00e0 haute tension est un bon choix. Pour le traitement de l\u2019air dans les immeubles de bureaux, un g\u00e9n\u00e9rateur d\u2019ozone bas\u00e9 sur la haute tension est le meilleur choix. Pour traiter l\u2019air des zones de stockage, entrep\u00f4ts et chambres froides, un g\u00e9n\u00e9rateur \u00e0 haute tension aliment\u00e9 en oxyg\u00e8ne est pr\u00e9f\u00e9rable.<\/p>\n<h4><strong>Bassin et piscine<\/strong><\/h4>\n<p>Pour les bassins et piscines priv\u00e9es, le co\u00fbt et la consommation \u00e9lectrique sont d\u00e9terminants. Pour cette application, un g\u00e9n\u00e9rateur d\u2019ozone aliment\u00e9 en air sec est le meilleur choix. Un s\u00e9cheur d\u2019air simple, constitu\u00e9 d\u2019un tube avec des granul\u00e9s dessiccants, suffit pour un bon fonctionnement.<\/p>\n<h4><strong>Piscines publiques, zoos et parcs d\u2019attractions<\/strong><\/h4>\n<p>Pour ce groupe, la consommation d\u2019\u00e9nergie et les co\u00fbts d\u2019entretien sont essentiels. Dans la plupart des cas, un g\u00e9n\u00e9rateur d\u2019ozone aliment\u00e9 par air avec s\u00e9cheur d\u2019air \u00e0 r\u00e9g\u00e9n\u00e9ration automatique est le meilleur choix. Pour des pi\u00e8ces d\u2019eau sup\u00e9rieures \u00e0 \u00b1 200 m\u00b3, il est g\u00e9n\u00e9ralement plus judicieux d\u2019opter pour un syst\u00e8me \u00e0 base d\u2019oxyg\u00e8ne.<\/p>\n<h4><strong>Industrie<\/strong><\/h4>\n<p>Ici, on utilise presque toujours des g\u00e9n\u00e9rateurs \u00e0 haute tension aliment\u00e9s en oxyg\u00e8ne, tout simplement parce qu\u2019ils atteignent une forte concentration d\u2019ozone et n\u00e9cessitent peu d\u2019entretien. Pour plus d\u2019informations sur un g\u00e9n\u00e9rateur d\u2019ozone, vous pouvez nous contacter.<\/p>\n","protected":false},"excerpt":{"rendered":"<p>Informations sur le g\u00e9n\u00e9rateur d&rsquo;ozone<\/p>\n","protected":false},"author":1,"featured_media":0,"parent":0,"menu_order":0,"comment_status":"open","ping_status":"open","template":"","meta":{"_et_pb_use_builder":"","_et_pb_old_content":"","_et_gb_content_width":"","footnotes":""},"class_list":["post-9159","page","type-page","status-publish","hentry"],"_links":{"self":[{"href":"https:\/\/tolwatertechniek.nl\/fr\/wp-json\/wp\/v2\/pages\/9159","targetHints":{"allow":["GET"]}}],"collection":[{"href":"https:\/\/tolwatertechniek.nl\/fr\/wp-json\/wp\/v2\/pages"}],"about":[{"href":"https:\/\/tolwatertechniek.nl\/fr\/wp-json\/wp\/v2\/types\/page"}],"author":[{"embeddable":true,"href":"https:\/\/tolwatertechniek.nl\/fr\/wp-json\/wp\/v2\/users\/1"}],"replies":[{"embeddable":true,"href":"https:\/\/tolwatertechniek.nl\/fr\/wp-json\/wp\/v2\/comments?post=9159"}],"version-history":[{"count":0,"href":"https:\/\/tolwatertechniek.nl\/fr\/wp-json\/wp\/v2\/pages\/9159\/revisions"}],"wp:attachment":[{"href":"https:\/\/tolwatertechniek.nl\/fr\/wp-json\/wp\/v2\/media?parent=9159"}],"curies":[{"name":"wp","href":"https:\/\/api.w.org\/{rel}","templated":true}]}}