{"id":9155,"date":"2025-08-25T15:23:27","date_gmt":"2025-08-25T15:23:27","guid":{"rendered":"https:\/\/tolwatertechniek.nl\/que-signifie-la-valeur-redox-de-leau\/"},"modified":"2025-08-25T15:23:27","modified_gmt":"2025-08-25T15:23:27","slug":"que-signifie-la-valeur-redox-de-leau","status":"publish","type":"page","link":"https:\/\/tolwatertechniek.nl\/fr\/que-signifie-la-valeur-redox-de-leau\/","title":{"rendered":"Que signifie la valeur redox de l&rsquo;eau?"},"content":{"rendered":"<p style=\"text-align: left;\">La valeur redox est largement utilis\u00e9e dans le traitement de l\u2019eau, mais que signifie-t-elle exactement ? Redox est l\u2019abr\u00e9viation de <strong>R\u00e9duction<\/strong> et <strong>Oxydation<\/strong>, et si l\u2019on regarde le terme anglais ORP, cela signifie <strong>O<\/strong>xidation-<strong>R<\/strong>eduction <strong>P<\/strong>otential. Nous savons maintenant ce que signifient les lettres, mais que cela implique-t-il r\u00e9ellement ? C\u2019est difficile \u00e0 expliquer, mais dans le monde de l\u2019ozone, cela indique principalement la puret\u00e9 de l\u2019eau et sa capacit\u00e9 \u00e0 d\u00e9composer les polluants. La valeur redox est mesur\u00e9e en mV et varie de -2000 mV \u00e0 +2000 mV. Des valeurs redox n\u00e9gatives ne sont en fait souhaitables que pour certaines m\u00e9thodes sp\u00e9cifiques de purification de l\u2019eau. \u00c9tant donn\u00e9 que ce texte se concentre sur la redox en relation avec l\u2019ozone (oxydation), nous nous concentrons uniquement sur une redox positive.<\/p>\n<p style=\"text-align: left;\">La valeur redox est mesur\u00e9e par un capteur redox, qui mesure le pouvoir oxydant de l\u2019eau. Elle donne \u00e9galement une indication du niveau d\u2019oxyg\u00e8ne dissous dans l\u2019eau. Une eau plus pollu\u00e9e contient moins d\u2019oxyg\u00e8ne dissous, car la pollution organique consomme de l\u2019oxyg\u00e8ne. Cela a pour cons\u00e9quence que le potentiel redox de l\u2019eau pollu\u00e9e sera plus bas que celui de l\u2019eau propre.<\/p>\n<h2 style=\"text-align: left;\">Valeur redox et leurs applications.<\/h2>\n<table style=\"width: 406px; border: 0px solid #000000;\" border=\"0\" cellspacing=\"0\" cellpadding=\"0\" align=\"left\">\n<colgroup>\n<col width=\"124\" \/>\n<col width=\"282\" \/> <\/colgroup>\n<tbody>\n<tr>\n<td width=\"124\" height=\"18\">Valeur redox (mV)<\/td>\n<td width=\"282\">Application<\/td>\n<\/tr>\n<tr>\n<td height=\"18\">0-150<\/td>\n<td>Certaines m\u00e9thodes de purification biologique<\/td>\n<\/tr>\n<tr>\n<td height=\"18\">150-300<\/td>\n<td>Bassins, pisciculture et aquariums<\/td>\n<\/tr>\n<tr>\n<td height=\"18\">300-400<\/td>\n<td>Tours de refroidissement<\/td>\n<\/tr>\n<tr>\n<td height=\"18\">400-500<\/td>\n<td>Piscines<\/td>\n<\/tr>\n<tr>\n<td height=\"18\">500-600<\/td>\n<td>Jacuzzis et spas<\/td>\n<\/tr>\n<tr>\n<td height=\"18\">600-800<\/td>\n<td>D\u00e9sinfection de l\u2019eau<\/td>\n<\/tr>\n<tr>\n<td height=\"18\">&gt;800<\/td>\n<td>St\u00e9rilisation de l\u2019eau<\/td>\n<\/tr>\n<\/tbody>\n<\/table>\n<p style=\"text-align: center;\"><a href=\"https:\/\/tolwatertechniek.nl\/wp-content\/uploads\/2018\/06\/products-orp_controller_rc2304_2.jpg\"> <img fetchpriority=\"high\" fetchpriority=\"high\" decoding=\"async\" class=\"size-medium wp-image-281\" src=\"https:\/\/tolwatertechniek.nl\/wp-content\/uploads\/2018\/06\/products-orp_controller_rc2304_2.jpg\" alt=\"Valeur redox\" width=\"300\" height=\"214\" \/> <\/a> Redoxm\u00e8tre<\/p>\n<p>La valeur redox donne \u00e9galement une indication de l\u2019activit\u00e9 bact\u00e9riologique de l\u2019eau.<\/p>\n<h2>Voici une indication de la relation entre la valeur redox et le nombre de bact\u00e9ries coliformes.<\/h2>\n<table style=\"width: 406px; border: 0px solid #000000;\" border=\"0\" cellspacing=\"0\" cellpadding=\"0\" align=\"left\">\n<colgroup>\n<col width=\"124\" \/>\n<col width=\"282\" \/> <\/colgroup>\n<tbody>\n<tr>\n<td width=\"124\" height=\"18\">Valeur redox (mV)<\/td>\n<td width=\"282\">Nombre de coliformes par 100 ml d\u2019eau<\/td>\n<\/tr>\n<tr>\n<td align=\"right\" height=\"18\">200<\/td>\n<td align=\"right\">300<\/td>\n<\/tr>\n<tr>\n<td align=\"right\" height=\"18\">300<\/td>\n<td align=\"right\">30<\/td>\n<\/tr>\n<tr>\n<td align=\"right\" height=\"18\">400<\/td>\n<td align=\"right\">3<\/td>\n<\/tr>\n<tr>\n<td align=\"right\" height=\"18\">600<\/td>\n<td align=\"right\">0<\/td>\n<\/tr>\n<\/tbody>\n<\/table>\n<p>Dans une eau propre, la valeur redox est un bon indicateur de la quantit\u00e9 d\u2019ozone dissous, \u00e0 condition qu\u2019aucun autre oxydant ne soit pr\u00e9sent dans l\u2019eau. <strong>\u00a9 Tol Watertechniek<\/strong><\/p>\n","protected":false},"excerpt":{"rendered":"<p>Que signifie la valeur redox de l&rsquo;eau?<\/p>\n","protected":false},"author":1,"featured_media":0,"parent":0,"menu_order":0,"comment_status":"open","ping_status":"open","template":"","meta":{"_et_pb_use_builder":"","_et_pb_old_content":"","_et_gb_content_width":"","footnotes":""},"class_list":["post-9155","page","type-page","status-publish","hentry"],"_links":{"self":[{"href":"https:\/\/tolwatertechniek.nl\/fr\/wp-json\/wp\/v2\/pages\/9155","targetHints":{"allow":["GET"]}}],"collection":[{"href":"https:\/\/tolwatertechniek.nl\/fr\/wp-json\/wp\/v2\/pages"}],"about":[{"href":"https:\/\/tolwatertechniek.nl\/fr\/wp-json\/wp\/v2\/types\/page"}],"author":[{"embeddable":true,"href":"https:\/\/tolwatertechniek.nl\/fr\/wp-json\/wp\/v2\/users\/1"}],"replies":[{"embeddable":true,"href":"https:\/\/tolwatertechniek.nl\/fr\/wp-json\/wp\/v2\/comments?post=9155"}],"version-history":[{"count":0,"href":"https:\/\/tolwatertechniek.nl\/fr\/wp-json\/wp\/v2\/pages\/9155\/revisions"}],"wp:attachment":[{"href":"https:\/\/tolwatertechniek.nl\/fr\/wp-json\/wp\/v2\/media?parent=9155"}],"curies":[{"name":"wp","href":"https:\/\/api.w.org\/{rel}","templated":true}]}}