{"id":6529,"date":"2021-12-05T18:17:08","date_gmt":"2021-12-05T18:17:09","guid":{"rendered":"https:\/\/tolwatertechniek.nl\/?post_type=product&#038;p=6529"},"modified":"2021-12-19T15:38:45","modified_gmt":"2021-12-19T15:38:45","slug":"kompakter-ozongenerator-oa20","status":"publish","type":"product","link":"https:\/\/tolwatertechniek.nl\/de\/winkel\/ozon-generatoren-von-purusaqua-mit-hohe-ozon-produktion\/compact-serie-ozon-generator-von-purusaqua\/kompakter-ozongenerator-oa20\/","title":{"rendered":"Kompakter Ozongenerator OA20"},"content":{"rendered":"<p>Der Compact OA20 ist ein Ozongenerator mit einer Ozonproduktion von 20 gr\/h. Wie der Name schon sagt, ist dieser Ozongenerator sehr kompakt. Trotz seiner geringen Gr\u00f6\u00dfe ist die Leistung dieses Ozongenerators beeindruckend. Der Ozongenerator Compact OA20 ist ein luftgek\u00fchlter Ozongenerator, der f\u00fcr Sauerstoff als Speisegas geeignet ist. (O = Sauerstoff, A = luftgek\u00fchlt). Mit dem Ozongenerator sind Gaskonzentrationen von 9% wt\/wt und h\u00f6her erreichbar. Die Ozongeneratoren der Compact-Serie verwenden hochwertige Materialien, die Ozonzelle ist aus Edelstahl gefertigt. In der Ozonzelle wird kein Aluminium verwendet! Das macht die Ozongeneratoren sehr zuverl\u00e4ssig und wartungsfreundlich.<\/p>\n<p>Dieser Ozongenerator ist optional mit einem Modbus-Kommunikationsbus erh\u00e4ltlich.<\/p>\n<p>Im Folgenden einige technische Daten:<\/p>\n<ul>\n<li>Leistungsaufnahme: 260W<\/li>\n<li>Versorgungsspannung: 230V<\/li>\n<li>Empfohlener Arbeitsdruck: 0,7 bar(g)<\/li>\n<li>Zul\u00e4ssiger Betriebsdruck: 0,1 &#8211; 1 bar(g)<\/li>\n<li>Gewicht: 10kg<\/li>\n<li>Ma\u00dfe (B x H x T): 22 x 45 x 20 cm<\/li>\n<li>Ozonproduktion (@ 9%wt\/wt): 14 gr\/h<\/li>\n<li>Gasdurchfluss (@ 9%wt\/wt): 1,8 Nl\/min<\/li>\n<li>Ozonproduktion (@ 7%wt\/wt): 18 gr\/h<\/li>\n<li>Gasdurchfluss (bei 7% Gew.\/Gew.): 3 Nl\/min<\/li>\n<li>Ozonproduktion (@ 5%wt\/wt): 20 gr\/h<\/li>\n<li>Gasdurchfluss (bei 5\u00a0Gew.\/Gew.): 4,7 Nl\/min<\/li>\n<\/ul>\n<p>Messbedingungen:<\/p>\n<ul>\n<li>Umgebungstemperatur: 20 \u00b0C<\/li>\n<li>K\u00fchlwassertemperatur: N\/A<\/li>\n<li>Sauerstoffkonzentration: 93\u00a0%<\/li>\n<li>Taupunkt Speisegas: -70 \u00b0C<\/li>\n<li>Arbeitsdruck: 0,8 barg<\/li>\n<\/ul>\n<p>&nbsp;<\/p>\n","protected":false},"excerpt":{"rendered":"<p>Der Compact OA20 ist ein Ozongenerator mit einer Ozonproduktion von 20 gr\/h. Wie der Name schon sagt, ist dieser Ozongenerator sehr kompakt.<\/p>\n","protected":false},"featured_media":5385,"template":"","meta":{"_et_pb_use_builder":"","_et_pb_old_content":"","_et_gb_content_width":""},"product_brand":[],"product_cat":[97,211],"product_tag":[],"class_list":{"0":"post-6529","1":"product","2":"type-product","3":"status-publish","4":"has-post-thumbnail","6":"product_cat-ozon-generatoren-von-purusaqua-mit-hohe-ozon-produktion","7":"product_cat-compact-serie-ozon-generator-von-purusaqua","9":"first","10":"instock","11":"taxable","12":"shipping-taxable","13":"purchasable","14":"product-type-simple"},"_links":{"self":[{"href":"https:\/\/tolwatertechniek.nl\/de\/wp-json\/wp\/v2\/product\/6529","targetHints":{"allow":["GET"]}}],"collection":[{"href":"https:\/\/tolwatertechniek.nl\/de\/wp-json\/wp\/v2\/product"}],"about":[{"href":"https:\/\/tolwatertechniek.nl\/de\/wp-json\/wp\/v2\/types\/product"}],"wp:featuredmedia":[{"embeddable":true,"href":"https:\/\/tolwatertechniek.nl\/de\/wp-json\/wp\/v2\/media\/5385"}],"wp:attachment":[{"href":"https:\/\/tolwatertechniek.nl\/de\/wp-json\/wp\/v2\/media?parent=6529"}],"wp:term":[{"taxonomy":"product_brand","embeddable":true,"href":"https:\/\/tolwatertechniek.nl\/de\/wp-json\/wp\/v2\/product_brand?post=6529"},{"taxonomy":"product_cat","embeddable":true,"href":"https:\/\/tolwatertechniek.nl\/de\/wp-json\/wp\/v2\/product_cat?post=6529"},{"taxonomy":"product_tag","embeddable":true,"href":"https:\/\/tolwatertechniek.nl\/de\/wp-json\/wp\/v2\/product_tag?post=6529"}],"curies":[{"name":"wp","href":"https:\/\/api.w.org\/{rel}","templated":true}]}}