{"id":6502,"date":"2021-12-05T15:30:39","date_gmt":"2021-12-05T15:30:40","guid":{"rendered":"https:\/\/tolwatertechniek.nl\/?post_type=product&#038;p=6502"},"modified":"2024-10-04T23:13:52","modified_gmt":"2024-10-04T23:13:52","slug":"hicon-ozongenerator-200-gramm-pro-stunde","status":"publish","type":"product","link":"https:\/\/tolwatertechniek.nl\/de\/winkel\/ozon-generatoren-von-purusaqua-mit-hohe-ozon-produktion\/hicon-ozon-generatoren-von-purusaqua\/hicon-ozongenerator-200-gramm-pro-stunde\/","title":{"rendered":"HiCon-Ozongenerator 200 Gramm pro Stunde"},"content":{"rendered":"<p>HiCon-Ozongenerator 200 Gramm pro Stunde bei 10 % Gewicht. Der HiCon ist ein wassergek\u00fchlter Ozongenerator mit geringem Energieverbrauch. Dieser Ozongenerator ist mit einem sehr umfangreichen Kontrollsystem ausgestattet. Die Steuerung misst Gasdurchfluss, Gasdruck, Temperatur usw. Diese Parameter werden auf einem Touchscreen angezeigt, der Verlauf dieser Parameter wird auch grafisch festgehalten. Dar\u00fcber hinaus kann mit Computer, Telefon und Tablet aus der Ferne auf die Ozongeneratoren zugegriffen werden.<\/p>\n<p>Au\u00dferdem ist dieser Ozongenerator so konstruiert, dass er auch Peripherieger\u00e4te wie Sauerstoffgenerator, Einspritzpumpe, K\u00fchlmaschine etc. ansteuert. Dies garantiert einen zuverl\u00e4ssigen Betrieb und einen guten Startablauf. Sie kaufen also nicht nur einen Ozongenerator, sondern auch die komplette Steuerung f\u00fcr eine Ozonanlage, alles integriert im Ozongenerator.<\/p>\n<p>Der HiCon-Ozongenerator ist mit der modernsten Ozonzelle und Stromversorgung ausgestattet. Dies gew\u00e4hrleistet eine hohe Ozonkonzentration, einen geringen Energieverbrauch und einen zuverl\u00e4ssigen Betrieb. Dies gew\u00e4hrleistet auch eine einzigartige Leistungsregelung. Die Ozonproduktion der HiCon Generatoren ist nahezu linear, die meisten Generatoren regeln mehr oder weniger logarithmisch!<\/p>\n<p>Nachfolgend sind einige Funktionen des HiCon-Ozongenerators aufgef\u00fchrt:<\/p>\n<ul>\n<li>Ozonproduktion von 200 Gramm pro Stunde bei 10\u00a0% Gewicht<\/li>\n<li>Erforderlicher Gasfluss 23Nl\/Min<\/li>\n<li>Ozonkonzentration 7 bis 14 Gew.-%<\/li>\n<li>Geringer Energieverbrauch und sehr hohe Effizienz<\/li>\n<li>Vollst\u00e4ndige Kontrolle im Ozongenerator integriert<\/li>\n<li>Umfangreiche Steuerung mit Touchscreen<\/li>\n<li>Elektronischer Massendurchflussregler zum Messen und Regeln des Gasdurchflusses durch den Ozongenerator<\/li>\n<li>Druck- und Temperaturmessungen<\/li>\n<li>Fernzugriff \u00fcber Computer, Telefon und Tablet<\/li>\n<li>Ozonertrag einstellbar zwischen 10 und 100 % (linear einstellbar)<\/li>\n<li>Modbus-Kommunikation optional erh\u00e4ltlich<\/li>\n<li>Optional im Edelstahlgeh\u00e4use erh\u00e4ltlich<\/li>\n<\/ul>\n<p>Diese Generatoren eignen sich sehr gut f\u00fcr schwierige Anwendungen, bei denen hohe Ozonkonzentrationen erforderlich sind.<\/p>\n<div id=\"attachment_5636\" style=\"width: 298px\" class=\"wp-caption alignleft\"><a href=\"https:\/\/tolwatertechniek.nl\/wp-content\/uploads\/\/Kast-open-Medium-288x300.jpg\"><img fetchpriority=\"high\" fetchpriority=\"high\" decoding=\"async\" aria-describedby=\"caption-attachment-5636\" class=\"size-medium wp-image-5638\" src=\"https:\/\/tolwatertechniek.nl\/wp-content\/uploads\/\/Kast-open-Medium-288x300.jpg\" alt=\"HiCon ozongenerator\" width=\"288\" height=\"300\" srcset=\"https:\/\/tolwatertechniek.nl\/wp-content\/uploads\/Kast-open-Medium-288x300.jpg 288w, https:\/\/tolwatertechniek.nl\/wp-content\/uploads\/Kast-open-Medium.jpg 768w, https:\/\/tolwatertechniek.nl\/wp-content\/uploads\/Kast-open-Medium-600x626.jpg 600w\" sizes=\"(max-width: 288px) 100vw, 288px\" \/><\/a><p id=\"caption-attachment-5636\" class=\"wp-caption-text\">HiCon ozongenerator<\/p><\/div>\n<div id=\"attachment_5633\" style=\"width: 189px\" class=\"wp-caption alignleft\"><a href=\"https:\/\/tolwatertechniek.nl\/wp-content\/uploads\/\/Kast-Medium-179x300.jpg\"><img decoding=\"async\" aria-describedby=\"caption-attachment-5633\" class=\"size-medium wp-image-5635\" src=\"https:\/\/tolwatertechniek.nl\/wp-content\/uploads\/\/Kast-Medium-179x300.jpg\" alt=\"HiCon ozongenerator\" width=\"179\" height=\"300\" srcset=\"https:\/\/tolwatertechniek.nl\/wp-content\/uploads\/Kast-Medium-179x300.jpg 179w, https:\/\/tolwatertechniek.nl\/wp-content\/uploads\/Kast-Medium.jpg 542w\" sizes=\"(max-width: 179px) 100vw, 179px\" \/><\/a><p id=\"caption-attachment-5633\" class=\"wp-caption-text\">HiCon ozongenerator<\/p><\/div>\n<div id=\"attachment_5550\" style=\"width: 235px\" class=\"wp-caption alignleft\"><a href=\"https:\/\/tolwatertechniek.nl\/wp-content\/uploads\/\/20200909_143938-225x300.jpg\"><img decoding=\"async\" aria-describedby=\"caption-attachment-5550\" class=\"size-medium wp-image-5552\" src=\"https:\/\/tolwatertechniek.nl\/wp-content\/uploads\/\/20200909_143938-225x300.jpg\" alt=\"Ozonsystem Lebensmittelindustrie\" width=\"225\" height=\"300\" srcset=\"https:\/\/tolwatertechniek.nl\/wp-content\/uploads\/20200909_143938-225x300.jpg 225w, https:\/\/tolwatertechniek.nl\/wp-content\/uploads\/20200909_143938.jpg 768w, https:\/\/tolwatertechniek.nl\/wp-content\/uploads\/20200909_143938-600x800.jpg 600w\" sizes=\"(max-width: 225px) 100vw, 225px\" \/><\/a><p id=\"caption-attachment-5550\" class=\"wp-caption-text\">Ozonsystem Lebensmittelindustrie<\/p><\/div>\n","protected":false},"excerpt":{"rendered":"<p>HiCon Ozongenerator 200 Gramm pro Stunde bei 10 % Gewicht. Der HiCon ist ein wassergek\u00fchlter Ozongenerator mit geringem Energieverbrauch und umfassender Steuerung.<\/p>\n","protected":false},"featured_media":5635,"template":"","meta":{"_et_pb_use_builder":"","_et_pb_old_content":"","_et_gb_content_width":""},"product_brand":[],"product_cat":[97,172],"product_tag":[],"class_list":{"0":"post-6502","1":"product","2":"type-product","3":"status-publish","4":"has-post-thumbnail","6":"product_cat-ozon-generatoren-von-purusaqua-mit-hohe-ozon-produktion","7":"product_cat-hicon-ozon-generatoren-von-purusaqua","9":"first","10":"instock","11":"taxable","12":"shipping-taxable","13":"purchasable","14":"product-type-simple"},"_links":{"self":[{"href":"https:\/\/tolwatertechniek.nl\/de\/wp-json\/wp\/v2\/product\/6502","targetHints":{"allow":["GET"]}}],"collection":[{"href":"https:\/\/tolwatertechniek.nl\/de\/wp-json\/wp\/v2\/product"}],"about":[{"href":"https:\/\/tolwatertechniek.nl\/de\/wp-json\/wp\/v2\/types\/product"}],"wp:featuredmedia":[{"embeddable":true,"href":"https:\/\/tolwatertechniek.nl\/de\/wp-json\/wp\/v2\/media\/5635"}],"wp:attachment":[{"href":"https:\/\/tolwatertechniek.nl\/de\/wp-json\/wp\/v2\/media?parent=6502"}],"wp:term":[{"taxonomy":"product_brand","embeddable":true,"href":"https:\/\/tolwatertechniek.nl\/de\/wp-json\/wp\/v2\/product_brand?post=6502"},{"taxonomy":"product_cat","embeddable":true,"href":"https:\/\/tolwatertechniek.nl\/de\/wp-json\/wp\/v2\/product_cat?post=6502"},{"taxonomy":"product_tag","embeddable":true,"href":"https:\/\/tolwatertechniek.nl\/de\/wp-json\/wp\/v2\/product_tag?post=6502"}],"curies":[{"name":"wp","href":"https:\/\/api.w.org\/{rel}","templated":true}]}}