{"id":2477,"date":"2015-01-20T10:06:48","date_gmt":"2015-01-20T10:06:48","guid":{"rendered":"https:\/\/tolwatertechniek.nl\/?post_type=product&#038;p=2477"},"modified":"2025-12-30T12:48:21","modified_gmt":"2025-12-30T12:48:21","slug":"rvs-vat-verticaal-2","status":"publish","type":"product","link":"https:\/\/tolwatertechniek.nl\/de\/winkel\/ozon-reaktoren\/reaktion-behaelter-aus-edelstahl\/rvs-vat-verticaal-2\/","title":{"rendered":"RVS vat verticaal"},"content":{"rendered":"<p>Vertikale Edelstahlbeh\u00e4lter aus Edelstahl 304. Sehr gut geeignet f\u00fcr den Einsatz als Ozonreaktionsbeh\u00e4lter, aber selbstverst\u00e4ndlich auch f\u00fcr andere Anwendungen einsetzbar. Diese Edelstahlbeh\u00e4lter setzen wir selbst in unseren Turn-Key-Ozonsystemen ein.<br data-start=\"251\" data-end=\"254\" \/>Die Anschl\u00fcsse sind wie in der nachstehenden Tabelle angegeben:<\/p>\n<table border=\"0\" width=\"402\" cellspacing=\"0\" cellpadding=\"0\">\n<colgroup>\n<col width=\"67\" \/>\n<col width=\"60\" \/>\n<col span=\"4\" width=\"50\" \/>\n<col width=\"75\" \/> <\/colgroup>\n<tbody>\n<tr>\n<td class=\"xl22\" width=\"67\" height=\"17\">Model<\/td>\n<td class=\"xl22\" width=\"60\">Inhoud (l)<\/td>\n<td class=\"xl22\" width=\"50\">A (mm)<\/td>\n<td class=\"xl22\" width=\"50\">B (mm)<\/td>\n<td class=\"xl22\" width=\"50\">C<\/td>\n<td class=\"xl22\" width=\"50\">D (mm)<\/td>\n<td class=\"xl22\" width=\"75\">P max (bar)<\/td>\n<\/tr>\n<tr>\n<td class=\"xl23\" height=\"17\">60 VER<\/td>\n<td class=\"xl22\" align=\"right\">60<\/td>\n<td class=\"xl22\" align=\"right\">800<\/td>\n<td class=\"xl22\" align=\"right\">160<\/td>\n<td class=\"xl24\">1&#8243;<\/td>\n<td class=\"xl22\" align=\"right\">400<\/td>\n<td class=\"xl22\" align=\"right\">6<\/td>\n<\/tr>\n<tr>\n<td class=\"xl23\" height=\"17\">100 VER<\/td>\n<td class=\"xl22\" align=\"right\">110<\/td>\n<td class=\"xl22\" align=\"right\">1215<\/td>\n<td class=\"xl22\" align=\"right\">160<\/td>\n<td class=\"xl22\">1&#8243;<\/td>\n<td class=\"xl22\" align=\"right\">400<\/td>\n<td class=\"xl22\" align=\"right\">6<\/td>\n<\/tr>\n<tr>\n<td class=\"xl23\" height=\"17\">200 VER<\/td>\n<td class=\"xl22\" align=\"right\">210<\/td>\n<td class=\"xl22\" align=\"right\">1490<\/td>\n<td class=\"xl22\" align=\"right\">195<\/td>\n<td class=\"xl22\">1 1\/4&#8243;<\/td>\n<td class=\"xl22\" align=\"right\">480<\/td>\n<td class=\"xl22\" align=\"right\">6<\/td>\n<\/tr>\n<tr>\n<td class=\"xl23\" height=\"17\">300 VER<\/td>\n<td class=\"xl22\" align=\"right\">300<\/td>\n<td class=\"xl22\" align=\"right\">1700<\/td>\n<td class=\"xl22\" align=\"right\">230<\/td>\n<td class=\"xl22\">1 1\/4&#8243;<\/td>\n<td class=\"xl22\" align=\"right\">540<\/td>\n<td class=\"xl22\" align=\"right\">6<\/td>\n<\/tr>\n<tr>\n<td class=\"xl23\" height=\"17\">400 VER<\/td>\n<td class=\"xl22\" align=\"right\">390<\/td>\n<td class=\"xl22\" align=\"right\">1600<\/td>\n<td class=\"xl22\" align=\"right\">220<\/td>\n<td class=\"xl22\">1 1\/4&#8243;<\/td>\n<td class=\"xl22\" align=\"right\">635<\/td>\n<td class=\"xl22\" align=\"right\">6<\/td>\n<\/tr>\n<tr>\n<td class=\"xl23\" height=\"17\">550 VER<\/td>\n<td class=\"xl22\" align=\"right\">550<\/td>\n<td class=\"xl22\" align=\"right\">2095<\/td>\n<td class=\"xl22\" align=\"right\">220<\/td>\n<td class=\"xl22\">2&#8243;<\/td>\n<td class=\"xl22\" align=\"right\">635<\/td>\n<td class=\"xl22\" align=\"right\">6<\/td>\n<\/tr>\n<tr>\n<td class=\"xl23\" height=\"17\">750 VER<\/td>\n<td class=\"xl22\" align=\"right\">750<\/td>\n<td class=\"xl22\" align=\"right\">1950<\/td>\n<td class=\"xl22\" align=\"right\">220<\/td>\n<td class=\"xl22\">2&#8243;<\/td>\n<td class=\"xl22\" align=\"right\">790<\/td>\n<td class=\"xl22\" align=\"right\">6<\/td>\n<\/tr>\n<tr>\n<td class=\"xl23\" height=\"17\">1000 VER<\/td>\n<td class=\"xl22\" align=\"right\">1000<\/td>\n<td class=\"xl22\" align=\"right\">2500<\/td>\n<td class=\"xl22\" align=\"right\">245<\/td>\n<td class=\"xl22\">2&#8243;<\/td>\n<td class=\"xl22\" align=\"right\">790<\/td>\n<td class=\"xl22\" align=\"right\">6<\/td>\n<\/tr>\n<tr>\n<td class=\"xl23\" height=\"17\">1500 VER<\/td>\n<td class=\"xl22\" align=\"right\">1500<\/td>\n<td class=\"xl22\" align=\"right\">2700<\/td>\n<td class=\"xl22\" align=\"right\">245<\/td>\n<td class=\"xl22\">3&#8243;<\/td>\n<td class=\"xl22\" align=\"right\">930<\/td>\n<td class=\"xl22\" align=\"right\">6<\/td>\n<\/tr>\n<tr>\n<td class=\"xl23\" height=\"17\">2000 VER<\/td>\n<td class=\"xl22\" align=\"right\">2000<\/td>\n<td class=\"xl22\" align=\"right\">3450<\/td>\n<td class=\"xl22\" align=\"right\">245<\/td>\n<td class=\"xl22\">3&#8243;<\/td>\n<td class=\"xl22\" align=\"right\">930<\/td>\n<td class=\"xl22\" align=\"right\">6<\/td>\n<\/tr>\n<\/tbody>\n<\/table>\n<p>Auf Wunsch k\u00f6nnen die vertikalen Edelstahlbeh\u00e4lter auch aus Edelstahl 316 sowie mit Anschl\u00fcssen nach Kundenwunsch geliefert werden.<\/p>\n","protected":false},"excerpt":{"rendered":"<p>Vertikale Edelstahlbeh\u00e4lter aus Edelstahl 304. Sehr gut geeignet f\u00fcr den Einsatz als Ozonreaktionsbeh\u00e4lter, aber selbstverst\u00e4ndlich auch f\u00fcr andere Anwendungen einsetzbar.<\/p>\n","protected":false},"featured_media":2478,"template":"","meta":{"_et_pb_use_builder":"","_et_pb_old_content":"","_et_gb_content_width":""},"product_brand":[],"product_cat":[100,205],"product_tag":[],"class_list":{"0":"post-2477","1":"product","2":"type-product","3":"status-publish","4":"has-post-thumbnail","6":"product_cat-ozon-reaktoren","7":"product_cat-reaktion-behaelter-aus-edelstahl","9":"first","10":"instock","11":"taxable","12":"shipping-taxable","13":"purchasable","14":"product-type-simple"},"_links":{"self":[{"href":"https:\/\/tolwatertechniek.nl\/de\/wp-json\/wp\/v2\/product\/2477","targetHints":{"allow":["GET"]}}],"collection":[{"href":"https:\/\/tolwatertechniek.nl\/de\/wp-json\/wp\/v2\/product"}],"about":[{"href":"https:\/\/tolwatertechniek.nl\/de\/wp-json\/wp\/v2\/types\/product"}],"wp:featuredmedia":[{"embeddable":true,"href":"https:\/\/tolwatertechniek.nl\/de\/wp-json\/wp\/v2\/media\/2478"}],"wp:attachment":[{"href":"https:\/\/tolwatertechniek.nl\/de\/wp-json\/wp\/v2\/media?parent=2477"}],"wp:term":[{"taxonomy":"product_brand","embeddable":true,"href":"https:\/\/tolwatertechniek.nl\/de\/wp-json\/wp\/v2\/product_brand?post=2477"},{"taxonomy":"product_cat","embeddable":true,"href":"https:\/\/tolwatertechniek.nl\/de\/wp-json\/wp\/v2\/product_cat?post=2477"},{"taxonomy":"product_tag","embeddable":true,"href":"https:\/\/tolwatertechniek.nl\/de\/wp-json\/wp\/v2\/product_tag?post=2477"}],"curies":[{"name":"wp","href":"https:\/\/api.w.org\/{rel}","templated":true}]}}