{"id":1372,"date":"2012-11-09T15:17:13","date_gmt":"2012-11-09T15:17:13","guid":{"rendered":"https:\/\/tolwatertechniek.nl\/?post_type=product&#038;p=1372"},"modified":"2021-12-05T15:10:16","modified_gmt":"2021-12-05T15:10:16","slug":"hicon-ozongenerator-100-bis-800-gramm-pro-stunde-bei-10-gewicht","status":"publish","type":"product","link":"https:\/\/tolwatertechniek.nl\/de\/winkel\/ozon-generatoren-von-purusaqua-mit-hohe-ozon-produktion\/hicon-ozon-generatoren-von-purusaqua\/hicon-ozongenerator-100-bis-800-gramm-pro-stunde-bei-10-gewicht\/","title":{"rendered":"HiCon-Ozongenerator, 100 bis 800 Gramm pro Stunde bei 10 % Gewicht."},"content":{"rendered":"<p>HiCon-Ozongenerator, 100 bis 800 Gramm pro Stunde bei 10 % Gewicht. Der HiCon ist ein wassergek\u00fchlter Ozongenerator mit geringem Energieverbrauch. Diese Serie von Ozongeneratoren ist mit einem sehr umfangreichen Steuerungssystem ausgestattet. Die Steuerung misst Gasdurchfluss, Gasdruck, Temperatur usw. Diese Parameter werden auf einem Touchscreen angezeigt, der Verlauf dieser Parameter wird auch grafisch festgehalten. Dar\u00fcber hinaus kann mit Computer, Telefon und Tablet aus der Ferne auf die Ozongeneratoren zugegriffen werden.<\/p>\n<p>Au\u00dferdem ist dieser Ozongenerator so konstruiert, dass er auch Peripherieger\u00e4te wie Sauerstoffgenerator, Einspritzpumpe, K\u00fchlmaschine etc. ansteuert. Dies garantiert einen zuverl\u00e4ssigen Betrieb und einen guten Startablauf. Sie kaufen also nicht nur einen Ozongenerator, sondern auch die komplette Steuerung f\u00fcr eine Ozonanlage, alles integriert im Ozongenerator.<\/p>\n<p>Der HiCon-Ozongenerator ist mit der modernsten Ozonzelle und Stromversorgung ausgestattet. Dies gew\u00e4hrleistet eine hohe Ozonkonzentration, einen geringen Energieverbrauch und einen zuverl\u00e4ssigen Betrieb. Dies gew\u00e4hrleistet auch eine einzigartige Leistungsregelung. Die Ozonproduktion der HiCon Generatoren ist nahezu linear, die meisten Generatoren regeln mehr oder weniger logarithmisch!<\/p>\n<p> Nachfolgend sind einige Funktionen der HiCon-Ozongeneratoren aufgef\u00fchrt:<\/p>\n<ul>\n<li>Ozonproduktion von 100 bis 800 Gramm pro Stunde bei 10 % Gewicht (wenn kein K\u00fchlwasser vorhanden ist, kann eine K\u00fchlmaschine integriert werden)<\/li>\n<li>Ozonkonzentration 7 bis 14 Gew.-%<\/li>\n<li>Geringer Energieverbrauch und sehr hohe Effizienz<\/li>\n<li>Vollst\u00e4ndige Kontrolle im Ozongenerator integriert<\/li>\n<li>Umfangreiche Steuerung mit Touch-Szene, Steuerung mit\n<ul>\n<li style=\"list-style-type: none;\">\n<ul>\n<li>Elektronischer Massendurchflussregler zum Messen und Regeln des Gasdurchflusses durch den Ozongenerator<\/li>\n<li>Druck- und Temperaturmessungen<\/li>\n<li>Fernzugriff \u00fcber Computer, Telefon und Tablet<\/li>\n<li>Ozonertrag einstellbar zwischen 10 und 100 % (linear einstellbar)<\/li>\n<li>Modbus-Kommunikation optional erh\u00e4ltlich<\/li>\n<li>Optional im Edelstahlgeh\u00e4use erh\u00e4ltlich<\/li>\n<\/ul>\n<\/li>\n<\/ul>\n<\/li>\n<\/ul>\n<p>Diese Generatoren eignen sich sehr gut f\u00fcr schwierige Anwendungen, bei denen hohe Ozonkonzentrationen erforderlich sind.<\/p>\n<a href=\"https:\/\/tolwatertechniek.nl\/wp-content\/uploads\/Kast-open-Medium.jpg\">< img class=\"size-medium wp-image-5636\" src=\"https:\/\/tolwatertechniek.nl\/wp-content\/uploads\/Kast-open-Medium-288x300.jpg\" alt=\"HiCon Ozongenerator\" width=\" 288 \" height=\"300\" \/><\/a> HiCon-Ozongenerator\n<div id=\"attachment_5633\" style=\"width: 189px\" class=\"wp-caption alignleft\"><a href=\"https:\/\/tolwatertechniek.nl\/wp-content\/uploads\/Kast-Medium.jpg\"><img decoding=\"async\" aria-describedby=\"caption-attachment-5633\" class =\"size-medium wp-image-5635\" src=\"https:\/\/tolwatertechniek.nl\/wp-content\/uploads\/\/Kast-Medium-179x300.jpg\" alt=\"HiCon Ozongenerator\" width=\"179\" height= \" 300\" srcset=\"https:\/\/tolwatertechniek.nl\/wp-content\/uploads\/Kast-Medium-179x300.jpg 179w, https:\/\/tolwatertechniek.nl\/wp-content\/uploads\/Kast-Medium.jpg 542w\" sizes=\"(max-width: 179px) 100vw, 179px\" \/><\/a><p id=\"caption-attachment-5633\" class=\"wp-caption-text\">HiCon-Ozongenerator<\/p><\/div>\n<div id=\"attachment_5550\" style=\"width: 235px\" class=\"wp-caption alignleft\"><a href=\"https:\/\/tolwatertechniek.nl\/wp-content\/uploads\/20200909_143938.jpg\"><img fetchpriority=\"high\" fetchpriority=\"high\" decoding=\"async\" aria-describedby=\"caption-attachment-5550\" class=\" size-medium wp-image-5552\" src=\"https:\/\/tolwatertechniek.nl\/wp-content\/uploads\/\/20200909_143938-225x300.jpg\" alt=\"Ozonsystem Lebensmittelindustrie\" width=\"225\" height=\"300\" srcset=\"https:\/\/tolwatertechniek.nl\/wp-content\/uploads\/20200909_143938-225x300.jpg 225w, https:\/\/tolwatertechniek.nl\/wp-content\/uploads\/20200909_143938.jpg 768w, https:\/\/tolwatertechniek.nl\/wp-content\/uploads\/20200909_143938-600x800.jpg 600w\" sizes=\"(max-width: 225px) 100vw, 225px\" \/><\/a><p id=\"caption-attachment-5550\" class=\"wp-caption-text\">Ozonsystem Lebensmittelindustrie<\/p><\/div>\n","protected":false},"excerpt":{"rendered":"<p>HiCon-Ozongenerator, 100 bis 800 Gramm Ozon pro Stunde bei 10 % Gewicht. F\u00fcr hohe Ozonkonzentrationen geeignet und mit einem sehr umfangreichen Kontrollsystem ausgestattet.<\/p>\n","protected":false},"featured_media":5635,"template":"","meta":{"_et_pb_use_builder":"","_et_pb_old_content":"","_et_gb_content_width":""},"product_brand":[],"product_cat":[97,172],"product_tag":[],"class_list":{"0":"post-1372","1":"product","2":"type-product","3":"status-publish","4":"has-post-thumbnail","6":"product_cat-ozon-generatoren-von-purusaqua-mit-hohe-ozon-produktion","7":"product_cat-hicon-ozon-generatoren-von-purusaqua","9":"first","10":"instock","11":"taxable","12":"shipping-taxable","13":"purchasable","14":"product-type-simple"},"_links":{"self":[{"href":"https:\/\/tolwatertechniek.nl\/de\/wp-json\/wp\/v2\/product\/1372","targetHints":{"allow":["GET"]}}],"collection":[{"href":"https:\/\/tolwatertechniek.nl\/de\/wp-json\/wp\/v2\/product"}],"about":[{"href":"https:\/\/tolwatertechniek.nl\/de\/wp-json\/wp\/v2\/types\/product"}],"wp:featuredmedia":[{"embeddable":true,"href":"https:\/\/tolwatertechniek.nl\/de\/wp-json\/wp\/v2\/media\/5635"}],"wp:attachment":[{"href":"https:\/\/tolwatertechniek.nl\/de\/wp-json\/wp\/v2\/media?parent=1372"}],"wp:term":[{"taxonomy":"product_brand","embeddable":true,"href":"https:\/\/tolwatertechniek.nl\/de\/wp-json\/wp\/v2\/product_brand?post=1372"},{"taxonomy":"product_cat","embeddable":true,"href":"https:\/\/tolwatertechniek.nl\/de\/wp-json\/wp\/v2\/product_cat?post=1372"},{"taxonomy":"product_tag","embeddable":true,"href":"https:\/\/tolwatertechniek.nl\/de\/wp-json\/wp\/v2\/product_tag?post=1372"}],"curies":[{"name":"wp","href":"https:\/\/api.w.org\/{rel}","templated":true}]}}