{"id":6126,"date":"2020-11-11T15:32:00","date_gmt":"2020-11-11T15:32:00","guid":{"rendered":"https:\/\/tolwatertechniek.nl\/?page_id=6126"},"modified":"2025-12-30T11:59:30","modified_gmt":"2025-12-30T11:59:30","slug":"wartung-reparatur-ozongeneratoren","status":"publish","type":"page","link":"https:\/\/tolwatertechniek.nl\/de\/wartung-reparatur-ozongeneratoren\/","title":{"rendered":"Wartung und Reparatur Ozonausr\u00fcstung"},"content":{"rendered":"\t\t<div data-elementor-type=\"wp-page\" data-elementor-id=\"6126\" class=\"elementor elementor-6126 elementor-4555\" data-elementor-post-type=\"page\">\n\t\t\t\t<div class=\"elementor-element elementor-element-1bd5c9cf e-flex e-con-boxed e-con e-parent\" data-id=\"1bd5c9cf\" data-element_type=\"container\" data-e-type=\"container\">\n\t\t\t\t\t<div class=\"e-con-inner\">\n\t\t\t\t<div class=\"elementor-element elementor-element-e20929a elementor-widget elementor-widget-text-editor\" data-id=\"e20929a\" data-element_type=\"widget\" data-e-type=\"widget\" data-widget_type=\"text-editor.default\">\n\t\t\t\t<div class=\"elementor-widget-container\">\n\t\t\t\t\t\t\t\t\tOzonanlagen, Ozongeneratoren und Ozonreaktoren m\u00fcssen regelm\u00e4\u00dfig gewartet werden, damit sie weiterhin ordnungsgem\u00e4\u00df funktionieren. Um einen zuverl\u00e4ssigen Betrieb zu gew\u00e4hrleisten, empfehlen wir Ihnen daher, Ihre Ozonanlage einmal pro Jahr \u00fcberpr\u00fcfen zu lassen, damit sie optimal funktioniert. Eine gute Wartung verringert auch das Risiko teurer Reparaturen.<br><br>Tol Watertechniek kann Wartung, Service, \u00dcberholung oder jegliche Reparaturen an Ihrer Ozonanlage durchf\u00fchren. Dies betrifft nicht nur Wartung oder Reparaturen an von uns gelieferten Ozonger\u00e4ten, sondern auch an Ozonger\u00e4ten, die von Dritten geliefert wurden. Wir verf\u00fcgen \u00fcber die notwendige Ausr\u00fcstung, um verschiedene Messungen an Ozonanlagen durchzuf\u00fchren, wie Ozonmessger\u00e4te, Hochspannungsmessger\u00e4te, Durchflussmesser, Gasanalysatoren usw. Werfen Sie einen Blick auf die \u00dcbersicht der Marken, mit denen wir Erfahrung haben. Haben Sie eine veraltete Marke oder einen veralteten Typ eines Ozongenerators oder Ozonreaktors? Kein Problem, wir fertigen auch Sonderanfertigungen. Die Umr\u00fcstung oder Aufr\u00fcstung von Ozonanlagen ist ebenfalls Teil unserer Arbeit. Wenn Sie weitere Informationen \u00fcber Wartung, \u00dcberholung, Reparatur oder Umbau von Ozonger\u00e4ten w\u00fcnschen, nehmen Sie bitte Kontakt mit uns auf.\t\t\t\t\t\t\t\t<\/div>\n\t\t\t\t<\/div>\n\t\t\t\t\t<\/div>\n\t\t\t\t<\/div>\n\t\t<div class=\"elementor-element elementor-element-19ff49a e-flex e-con-boxed e-con e-parent\" data-id=\"19ff49a\" data-element_type=\"container\" data-e-type=\"container\">\n\t\t\t\t\t<div class=\"e-con-inner\">\n\t\t\t\t<div class=\"elementor-element elementor-element-fe8cfed elementor-widget elementor-widget-heading\" data-id=\"fe8cfed\" data-element_type=\"widget\" data-e-type=\"widget\" data-widget_type=\"heading.default\">\n\t\t\t\t<div class=\"elementor-widget-container\">\n\t\t\t\t\t<h2 class=\"elementor-heading-title elementor-size-default\">Fragen zur Wartung oder Reparatur? Kontaktieren Sie uns gerne!<\/h2>\t\t\t\t<\/div>\n\t\t\t\t<\/div>\n\t\t\t\t\t<\/div>\n\t\t\t\t<\/div>\n\t\t<div class=\"elementor-element elementor-element-8d2739c e-flex e-con-boxed e-con e-parent\" data-id=\"8d2739c\" data-element_type=\"container\" data-e-type=\"container\">\n\t\t\t\t\t<div class=\"e-con-inner\">\n\t\t\t\t<div class=\"elementor-element elementor-element-cb5ef9c elementor-align-start elementor-icon-list--layout-traditional elementor-list-item-link-full_width elementor-widget elementor-widget-icon-list\" data-id=\"cb5ef9c\" data-element_type=\"widget\" data-e-type=\"widget\" data-widget_type=\"icon-list.default\">\n\t\t\t\t<div class=\"elementor-widget-container\">\n\t\t\t\t\t\t\t<ul class=\"elementor-icon-list-items\">\n\t\t\t\t\t\t\t<li class=\"elementor-icon-list-item\">\n\t\t\t\t\t\t\t\t\t\t\t<a href=\"tel:+31612454088\">\n\n\t\t\t\t\t\t\t\t\t\t\t\t<span class=\"elementor-icon-list-icon\">\n\t\t\t\t\t\t\t<svg aria-hidden=\"true\" class=\"e-font-icon-svg e-fas-phone-alt\" viewBox=\"0 0 512 512\" xmlns=\"http:\/\/www.w3.org\/2000\/svg\"><path d=\"M497.39 361.8l-112-48a24 24 0 0 0-28 6.9l-49.6 60.6A370.66 370.66 0 0 1 130.6 204.11l60.6-49.6a23.94 23.94 0 0 0 6.9-28l-48-112A24.16 24.16 0 0 0 122.6.61l-104 24A24 24 0 0 0 0 48c0 256.5 207.9 464 464 464a24 24 0 0 0 23.4-18.6l24-104a24.29 24.29 0 0 0-14.01-27.6z\"><\/path><\/svg>\t\t\t\t\t\t<\/span>\n\t\t\t\t\t\t\t\t\t\t<span class=\"elementor-icon-list-text\">+31(0)6 12 45 40 88<\/span>\n\t\t\t\t\t\t\t\t\t\t\t<\/a>\n\t\t\t\t\t\t\t\t\t<\/li>\n\t\t\t\t\t\t\t\t<li class=\"elementor-icon-list-item\">\n\t\t\t\t\t\t\t\t\t\t\t<a href=\"mailto:info@tolwatertechniek.nl\">\n\n\t\t\t\t\t\t\t\t\t\t\t\t<span class=\"elementor-icon-list-icon\">\n\t\t\t\t\t\t\t<svg aria-hidden=\"true\" class=\"e-font-icon-svg e-fas-envelope\" viewBox=\"0 0 512 512\" xmlns=\"http:\/\/www.w3.org\/2000\/svg\"><path d=\"M502.3 190.8c3.9-3.1 9.7-.2 9.7 4.7V400c0 26.5-21.5 48-48 48H48c-26.5 0-48-21.5-48-48V195.6c0-5 5.7-7.8 9.7-4.7 22.4 17.4 52.1 39.5 154.1 113.6 21.1 15.4 56.7 47.8 92.2 47.6 35.7.3 72-32.8 92.3-47.6 102-74.1 131.6-96.3 154-113.7zM256 320c23.2.4 56.6-29.2 73.4-41.4 132.7-96.3 142.8-104.7 173.4-128.7 5.8-4.5 9.2-11.5 9.2-18.9v-19c0-26.5-21.5-48-48-48H48C21.5 64 0 85.5 0 112v19c0 7.4 3.4 14.3 9.2 18.9 30.6 23.9 40.7 32.4 173.4 128.7 16.8 12.2 50.2 41.8 73.4 41.4z\"><\/path><\/svg>\t\t\t\t\t\t<\/span>\n\t\t\t\t\t\t\t\t\t\t<span class=\"elementor-icon-list-text\">info@tolwatertechniek.nl<\/span>\n\t\t\t\t\t\t\t\t\t\t\t<\/a>\n\t\t\t\t\t\t\t\t\t<\/li>\n\t\t\t\t\t\t<\/ul>\n\t\t\t\t\t\t<\/div>\n\t\t\t\t<\/div>\n\t\t\t\t\t<\/div>\n\t\t\t\t<\/div>\n\t\t<div class=\"elementor-element elementor-element-d2c74bd e-flex e-con-boxed e-con e-parent\" data-id=\"d2c74bd\" data-element_type=\"container\" data-e-type=\"container\">\n\t\t\t\t\t<div class=\"e-con-inner\">\n\t\t\t\t<div class=\"elementor-element elementor-element-14c8a07 elementor-button-align-stretch elementor-widget elementor-widget-form\" data-id=\"14c8a07\" data-element_type=\"widget\" data-e-type=\"widget\" data-settings=\"{&quot;button_width&quot;:&quot;33&quot;,&quot;step_next_label&quot;:&quot;Volgende&quot;,&quot;step_previous_label&quot;:&quot;Vorige&quot;,&quot;step_type&quot;:&quot;number_text&quot;,&quot;step_icon_shape&quot;:&quot;circle&quot;}\" data-widget_type=\"form.default\">\n\t\t\t\t<div class=\"elementor-widget-container\">\n\t\t\t\t\t\t\t<form class=\"elementor-form\" method=\"post\" name=\"Nieuw formulier\" aria-label=\"Nieuw formulier\">\n\t\t\t<input type=\"hidden\" name=\"post_id\" value=\"6126\"\/>\n\t\t\t<input type=\"hidden\" name=\"form_id\" value=\"14c8a07\"\/>\n\t\t\t<input type=\"hidden\" name=\"referer_title\" value=\"Wartung und Reparatur Ozonausr\u00fcstung und -anlagen\" \/>\n\n\t\t\t\t\t\t\t<input type=\"hidden\" name=\"queried_id\" value=\"6126\"\/>\n\t\t\t\n\t\t\t<div class=\"elementor-form-fields-wrapper elementor-labels-\">\n\t\t\t\t\t\t\t\t<div class=\"elementor-field-type-text elementor-field-group elementor-column elementor-field-group-name elementor-col-100\">\n\t\t\t\t\t\t\t\t\t\t\t\t<label for=\"form-field-name\" class=\"elementor-field-label elementor-screen-only\">\n\t\t\t\t\t\t\t\tName\t\t\t\t\t\t\t<\/label>\n\t\t\t\t\t\t\t\t\t\t\t\t\t\t<input size=\"1\" type=\"text\" name=\"form_fields[name]\" id=\"form-field-name\" class=\"elementor-field elementor-size-sm  elementor-field-textual\" placeholder=\"   Name\">\n\t\t\t\t\t\t\t\t\t\t\t<\/div>\n\t\t\t\t\t\t\t\t<div class=\"elementor-field-type-email elementor-field-group elementor-column elementor-field-group-email elementor-col-100 elementor-field-required\">\n\t\t\t\t\t\t\t\t\t\t\t\t<label for=\"form-field-email\" class=\"elementor-field-label elementor-screen-only\">\n\t\t\t\t\t\t\t\tE-mail\t\t\t\t\t\t\t<\/label>\n\t\t\t\t\t\t\t\t\t\t\t\t\t\t<input size=\"1\" type=\"email\" name=\"form_fields[email]\" id=\"form-field-email\" class=\"elementor-field elementor-size-sm  elementor-field-textual\" placeholder=\"   E-mail\" required=\"required\">\n\t\t\t\t\t\t\t\t\t\t\t<\/div>\n\t\t\t\t\t\t\t\t<div class=\"elementor-field-type-text elementor-field-group elementor-column elementor-field-group-field_36c3de3 elementor-col-100 elementor-field-required\">\n\t\t\t\t\t\t\t\t\t\t\t\t<label for=\"form-field-field_36c3de3\" class=\"elementor-field-label elementor-screen-only\">\n\t\t\t\t\t\t\t\tTelefonnummer\t\t\t\t\t\t\t<\/label>\n\t\t\t\t\t\t\t\t\t\t\t\t\t\t<input size=\"1\" type=\"text\" name=\"form_fields[field_36c3de3]\" id=\"form-field-field_36c3de3\" class=\"elementor-field elementor-size-sm  elementor-field-textual\" placeholder=\"   Telefonnummer\" required=\"required\">\n\t\t\t\t\t\t\t\t\t\t\t<\/div>\n\t\t\t\t\t\t\t\t<div class=\"elementor-field-type-textarea elementor-field-group elementor-column elementor-field-group-message elementor-col-100\">\n\t\t\t\t\t\t\t\t\t\t\t\t<label for=\"form-field-message\" class=\"elementor-field-label elementor-screen-only\">\n\t\t\t\t\t\t\t\tNachricht\t\t\t\t\t\t\t<\/label>\n\t\t\t\t\t\t<textarea class=\"elementor-field-textual elementor-field  elementor-size-sm\" name=\"form_fields[message]\" id=\"form-field-message\" rows=\"4\" placeholder=\"Nachricht\"><\/textarea>\t\t\t\t<\/div>\n\t\t\t\t\t\t\t\t<div class=\"elementor-field-type-recaptcha_v3 elementor-field-group elementor-column elementor-field-group-field_d062ad9 elementor-col-100 recaptcha_v3-bottomright\">\n\t\t\t\t\t<div class=\"elementor-field\" id=\"form-field-field_d062ad9\"><div class=\"elementor-g-recaptcha\" data-sitekey=\"6Ld0FggqAAAAAPjFu1-3RfpJwF_tG-XZLeV25CK2\" data-type=\"v3\" data-action=\"Form\" data-badge=\"bottomright\" data-size=\"invisible\"><\/div><\/div>\t\t\t\t<\/div>\n\t\t\t\t\t\t\t\t<div class=\"elementor-field-group elementor-column elementor-field-type-submit elementor-col-33 e-form__buttons\">\n\t\t\t\t\t<button class=\"elementor-button elementor-size-sm\" type=\"submit\">\n\t\t\t\t\t\t<span class=\"elementor-button-content-wrapper\">\n\t\t\t\t\t\t\t\t\t\t\t\t\t\t\t\t\t\t\t\t\t\t<span class=\"elementor-button-text\">Senden<\/span>\n\t\t\t\t\t\t\t\t\t\t\t\t\t<\/span>\n\t\t\t\t\t<\/button>\n\t\t\t\t<\/div>\n\t\t\t<\/div>\n\t\t<\/form>\n\t\t\t\t\t\t<\/div>\n\t\t\t\t<\/div>\n\t\t\t\t\t<\/div>\n\t\t\t\t<\/div>\n\t\t\t\t<\/div>\n\t\t","protected":false},"excerpt":{"rendered":"<p>Wartung und Reparatur von Ozonger\u00e4ten und -anlagen<\/p>\n","protected":false},"author":1,"featured_media":0,"parent":0,"menu_order":0,"comment_status":"closed","ping_status":"closed","template":"","meta":{"_et_pb_use_builder":"off","_et_pb_old_content":"","_et_gb_content_width":"","footnotes":""},"class_list":["post-6126","page","type-page","status-publish","hentry"],"_links":{"self":[{"href":"https:\/\/tolwatertechniek.nl\/de\/wp-json\/wp\/v2\/pages\/6126","targetHints":{"allow":["GET"]}}],"collection":[{"href":"https:\/\/tolwatertechniek.nl\/de\/wp-json\/wp\/v2\/pages"}],"about":[{"href":"https:\/\/tolwatertechniek.nl\/de\/wp-json\/wp\/v2\/types\/page"}],"author":[{"embeddable":true,"href":"https:\/\/tolwatertechniek.nl\/de\/wp-json\/wp\/v2\/users\/1"}],"replies":[{"embeddable":true,"href":"https:\/\/tolwatertechniek.nl\/de\/wp-json\/wp\/v2\/comments?post=6126"}],"version-history":[{"count":7,"href":"https:\/\/tolwatertechniek.nl\/de\/wp-json\/wp\/v2\/pages\/6126\/revisions"}],"predecessor-version":[{"id":9039,"href":"https:\/\/tolwatertechniek.nl\/de\/wp-json\/wp\/v2\/pages\/6126\/revisions\/9039"}],"wp:attachment":[{"href":"https:\/\/tolwatertechniek.nl\/de\/wp-json\/wp\/v2\/media?parent=6126"}],"curies":[{"name":"wp","href":"https:\/\/api.w.org\/{rel}","templated":true}]}}