{"id":6108,"date":"2020-11-10T22:24:08","date_gmt":"2020-11-10T22:24:08","guid":{"rendered":"https:\/\/tolwatertechniek.nl\/?page_id=6108"},"modified":"2022-10-26T07:57:00","modified_gmt":"2022-10-26T07:57:00","slug":"luftdesinfektion-mit-ozon","status":"publish","type":"page","link":"https:\/\/tolwatertechniek.nl\/de\/luftdesinfektion-mit-ozon\/","title":{"rendered":"Desinfektion von Luft mit Ozon"},"content":{"rendered":"<p>Desinfizierung von Luft wird heute mehr und mehr getan mit Ozon. Sicherlich auch dank COVID19 (Corona) ist da einen enormen Anstieg in das Gebrauch von Ozon zum desinfizieren. Ozon ist einer der wenigen Mittel das sehr effektiv ist um Bakterien und Viren zu bek\u00e4mpfen. Das ist auch warum Ozon mehr und mehr eingesetzt wird f\u00fcr die Desinfizierung von: <\/p>\n<ul>\n<li>Pflegeheime<\/li>\n<li>Krankenh\u00e4user<\/li>\n<li>Fahrzeuge wie Busse und Krankenwagen<\/li>\n<li>Restaurants<\/li>\n<li>Sch\u00fcler<\/li>\n<li>Konferenzr\u00e4ume<\/li>\n<li>B\u00fcros<\/li>\n<li>Etc.<\/li>\n<\/ul>\n<div id=\"attachment_6757\" style=\"width: 310px\" class=\"wp-caption aligncenter\"><a href=\"https:\/\/tolwatertechniek.nl\/wp-content\/uploads\/\/hospital-2767950_1920-300x200.jpg\"><img fetchpriority=\"high\" fetchpriority=\"high\" decoding=\"async\" aria-describedby=\"caption-attachment-6757\" src=\"https:\/\/tolwatertechniek.nl\/wp-content\/uploads\/\/hospital-2767950_1920-300x200.jpg\" alt=\"Lucht desinfectie met ozon\" width=\"300\" height=\"200\" class=\"size-medium wp-image-6757\" srcset=\"https:\/\/tolwatertechniek.nl\/wp-content\/uploads\/hospital-2767950_1920-300x200.jpg 300w, https:\/\/tolwatertechniek.nl\/wp-content\/uploads\/hospital-2767950_1920-1024x683.jpg 1024w, https:\/\/tolwatertechniek.nl\/wp-content\/uploads\/hospital-2767950_1920-768x512.jpg 768w, https:\/\/tolwatertechniek.nl\/wp-content\/uploads\/hospital-2767950_1920-1536x1024.jpg 1536w, https:\/\/tolwatertechniek.nl\/wp-content\/uploads\/hospital-2767950_1920-1080x720.jpg 1080w, https:\/\/tolwatertechniek.nl\/wp-content\/uploads\/hospital-2767950_1920-1280x853.jpg 1280w, https:\/\/tolwatertechniek.nl\/wp-content\/uploads\/hospital-2767950_1920-980x653.jpg 980w, https:\/\/tolwatertechniek.nl\/wp-content\/uploads\/hospital-2767950_1920-480x320.jpg 480w, https:\/\/tolwatertechniek.nl\/wp-content\/uploads\/hospital-2767950_1920-600x400.jpg 600w, https:\/\/tolwatertechniek.nl\/wp-content\/uploads\/hospital-2767950_1920.jpg 1920w\" sizes=\"(max-width: 300px) 100vw, 300px\" \/><\/a><p id=\"caption-attachment-6757\" class=\"wp-caption-text\">Desinfektion von Luft mit Ozon<\/p><\/div>\n<p>Tol Watertechniek begann mit die Verwendung von Ozon f\u00fcr Wasseraufbereitung, deshalb der Firmenname. Inzwischen hat die Firma auch einen gro\u00dfe Erfahrungsschatz im Bereich der Desinfektion mit Ozon. Wir bauen nicht nur mobile Ozon Luftreiniger aber auch Luftreiniger nach Ma\u00df f\u00fcr die Behandlung von B\u00fcrokomplexen zum Beispiel. Au\u00dferdem ist Tol Watertechniek einer der wenigen Firmen beteiligt an die Biozid Rechtsvorschriften. Diese Rechtsvorschriften gelten nicht nur f\u00fcr Wasseraufbereitung aber auch f\u00fcr Luftbehandlung! <\/p>\n<p>Die Ozon Luftreiniger das wir bauen werden daher derart gebaut dass alles getan ist f\u00fcr die Sicherheit von das Ger\u00e4t. Unsere Luftreiniger verf\u00fcgen Standard \u00fcber: <\/p>\n<ul>\n<li>Eingebaute Ozon Messung (mit optionale Log\/Registration Funktionalit\u00e4t)<\/li>\n<li>Aktive Ozon Zerst\u00f6rung, sobald die Ozon Behandlung abgerund ist wird das \u00fcbersch\u00fcssige Ozon aktiv entfernt <\/li>\n<li>V\u00f6llig stand-alone Betrieb<\/li>\n<\/ul>\n<p>Ohne derartige Sicherheitseinrichtungen wird ein Ozon Luftreiniger nicht erf\u00fcllen der k\u00fcnftigen Rechtsvorschriften. Sobald die Befreiung von Ozon als Biozid entf\u00e4llt (voraussichtlich 2023) kann nur zertifiziertes Ger\u00e4t verwendet werden!   <\/p>\n","protected":false},"excerpt":{"rendered":"<p>Ozon Desinfektion<\/p>\n","protected":false},"author":1,"featured_media":0,"parent":0,"menu_order":0,"comment_status":"closed","ping_status":"closed","template":"","meta":{"_et_pb_use_builder":"","_et_pb_old_content":"","_et_gb_content_width":"","footnotes":""},"class_list":["post-6108","page","type-page","status-publish","hentry"],"_links":{"self":[{"href":"https:\/\/tolwatertechniek.nl\/de\/wp-json\/wp\/v2\/pages\/6108","targetHints":{"allow":["GET"]}}],"collection":[{"href":"https:\/\/tolwatertechniek.nl\/de\/wp-json\/wp\/v2\/pages"}],"about":[{"href":"https:\/\/tolwatertechniek.nl\/de\/wp-json\/wp\/v2\/types\/page"}],"author":[{"embeddable":true,"href":"https:\/\/tolwatertechniek.nl\/de\/wp-json\/wp\/v2\/users\/1"}],"replies":[{"embeddable":true,"href":"https:\/\/tolwatertechniek.nl\/de\/wp-json\/wp\/v2\/comments?post=6108"}],"version-history":[{"count":2,"href":"https:\/\/tolwatertechniek.nl\/de\/wp-json\/wp\/v2\/pages\/6108\/revisions"}],"predecessor-version":[{"id":7581,"href":"https:\/\/tolwatertechniek.nl\/de\/wp-json\/wp\/v2\/pages\/6108\/revisions\/7581"}],"wp:attachment":[{"href":"https:\/\/tolwatertechniek.nl\/de\/wp-json\/wp\/v2\/media?parent=6108"}],"curies":[{"name":"wp","href":"https:\/\/api.w.org\/{rel}","templated":true}]}}