{"id":3976,"date":"2018-09-23T14:42:36","date_gmt":"2018-09-23T14:42:36","guid":{"rendered":""},"modified":"2020-10-29T00:06:46","modified_gmt":"2020-10-29T00:06:46","slug":"ozon-biozid-desinfektion-2","status":"publish","type":"page","link":"https:\/\/tolwatertechniek.nl\/de\/ozon-biozid-desinfektion-2\/","title":{"rendered":"Ozon als Biozid zur Desinfektion"},"content":{"rendered":"<p>Sehr geehrter Kunde,<\/p>\n<p>Auf diese Weise wollen wir Sie \u00fcber die Vorschriften zur Ozon-Desinfektion und die Rolle von Tol Watertechniek dabei informieren. Die Verwendung von Ozon als Desinfektionsmittel f\u00e4llt seit 1-9-2013 unter die Biozid-Verordnung (EU) 528\/2012 (BPR). Das bedeutet, dass Ozonger\u00e4te, die zur Desinfektion bestimmt sind, letztendlich zertifiziert werden m\u00fcssen.<\/p>\n<p>Tol Watertechniek ist einem Konsortium beigetreten, das sich mit der Zertifizierung von Ozonger\u00e4ten befasst.<\/p>\n<p>Der Zertifizierungsprozess besteht aus zwei Schritten:<\/p>\n<p><strong>Einreichen eines Wirkstoffdossiers.<\/strong><\/p>\n<p>Die Wirkstoffdatei f\u00fcr Ozon enth\u00e4lt Informationen \u00fcber Wirksamkeit, Sicherheit, chemische Eigenschaften usw.<\/p>\n<p>Dieses Dossier wurde nun zur Bewertung vorgelegt.<\/p>\n<p><strong>Einreichen eines Produktdossiers<\/strong><\/p>\n<p>Ein Produktdossier enth\u00e4lt Informationen \u00fcber den Bau von Ozonger\u00e4ten, aber auch \u00fcber den Bau einer Ozonanlage f\u00fcr eine bestimmte Anwendung. Dieses Dossier kann erst eingereicht werden, wenn das Wirkstoffdossier genehmigt worden ist.<\/p>\n<p>Der Zugang zum Wirkstoffdossier ist notwendig, um ein Produktdossier zu erstellen und bewerten zu lassen. <strong>Ohne Zugang zum Wirkstoffdossier ist es f\u00fcr einen Hersteller nicht m\u00f6glich, Ozonger\u00e4te zu zertifizieren.<\/strong><\/p>\n<p>Ein Hersteller kann mittels eines so genannten Letter of Acces (LoA) oder durch Einreichen einer Wirkstoffakte selbst Zugang zu dieser Akte erhalten.<\/p>\n<p><strong>Tol Watertechniek ist Miteigent\u00fcmer eines Wirkstoffdossiers<\/strong>. Das bedeutet, dass wir Zugang zu der Akte haben und ein Produktdossier einreichen k\u00f6nnen, um unsere Ausr\u00fcstung zu zertifizieren.<\/p>\n<p>Im Moment ist dieser Zertifizierungsprozess noch in vollem Gange. Das Wirkstoffdossier wurde im September 2017 eingereicht. Das CtgB begann mit der Bewertung des Dossiers im Juni 2020 und hat 18 Monate Zeit, um die Bewertung abzuschlie\u00dfen. Nach der Genehmigung des Wirkstoffdossiers haben die Hersteller 20 Monate Zeit, um ein Produktdossier einzureichen. Ger\u00e4te, die nicht zertifiziert sind, d\u00fcrfen dann nicht mehr verwendet werden. <strong>Dies gilt r\u00fcckwirkend, auch bestehende Systeme m\u00fcssen dann zertifiziert werden! ACHTUNG, dies gilt auch f\u00fcr Luftreiniger, die Luft mit Ozon desinfizieren.<\/strong><\/p>\n<p>Die genaue Definition von Desinfektion ist derzeit nicht ganz klar. Bei einigen Anwendungen bedeutet Desinfektion die vollst\u00e4ndige Abt\u00f6tung von Bakterien, Pilzen usw. Bei anderen Anwendungen bedeutet Desinfektion, den Bakteriendruck konstant zu halten. Welche Anwendungen unter die Biozid-Verordnung fallen werden, ist daher noch ungewiss. Tatsache ist, dass, wenn eine Partei behauptet, mit Ozon zu desinfizieren, das System auf jeden Fall zertifiziert werden muss, unabh\u00e4ngig von der Anwendung. Auch Anwendungen wie das Freihalten von Keimen in Lagerr\u00e4umen, die Desinfektion von Schwimmbadwasser oder die Desinfektion von (Trink-)Wasser werden sicherlich unter die Vorschriften fallen. F\u00fcr Anwendungen in der Aquakultur, wie die Verringerung des Krankheitsdrucks in Fischfarmen, Zoos und Teichen, ist dies noch nicht sicher.<\/p>\n<p>Tol Watertechniek arbeitet hart daran, unsere Systeme zu zertifizieren, so dass unsere Systeme f\u00fcr jede Anwendung eingesetzt werden k\u00f6nnen. Wenn Sie Ozonger\u00e4te im Einsatz haben oder den Einsatz in Erw\u00e4gung ziehen, teilen Sie uns dies bitte im Voraus mit!<\/p>\n<p>Sollten Sie Fragen haben, z\u00f6gern Sie bitte nicht, den Unterzeichner zu kontaktieren.<\/p>\n<p>Mit freundlichen Gr\u00fc\u00dfen,<\/p>\n<p>Bas van Tol<\/p>\n<p>Tol Watertechniek<\/p>\n<p>Zur Information: AOP-Systeme (Advanced Oxidation Process), die Ozon verwenden, fallen ebenfalls unter die Biozid-Verordnung. Sowie die zur Desinfektion verwendeten Luftreiniger.<\/p>\n","protected":false},"excerpt":{"rendered":"<p>Ozon als Biozid zur Desinfektion<\/p>\n","protected":false},"author":1,"featured_media":0,"parent":0,"menu_order":0,"comment_status":"open","ping_status":"open","template":"","meta":{"_et_pb_use_builder":"","_et_pb_old_content":"","_et_gb_content_width":"","footnotes":""},"class_list":["post-3976","page","type-page","status-publish","hentry"],"_links":{"self":[{"href":"https:\/\/tolwatertechniek.nl\/de\/wp-json\/wp\/v2\/pages\/3976","targetHints":{"allow":["GET"]}}],"collection":[{"href":"https:\/\/tolwatertechniek.nl\/de\/wp-json\/wp\/v2\/pages"}],"about":[{"href":"https:\/\/tolwatertechniek.nl\/de\/wp-json\/wp\/v2\/types\/page"}],"author":[{"embeddable":true,"href":"https:\/\/tolwatertechniek.nl\/de\/wp-json\/wp\/v2\/users\/1"}],"replies":[{"embeddable":true,"href":"https:\/\/tolwatertechniek.nl\/de\/wp-json\/wp\/v2\/comments?post=3976"}],"version-history":[{"count":2,"href":"https:\/\/tolwatertechniek.nl\/de\/wp-json\/wp\/v2\/pages\/3976\/revisions"}],"predecessor-version":[{"id":5861,"href":"https:\/\/tolwatertechniek.nl\/de\/wp-json\/wp\/v2\/pages\/3976\/revisions\/5861"}],"wp:attachment":[{"href":"https:\/\/tolwatertechniek.nl\/de\/wp-json\/wp\/v2\/media?parent=3976"}],"curies":[{"name":"wp","href":"https:\/\/api.w.org\/{rel}","templated":true}]}}