{"id":3970,"date":"2017-06-25T14:02:48","date_gmt":"2017-06-25T14:02:48","guid":{"rendered":"https:\/\/tolwatertechniek.nl\/de\/selecteren-van-een-trommelfilter\/"},"modified":"2020-11-11T18:07:44","modified_gmt":"2020-11-11T18:07:44","slug":"trommelfilter-auswaehlen","status":"publish","type":"page","link":"https:\/\/tolwatertechniek.nl\/de\/trommelfilter-auswaehlen\/","title":{"rendered":"Auswahl eines Trommelfilters"},"content":{"rendered":"<p>Die Auswahl eines Trommelfilters ist komplexer, als es zun\u00e4chst den Anschein hat. Die meisten Hersteller geben eine maximale Durchflussrate an, f\u00fcr die ein Trommelfilter geeignet ist. Seltsamerweise erw\u00e4hnen nur wenige Hersteller, bei welchem Verschmutzungsgrad (z.Bsp.\u00a0 Schwebstoffe) diese maximale Durchflussrate gilt!<\/p>\n<p>Ein Trommelfilter, der f\u00fcr einen schwach besetzten Teich mit einer maximalen Durchflussrate von 25m\u00b3\/h ausgelegt ist, wird in einer stark besetzten Fischzuchtanlage 25m\u00b3\/h \u00fcber einen l\u00e4ngeren Zeitraum nicht bew\u00e4ltigen k\u00f6nnen. Bei guten Filtern wird daher angegeben, bei welcher Verschmutzungsbelastung ein maximaler Durchfluss erreichbar ist. Der Verschmutzungsgrad wird in Milligramm Feststoffe pro Liter Wasser ausgedr\u00fcckt. F\u00fcr Teiche wird oft mit einem Wert von 10 mg\/l und f\u00fcr Fischzuchtanlagen mit 25 mg\/l gerechnet. F\u00fcr Fischfarmen werden jedoch viele kurze Sp\u00fclintervalle, die Zeit zwischen zwei Sp\u00fclungen, verwendet. Es ist nicht ungew\u00f6hnlich, dass ein Trommelfilter alle 2~3 Minuten gesp\u00fclt wird, selbst kontinuierlich gesp\u00fclte Trommelfilter sind in Fischfarmen \u00fcblich. Bei Teichen ist ein Sp\u00fclintervall zwischen 5 und 60 Minuten h\u00e4ufiger anzutreffen.<\/p>\n<p>Es wird empfohlen, dass ein Trommelfilter nicht mit seiner maximalen Durchflussrate arbeitet. Als Beispiel nehmen wir eine Wasserdurchflussrate von 25m\u00b3\/h. Wenn wir zwei Filter w\u00e4hlen k\u00f6nnen, ein Modell f\u00fcr 25m\u00b3\/Std. und ein Modell f\u00fcr 50m\u00b3\/Std., dann ist das 50m\u00b3\/Std.-Modell vorzuziehen. Dieser Filter sp\u00fclt viel seltener als sein kleiner Bruder (weniger als 50%!) und der Filter filtert auch feiner als sein kleiner Bruder*. Durch weniger h\u00e4ufiges Sp\u00fclen sinkt der Wasser- und Energieverbrauch drastisch. Die Platten schmieren auch weniger schnell und der Filter erfordert weniger Wartung.<\/p>\n<p>Ein zu gro\u00dfer Trommelfilter ist jedoch auch nicht zu empfehlen, da er sehr fein filtert, obwohl diese Platten eine relativ grobe Maschenweite haben. Wir empfehlen, einen Filter zu w\u00e4hlen, der mit 50% bis 75% seiner Kapazit\u00e4t belastet ist.<\/p>\n<p>Ein Trommelfilter kann mit Filterplatten mit verschiedenen Maschenweiten ausgestattet werden. Wir empfehlen eine Maschenweite zwischen 70 und 100 Mikron. Eine feinere Filterung f\u00fchrt nicht nur zu einer betr\u00e4chtlichen Erh\u00f6hung der Anzahl der Sp\u00fclungen, sondern sorgt auch daf\u00fcr, dass der biologische Filter weniger Leistung bringt! Ein biologischer Filter braucht organische Verschmutzung, um richtig zu funktionieren. Wenn man zu fein filtert, ist nicht genug organische Verschmutzung vorhanden, was die Leistung des biologischen Filters verringert.<\/p>\n<p>*Die Tatsache, dass ein Trommelfilter mit Filterplatten mit einer Maschenweite von z.B. 100 Mikron ausgestattet ist, bedeutet nicht, dass er nicht (viel) feiner filtern kann. Das Ausma\u00df, in dem dieses Ph\u00e4nomen auftritt, h\u00e4ngt vom Sp\u00fclintervall ab. Je l\u00e4nger das Sp\u00fclintervall, desto feiner wird ein Trommelfilter filtern. Wenn ein Filterpaneel verschmutzt wird, werden die Maschen des Filtergewebes teilweise geschlossen. Ein Loch von z.B. 100 Mikron wird dann teilweise blockiert, so dass auch feinere Teile aufgefangen werden.<\/p>\n","protected":false},"excerpt":{"rendered":"<p>Ausw\u00e4hlen eines Trommelfilters<\/p>\n","protected":false},"author":1,"featured_media":0,"parent":0,"menu_order":0,"comment_status":"open","ping_status":"open","template":"","meta":{"_et_pb_use_builder":"","_et_pb_old_content":"","_et_gb_content_width":"","footnotes":""},"class_list":["post-3970","page","type-page","status-publish","hentry"],"_links":{"self":[{"href":"https:\/\/tolwatertechniek.nl\/de\/wp-json\/wp\/v2\/pages\/3970","targetHints":{"allow":["GET"]}}],"collection":[{"href":"https:\/\/tolwatertechniek.nl\/de\/wp-json\/wp\/v2\/pages"}],"about":[{"href":"https:\/\/tolwatertechniek.nl\/de\/wp-json\/wp\/v2\/types\/page"}],"author":[{"embeddable":true,"href":"https:\/\/tolwatertechniek.nl\/de\/wp-json\/wp\/v2\/users\/1"}],"replies":[{"embeddable":true,"href":"https:\/\/tolwatertechniek.nl\/de\/wp-json\/wp\/v2\/comments?post=3970"}],"version-history":[{"count":3,"href":"https:\/\/tolwatertechniek.nl\/de\/wp-json\/wp\/v2\/pages\/3970\/revisions"}],"predecessor-version":[{"id":6159,"href":"https:\/\/tolwatertechniek.nl\/de\/wp-json\/wp\/v2\/pages\/3970\/revisions\/6159"}],"wp:attachment":[{"href":"https:\/\/tolwatertechniek.nl\/de\/wp-json\/wp\/v2\/media?parent=3970"}],"curies":[{"name":"wp","href":"https:\/\/api.w.org\/{rel}","templated":true}]}}