{"id":3961,"date":"2016-11-27T13:02:06","date_gmt":"2016-11-27T13:02:06","guid":{"rendered":"https:\/\/tolwatertechniek.nl\/de\/waterstofsulfide\/"},"modified":"2025-12-30T11:41:48","modified_gmt":"2025-12-30T11:41:48","slug":"schwefelwasserstoff","status":"publish","type":"page","link":"https:\/\/tolwatertechniek.nl\/de\/schwefelwasserstoff\/","title":{"rendered":"Ozon und Schwefelwasserstoff &#8211; H2S"},"content":{"rendered":"<p>Schwefelwasserstoff (H2S) verursacht einen starken Geruch nach faulen Eiern. Schwefelwasserstoff (H2S) ist ein sehr gef\u00e4hrlicher Stoff, in hohen Konzentrationen ist er fast sofort t\u00f6dlich. Bei niedrigen Konzentrationen ist der Geruch nach faulen Eiern aufgrund des \u00fcblen Geruchs deutlich wahrnehmbar. Bei h\u00f6heren Konzentrationen verliert der Mensch jedoch seinen Geruchssinn f\u00fcr Schwefelwasserstoff (H2S). Das ist es, was diese Substanz so gef\u00e4hrlich macht!<\/p>\n<p>Schwefelwasserstoff ist ein gro\u00dfes Problem, insbesondere bei der (Ab-)Wasserreinigung. Schwefelwasserstoff entsteht durch anaerobe (sauerstofflose) bakteriologische Prozesse. In sauerstoffarmen Umgebungen (Pumpstationen, Pumpensch\u00e4chte usw.) ist die Gefahr der Ansammlung von Schwefelwasserstoff hoch.<\/p>\n<p>Schwefelwasserstoff kann auch im Grundwasser vorkommen. Wenn Grundwasser hochgepumpt wird, wird ein Teil davon aus dem Wasser entweichen (Entgasung). Wasser, das hohe Konzentrationen von Schwefelwasserstoff enth\u00e4lt, ist f\u00fcr verschiedene Metalle wie Eisen und Kupfer korrosiv.<\/p>\n<p>Ozon kann zur Oxidation von Schwefelwasserstoff verwendet werden. Ozon eignet sich f\u00fcr die Behandlung von Schwefelwasserstoff als Gas, aber auch, wenn Schwefelwasserstoff in Wasser gel\u00f6st wird. Die Reaktion zwischen Ozon und Schwefelwasserstoff ist schnell. Bei einer ausreichend hohen Ozondosis kann innerhalb von 40 Sekunden eine 80%ige Reduktion stattfinden. Bei der Oxidation von gasf\u00f6rmigem Schwefelwasserstoff spielt die Feuchtigkeit des Gases eine wichtige Rolle sowohl f\u00fcr die Reaktionsgeschwindigkeit als auch f\u00fcr die erforderliche Ozondosierung.<\/p>\n<p>&nbsp;<\/p>\n<p>&nbsp;<\/p>\n<p>&nbsp;<\/p>\n","protected":false},"excerpt":{"rendered":"<p>Ozon und Schwefelwasserstoff &#8211; H2S<\/p>\n","protected":false},"author":1,"featured_media":0,"parent":0,"menu_order":0,"comment_status":"open","ping_status":"open","template":"","meta":{"_et_pb_use_builder":"","_et_pb_old_content":"","_et_gb_content_width":"","footnotes":""},"class_list":["post-3961","page","type-page","status-publish","hentry"],"_links":{"self":[{"href":"https:\/\/tolwatertechniek.nl\/de\/wp-json\/wp\/v2\/pages\/3961","targetHints":{"allow":["GET"]}}],"collection":[{"href":"https:\/\/tolwatertechniek.nl\/de\/wp-json\/wp\/v2\/pages"}],"about":[{"href":"https:\/\/tolwatertechniek.nl\/de\/wp-json\/wp\/v2\/types\/page"}],"author":[{"embeddable":true,"href":"https:\/\/tolwatertechniek.nl\/de\/wp-json\/wp\/v2\/users\/1"}],"replies":[{"embeddable":true,"href":"https:\/\/tolwatertechniek.nl\/de\/wp-json\/wp\/v2\/comments?post=3961"}],"version-history":[{"count":3,"href":"https:\/\/tolwatertechniek.nl\/de\/wp-json\/wp\/v2\/pages\/3961\/revisions"}],"predecessor-version":[{"id":6134,"href":"https:\/\/tolwatertechniek.nl\/de\/wp-json\/wp\/v2\/pages\/3961\/revisions\/6134"}],"wp:attachment":[{"href":"https:\/\/tolwatertechniek.nl\/de\/wp-json\/wp\/v2\/media?parent=3961"}],"curies":[{"name":"wp","href":"https:\/\/api.w.org\/{rel}","templated":true}]}}