{"id":3958,"date":"2016-11-27T12:59:13","date_gmt":"2016-11-27T12:59:13","guid":{"rendered":""},"modified":"2025-12-30T12:29:08","modified_gmt":"2025-12-30T12:29:08","slug":"vermietung-ozonmessgeraeten","status":"publish","type":"page","link":"https:\/\/tolwatertechniek.nl\/de\/vermietung-von-ozongeraeten\/vermietung-ozonmessgeraeten\/","title":{"rendered":"Mieten Sie ein Ozonmessger\u00e4t \/ Ozonanalyseger\u00e4t"},"content":{"rendered":"<p>[et_pb_section fb_built=&#8220;1&#8243; admin_label=&#8220;section&#8220; _builder_version=&#8220;4.16&#8243; global_colors_info=&#8220;{}&#8220;][et_pb_row admin_label=&#8220;row&#8220; _builder_version=&#8220;4.16&#8243; background_size=&#8220;initial&#8220; background_position=&#8220;top_left&#8220; background_repeat=&#8220;repeat&#8220; global_colors_info=&#8220;{}&#8220;][et_pb_column type=&#8220;4_4&#8243; _builder_version=&#8220;4.16&#8243; custom_padding=&#8220;|||&#8220; global_colors_info=&#8220;{}&#8220; custom_padding__hover=&#8220;|||&#8220;][et_pb_text admin_label=&#8220;Text&#8220; _builder_version=&#8220;4.16&#8243; background_size=&#8220;initial&#8220; background_position=&#8220;top_left&#8220; background_repeat=&#8220;repeat&#8220; global_colors_info=&#8220;{}&#8220;]Zur Messung der Ozonkonzentration wird ein Ozonmessger\u00e4t verwendet. Zum Beispiel wird ein Ozonmessger\u00e4t verwendet, um zu messen, wie viel Ozon ein Ozongenerator produziert. Diese Messinstrumente sind sehr teuer. Um den Bed\u00fcrfnissen von Unternehmen gerecht zu werden, die diese Messungen sporadisch durchf\u00fchren, vermieten wir einige unserer Ozonmessger\u00e4te. Die folgenden Ozonmessger\u00e4te sind verf\u00fcgbar:<\/p>\n<ul>\n<li>Messbereich 0-50 Gr\/Nm\u00b3 (mit Destruktor und Nadelventil)<\/li>\n<li>Messbereich 0-200 Gr\/Nm\u00b3<\/li>\n<li>Messbereich 0-300 Gr\/Nm\u00b3 (mit Destruktor, ohne Nadelventil)<\/li>\n<\/ul>\n<p>F\u00fcr alle Ozonmessger\u00e4te gilt folgende Genauigkeit: 0,4% vom Messwert + 0,1% des vollen Messbereichs. Sie alle eignen sich auch zur Messung der Ozonkonzentration in der Luft sowie des Sauerstoffs. Dies sind die genauesten Ozonmessger\u00e4te, die derzeit auf dem Markt erh\u00e4ltlich sind.<\/p>\n<p>*Denken Sie daran, dass Sie f\u00fcr die Messung der Ozonproduktion (also nicht nur der Konzentration!) neben einem Ozonmessger\u00e4t weitere Ger\u00e4te ben\u00f6tigen.[\/et_pb_text][\/et_pb_column][\/et_pb_row][\/et_pb_section]<\/p>\n","protected":false},"excerpt":{"rendered":"<p>Ozonanalysator \/ Ozonmessger\u00e4t mieten<\/p>\n","protected":false},"author":1,"featured_media":0,"parent":3939,"menu_order":0,"comment_status":"open","ping_status":"open","template":"","meta":{"_et_pb_use_builder":"on","_et_pb_old_content":"Zur Messung der Ozonkonzentration wird ein Ozonmessger\u00e4t verwendet. Zum Beispiel wird ein Ozonmessger\u00e4t verwendet, um zu messen, wie viel Ozon ein Ozongenerator produziert. Diese Messinstrumente sind sehr teuer. Um den Bed\u00fcrfnissen von Unternehmen gerecht zu werden, die diese Messungen sporadisch durchf\u00fchren, vermieten wir einige unserer Ozonmessger\u00e4te. Die folgenden Ozonmessger\u00e4te sind verf\u00fcgbar:\r\n<ul>\r\n \t<li>Messbereich 0-50 Gr\/Nm\u00b3 (mit Destruktor und Nadelventil)<\/li>\r\n \t<li>Messbereich 0-200 Gr\/Nm\u00b3<\/li>\r\n \t<li>Messbereich 0-300 Gr\/Nm\u00b3 (mit Destruktor, ohne Nadelventil)<\/li>\r\n<\/ul>\r\nF\u00fcr alle Ozonmessger\u00e4te gilt folgende Genauigkeit: 0,4% vom Messwert + 0,1% des vollen Messbereichs. Sie alle eignen sich auch zur Messung der Ozonkonzentration in der Luft sowie des Sauerstoffs. Dies sind die genauesten Ozonmessger\u00e4te, die derzeit auf dem Markt erh\u00e4ltlich sind.\r\n\r\n*Denken Sie daran, dass Sie f\u00fcr die Messung der Ozonproduktion (also nicht nur der Konzentration!) neben einem Ozonmessger\u00e4t weitere Ger\u00e4te ben\u00f6tigen.","_et_gb_content_width":"","footnotes":""},"class_list":["post-3958","page","type-page","status-publish","hentry"],"_links":{"self":[{"href":"https:\/\/tolwatertechniek.nl\/de\/wp-json\/wp\/v2\/pages\/3958","targetHints":{"allow":["GET"]}}],"collection":[{"href":"https:\/\/tolwatertechniek.nl\/de\/wp-json\/wp\/v2\/pages"}],"about":[{"href":"https:\/\/tolwatertechniek.nl\/de\/wp-json\/wp\/v2\/types\/page"}],"author":[{"embeddable":true,"href":"https:\/\/tolwatertechniek.nl\/de\/wp-json\/wp\/v2\/users\/1"}],"replies":[{"embeddable":true,"href":"https:\/\/tolwatertechniek.nl\/de\/wp-json\/wp\/v2\/comments?post=3958"}],"version-history":[{"count":3,"href":"https:\/\/tolwatertechniek.nl\/de\/wp-json\/wp\/v2\/pages\/3958\/revisions"}],"predecessor-version":[{"id":9229,"href":"https:\/\/tolwatertechniek.nl\/de\/wp-json\/wp\/v2\/pages\/3958\/revisions\/9229"}],"up":[{"embeddable":true,"href":"https:\/\/tolwatertechniek.nl\/de\/wp-json\/wp\/v2\/pages\/3939"}],"wp:attachment":[{"href":"https:\/\/tolwatertechniek.nl\/de\/wp-json\/wp\/v2\/media?parent=3958"}],"curies":[{"name":"wp","href":"https:\/\/api.w.org\/{rel}","templated":true}]}}