{"id":3948,"date":"2016-02-10T18:07:55","date_gmt":"2016-02-10T18:07:55","guid":{"rendered":""},"modified":"2020-10-28T23:47:46","modified_gmt":"2020-10-28T23:47:46","slug":"marken","status":"publish","type":"page","link":"https:\/\/tolwatertechniek.nl\/de\/marken\/","title":{"rendered":"Marken"},"content":{"rendered":"<p>F\u00fcr Reparaturen von Ozonger\u00e4ten k\u00f6nnen Sie uns unter anderem f\u00fcr die folgenden Marken kontaktieren. Dies betrifft Ozongeneratoren und Peripherieger\u00e4te:<\/p>\n<ul>\n<li>Absolute Ozone (meiste Teile auf Lager)<\/li>\n<li>Agrozone<\/li>\n<li>Airsep (Teil der Teile auf Lager)<\/li>\n<li>Clear Water<\/li>\n<li>Devilbiss (meistenTeile auf Lager)<\/li>\n<li>Estrad (alle Teile auf Lager)<\/li>\n<li>Kaufmann<\/li>\n<li>Lifetech (Teil der Teile auf Lager)<\/li>\n<li>Novozone (Teil der Teile auf Lager)<\/li>\n<li>Ozonex (Teil der Teile auf Lager)<\/li>\n<li>Ozonia<\/li>\n<li>Ozotech<\/li>\n<li>Philips<\/li>\n<li>Prominent<\/li>\n<li>Purusaqua (alle Teile auf Lager)<\/li>\n<li>Sander (Teil der Teile auf Lager)<\/li>\n<li>Triogen<\/li>\n<li>Wedeco<\/li>\n<\/ul>\n<p>Auch bei Reparaturen von Ozonger\u00e4ten anderer Marken k\u00f6nnen wir Ihnen helfen. F\u00fcr weitere Informationen k\u00f6nnen Sie uns gerne eine E-Mail schicken oder uns anrufen.<\/p>\n","protected":false},"excerpt":{"rendered":"<p>Marken<\/p>\n","protected":false},"author":1,"featured_media":0,"parent":0,"menu_order":0,"comment_status":"open","ping_status":"open","template":"","meta":{"_et_pb_use_builder":"","_et_pb_old_content":"","_et_gb_content_width":"","footnotes":""},"class_list":["post-3948","page","type-page","status-publish","hentry"],"_links":{"self":[{"href":"https:\/\/tolwatertechniek.nl\/de\/wp-json\/wp\/v2\/pages\/3948","targetHints":{"allow":["GET"]}}],"collection":[{"href":"https:\/\/tolwatertechniek.nl\/de\/wp-json\/wp\/v2\/pages"}],"about":[{"href":"https:\/\/tolwatertechniek.nl\/de\/wp-json\/wp\/v2\/types\/page"}],"author":[{"embeddable":true,"href":"https:\/\/tolwatertechniek.nl\/de\/wp-json\/wp\/v2\/users\/1"}],"replies":[{"embeddable":true,"href":"https:\/\/tolwatertechniek.nl\/de\/wp-json\/wp\/v2\/comments?post=3948"}],"version-history":[{"count":2,"href":"https:\/\/tolwatertechniek.nl\/de\/wp-json\/wp\/v2\/pages\/3948\/revisions"}],"predecessor-version":[{"id":5855,"href":"https:\/\/tolwatertechniek.nl\/de\/wp-json\/wp\/v2\/pages\/3948\/revisions\/5855"}],"wp:attachment":[{"href":"https:\/\/tolwatertechniek.nl\/de\/wp-json\/wp\/v2\/media?parent=3948"}],"curies":[{"name":"wp","href":"https:\/\/api.w.org\/{rel}","templated":true}]}}