{"id":3942,"date":"2014-12-26T18:58:06","date_gmt":"2014-12-26T18:58:06","guid":{"rendered":"https:\/\/tolwatertechniek.nl\/de\/ozon-olijfolie\/"},"modified":"2022-10-25T12:31:08","modified_gmt":"2022-10-25T12:31:08","slug":"ozon-olivenoel","status":"publish","type":"page","link":"https:\/\/tolwatertechniek.nl\/de\/ozon-olivenoel\/","title":{"rendered":"Ozonierte Oliven\u00f6l"},"content":{"rendered":"<p>Ozonierte Oliven\u00f6l wird gemacht durch Oliven\u00f6l mit Ozon zu behandeln. Dadurch wird die Oliven\u00f6l umgesetzt in eine Art Creme, wobei die Dicke abh\u00e4ngt von die Behandlungsdauer. Tol Watertechniek kann Ger\u00e4t liefern um Oliven\u00f6l mit Ozon zu behandeln. Das Liefern von komplette Systeme ist auch m\u00f6glich.<br \/>\nDas behandeln von Oliven\u00f6l ist nicht schwierig aber da sind ein Paar Dinge was Sie bei die Herstellung beachten sollte, zum Beispiel Ozon Konzentration und Behandeldauer.  <\/p>\n<p>Kontaktieren Sie uns f\u00fcr weitere Informationen \u00fcber Oliven\u00f6l und die Behandlung davon mit Ozon. Wir helfen Ihnen gern.<\/p>\n<p>&nbsp;<\/p>\n<div id=\"attachment_6807\" style=\"width: 310px\" class=\"wp-caption aligncenter\"><a href=\"https:\/\/tolwatertechniek.nl\/wp-content\/uploads\/olive-oil-356102_1920.jpg\"><img fetchpriority=\"high\" fetchpriority=\"high\" decoding=\"async\" aria-describedby=\"caption-attachment-6807\" class=\"size-medium wp-image-6807\" src=\"https:\/\/tolwatertechniek.nl\/wp-content\/uploads\/\/olive-oil-356102_1920-300x300.jpg\" alt=\"Geozoneerde olijfolie\" width=\"300\" height=\"300\" srcset=\"https:\/\/tolwatertechniek.nl\/wp-content\/uploads\/olive-oil-356102_1920-300x300.jpg 300w, https:\/\/tolwatertechniek.nl\/wp-content\/uploads\/olive-oil-356102_1920-1024x1024.jpg 1024w, https:\/\/tolwatertechniek.nl\/wp-content\/uploads\/olive-oil-356102_1920-150x150.jpg 150w, https:\/\/tolwatertechniek.nl\/wp-content\/uploads\/olive-oil-356102_1920-768x768.jpg 768w, https:\/\/tolwatertechniek.nl\/wp-content\/uploads\/olive-oil-356102_1920-1536x1536.jpg 1536w, https:\/\/tolwatertechniek.nl\/wp-content\/uploads\/olive-oil-356102_1920-1080x1080.jpg 1080w, https:\/\/tolwatertechniek.nl\/wp-content\/uploads\/olive-oil-356102_1920-1280x1280.jpg 1280w, https:\/\/tolwatertechniek.nl\/wp-content\/uploads\/olive-oil-356102_1920-980x980.jpg 980w, https:\/\/tolwatertechniek.nl\/wp-content\/uploads\/olive-oil-356102_1920-480x480.jpg 480w, https:\/\/tolwatertechniek.nl\/wp-content\/uploads\/olive-oil-356102_1920-600x600.jpg 600w, https:\/\/tolwatertechniek.nl\/wp-content\/uploads\/olive-oil-356102_1920-100x100.jpg 100w, https:\/\/tolwatertechniek.nl\/wp-content\/uploads\/olive-oil-356102_1920.jpg 1920w\" sizes=\"(max-width: 300px) 100vw, 300px\" \/><\/a><p id=\"caption-attachment-6807\" class=\"wp-caption-text\">Ozonierte Oliven\u00f6l<\/p><\/div>\n","protected":false},"excerpt":{"rendered":"<p>Ozon Oliven\u00f6l<\/p>\n","protected":false},"author":1,"featured_media":0,"parent":0,"menu_order":0,"comment_status":"open","ping_status":"open","template":"","meta":{"_et_pb_use_builder":"","_et_pb_old_content":"","_et_gb_content_width":"","footnotes":""},"class_list":["post-3942","page","type-page","status-publish","hentry"],"_links":{"self":[{"href":"https:\/\/tolwatertechniek.nl\/de\/wp-json\/wp\/v2\/pages\/3942","targetHints":{"allow":["GET"]}}],"collection":[{"href":"https:\/\/tolwatertechniek.nl\/de\/wp-json\/wp\/v2\/pages"}],"about":[{"href":"https:\/\/tolwatertechniek.nl\/de\/wp-json\/wp\/v2\/types\/page"}],"author":[{"embeddable":true,"href":"https:\/\/tolwatertechniek.nl\/de\/wp-json\/wp\/v2\/users\/1"}],"replies":[{"embeddable":true,"href":"https:\/\/tolwatertechniek.nl\/de\/wp-json\/wp\/v2\/comments?post=3942"}],"version-history":[{"count":4,"href":"https:\/\/tolwatertechniek.nl\/de\/wp-json\/wp\/v2\/pages\/3942\/revisions"}],"predecessor-version":[{"id":7579,"href":"https:\/\/tolwatertechniek.nl\/de\/wp-json\/wp\/v2\/pages\/3942\/revisions\/7579"}],"wp:attachment":[{"href":"https:\/\/tolwatertechniek.nl\/de\/wp-json\/wp\/v2\/media?parent=3942"}],"curies":[{"name":"wp","href":"https:\/\/api.w.org\/{rel}","templated":true}]}}