{"id":3939,"date":"2014-11-26T14:21:12","date_gmt":"2014-11-26T14:21:12","guid":{"rendered":"https:\/\/tolwatertechniek.nl\/de\/huren\/"},"modified":"2023-04-25T17:46:31","modified_gmt":"2023-04-25T17:46:31","slug":"vermietung-von-ozongeraeten","status":"publish","type":"page","link":"https:\/\/tolwatertechniek.nl\/de\/vermietung-von-ozongeraeten\/","title":{"rendered":"Ozon-Ausr\u00fcstung mieten"},"content":{"rendered":"<p>[et_pb_section fb_built=&#8220;1&#8243; admin_label=&#8220;section&#8220; module_id=&#8220;huren-overzicht&#8220; _builder_version=&#8220;4.16&#8243; custom_padding=&#8220;0|0px|60px|0px|false|false&#8220; global_colors_info=&#8220;{}&#8220;][et_pb_row admin_label=&#8220;row&#8220; _builder_version=&#8220;4.16&#8243; background_size=&#8220;initial&#8220; background_position=&#8220;top_left&#8220; background_repeat=&#8220;repeat&#8220; custom_margin=&#8220;|||0px&#8220; custom_margin_tablet=&#8220;&#8220; custom_margin_phone=&#8220;&#8220; custom_margin_last_edited=&#8220;on|desktop&#8220; custom_padding=&#8220;0|0px|30px|0px|false|false&#8220; global_colors_info=&#8220;{}&#8220;][et_pb_column type=&#8220;4_4&#8243; _builder_version=&#8220;4.16&#8243; custom_padding=&#8220;|||&#8220; global_colors_info=&#8220;{}&#8220; custom_padding__hover=&#8220;|||&#8220;][et_pb_text admin_label=&#8220;Text&#8220; _builder_version=&#8220;4.16&#8243; background_size=&#8220;initial&#8220; background_position=&#8220;top_left&#8220; background_repeat=&#8220;repeat&#8220; global_colors_info=&#8220;{}&#8220;]<\/p>\n<p>Tol Watertechniek vermietet verschiedene Ozonger\u00e4te, die folgenden Ozonger\u00e4te k\u00f6nnen bei uns gemietet werden:<\/p>\n<p>[\/et_pb_text][\/et_pb_column][\/et_pb_row][et_pb_row _builder_version=&#8220;4.16&#8243; custom_padding=&#8220;30px|0px|0|0px|false|false&#8220; global_colors_info=&#8220;{}&#8220; column_structure=&#8220;1_4,1_4,1_4,1_4&#8243;][et_pb_column type=&#8220;1_4&#8243; _builder_version=&#8220;4.16&#8243; custom_padding=&#8220;|||&#8220; global_colors_info=&#8220;{}&#8220; custom_padding__hover=&#8220;|||&#8220;][et_pb_image src=&#8220;https:\/\/tolwatertechniek.nl\/wp-content\/uploads\/estrad.jpg&#8220; alt=&#8220;Vermietung von Ozongeneratoren&#8220; title_text=&#8220;Vermietung von Ozongeneratoren&#8220; url=&#8220;https:\/\/tolwatertechniek.nl\/de\/vermietung-von-ozongeraeten\/ozongenerator-mieten-2\/&#8220; align=&#8220;center&#8220; align_tablet=&#8220;center&#8220; align_last_edited=&#8220;on|desktop&#8220; _builder_version=&#8220;4.16&#8243; custom_margin=&#8220;||&#8220; global_colors_info=&#8220;{}&#8220; align_phone=&#8220;center&#8220;][\/et_pb_image][et_pb_text _builder_version=&#8220;4.16&#8243; text_orientation=&#8220;center&#8220; custom_margin=&#8220;||100px&#8220; z_index_tablet=&#8220;500&#8243; global_colors_info=&#8220;{}&#8220;]<\/p>\n<p><a href=\"https:\/\/tolwatertechniek.nl\/de\/vermietung-von-ozongeraeten\/ozongenerator-mieten-2\/\">Vermietung von Ozongeneratoren<\/a><\/p>\n<p>[\/et_pb_text][\/et_pb_column][et_pb_column type=&#8220;1_4&#8243; _builder_version=&#8220;4.16&#8243; custom_padding=&#8220;|||&#8220; global_colors_info=&#8220;{}&#8220; custom_padding__hover=&#8220;|||&#8220;][et_pb_image src=&#8220;https:\/\/tolwatertechniek.nl\/wp-content\/uploads\/ozonreactor.jpg&#8220; alt=&#8220;Mieten Sie einen Ozonreaktor&#8220; title_text=&#8220;Mieten Sie einen Ozonreaktor&#8220; url=&#8220;https:\/\/tolwatertechniek.nl\/de\/vermietung-von-ozongeraeten\/ozonreaktor-mieten\/&#8220; align=&#8220;center&#8220; align_tablet=&#8220;center&#8220; align_last_edited=&#8220;on|desktop&#8220; _builder_version=&#8220;4.16&#8243; z_index_tablet=&#8220;500&#8243; global_colors_info=&#8220;{}&#8220; align_phone=&#8220;center&#8220;][\/et_pb_image][et_pb_text _builder_version=&#8220;4.16&#8243; text_orientation=&#8220;center&#8220; custom_margin=&#8220;||100px&#8220; z_index_tablet=&#8220;500&#8243; global_colors_info=&#8220;{}&#8220;]<\/p>\n<p><a href=\"https:\/\/tolwatertechniek.nl\/de\/vermietung-von-ozongeraeten\/ozonreaktor-mieten\/\">Ozonreaktor mieten<\/a><\/p>\n<p>[\/et_pb_text][\/et_pb_column][et_pb_column type=&#8220;1_4&#8243; _builder_version=&#8220;4.16&#8243; custom_padding=&#8220;|||&#8220; global_colors_info=&#8220;{}&#8220; custom_padding__hover=&#8220;|||&#8220;][et_pb_image src=&#8220;https:\/\/tolwatertechniek.nl\/wp-content\/uploads\/zuurstofconcentrator.jpg&#8220; alt=&#8220;Sauerstoffkonzentrator mieten&#8220; title_text=&#8220;Sauerstoffkonzentrator mieten&#8220; url=&#8220;https:\/\/tolwatertechniek.nl\/de\/vermietung-von-ozongeraeten\/sauerstoffkonzentrator-mieten\/&#8220; align=&#8220;center&#8220; align_tablet=&#8220;center&#8220; align_last_edited=&#8220;on|desktop&#8220; _builder_version=&#8220;4.16&#8243; global_colors_info=&#8220;{}&#8220; align_phone=&#8220;center&#8220;][\/et_pb_image][et_pb_text _builder_version=&#8220;4.16&#8243; text_font=&#8220;||||||||&#8220; text_orientation=&#8220;center&#8220; custom_margin=&#8220;||100px&#8220; global_colors_info=&#8220;{}&#8220;]<\/p>\n<p><a href=\"https:\/\/tolwatertechniek.nl\/de\/vermietung-von-ozongeraeten\/sauerstoffkonzentrator-mieten\/\">sauerstoffkonzentrator mieten<\/a><\/p>\n<p>[\/et_pb_text][\/et_pb_column][et_pb_column type=&#8220;1_4&#8243; _builder_version=&#8220;4.16&#8243; custom_padding=&#8220;|||&#8220; global_colors_info=&#8220;{}&#8220; custom_padding__hover=&#8220;|||&#8220;][et_pb_image src=&#8220;https:\/\/tolwatertechniek.nl\/wp-content\/uploads\/meet-en-regelapparatuur.jpg&#8220; alt=&#8220;vermietung von ozonmessgeraeten&#8220; title_text=&#8220;vermietung von ozonmessgeraeten&#8220; url=&#8220;https:\/\/tolwatertechniek.nl\/de\/vermietung-von-ozongeraeten\/vermietung-ozonmessgeraeten\/&#8220; align=&#8220;center&#8220; align_tablet=&#8220;center&#8220; align_last_edited=&#8220;on|desktop&#8220; _builder_version=&#8220;4.16&#8243; global_colors_info=&#8220;{}&#8220; align_phone=&#8220;center&#8220;][\/et_pb_image][et_pb_text _builder_version=&#8220;4.16&#8243; text_font=&#8220;||||||||&#8220; text_orientation=&#8220;center&#8220; custom_margin=&#8220;||100px&#8220; global_colors_info=&#8220;{}&#8220;]<\/p>\n<p><a href=\"https:\/\/tolwatertechniek.nl\/de\/vermietung-von-ozongeraeten\/vermietung-ozonmessgeraeten\/\">vermietung von ozonmessgeraeten<\/a><\/p>\n<p>[\/et_pb_text][\/et_pb_column][\/et_pb_row][et_pb_row _builder_version=&#8220;4.16&#8243; custom_padding=&#8220;30px|0px|0|0px|false|false&#8220; global_colors_info=&#8220;{}&#8220; column_structure=&#8220;1_4,1_4,1_4,1_4&#8243;][et_pb_column type=&#8220;1_4&#8243; _builder_version=&#8220;4.16&#8243; custom_padding=&#8220;|||&#8220; global_colors_info=&#8220;{}&#8220; custom_padding__hover=&#8220;|||&#8220;][et_pb_image src=&#8220;https:\/\/tolwatertechniek.nl\/wp-content\/uploads\/ozon_sniffer_ozon_lekkage.gif&#8220; alt=&#8220;Ozonleck messgeraet mieten&#8220; title_text=&#8220;Ozonleck messgeraet mieten&#8220; url=&#8220;https:\/\/tolwatertechniek.nl\/de\/vermietung-von-ozongeraeten\/ozonleck-messgeraet-mieten\/&#8220; align=&#8220;center&#8220; align_tablet=&#8220;center&#8220; align_last_edited=&#8220;on|desktop&#8220; _builder_version=&#8220;4.16&#8243; custom_margin=&#8220;||&#8220; global_colors_info=&#8220;{}&#8220; align_phone=&#8220;center&#8220;][\/et_pb_image][et_pb_text _builder_version=&#8220;4.16&#8243; text_font=&#8220;||||||||&#8220; text_orientation=&#8220;center&#8220; custom_margin=&#8220;||100px&#8220; global_colors_info=&#8220;{}&#8220;]<\/p>\n<p><a href=\"https:\/\/tolwatertechniek.nl\/de\/vermietung-von-ozongeraeten\/ozonleck-messgeraet-mieten\/\">Ozonleck messgeraet mieten<\/a><\/p>\n<p>[\/et_pb_text][\/et_pb_column][et_pb_column type=&#8220;1_4&#8243; _builder_version=&#8220;4.16&#8243; custom_padding=&#8220;|||&#8220; global_colors_info=&#8220;{}&#8220; custom_padding__hover=&#8220;|||&#8220;][et_pb_image src=&#8220;https:\/\/tolwatertechniek.nl\/wp-content\/uploads\/Ozon-analyzer.jpg&#8220; alt=&#8220;Mieten Sie einen Ozonreaktor&#8220; title_text=&#8220;Mieten Sie einen Ozonreaktor&#8220; url=&#8220;https:\/\/tolwatertechniek.nl\/de\/vermietung-von-ozongeraeten\/vermietung-ozonmessgeraeten\/&#8220; align=&#8220;center&#8220; align_tablet=&#8220;center&#8220; align_last_edited=&#8220;on|desktop&#8220; _builder_version=&#8220;4.20.4&#8243; hover_enabled=&#8220;0&#8243; global_colors_info=&#8220;{}&#8220; sticky_enabled=&#8220;0&#8243; align_phone=&#8220;center&#8220;][\/et_pb_image][et_pb_text _builder_version=&#8220;4.20.4&#8243; text_font=&#8220;||||||||&#8220; text_orientation=&#8220;center&#8220; custom_margin=&#8220;||100px&#8220; hover_enabled=&#8220;0&#8243; global_colors_info=&#8220;{}&#8220; sticky_enabled=&#8220;0&#8243;]<\/p>\n<p><a href=\"https:\/\/tolwatertechniek.nl\/de\/vermietung-von-ozongeraeten\/vermietung-ozonmessgeraeten\/\">Vermietung Ozonmessgeraet<\/a><\/p>\n<p>[\/et_pb_text][\/et_pb_column][et_pb_column type=&#8220;1_4&#8243; _builder_version=&#8220;4.16&#8243; custom_padding=&#8220;|||&#8220; global_colors_info=&#8220;{}&#8220; custom_padding__hover=&#8220;|||&#8220;][et_pb_image src=&#8220;https:\/\/tolwatertechniek.nl\/wp-content\/uploads\/MG_2026-Large-1.jpg&#8220; alt=&#8220;Sauerstoffkonzentrator mieten&#8220; title_text=&#8220;Sauerstoffkonzentrator mieten&#8220; url=&#8220;https:\/\/tolwatertechniek.nl\/de\/ozonanlage-mieten\/&#8220; align=&#8220;center&#8220; align_tablet=&#8220;center&#8220; align_last_edited=&#8220;on|desktop&#8220; _builder_version=&#8220;4.16&#8243; global_colors_info=&#8220;{}&#8220; align_phone=&#8220;center&#8220;][\/et_pb_image][et_pb_text _builder_version=&#8220;4.16&#8243; text_font=&#8220;||||||||&#8220; text_orientation=&#8220;center&#8220; custom_margin=&#8220;||100px&#8220; global_colors_info=&#8220;{}&#8220;]<\/p>\n<p><a href=\"https:\/\/tolwatertechniek.nl\/de\/ozonanlage-mieten\/\">Ozonanlage mieten<\/a><\/p>\n<p>[\/et_pb_text][\/et_pb_column][et_pb_column type=&#8220;1_4&#8243; _builder_version=&#8220;4.16&#8243; custom_padding=&#8220;|||&#8220; global_colors_info=&#8220;{}&#8220; custom_padding__hover=&#8220;|||&#8220;][et_pb_image src=&#8220;https:\/\/tolwatertechniek.nl\/wp-content\/uploads\/20200909_143938.jpg&#8220; alt=&#8220;Ozonanlage mieten (lebensmittelsicher)&#8220; title_text=&#8220;Ozonanlage mieten (lebensmittelsicher)&#8220; url=&#8220;https:\/\/tolwatertechniek.nl\/de\/vermietung-von-ozongeraeten\/ozonanlage-mieten-lebensmittelsicher\/&#8220; align=&#8220;center&#8220; align_tablet=&#8220;center&#8220; align_last_edited=&#8220;on|desktop&#8220; _builder_version=&#8220;4.16&#8243; global_colors_info=&#8220;{}&#8220; align_phone=&#8220;center&#8220;][\/et_pb_image][et_pb_text _builder_version=&#8220;4.16&#8243; text_font=&#8220;||||||||&#8220; text_orientation=&#8220;center&#8220; custom_margin=&#8220;||100px&#8220; global_colors_info=&#8220;{}&#8220;]<\/p>\n<p><a href=\"https:\/\/tolwatertechniek.nl\/de\/vermietung-von-ozongeraeten\/ozonanlage-mieten-lebensmittelsicher\/\">Ozonanlage mieten (lebensmittelsicher)<\/a><\/p>\n<p>[\/et_pb_text][\/et_pb_column][\/et_pb_row][et_pb_row _builder_version=&#8220;4.16&#8243; custom_padding=&#8220;0|0px|30px|0px|false|false&#8220; global_colors_info=&#8220;{}&#8220;][et_pb_column type=&#8220;4_4&#8243; _builder_version=&#8220;4.16&#8243; custom_padding=&#8220;|||&#8220; global_colors_info=&#8220;{}&#8220; custom_padding__hover=&#8220;|||&#8220;][et_pb_text _builder_version=&#8220;4.16&#8243; global_colors_info=&#8220;{}&#8220;]<\/p>\n<p>Wenn das gew\u00fcnschte Produkt nicht in der obigen Liste enthalten ist, <a href=\"https:\/\/tolwatertechniek.nl\/de\/kontakt\/\">kontaktieren<\/a> Sie uns bitte. M\u00f6glicherweise k\u00f6nnen wir Ihnen weiterhin weiterhelfen.<\/p>\n<p>[\/et_pb_text][\/et_pb_column][\/et_pb_row][\/et_pb_section]<\/p>\n","protected":false},"excerpt":{"rendered":"<p>Vermietung von Ozonger\u00e4ten<\/p>\n","protected":false},"author":1,"featured_media":0,"parent":0,"menu_order":0,"comment_status":"open","ping_status":"open","template":"","meta":{"_et_pb_use_builder":"on","_et_pb_old_content":"","_et_gb_content_width":"","footnotes":""},"class_list":["post-3939","page","type-page","status-publish","hentry"],"_links":{"self":[{"href":"https:\/\/tolwatertechniek.nl\/de\/wp-json\/wp\/v2\/pages\/3939","targetHints":{"allow":["GET"]}}],"collection":[{"href":"https:\/\/tolwatertechniek.nl\/de\/wp-json\/wp\/v2\/pages"}],"about":[{"href":"https:\/\/tolwatertechniek.nl\/de\/wp-json\/wp\/v2\/types\/page"}],"author":[{"embeddable":true,"href":"https:\/\/tolwatertechniek.nl\/de\/wp-json\/wp\/v2\/users\/1"}],"replies":[{"embeddable":true,"href":"https:\/\/tolwatertechniek.nl\/de\/wp-json\/wp\/v2\/comments?post=3939"}],"version-history":[{"count":30,"href":"https:\/\/tolwatertechniek.nl\/de\/wp-json\/wp\/v2\/pages\/3939\/revisions"}],"predecessor-version":[{"id":7880,"href":"https:\/\/tolwatertechniek.nl\/de\/wp-json\/wp\/v2\/pages\/3939\/revisions\/7880"}],"wp:attachment":[{"href":"https:\/\/tolwatertechniek.nl\/de\/wp-json\/wp\/v2\/media?parent=3939"}],"curies":[{"name":"wp","href":"https:\/\/api.w.org\/{rel}","templated":true}]}}