{"id":3900,"date":"2014-11-26T14:14:39","date_gmt":"2014-11-26T14:14:39","guid":{"rendered":""},"modified":"2020-11-02T17:46:27","modified_gmt":"2020-11-02T17:46:27","slug":"ozongenerator-mieten-2","status":"publish","type":"page","link":"https:\/\/tolwatertechniek.nl\/de\/vermietung-von-ozongeraeten\/ozongenerator-mieten-2\/","title":{"rendered":"Ozongenerator mieten"},"content":{"rendered":"<p>Einen Ozongenerator mieten? Tol Watertechniek vermietet mehrere Ozongeneratoren, die sowohl mit Luft als auch mit Sauerstoff arbeiten. Zur Zeit k\u00f6nnen Sie bei uns folgende Ozongeneratoren mieten:<\/p>\n<ul>\n<li>Ozongenerator zur Luftbehandlung (Luftfilter)<\/li>\n<li>Einstellbarer Ozongenerator 0 bis 8 Gramm auf Sauerstoff<\/li>\n<li>Hochdruck-Ozongenerator 17 Gramm auf Sauerstoff einschlie\u00dflich passendem Sauerstoffkonzentrator und Nadelventil<\/li>\n<li>Einstellbarer Ozongenerator 0 bis 3 Gramm auf Luft (trocken)<\/li>\n<li>Ozongenerator 25 Gramm auf Sauerstoff einschlie\u00dflich passendem Sauerstoffkonzentrator und Nadelventil (luftgek\u00fchlt)<\/li>\n<li>Ozongenerator 40 Gramm auf Sauerstoff einschlie\u00dflich passendem Sauerstoffkonzentrator und Nadelventil (wassergek\u00fchlt)<\/li>\n<\/ul>\n<p>Diese Ozongeneratoren k\u00f6nnen f\u00fcr Laborforschung, Chargenpr\u00fcfung, Desinfektion von Produkten und Oberfl\u00e4chen und viele andere Anwendungen eingesetzt werden. Bitte kontaktieren Sie uns f\u00fcr weitere Informationen oder um andere Ozongeneratoren zu mieten.<\/p>\n","protected":false},"excerpt":{"rendered":"<p>Mieten eines Ozongenerators<\/p>\n","protected":false},"author":1,"featured_media":0,"parent":3939,"menu_order":0,"comment_status":"open","ping_status":"open","template":"","meta":{"_et_pb_use_builder":"off","_et_pb_old_content":"","_et_gb_content_width":"","footnotes":""},"class_list":["post-3900","page","type-page","status-publish","hentry"],"_links":{"self":[{"href":"https:\/\/tolwatertechniek.nl\/de\/wp-json\/wp\/v2\/pages\/3900","targetHints":{"allow":["GET"]}}],"collection":[{"href":"https:\/\/tolwatertechniek.nl\/de\/wp-json\/wp\/v2\/pages"}],"about":[{"href":"https:\/\/tolwatertechniek.nl\/de\/wp-json\/wp\/v2\/types\/page"}],"author":[{"embeddable":true,"href":"https:\/\/tolwatertechniek.nl\/de\/wp-json\/wp\/v2\/users\/1"}],"replies":[{"embeddable":true,"href":"https:\/\/tolwatertechniek.nl\/de\/wp-json\/wp\/v2\/comments?post=3900"}],"version-history":[{"count":1,"href":"https:\/\/tolwatertechniek.nl\/de\/wp-json\/wp\/v2\/pages\/3900\/revisions"}],"predecessor-version":[{"id":5942,"href":"https:\/\/tolwatertechniek.nl\/de\/wp-json\/wp\/v2\/pages\/3900\/revisions\/5942"}],"up":[{"embeddable":true,"href":"https:\/\/tolwatertechniek.nl\/de\/wp-json\/wp\/v2\/pages\/3939"}],"wp:attachment":[{"href":"https:\/\/tolwatertechniek.nl\/de\/wp-json\/wp\/v2\/media?parent=3900"}],"curies":[{"name":"wp","href":"https:\/\/api.w.org\/{rel}","templated":true}]}}