{"id":3856,"date":"2014-11-26T13:55:34","date_gmt":"2014-11-26T13:55:34","guid":{"rendered":"https:\/\/tolwatertechniek.nl\/de\/vermietung-von-ozongeraeten\/ozonreactor-huren\/"},"modified":"2020-11-18T16:39:04","modified_gmt":"2020-11-18T16:39:04","slug":"ozonreaktor-mieten","status":"publish","type":"page","link":"https:\/\/tolwatertechniek.nl\/de\/vermietung-von-ozongeraeten\/ozonreaktor-mieten\/","title":{"rendered":"Ozonreaktor mieten"},"content":{"rendered":"<p>Sie k\u00f6nnen bei uns verschiedene Modelle von Ozonreaktoren mieten, sowohl einen Hochdruck-Ozonreaktor (HD-Serie), (Eiwei\u00df-)Absch\u00e4umer (AS-Serie) als auch einen Ozonreaktor aus Edelstahl. Wir helfen Ihnen gerne bei der Auswahl des richtigen Ozonreaktortyps. Die folgenden Ozonreaktoren k\u00f6nnen bei uns gemietet werden:<\/p>\n<ul>\n<li>HD250 bis zu einem Maximum von 12m\u00b3\/h und 2,5 Gramm Ozon pro Stunde.<\/li>\n<li>HD400 bis zu einem Maximum von 30 m\u00b3\/h und 5 Gramm Ozon pro Stunde<\/li>\n<li>AS250 bis zu einem Maximum von 4,5 m\u00b3\/h und 2,5 Gramm Ozon pro Stunde<\/li>\n<li>AS400 bis zu einem Maximum von 11m\u00b3\/h und 5 Gramm Ozon pro Stunde<\/li>\n<li>Edelstahl 400 bis zu einem Maximum von 2m\u00b3\/h und 10 Gramm Ozon pro Stunde<\/li>\n<\/ul>\n<p>Diese Ozonreaktoren k\u00f6nnen in Fischfarmen, Teichen, in der Lebensmittelindustrie, in der Landwirtschaft und im Gartenbau usw. eingesetzt werden.<\/p>\n<p>Bitte kontaktieren Sie uns f\u00fcr weitere Informationen.<\/p>\n","protected":false},"excerpt":{"rendered":"<p>Ozonreaktor mieten<\/p>\n","protected":false},"author":1,"featured_media":0,"parent":3939,"menu_order":0,"comment_status":"open","ping_status":"open","template":"","meta":{"_et_pb_use_builder":"","_et_pb_old_content":"","_et_gb_content_width":"","footnotes":""},"class_list":["post-3856","page","type-page","status-publish","hentry"],"_links":{"self":[{"href":"https:\/\/tolwatertechniek.nl\/de\/wp-json\/wp\/v2\/pages\/3856","targetHints":{"allow":["GET"]}}],"collection":[{"href":"https:\/\/tolwatertechniek.nl\/de\/wp-json\/wp\/v2\/pages"}],"about":[{"href":"https:\/\/tolwatertechniek.nl\/de\/wp-json\/wp\/v2\/types\/page"}],"author":[{"embeddable":true,"href":"https:\/\/tolwatertechniek.nl\/de\/wp-json\/wp\/v2\/users\/1"}],"replies":[{"embeddable":true,"href":"https:\/\/tolwatertechniek.nl\/de\/wp-json\/wp\/v2\/comments?post=3856"}],"version-history":[{"count":3,"href":"https:\/\/tolwatertechniek.nl\/de\/wp-json\/wp\/v2\/pages\/3856\/revisions"}],"predecessor-version":[{"id":6343,"href":"https:\/\/tolwatertechniek.nl\/de\/wp-json\/wp\/v2\/pages\/3856\/revisions\/6343"}],"up":[{"embeddable":true,"href":"https:\/\/tolwatertechniek.nl\/de\/wp-json\/wp\/v2\/pages\/3939"}],"wp:attachment":[{"href":"https:\/\/tolwatertechniek.nl\/de\/wp-json\/wp\/v2\/media?parent=3856"}],"curies":[{"name":"wp","href":"https:\/\/api.w.org\/{rel}","templated":true}]}}