{"id":3813,"date":"2014-11-02T12:46:01","date_gmt":"2014-11-02T12:46:01","guid":{"rendered":"https:\/\/tolwatertechniek.nl\/de\/subsidie\/"},"modified":"2020-11-11T18:24:09","modified_gmt":"2020-11-11T18:24:09","slug":"subvention","status":"publish","type":"page","link":"https:\/\/tolwatertechniek.nl\/de\/subvention\/","title":{"rendered":"Subventionen f\u00fcr Ozonanlagen"},"content":{"rendered":"<p>F\u00fcr gewerbliche Nutzer von Ozonanlagen stehen eine Reihe von Subventionen zur Verf\u00fcgung. Das macht es f\u00fcr Unternehmer besonders interessant, in Ozontechnologie zu investieren! Tol Watertechniek arbeitet mit einem Subventionsberater zusammen, der den gesamten Subventionsantrag f\u00fcr Sie erledigen kann. Bitte kontaktieren Sie uns f\u00fcr weitere Informationen. Die folgenden Subventionen sind verf\u00fcgbar:<\/p>\n<p><strong>(Katalytischer) Oxidationsreaktor zur Wasserreinigung (Anlagencode B 1545)<\/strong><\/p>\n<p><strong>a. Ausgelegt f\u00fcr<\/strong>: katalytische oder nicht-katalytische Oxidation mit Wasserstoffperoxid, Sauerstoffradikalen, Sauerstoffionen, Ozon oder UV-Bestrahlung von,<\/p>\n<ol>\n<li>endokrin wirksamen Substanzen oder Antibiotika in Abw\u00e4ssern aus der medizinischen, chemischen oder pharmazeutischen Industrie; oder<\/li>\n<li>Legionellen in Wasserleitungen in Innenr\u00e4umen,<\/li>\n<\/ol>\n<p><strong>b. Bestehend aus:<\/strong> Oxidationsreaktor(en) mit Ausr\u00fcstung zur Erzeugung des Oxidationsmittels, Dosier- oder Einspritzausr\u00fcstung (eventuell), Restozonvernichter (eventuell), Rezirkulationstank (eventuell), Rezirkulationspumpe (eventuell), biologischem Aktivkohlefilter (eventuell) und ohne Reinigungsausr\u00fcstung.<\/p>\n<p><strong>Subventionen<\/strong>: 13,5% MIA (Abzug von Umweltinvestitionen) und 75% VAMIL (wahlfreie Abschreibung von Umweltinvestitionen).<\/p>\n<p><strong>(Katalytische) Oxidationsanlage zur Luftreinigung (Anlagencode E 4681)<\/strong><\/p>\n<p><strong>a. Ausgelegt f\u00fcr:<\/strong> Oxidation (katalytisch oder nicht katalytisch) mit Wasserstoffperoxid, Sauerstoffradikalen, Sauerstoffionen, Ozon oder UV-Bestrahlung,<\/p>\n<ol>\n<li>von Krankheitserregern, Geruchsstoffen oder Kohlenwasserstoffen in auszublasenden Luftstr\u00f6men oder<\/li>\n<li>zur Entkeimung von Raumluft beim Einsatz in der Industrie, wobei der Einsatz von Chemikalien nachweislich reduziert wird,<\/li>\n<\/ol>\n<p><strong>b. Bestehend aus:<\/strong> einer Oxidationsanlage, einer Dosier- oder Einspritzausr\u00fcstung (eventuell), einem Wasserstoffperoxidw\u00e4scher (eventuell), einer Waschvorrichtung (eventuell), einem Katalysator (eventuell), einem Ozongenerator (eventuell), einem Restozonabsorber oder -vernichter und einem Sauerstoffradikalgenerator (eventuell).<\/p>\n<p><strong>Subvention<\/strong>: 13,5% MIA (Abzug von Umweltinvestitionen)<\/p>\n<p><strong>Ozon-Oxidationsanlage zur Dekontamination von (Lager-)R\u00e4umen, Luft oder Produkten in Landwirtschaft und Gartenbau (Anlagencode A 2690)<\/strong><\/p>\n<p><strong>a. Ausgelegt f\u00fcr:<\/strong> die Desinfektion von Luft, eines geschlossenen (Lager-)Raumes oder eines Produktes durch Oxidation mit Ozon, wodurch der Einsatz von Chemikalien nachweislich reduziert oder vermieden wird,<\/p>\n<p><strong>b. Bestehend aus:<\/strong> einer Oxidationsanlage, einem Ozongenerator, Dosier- oder Einspritzausr\u00fcstung (eventuell), einem Restozonabsorber oder -vernichter (eventuell), einem Steuersystem und \u00dcberwachungs- und Kontrollausr\u00fcstung (eventuell).<\/p>\n<p><strong>Subventionen<\/strong>: 27% MIA (Abzug von Umweltinvestitionen) und 75% VAMIL (wahlfreie Abschreibung von Umweltinvestitionen).<\/p>\n","protected":false},"excerpt":{"rendered":"<p>Subventionen f\u00fcr Ozonanlagen<\/p>\n","protected":false},"author":1,"featured_media":0,"parent":0,"menu_order":0,"comment_status":"open","ping_status":"open","template":"","meta":{"_et_pb_use_builder":"","_et_pb_old_content":"","_et_gb_content_width":"","footnotes":""},"class_list":["post-3813","page","type-page","status-publish","hentry"],"_links":{"self":[{"href":"https:\/\/tolwatertechniek.nl\/de\/wp-json\/wp\/v2\/pages\/3813","targetHints":{"allow":["GET"]}}],"collection":[{"href":"https:\/\/tolwatertechniek.nl\/de\/wp-json\/wp\/v2\/pages"}],"about":[{"href":"https:\/\/tolwatertechniek.nl\/de\/wp-json\/wp\/v2\/types\/page"}],"author":[{"embeddable":true,"href":"https:\/\/tolwatertechniek.nl\/de\/wp-json\/wp\/v2\/users\/1"}],"replies":[{"embeddable":true,"href":"https:\/\/tolwatertechniek.nl\/de\/wp-json\/wp\/v2\/comments?post=3813"}],"version-history":[{"count":3,"href":"https:\/\/tolwatertechniek.nl\/de\/wp-json\/wp\/v2\/pages\/3813\/revisions"}],"predecessor-version":[{"id":6163,"href":"https:\/\/tolwatertechniek.nl\/de\/wp-json\/wp\/v2\/pages\/3813\/revisions\/6163"}],"wp:attachment":[{"href":"https:\/\/tolwatertechniek.nl\/de\/wp-json\/wp\/v2\/media?parent=3813"}],"curies":[{"name":"wp","href":"https:\/\/api.w.org\/{rel}","templated":true}]}}