{"id":3810,"date":"2014-10-21T09:05:40","date_gmt":"2014-10-21T09:05:40","guid":{"rendered":"https:\/\/tolwatertechniek.nl\/de\/ebola\/"},"modified":"2023-04-17T07:02:06","modified_gmt":"2023-04-17T07:02:06","slug":"ebola","status":"publish","type":"page","link":"https:\/\/tolwatertechniek.nl\/de\/ebola\/","title":{"rendered":"Ozon und Ebola"},"content":{"rendered":"<p>Ebola fordert jedes Jahr viele Opfer. Es werden verschiedene Methoden erwogen, um die Ausbreitung von Ebola zu verhindern\/einzud\u00e4mmen.\u00a0 Eine gute Hygiene ist unerl\u00e4sslich, Ozon kann in dieser Hinsicht gute Dienste leisten. Damit kann nicht nur Trinkwasser desinfiziert werden. Ozon kann auch zur Desinfektion von R\u00e4umen verwendet werden. Denken Sie zum Beispiel an Flugzeuge und Krankenh\u00e4user. Ozon kann z.B. auch zum Waschen von W\u00e4sche verwendet werden. Gegenw\u00e4rtig gibt es sogar Studien \u00fcber die Anwendung von Ozon zur Zerst\u00f6rung des Ebola-Virus im Blut.<\/p>\n<p>Ein Virus wird durch Ozon deaktiviert, weil die RNA-\/DNA-Struktur des Virus beeintr\u00e4chtigt wird. Da ein Virus keinen Reparaturmechanismus besitzt, kann sich das deaktivierte Virus nicht mehr vermehren und es kann keine Toleranz oder Resistenz entstehen.<\/p>\n<p>Ozon wird nun langsam bei der Behandlung von Ebola eingesetzt,<\/p>\n<p>Ozon kann jedoch viel breiter eingesetzt werden, um Ebola-Ausbr\u00fcche zu stoppen, indem es zur Verbesserung der Hygiene verwendet wird.<\/p>\n","protected":false},"excerpt":{"rendered":"<p>Ozon und Ebola<\/p>\n","protected":false},"author":1,"featured_media":0,"parent":0,"menu_order":0,"comment_status":"open","ping_status":"open","template":"","meta":{"_et_pb_use_builder":"","_et_pb_old_content":"","_et_gb_content_width":"","footnotes":""},"class_list":["post-3810","page","type-page","status-publish","hentry"],"_links":{"self":[{"href":"https:\/\/tolwatertechniek.nl\/de\/wp-json\/wp\/v2\/pages\/3810","targetHints":{"allow":["GET"]}}],"collection":[{"href":"https:\/\/tolwatertechniek.nl\/de\/wp-json\/wp\/v2\/pages"}],"about":[{"href":"https:\/\/tolwatertechniek.nl\/de\/wp-json\/wp\/v2\/types\/page"}],"author":[{"embeddable":true,"href":"https:\/\/tolwatertechniek.nl\/de\/wp-json\/wp\/v2\/users\/1"}],"replies":[{"embeddable":true,"href":"https:\/\/tolwatertechniek.nl\/de\/wp-json\/wp\/v2\/comments?post=3810"}],"version-history":[{"count":4,"href":"https:\/\/tolwatertechniek.nl\/de\/wp-json\/wp\/v2\/pages\/3810\/revisions"}],"predecessor-version":[{"id":7854,"href":"https:\/\/tolwatertechniek.nl\/de\/wp-json\/wp\/v2\/pages\/3810\/revisions\/7854"}],"wp:attachment":[{"href":"https:\/\/tolwatertechniek.nl\/de\/wp-json\/wp\/v2\/media?parent=3810"}],"curies":[{"name":"wp","href":"https:\/\/api.w.org\/{rel}","templated":true}]}}