{"id":3772,"date":"2014-09-28T09:27:46","date_gmt":"2014-09-28T09:27:46","guid":{"rendered":"https:\/\/tolwatertechniek.nl\/de\/maatwerk\/"},"modified":"2020-11-10T22:55:12","modified_gmt":"2020-11-10T22:55:12","slug":"benutzerdefiniertes-ozon","status":"publish","type":"page","link":"https:\/\/tolwatertechniek.nl\/de\/benutzerdefiniertes-ozon\/","title":{"rendered":"Individuelle Ozon-Anpassung"},"content":{"rendered":"<p>[et_pb_section bb_built=&#8220;1&#8243;][et_pb_row][et_pb_column type=&#8220;4_4&#8243;][et_pb_text _builder_version=&#8220;3.22.7&#8243; text_text_shadow_horizontal_length=&#8220;text_text_shadow_style,%91object Object%93&#8243; text_text_shadow_vertical_length=&#8220;text_text_shadow_style,%91object Object%93&#8243; text_text_shadow_blur_strength=&#8220;text_text_shadow_style,%91object Object%93&#8243; link_text_shadow_horizontal_length=&#8220;link_text_shadow_style,%91object Object%93&#8243; link_text_shadow_vertical_length=&#8220;link_text_shadow_style,%91object Object%93&#8243; link_text_shadow_blur_strength=&#8220;link_text_shadow_style,%91object Object%93&#8243; ul_text_shadow_horizontal_length=&#8220;ul_text_shadow_style,%91object Object%93&#8243; ul_text_shadow_vertical_length=&#8220;ul_text_shadow_style,%91object Object%93&#8243; ul_text_shadow_blur_strength=&#8220;ul_text_shadow_style,%91object Object%93&#8243; ol_text_shadow_horizontal_length=&#8220;ol_text_shadow_style,%91object Object%93&#8243; ol_text_shadow_vertical_length=&#8220;ol_text_shadow_style,%91object Object%93&#8243; ol_text_shadow_blur_strength=&#8220;ol_text_shadow_style,%91object Object%93&#8243; quote_text_shadow_horizontal_length=&#8220;quote_text_shadow_style,%91object Object%93&#8243; quote_text_shadow_vertical_length=&#8220;quote_text_shadow_style,%91object Object%93&#8243; quote_text_shadow_blur_strength=&#8220;quote_text_shadow_style,%91object Object%93&#8243; header_text_shadow_horizontal_length=&#8220;header_text_shadow_style,%91object Object%93&#8243; header_text_shadow_vertical_length=&#8220;header_text_shadow_style,%91object Object%93&#8243; header_text_shadow_blur_strength=&#8220;header_text_shadow_style,%91object Object%93&#8243; header_2_text_shadow_horizontal_length=&#8220;header_2_text_shadow_style,%91object Object%93&#8243; header_2_text_shadow_vertical_length=&#8220;header_2_text_shadow_style,%91object Object%93&#8243; header_2_text_shadow_blur_strength=&#8220;header_2_text_shadow_style,%91object Object%93&#8243; header_3_text_shadow_horizontal_length=&#8220;header_3_text_shadow_style,%91object Object%93&#8243; header_3_text_shadow_vertical_length=&#8220;header_3_text_shadow_style,%91object Object%93&#8243; header_3_text_shadow_blur_strength=&#8220;header_3_text_shadow_style,%91object Object%93&#8243; header_4_text_shadow_horizontal_length=&#8220;header_4_text_shadow_style,%91object Object%93&#8243; header_4_text_shadow_vertical_length=&#8220;header_4_text_shadow_style,%91object Object%93&#8243; header_4_text_shadow_blur_strength=&#8220;header_4_text_shadow_style,%91object Object%93&#8243; header_5_text_shadow_horizontal_length=&#8220;header_5_text_shadow_style,%91object Object%93&#8243; header_5_text_shadow_vertical_length=&#8220;header_5_text_shadow_style,%91object Object%93&#8243; header_5_text_shadow_blur_strength=&#8220;header_5_text_shadow_style,%91object Object%93&#8243; header_6_text_shadow_horizontal_length=&#8220;header_6_text_shadow_style,%91object Object%93&#8243; header_6_text_shadow_vertical_length=&#8220;header_6_text_shadow_style,%91object Object%93&#8243; header_6_text_shadow_blur_strength=&#8220;header_6_text_shadow_style,%91object Object%93&#8243; z_index_tablet=&#8220;500&#8243;]<\/p>\n<p>Zus\u00e4tzlich zu vielen ozonbezogenen Standardprodukten stellt Tol Watertechniek auch Ozonprodukte nach Ma\u00df her. In vielen F\u00e4llen k\u00f6nnen wir ein Standardprodukt an Ihre Bed\u00fcrfnisse anpassen, aber wir k\u00f6nnen auch ein v\u00f6llig neues Produkt entwickeln. Nachstehend finden Sie eine Reihe von Beispielen f\u00fcr Sonderanfertigungen.<\/p>\n<p>Verschiedene kundenspezifische Redox-Regler:<\/p>\n<p>Redox-Regler mit Erweiterung<br \/>Redox-Regler doppelt<br \/>Redox-Regler ohne wcd<\/p>\n<p>Von links nach rechts: Regler mit Expansionsbox (mehr Leistung), Redoxregler mit Doppelsteckdose und Redoxregler Steckdose.<\/p>\n<p>\u00a0<\/p>\n<p><strong>Verschiedene angepasste Ozonreaktoren:<\/strong><\/p>\n<p><strong>Benutzerdefinierter Ozonreaktor\u00a0 \u00a0 \u00a0 \u00a0\u00a0 Ozonreaktor mit Flanschen\u00a0 \u00a0 \u00a0 \u00a0 Abgesenkter HD250<\/strong><\/p>\n<p>Von links nach rechts: abgesenkter Ozonreaktor HD400 mit kleinen Anschl\u00fcssen, HD200 mit aus Platzgr\u00fcnden reduzierten Flanschen und ein abgesenkter HD250.<\/p>\n<p>\u00a0<\/p>\n<p><strong>Mehrere speziell gebaute Ozoneinspritzeinheiten:<\/strong><\/p>\n<p><strong>doppelte Ozoneinspritzeinheit\u00a0 \u00a0 \u00a0 \u00a0einfache Ozoneinspritzeinheit<\/strong><\/p>\n<p>Von links nach rechts: doppelte Ozoneinspritzeinheit und einfache Ozoneinspritzeinheit.<\/p>\n<p>[\/et_pb_text][\/et_pb_column][\/et_pb_row][\/et_pb_section]<\/p>\n","protected":false},"excerpt":{"rendered":"<p>Ozon nach Ma\u00df<\/p>\n","protected":false},"author":1,"featured_media":0,"parent":0,"menu_order":0,"comment_status":"open","ping_status":"open","template":"","meta":{"_et_pb_use_builder":"on","_et_pb_old_content":"<p>Naast vele standaard ozon gerelateerde producten bouwt Tol Watertechniek ook diverse ozon producten op maat. In veel gevallen kunnen wij een standaard product aanpassen zodat deze aan uw wensen voldoet, maar een volledig nieuw product ontwikkelen kan ook. Hieronder volgen een aantal voorbeelden van maatwerk producten.<\/p>\r\n<p><strong>Diverse aangepaste redox controllers:<\/strong><\/p>\r\n<p><strong><img style=\"margin-left: 10px; margin-right: 10px;\" title=\"redox controller met uitbreiding\" src=\"https:\/\/tolwatertechniek.nl\/wp-content\/uploads\/2018\/10\/redox_controller_met_uitbreiding.jpg\" alt=\"redox controller met uitbreiding\" height=\"200\" \/><img style=\"margin-left: 10px; margin-right: 10px;\" title=\"redox controller dubbel aansluiting\" src=\"https:\/\/tolwatertechniek.nl\/wp-content\/uploads\/2018\/10\/redox_controller_dubbel.jpg\" alt=\"redox controller dubbel aansluiting\" height=\"200\" \/><img style=\"margin-left: 10px; margin-right: 10px;\" title=\"redox controller zonder wcd\" src=\"https:\/\/tolwatertechniek.nl\/wp-content\/uploads\/2018\/10\/redox_controller.jpg\" alt=\"redox controller zonder wcd\" height=\"200\" \/><\/strong><\/p>\r\n<p>Van links naar rechts: controller met uitbreidingsbox (meer vermogen), redox controller met dubbel wcd en redox controller zonder wcd.<\/p>\r\n<p>\u00a0<\/p>\r\n<p><strong>Diverse aangepaste ozonreactoren:<\/strong><\/p>\r\n<p><strong><img style=\"margin-left: 10px; margin-right: 10px;\" title=\"Ozonreactor op maat\" src=\"https:\/\/tolwatertechniek.nl\/wp-content\/uploads\/2018\/10\/Ozonreactor_speciaal_deksel.jpg\" alt=\"Ozonreactor op maat\" height=\"200\" \/><img style=\"margin-left: 10px; margin-right: 10px;\" title=\"Ozonreactor met speciale flenzen\" src=\"https:\/\/tolwatertechniek.nl\/wp-content\/uploads\/2018\/10\/Ozonreactor_speciale_flenzen.jpg\" alt=\"Ozonreactor met speciale flenzen\" height=\"200\" \/><img style=\"margin-left: 10px; margin-right: 10px;\" title=\"Ozonreactor HD250 laag model\" src=\"https:\/\/tolwatertechniek.nl\/wp-content\/uploads\/2018\/10\/Ozonreactor_laag_model.jpg\" alt=\"Ozonreactor HD250 laag model\" height=\"200\" \/><\/strong><\/p>\r\n<p>Van links naar rechts: verlaagde HD400 ozonreactor met kleine aansluitingen, HD200 met verkleinde flenzen in verband met ruimte gebrek, en een verlaagde HD250.<\/p>\r\n<p>\u00a0<\/p>\r\n<p><strong>Diverse speciaal gebouwde ozon injectie units:<\/strong><\/p>\r\n<p><strong><img style=\"margin-left: 10px; margin-right: 10px;\" title=\"ozon injector dubbel\" src=\"https:\/\/tolwatertechniek.nl\/wp-content\/uploads\/2018\/10\/ozon_injector.jpg\" alt=\"ozon injector dubbel\" height=\"200\" \/><img style=\"margin-left: 10px; margin-right: 10px;\" title=\"ozon injector enkel\" src=\"https:\/\/tolwatertechniek.nl\/wp-content\/uploads\/2018\/10\/Venturi_skid.jpg\" alt=\"ozon injector enkel\" height=\"200\" \/><\/strong><\/p>\r\n<p>Van links naar rechts: dubbele ozon injectie unit en enkele ozon injectie unit.<\/p>","_et_gb_content_width":"","footnotes":""},"class_list":["post-3772","page","type-page","status-publish","hentry"],"_links":{"self":[{"href":"https:\/\/tolwatertechniek.nl\/de\/wp-json\/wp\/v2\/pages\/3772","targetHints":{"allow":["GET"]}}],"collection":[{"href":"https:\/\/tolwatertechniek.nl\/de\/wp-json\/wp\/v2\/pages"}],"about":[{"href":"https:\/\/tolwatertechniek.nl\/de\/wp-json\/wp\/v2\/types\/page"}],"author":[{"embeddable":true,"href":"https:\/\/tolwatertechniek.nl\/de\/wp-json\/wp\/v2\/users\/1"}],"replies":[{"embeddable":true,"href":"https:\/\/tolwatertechniek.nl\/de\/wp-json\/wp\/v2\/comments?post=3772"}],"version-history":[{"count":3,"href":"https:\/\/tolwatertechniek.nl\/de\/wp-json\/wp\/v2\/pages\/3772\/revisions"}],"predecessor-version":[{"id":6111,"href":"https:\/\/tolwatertechniek.nl\/de\/wp-json\/wp\/v2\/pages\/3772\/revisions\/6111"}],"wp:attachment":[{"href":"https:\/\/tolwatertechniek.nl\/de\/wp-json\/wp\/v2\/media?parent=3772"}],"curies":[{"name":"wp","href":"https:\/\/api.w.org\/{rel}","templated":true}]}}