{"id":3733,"date":"2014-08-20T14:57:49","date_gmt":"2014-08-20T14:57:49","guid":{"rendered":"https:\/\/tolwatertechniek.nl\/de\/verkleuring\/"},"modified":"2020-11-11T19:08:25","modified_gmt":"2020-11-11T19:08:25","slug":"verfaerbung","status":"publish","type":"page","link":"https:\/\/tolwatertechniek.nl\/de\/verfaerbung\/","title":{"rendered":"Entfernung von Verf\u00e4rbungen mit Ozon"},"content":{"rendered":"<p>Ozon ist sehr wirksam bei der Entfernung von Verf\u00e4rbungen aus (Ab-)Wasser. Die Verf\u00e4rbung des Wassers wird h\u00e4ufig durch Fulvos\u00e4uren, Gerbstoffe, Humins\u00e4uren oder Kohlenwasserstoffe verursacht. Eine Verf\u00e4rbung des Wassers kann durch gel\u00f6ste Stoffe (die oben genannten S\u00e4uren) oder durch Schwebeteilchen verursacht werden. Diese Verf\u00e4rbung kann durch Membranfiltration, aber auch durch Ozon entfernt werden. Ozon ist ein sehr starker Oxidator und entfernt Verf\u00e4rbungen ohne die Bildung von chlorierten organischen Verbindungen. Im Durchschnitt kann bei einer Ozondosierung von 1 mg\/l eine Reduktion von 10 Farbeinheiten (Pt\/Co-Skala) erreicht werden.<\/p>\n<p>Ozon kann auch als Bleichmittel verwendet werden, um z.B. Papier oder W\u00e4sche zu bleichen. Bis jetzt wird daf\u00fcr meist Chlor verwendet, aber Ozon ist eine gute und umweltfreundliche Alternative.<\/p>\n","protected":false},"excerpt":{"rendered":"<p>Entfernung von Verf\u00e4rbungen mit Ozon<\/p>\n","protected":false},"author":1,"featured_media":0,"parent":0,"menu_order":0,"comment_status":"open","ping_status":"open","template":"","meta":{"_et_pb_use_builder":"","_et_pb_old_content":"","_et_gb_content_width":"","footnotes":""},"class_list":["post-3733","page","type-page","status-publish","hentry"],"_links":{"self":[{"href":"https:\/\/tolwatertechniek.nl\/de\/wp-json\/wp\/v2\/pages\/3733","targetHints":{"allow":["GET"]}}],"collection":[{"href":"https:\/\/tolwatertechniek.nl\/de\/wp-json\/wp\/v2\/pages"}],"about":[{"href":"https:\/\/tolwatertechniek.nl\/de\/wp-json\/wp\/v2\/types\/page"}],"author":[{"embeddable":true,"href":"https:\/\/tolwatertechniek.nl\/de\/wp-json\/wp\/v2\/users\/1"}],"replies":[{"embeddable":true,"href":"https:\/\/tolwatertechniek.nl\/de\/wp-json\/wp\/v2\/comments?post=3733"}],"version-history":[{"count":3,"href":"https:\/\/tolwatertechniek.nl\/de\/wp-json\/wp\/v2\/pages\/3733\/revisions"}],"predecessor-version":[{"id":6178,"href":"https:\/\/tolwatertechniek.nl\/de\/wp-json\/wp\/v2\/pages\/3733\/revisions\/6178"}],"wp:attachment":[{"href":"https:\/\/tolwatertechniek.nl\/de\/wp-json\/wp\/v2\/media?parent=3733"}],"curies":[{"name":"wp","href":"https:\/\/api.w.org\/{rel}","templated":true}]}}