{"id":3730,"date":"2014-08-20T14:18:32","date_gmt":"2014-08-20T14:18:32","guid":{"rendered":"https:\/\/tolwatertechniek.nl\/de\/algen\/"},"modified":"2022-10-27T08:27:36","modified_gmt":"2022-10-27T08:27:36","slug":"algen","status":"publish","type":"page","link":"https:\/\/tolwatertechniek.nl\/de\/algen\/","title":{"rendered":"Das Entfernen von Algen mit Ozon"},"content":{"rendered":"<p>Ozon kann gut eingesetzt werden um (Blau) Algen zu entfernen. Aber da ist ein gro\u00df Unterscheid zwischen Bek\u00e4mpfung von Schwebealgen und Fadenalgen mit Ozon.<\/p>\n<p>Es wird manchmal behauptet dass Ozon Algen bek\u00e4mpft durch die N\u00e4hrstoffe von Algen zu oxidieren (Ammonium und Nitrat) aber das ist falsch!<br \/>\nAmmonium wird durch Ozon kaum abgebaut, besonders bei niedrige pH Werte. Nur bei pH Werte von mehr als Neun beginnt Ozon ein Effekt zu haben auf Ammonium. Dann wird Ammonium umgewandelt in No3, das ist Nitrat. Nitrat ist ein Stoff die durch Ozon nicht mehr oxidiert werden kann, nur unter anoxische\/anaerobe Bedingungen nach Stickstoff. Kurz gesagt, Ozon kann h\u00f6chstens ein N\u00e4hrstoff f\u00fcr Algen (Ammonium) umwandeln nach ein andere N\u00e4hrstoff von Algen (Nitrat). Also, die Bek\u00e4mpfung von Algen mit Ozon passiert nicht durch das oxidieren von die N\u00e4hrstoffe.   <\/p>\n<p>F\u00fcr alle Algen gilt grunds\u00e4tzlich das sie durch Ozon oxidiert werden. Daf\u00fcr muss man doch ein relativ hohe Ozon Dosierung und Kontaktzeit anhalten, ein C\/T Werte von ungef\u00e4hr 1,5. Das bedeutet dass die Algen zum Beispiel F\u00fcnf Minuten an 0.3PPM Ozon exponiert werden m\u00fcssen. Wie man das am besten machen kann variiert je nach die Art von Alge.  <\/p>\n<p><strong>Schwebealgen<\/strong><\/p>\n<p>Wie der Name schon sagt, schweben Schwebealgen durch das Wasser. Das bedeutet dass sie durch ein Pumpe durch das Ozon System hin gef\u00fchrt werden k\u00f6nnen. Um Schwebealgen zu bek\u00e4mpfen haben wir Reaktionsgef\u00e4\u00dfe um die Alge au\u00dferhalb das Gew\u00e4sser zu t\u00f6ten. Wenn das System gut dimensionier ist, ist da in das ausgehende Wasser kaum gel\u00f6ste Ozon wahrzunehmen. Dadurch kann diese Methode auch verwendet werden in Gew\u00e4sser wo drinnen auch Fische gibt (Teiche, Fischzuchtbetriebe, etc).<br \/>\n<strong>Fadenalgen<\/strong><\/p>\n<p>Jetzt wird es interessant, Fadenalgen k\u00f6nnen wir nicht durch ein Ozon System hin f\u00fchren weil sie feststecken an die W\u00e4nde von ein Gew\u00e4sser. Das bedeutet dass, um Fadenalgen zu bek\u00e4mpfen, Ozon im gesamten Gew\u00e4sser dosiert werden muss. Das kann NICHT in Gew\u00e4sser mit Fische darin weil diese die erforderliche gel\u00f6ste Ozon Konzentration nicht ertragen k\u00f6nnen!! <\/p>\n<p><strong>Blaualgen<\/strong><\/p>\n<p>Blaualgen sind eigentlich Bakterien (Cyanobakterien), daf\u00fcr kann man dieselbe Methode anwenden als bei die Bek\u00e4mpfung von Schwebealgen. Die Kontaktzeit und Konzentration sind jedoch anders und das hat Folgen f\u00fcr die Dimensionierung von das System. Wenn da keine Fische in die Gew\u00e4sser sind kann man auch dieselbe Methode anwenden als bei Fadenalgen.  <\/p>\n<p>Wir haben umfangreiche Erfahrung in die Bek\u00e4mpfung von Algen mit Ozon. Aber wir haben auch Erfahrung mit Ozon in Algen Zuchtbetriebe. Dabei werden die Organismen die Algen essen get\u00f6tet und werden die Algen nicht angetastet durch Ozon!   <\/p>\n<p>Kontaktieren Sie uns bitte wenn Sie Frage haben oder mehr wissen m\u00f6chten \u00fcber die Anwendungen von Ozon!<\/p>\n","protected":false},"excerpt":{"rendered":"<p>Das Entfernen von Algen mit Ozon<\/p>\n","protected":false},"author":1,"featured_media":0,"parent":0,"menu_order":0,"comment_status":"open","ping_status":"open","template":"","meta":{"_et_pb_use_builder":"","_et_pb_old_content":"","_et_gb_content_width":"","footnotes":""},"class_list":["post-3730","page","type-page","status-publish","hentry"],"_links":{"self":[{"href":"https:\/\/tolwatertechniek.nl\/de\/wp-json\/wp\/v2\/pages\/3730","targetHints":{"allow":["GET"]}}],"collection":[{"href":"https:\/\/tolwatertechniek.nl\/de\/wp-json\/wp\/v2\/pages"}],"about":[{"href":"https:\/\/tolwatertechniek.nl\/de\/wp-json\/wp\/v2\/types\/page"}],"author":[{"embeddable":true,"href":"https:\/\/tolwatertechniek.nl\/de\/wp-json\/wp\/v2\/users\/1"}],"replies":[{"embeddable":true,"href":"https:\/\/tolwatertechniek.nl\/de\/wp-json\/wp\/v2\/comments?post=3730"}],"version-history":[{"count":4,"href":"https:\/\/tolwatertechniek.nl\/de\/wp-json\/wp\/v2\/pages\/3730\/revisions"}],"predecessor-version":[{"id":7590,"href":"https:\/\/tolwatertechniek.nl\/de\/wp-json\/wp\/v2\/pages\/3730\/revisions\/7590"}],"wp:attachment":[{"href":"https:\/\/tolwatertechniek.nl\/de\/wp-json\/wp\/v2\/media?parent=3730"}],"curies":[{"name":"wp","href":"https:\/\/api.w.org\/{rel}","templated":true}]}}