{"id":3720,"date":"2014-07-10T17:28:02","date_gmt":"2014-07-10T17:28:02","guid":{"rendered":""},"modified":"2020-11-12T19:30:17","modified_gmt":"2020-11-12T19:30:17","slug":"ozon-test-2","status":"publish","type":"page","link":"https:\/\/tolwatertechniek.nl\/de\/ozon-test-2\/","title":{"rendered":"Ozon-Chargenpr\u00fcfung"},"content":{"rendered":"<p>Sind Sie neugierig auf die Wirkung von Ozon auf Ihr Prozesswasser und m\u00f6chten Ozontests durchf\u00fchren? Wir bieten Ihnen zwei M\u00f6glichkeiten, Ozontests durchzuf\u00fchren, um zu sehen, wie sich Ozon auf Ihr Prozesswasser auswirkt.<\/p>\n<p><strong>Ozon-Batch-Pr\u00fcfung<\/strong><\/p>\n<p>F\u00fcr einen Ozon-Batch-Test schicken Sie uns eine kleine Menge Wasser, in den meisten F\u00e4llen sind 10 Liter ausreichend. Wir f\u00fchren dazu Ozontests mit unterschiedlichen Ozondosen und Kontaktzeiten durch. Aus den verschiedenen Testergebnissen werden dann Wasserproben entnommen. Diese k\u00f6nnen dann auf verschiedene Themen wie Bakterienreduktion, Reduktion chemischer Substanzen usw. analysiert werden. Es ist auch m\u00f6glich, die Wasserproben an den Kunden zur\u00fcckzuschicken, damit er die Wasserproben selbst untersuchen kann.<\/p>\n<p>Anhand der Analyseergebnisse der Wasserproben k\u00f6nnen wir auf Wunsch ein Ozonsystem berechnen, das f\u00fcr die Behandlung des gesamten Wasserstroms geeignet ist. Ein logischer n\u00e4chster Schritt nach einem Batch-Test ist die Platzierung einer Pilotanlage, um zu pr\u00fcfen, ob das berechnete Ozonsystem in der Praxis die gew\u00fcnschten Ergebnisse erzielt. Hier unten sehen Sie ein Bild der Proben:<\/p>\n<p><a href=\"https:\/\/tolwatertechniek.nl\/de\/pilot-2\/\"><u>Klicken Sie hier f\u00fcr Ozon-Pilotversuche<\/u><\/a><\/p>\n","protected":false},"excerpt":{"rendered":"<p>Ozon-Chargenpr\u00fcfung<\/p>\n","protected":false},"author":1,"featured_media":0,"parent":0,"menu_order":0,"comment_status":"open","ping_status":"open","template":"","meta":{"_et_pb_use_builder":"","_et_pb_old_content":"","_et_gb_content_width":"","footnotes":""},"class_list":["post-3720","page","type-page","status-publish","hentry"],"_links":{"self":[{"href":"https:\/\/tolwatertechniek.nl\/de\/wp-json\/wp\/v2\/pages\/3720","targetHints":{"allow":["GET"]}}],"collection":[{"href":"https:\/\/tolwatertechniek.nl\/de\/wp-json\/wp\/v2\/pages"}],"about":[{"href":"https:\/\/tolwatertechniek.nl\/de\/wp-json\/wp\/v2\/types\/page"}],"author":[{"embeddable":true,"href":"https:\/\/tolwatertechniek.nl\/de\/wp-json\/wp\/v2\/users\/1"}],"replies":[{"embeddable":true,"href":"https:\/\/tolwatertechniek.nl\/de\/wp-json\/wp\/v2\/comments?post=3720"}],"version-history":[{"count":3,"href":"https:\/\/tolwatertechniek.nl\/de\/wp-json\/wp\/v2\/pages\/3720\/revisions"}],"predecessor-version":[{"id":6199,"href":"https:\/\/tolwatertechniek.nl\/de\/wp-json\/wp\/v2\/pages\/3720\/revisions\/6199"}],"wp:attachment":[{"href":"https:\/\/tolwatertechniek.nl\/de\/wp-json\/wp\/v2\/media?parent=3720"}],"curies":[{"name":"wp","href":"https:\/\/api.w.org\/{rel}","templated":true}]}}