{"id":3714,"date":"2014-05-07T12:45:19","date_gmt":"2014-05-07T12:45:19","guid":{"rendered":""},"modified":"2025-12-30T12:39:24","modified_gmt":"2025-12-30T12:39:24","slug":"ozonleck-messgeraet-mieten","status":"publish","type":"page","link":"https:\/\/tolwatertechniek.nl\/de\/vermietung-von-ozongeraeten\/ozonleck-messgeraet-mieten\/","title":{"rendered":"Ozonleckage-Messger\u00e4t \/ Ozonschn\u00fcffler-Verleih"},"content":{"rendered":"<p>Dieses Ozonmessger\u00e4t (auch Ozonschn\u00fcffler genannt) wird haupts\u00e4chlich dazu verwendet, Lecks in Ozonanlagen aufzusp\u00fcren. Mit der internen Probenpumpe und dem flexiblen Messschlauch k\u00f6nnen Sie Ozonmessungen auch bei beengten Platzverh\u00e4ltnissen schnell und genau durchf\u00fchren. Sie k\u00f6nnen dieses Ozonmessger\u00e4t mit den folgenden Spezifikationen bei uns mieten:<\/p>\n<ul>\n<li>Messbereich: 0-5ppm (0-200ppm optional)<\/li>\n<li>Genauigkeit: +\/- 5%.<\/li>\n<li>Interne Datenerfassung<\/li>\n<\/ul>\n","protected":false},"excerpt":{"rendered":"<p>Ozonleck-Messger\u00e4t \/ Ozonschn\u00fcffler-Verleih<\/p>\n","protected":false},"author":1,"featured_media":0,"parent":3939,"menu_order":0,"comment_status":"open","ping_status":"open","template":"","meta":{"_et_pb_use_builder":"","_et_pb_old_content":"","_et_gb_content_width":"","footnotes":""},"class_list":["post-3714","page","type-page","status-publish","hentry"],"_links":{"self":[{"href":"https:\/\/tolwatertechniek.nl\/de\/wp-json\/wp\/v2\/pages\/3714","targetHints":{"allow":["GET"]}}],"collection":[{"href":"https:\/\/tolwatertechniek.nl\/de\/wp-json\/wp\/v2\/pages"}],"about":[{"href":"https:\/\/tolwatertechniek.nl\/de\/wp-json\/wp\/v2\/types\/page"}],"author":[{"embeddable":true,"href":"https:\/\/tolwatertechniek.nl\/de\/wp-json\/wp\/v2\/users\/1"}],"replies":[{"embeddable":true,"href":"https:\/\/tolwatertechniek.nl\/de\/wp-json\/wp\/v2\/comments?post=3714"}],"version-history":[{"count":2,"href":"https:\/\/tolwatertechniek.nl\/de\/wp-json\/wp\/v2\/pages\/3714\/revisions"}],"predecessor-version":[{"id":5937,"href":"https:\/\/tolwatertechniek.nl\/de\/wp-json\/wp\/v2\/pages\/3714\/revisions\/5937"}],"up":[{"embeddable":true,"href":"https:\/\/tolwatertechniek.nl\/de\/wp-json\/wp\/v2\/pages\/3939"}],"wp:attachment":[{"href":"https:\/\/tolwatertechniek.nl\/de\/wp-json\/wp\/v2\/media?parent=3714"}],"curies":[{"name":"wp","href":"https:\/\/api.w.org\/{rel}","templated":true}]}}