{"id":3693,"date":"2014-05-07T09:39:00","date_gmt":"2014-05-07T09:39:00","guid":{"rendered":"https:\/\/tolwatertechniek.nl\/de\/eiwitafschuimer-huren\/"},"modified":"2022-10-14T07:39:34","modified_gmt":"2022-10-14T07:39:34","slug":"eiweiss-abschaeumer-miete","status":"publish","type":"page","link":"https:\/\/tolwatertechniek.nl\/de\/eiweiss-abschaeumer-miete\/","title":{"rendered":"Absch\u00e4umer mieten (Proteine-Absch\u00e4umer)"},"content":{"rendered":"<p>Ein Absch\u00e4umer mieten? Um Bassin und Teichwasser zu behandeln k\u00f6nnen Sie bei uns Ozon best\u00e4ndige Absch\u00e4umer mieten. Diese Absch\u00e4umer kann eingesetzt werden f\u00fcr Salzwasser Bassins von Zoos, aber auch f\u00fcr Salz- und S\u00fc\u00dfwasser Aquarien. Die n\u00e4chsten Modelle sind verf\u00fcgbar:     <\/p>\n<ul>\n<li>AS250 bis zu 4,5m\u00b3\/Uhr und 2,5 Gramm Ozon pro Uhr<\/li>\n<li>AS400 bis zu 11m\u00b3\/Uhr und 5 Gramm Ozon pro Uhr<\/li>\n<\/ul>\n<p><img decoding=\"async\" title=\"(eiwit) afschuimer huren\" src=\"https:\/\/tolwatertechniek.nl\/wp-content\/uploads\/2018\/10\/as_reactor.jpg\" alt=\"(eiwit) afschuimer huren\" width=\"63\" height=\"170\" \/><\/p>\n","protected":false},"excerpt":{"rendered":"<p>(Proteine-)Absch\u00e4umer mieten<\/p>\n","protected":false},"author":1,"featured_media":0,"parent":0,"menu_order":0,"comment_status":"open","ping_status":"open","template":"","meta":{"_et_pb_use_builder":"","_et_pb_old_content":"","_et_gb_content_width":"","footnotes":""},"class_list":["post-3693","page","type-page","status-publish","hentry"],"_links":{"self":[{"href":"https:\/\/tolwatertechniek.nl\/de\/wp-json\/wp\/v2\/pages\/3693","targetHints":{"allow":["GET"]}}],"collection":[{"href":"https:\/\/tolwatertechniek.nl\/de\/wp-json\/wp\/v2\/pages"}],"about":[{"href":"https:\/\/tolwatertechniek.nl\/de\/wp-json\/wp\/v2\/types\/page"}],"author":[{"embeddable":true,"href":"https:\/\/tolwatertechniek.nl\/de\/wp-json\/wp\/v2\/users\/1"}],"replies":[{"embeddable":true,"href":"https:\/\/tolwatertechniek.nl\/de\/wp-json\/wp\/v2\/comments?post=3693"}],"version-history":[{"count":3,"href":"https:\/\/tolwatertechniek.nl\/de\/wp-json\/wp\/v2\/pages\/3693\/revisions"}],"predecessor-version":[{"id":7566,"href":"https:\/\/tolwatertechniek.nl\/de\/wp-json\/wp\/v2\/pages\/3693\/revisions\/7566"}],"wp:attachment":[{"href":"https:\/\/tolwatertechniek.nl\/de\/wp-json\/wp\/v2\/media?parent=3693"}],"curies":[{"name":"wp","href":"https:\/\/api.w.org\/{rel}","templated":true}]}}