{"id":3670,"date":"2014-05-07T08:45:17","date_gmt":"2014-05-07T08:45:17","guid":{"rendered":"https:\/\/tolwatertechniek.nl\/de\/ozoninstallatie-huren\/"},"modified":"2020-11-17T18:31:13","modified_gmt":"2020-11-17T18:31:13","slug":"ozonanlage-mieten","status":"publish","type":"page","link":"https:\/\/tolwatertechniek.nl\/de\/ozonanlage-mieten\/","title":{"rendered":"Ozonanlage mieten"},"content":{"rendered":"<p>Eine Ozonanlage mieten? Wir vermieten komplette Ozonanlagen, zum Beispiel zur Durchf\u00fchrung von Tests. Wir verf\u00fcgen \u00fcber mehrere Ozonanlagen, die Sie z.B. f\u00fcr gro\u00dfe Teiche, Becken, Zoos, Landwirtschaft und Gartenbau usw. mieten k\u00f6nnen.<\/p>\n<ul>\n<li>Maximale Durchflussmenge: 30m\u00b3\/Std.<\/li>\n<li>Maximale Ozon-Dosierung: nach Wunsch<\/li>\n<li>M\u00f6gliche Optionen wie z.B. Redoxkontrolle sind m\u00f6glich<\/li>\n<li>Optional f\u00fcr die Lebensmittelindustrie geeignet<\/li>\n<\/ul>\n<p>Wasseraufbereitung mit Ozonsystem<\/p>\n","protected":false},"excerpt":{"rendered":"<p>Ozonanlage mieten<\/p>\n","protected":false},"author":1,"featured_media":0,"parent":0,"menu_order":0,"comment_status":"open","ping_status":"open","template":"","meta":{"_et_pb_use_builder":"","_et_pb_old_content":"","_et_gb_content_width":"","footnotes":""},"class_list":["post-3670","page","type-page","status-publish","hentry"],"_links":{"self":[{"href":"https:\/\/tolwatertechniek.nl\/de\/wp-json\/wp\/v2\/pages\/3670","targetHints":{"allow":["GET"]}}],"collection":[{"href":"https:\/\/tolwatertechniek.nl\/de\/wp-json\/wp\/v2\/pages"}],"about":[{"href":"https:\/\/tolwatertechniek.nl\/de\/wp-json\/wp\/v2\/types\/page"}],"author":[{"embeddable":true,"href":"https:\/\/tolwatertechniek.nl\/de\/wp-json\/wp\/v2\/users\/1"}],"replies":[{"embeddable":true,"href":"https:\/\/tolwatertechniek.nl\/de\/wp-json\/wp\/v2\/comments?post=3670"}],"version-history":[{"count":4,"href":"https:\/\/tolwatertechniek.nl\/de\/wp-json\/wp\/v2\/pages\/3670\/revisions"}],"predecessor-version":[{"id":6335,"href":"https:\/\/tolwatertechniek.nl\/de\/wp-json\/wp\/v2\/pages\/3670\/revisions\/6335"}],"wp:attachment":[{"href":"https:\/\/tolwatertechniek.nl\/de\/wp-json\/wp\/v2\/media?parent=3670"}],"curies":[{"name":"wp","href":"https:\/\/api.w.org\/{rel}","templated":true}]}}