{"id":3650,"date":"2014-05-06T17:50:15","date_gmt":"2014-05-06T17:50:15","guid":{"rendered":"https:\/\/tolwatertechniek.nl\/de\/vermietung-von-ozongeraeten\/zuurstofconcentrator-huren\/"},"modified":"2020-11-11T15:27:54","modified_gmt":"2020-11-11T15:27:54","slug":"sauerstoffkonzentrator-mieten","status":"publish","type":"page","link":"https:\/\/tolwatertechniek.nl\/de\/vermietung-von-ozongeraeten\/sauerstoffkonzentrator-mieten\/","title":{"rendered":"Vermietung von Sauerstoffkonzentratoren"},"content":{"rendered":"<p>Wenn Sie einen Sauerstoffkonzentrator mieten m\u00f6chten, sind Sie bei uns an der richtigen Adresse. Wir verwenden sie zur Erzeugung von Ozon, aber nat\u00fcrlich k\u00f6nnen diese Sauerstoffkonzentratoren auch f\u00fcr andere Anwendungen eingesetzt werden. Wir vermieten derzeit die folgenden Sauerstoffkonzentratoren:<\/p>\n<ul>\n<li>0-5 lpm Sauerstoffkonzentrator (max. Druck 0,5 Bar)<\/li>\n<li>0-10 lpm Sauerstoffkonzentrator (max. Druck 1,2 Bar)<\/li>\n<\/ul>\n","protected":false},"excerpt":{"rendered":"<p>Sauerstoffkonzentrator mieten<\/p>\n","protected":false},"author":1,"featured_media":0,"parent":3939,"menu_order":0,"comment_status":"open","ping_status":"open","template":"","meta":{"_et_pb_use_builder":"","_et_pb_old_content":"","_et_gb_content_width":"","footnotes":""},"class_list":["post-3650","page","type-page","status-publish","hentry"],"_links":{"self":[{"href":"https:\/\/tolwatertechniek.nl\/de\/wp-json\/wp\/v2\/pages\/3650","targetHints":{"allow":["GET"]}}],"collection":[{"href":"https:\/\/tolwatertechniek.nl\/de\/wp-json\/wp\/v2\/pages"}],"about":[{"href":"https:\/\/tolwatertechniek.nl\/de\/wp-json\/wp\/v2\/types\/page"}],"author":[{"embeddable":true,"href":"https:\/\/tolwatertechniek.nl\/de\/wp-json\/wp\/v2\/users\/1"}],"replies":[{"embeddable":true,"href":"https:\/\/tolwatertechniek.nl\/de\/wp-json\/wp\/v2\/comments?post=3650"}],"version-history":[{"count":3,"href":"https:\/\/tolwatertechniek.nl\/de\/wp-json\/wp\/v2\/pages\/3650\/revisions"}],"predecessor-version":[{"id":6125,"href":"https:\/\/tolwatertechniek.nl\/de\/wp-json\/wp\/v2\/pages\/3650\/revisions\/6125"}],"up":[{"embeddable":true,"href":"https:\/\/tolwatertechniek.nl\/de\/wp-json\/wp\/v2\/pages\/3939"}],"wp:attachment":[{"href":"https:\/\/tolwatertechniek.nl\/de\/wp-json\/wp\/v2\/media?parent=3650"}],"curies":[{"name":"wp","href":"https:\/\/api.w.org\/{rel}","templated":true}]}}