{"id":3571,"date":"2013-10-29T13:20:58","date_gmt":"2013-10-29T13:20:58","guid":{"rendered":""},"modified":"2020-11-03T18:25:03","modified_gmt":"2020-11-03T18:25:03","slug":"ozon-blumenzwiebeln","status":"publish","type":"page","link":"https:\/\/tolwatertechniek.nl\/de\/ozon-blumenzwiebeln\/","title":{"rendered":"Blumenzwiebeln Ozon-Desinfektion"},"content":{"rendered":"<p>Ozon ist im Blumenzwiebelsektor weit verbreitet. Dies sowohl f\u00fcr die Bew\u00e4sserung von Blumenzwiebeln als auch f\u00fcr die Lagerung der Zwiebeln in Lagerzellen, wie z.B. Tulpen.<\/p>\n<p><strong>Ozon und Bew\u00e4sserung von Blumenzwiebeln<\/strong><br \/>\nOzon hat mehrere positive Wirkungen bei der Behandlung von Gie\u00dfwasser, indem es Phenole, Sporen, Pilze, Bakterien und Viren entfernt. Phenole verursachen braune Verf\u00e4rbungen an den Wurzeln und hemmen das Wachstum der Wurzeln. Dies hemmt das Wachstum und die Entwicklung der Zwiebeln, was letztlich zu einem geringeren Ertrag f\u00fchrt. Ozon oxidiert Phenole, was diese Probleme verhindert.<br \/>\nOzon kann auch zur Oxidation von Pilzen, Sporen und Bakterien verwendet werden. Es ist jedoch wichtig, gen\u00fcgend Ozon zu dosieren. Ozon reagiert zun\u00e4chst mit Phenolen, erst dann greift es Pilze und Sporen an. Um seine Wirksamkeit zu erh\u00f6hen, kann Ozon m\u00f6glicherweise mit Wasserstoffperoxid oder UV kombiniert werden.<\/p>\n<p><strong>Ozon in Lagerr\u00e4umen<\/strong><br \/>\nIn Speicherzellen wird Ozon haupts\u00e4chlich zur Entfernung von Ethylen und zur Oxidation von Sporen und Pilzen verwendet. Ethylen wird durch so genannte &#8222;saure Zwiebeln&#8220; verursacht, Zwiebeln, die von Fusarium (einem Pilz) befallen sind. Die Wirkung ist hier zweifach, Ethylen wird abgebaut und die Ausbreitung von Fusarium wird so weit wie m\u00f6glich verhindert. Letztendlich spart dies Geld, weil weniger gel\u00fcftet werden muss und weil mehr marktf\u00e4hige Zwiebeln gebildet werden.<\/p>\n<p><a href=\"https:\/\/tolwatertechniek.nl\/wp-content\/uploads\/MG_2026-Large.jpg\"><img fetchpriority=\"high\" fetchpriority=\"high\" decoding=\"async\" class=\"size-medium wp-image-5536\" src=\"https:\/\/tolwatertechniek.nl\/wp-content\/uploads\/\/MG_2026-Large-300x200.jpg\" alt=\"\" width=\"300\" height=\"200\" srcset=\"https:\/\/tolwatertechniek.nl\/wp-content\/uploads\/MG_2026-Large-300x200.jpg 300w, https:\/\/tolwatertechniek.nl\/wp-content\/uploads\/MG_2026-Large-768x512.jpg 768w, https:\/\/tolwatertechniek.nl\/wp-content\/uploads\/MG_2026-Large-1024x683.jpg 1024w, https:\/\/tolwatertechniek.nl\/wp-content\/uploads\/MG_2026-Large-1080x720.jpg 1080w, https:\/\/tolwatertechniek.nl\/wp-content\/uploads\/MG_2026-Large-600x400.jpg 600w, https:\/\/tolwatertechniek.nl\/wp-content\/uploads\/MG_2026-Large.jpg 1620w\" sizes=\"(max-width: 300px) 100vw, 300px\" \/><\/a><\/p>\n","protected":false},"excerpt":{"rendered":"<p>Blumenzwiebeln Ozon-Desinfektion<\/p>\n","protected":false},"author":1,"featured_media":0,"parent":0,"menu_order":0,"comment_status":"open","ping_status":"open","template":"","meta":{"_et_pb_use_builder":"off","_et_pb_old_content":"","_et_gb_content_width":"","footnotes":""},"class_list":["post-3571","page","type-page","status-publish","hentry"],"_links":{"self":[{"href":"https:\/\/tolwatertechniek.nl\/de\/wp-json\/wp\/v2\/pages\/3571","targetHints":{"allow":["GET"]}}],"collection":[{"href":"https:\/\/tolwatertechniek.nl\/de\/wp-json\/wp\/v2\/pages"}],"about":[{"href":"https:\/\/tolwatertechniek.nl\/de\/wp-json\/wp\/v2\/types\/page"}],"author":[{"embeddable":true,"href":"https:\/\/tolwatertechniek.nl\/de\/wp-json\/wp\/v2\/users\/1"}],"replies":[{"embeddable":true,"href":"https:\/\/tolwatertechniek.nl\/de\/wp-json\/wp\/v2\/comments?post=3571"}],"version-history":[{"count":3,"href":"https:\/\/tolwatertechniek.nl\/de\/wp-json\/wp\/v2\/pages\/3571\/revisions"}],"predecessor-version":[{"id":5971,"href":"https:\/\/tolwatertechniek.nl\/de\/wp-json\/wp\/v2\/pages\/3571\/revisions\/5971"}],"wp:attachment":[{"href":"https:\/\/tolwatertechniek.nl\/de\/wp-json\/wp\/v2\/media?parent=3571"}],"curies":[{"name":"wp","href":"https:\/\/api.w.org\/{rel}","templated":true}]}}