{"id":3568,"date":"2013-09-07T10:04:30","date_gmt":"2013-09-07T10:04:30","guid":{"rendered":""},"modified":"2020-11-12T19:43:14","modified_gmt":"2020-11-12T19:43:14","slug":"konzentration-und-kontaktzeit","status":"publish","type":"page","link":"https:\/\/tolwatertechniek.nl\/de\/konzentration-und-kontaktzeit\/","title":{"rendered":"Ozon und der C\/T-Wert"},"content":{"rendered":"<p><strong>Ozon und der C\/T-Wert.<\/strong><\/p>\n<p>Der C\/T-Wert ist ein sehr wichtiger Parameter bei der Anwendung von Ozon, wenn nicht sogar der wichtigste. Der C\/T-Wert sagt etwas \u00fcber die erforderliche Ozonkonzentration und die zur Oxidation von Stoffen erforderliche Kontaktzeit aus. Der C\/T-Wert wird durch Multiplikation der Ozonkonzentration in mg\/l mit der Kontaktzeit in Minuten berechnet. Die Ozonkonzentration kann in dieser Situation etwas verwirrend sein. Sie betrifft die Ozonkonzentration in der Fl\u00fcssigkeit bzw. die Menge des gel\u00f6sten Ozons. Wir sprechen hier nicht \u00fcber die vom Ozongenerator erzeugte Konzentration! Der Grund daf\u00fcr ist einfach: Wenn die zu behandelnde Fl\u00fcssigkeit sehr viel Verschmutzung enth\u00e4lt, wird viel Ozon ben\u00f6tigt, um diese Verschmutzung zu oxidieren. Erst wenn wir eine Menge an gel\u00f6stem Ozon messen, k\u00f6nnen wir davon ausgehen, dass Ozon zur Oxidation der gew\u00fcnschten Substanz zur Verf\u00fcgung steht.<\/p>\n<p>Nehmen wir zum Beispiel an, wir haben Wasser, das E.coli-Bakterien enth\u00e4lt, und wollen sie loswerden.\u00a0 Um 99,99% (log4) der E.coli-Bakterien in sauberem Wasser abzut\u00f6ten, ben\u00f6tigen wir einen C\/T-Wert von 0,5, siehe <a href=\"https:\/\/tolwatertechniek.nl\/de\/ozon-pathogene\/\">diese Seite<\/a> f\u00fcr weitere Informationen. Wir k\u00f6nnen dies erreichen, indem wir 2 Minuten lang eine Ozonkonzentration von 0,25 mg\/l aufrechterhalten. Wir k\u00f6nnen uns jedoch auch daf\u00fcr entscheiden, eine Ozonkonzentration von 0,5 mg\/l f\u00fcr 1 Minute beizubehalten.<\/p>\n<p>Beim C\/T-Wert k\u00f6nnen wir die Konzentration und die Zeit variieren, solange das Ergebnis der Multiplikation beider Werte der erforderliche C\/T-Wert ist. Es sei darauf hingewiesen, dass einige Stoffe einen &#8222;Schwellenwert&#8220; haben. Der Schwellenwert ist eine minimale Ozonkonzentration, die zur Oxidation einer Substanz erforderlich ist.<\/p>\n<p>Auch hier ein Beispiel: Der Schwellenwert f\u00fcr Clostridium Botulinum (verantwortlich f\u00fcr Botulismus) liegt bei 0,5 mg\/l, und nehmen wir an, dass bei einem C\/T-Wert von 1 eine 100%ige Abt\u00f6tung stattfindet. Bei einer Konzentration von 0,5 mg\/l w\u00fcrde dies eine Kontaktzeit von 2 Minuten bedeuten. Eine Behandlung mit 0,25 mg\/l bei einer Kontaktzeit von 4 Minuten w\u00fcrde ebenfalls einen C\/T-Wert von 1 ergeben. Allerdings liegt die Konzentration jetzt unter dem Schwellenwert, so dass kaum noch eine T\u00f6tung stattfindet!<\/p>\n<p>Solche Dinge werden oft vergessen, und leider kommt es vor, dass Ozonsysteme nicht richtig funktionieren. Tol Watertechniek hilft Ihnen gerne bei der Dimensionierung und L\u00f6sung von Problemen mit Ihrer Ozonanlage.<\/p>\n","protected":false},"excerpt":{"rendered":"<p>Ozon und der C\/T-Wert<\/p>\n","protected":false},"author":1,"featured_media":0,"parent":0,"menu_order":0,"comment_status":"open","ping_status":"open","template":"","meta":{"_et_pb_use_builder":"","_et_pb_old_content":"","_et_gb_content_width":"","footnotes":""},"class_list":["post-3568","page","type-page","status-publish","hentry"],"_links":{"self":[{"href":"https:\/\/tolwatertechniek.nl\/de\/wp-json\/wp\/v2\/pages\/3568","targetHints":{"allow":["GET"]}}],"collection":[{"href":"https:\/\/tolwatertechniek.nl\/de\/wp-json\/wp\/v2\/pages"}],"about":[{"href":"https:\/\/tolwatertechniek.nl\/de\/wp-json\/wp\/v2\/types\/page"}],"author":[{"embeddable":true,"href":"https:\/\/tolwatertechniek.nl\/de\/wp-json\/wp\/v2\/users\/1"}],"replies":[{"embeddable":true,"href":"https:\/\/tolwatertechniek.nl\/de\/wp-json\/wp\/v2\/comments?post=3568"}],"version-history":[{"count":3,"href":"https:\/\/tolwatertechniek.nl\/de\/wp-json\/wp\/v2\/pages\/3568\/revisions"}],"predecessor-version":[{"id":6201,"href":"https:\/\/tolwatertechniek.nl\/de\/wp-json\/wp\/v2\/pages\/3568\/revisions\/6201"}],"wp:attachment":[{"href":"https:\/\/tolwatertechniek.nl\/de\/wp-json\/wp\/v2\/media?parent=3568"}],"curies":[{"name":"wp","href":"https:\/\/api.w.org\/{rel}","templated":true}]}}