{"id":3565,"date":"2013-09-07T07:38:15","date_gmt":"2013-09-07T07:38:15","guid":{"rendered":"https:\/\/tolwatertechniek.nl\/de\/Ozon-pathogenen\/"},"modified":"2020-11-11T15:49:39","modified_gmt":"2020-11-11T15:49:39","slug":"ozon-pathogene","status":"publish","type":"page","link":"https:\/\/tolwatertechniek.nl\/de\/ozon-pathogene\/","title":{"rendered":"Ozon und seine Wirkung auf Krankheitserreger"},"content":{"rendered":"<p><strong>Ozon und seine Wirkung auf Pathogene.<\/strong><\/p>\n<p>Zu den Pathogenen geh\u00f6ren eine Vielzahl von Krankheitserregern wie Bakterien, Pilze und Viren. Ozon ist \u00e4u\u00dferst wirksam bei der Abt\u00f6tung von Krankheitserregern, viel wirksamer als zum Beispiel Chlor oder Biozide.<\/p>\n<p>Weitere Vorteile des Ozons sind:<\/p>\n<ul>\n<li>Hinterl\u00e4sst keine R\u00fcckst\u00e4nde<\/li>\n<li>Ozonresistenz ist nicht m\u00f6glich<\/li>\n<li>Wirkt 3000x schneller als Chlor<\/li>\n<li>Arbeitet sehr schnell, selbst bei kurzen Kontaktzeiten werden gute Ergebnisse erzielt<\/li>\n<li>Ozon wirkt im Gegensatz zu Bioziden und Antibiotika gegen alle Pathogene.<\/li>\n<\/ul>\n<p><strong>Ozon und Bakterien<\/strong><\/p>\n<p>Ozon durchbricht die Zellmembran eines Bakteriums und f\u00fchrt zum Absterben des Bakteriums. Dies im Gegensatz zu einem Biozid, das ein Bakterium vergiftet. Bei der Verwendung von Bioziden besteht die M\u00f6glichkeit von Resistenzen, was bei Ozon nicht m\u00f6glich ist!<\/p>\n<p><strong>Ozon und Viren<\/strong><\/p>\n<p>Ein Virus wird durch Ozon deaktiviert, weil die RNA- oder DNA-Struktur des Virus beeintr\u00e4chtigt wird. Da ein Virus keinen Reparaturmechanismus besitzt, kann sich das deaktivierte Virus nicht mehr vermehren und es kann keine Toleranz oder Resistenz entstehen.<\/p>\n<p>Nachfolgend finden Sie eine Tabelle mit verschiedenen Krankheitserregern und dem Einfluss einer bestimmten Ozondosis auf diese. Mit Ozon k\u00f6nnen alle Krankheitserreger bek\u00e4mpft werden. Diese Liste gibt Ihnen einen \u00dcberblick \u00fcber Dosierungen und Kontaktzeiten.<\/p>\n<table width=\"687\">\n<tbody>\n<tr>\n<td width=\"327\">Pathogen<\/td>\n<td width=\"262\">Ozondosierung<\/td>\n<td width=\"98\">Behandlungsdauer<\/td>\n<td width=\"0\"><\/td>\n<\/tr>\n<tr>\n<td width=\"327\">Bacillus-Bakterie<\/td>\n<td width=\"262\">0.2 mg\/l<\/td>\n<td>30 Sekunden<\/td>\n<td width=\"0\"><\/td>\n<\/tr>\n<tr>\n<td width=\"327\">Bacillus cereus<\/td>\n<td width=\"262\">Log 2 (99%) Reduktion bei 0.12 mg\/l<\/td>\n<td>5 Minuten<\/td>\n<td width=\"0\"><\/td>\n<\/tr>\n<tr>\n<td width=\"327\">B. cereus<\/td>\n<td width=\"262\">Log 2 (99%) Reduktion bei 2.3 mg\/l<\/td>\n<td>5 Minuten<\/td>\n<td width=\"0\"><\/td>\n<\/tr>\n<tr>\n<td width=\"327\">Bacillus subtilis<\/td>\n<td width=\"262\">Log 1 (90%) Reduktion bei 0.1 mg\/l<\/td>\n<td>3 Minuten<\/td>\n<td width=\"0\"><\/td>\n<\/tr>\n<tr>\n<td width=\"327\">Bakteriophage f2<\/td>\n<td width=\"262\">Log 4 (99,99%) Reduktion bei 0.41 mg\/l<\/td>\n<td>10 Sekunden<\/td>\n<td width=\"0\"><\/td>\n<\/tr>\n<tr>\n<td width=\"327\">Botrytis cinerea<\/td>\n<td width=\"262\">3.8 mg\/l<\/td>\n<td>2 Minuten<\/td>\n<td width=\"0\"><\/td>\n<\/tr>\n<tr>\n<td width=\"327\">Clavibacter michiganense<\/td>\n<td width=\"262\">Log 4 (99,99%) Reduktion bei 1.1 mg\/l<\/td>\n<td>5 Minuten<\/td>\n<td width=\"0\"><\/td>\n<\/tr>\n<tr>\n<td width=\"327\">Cladosporium<\/td>\n<td width=\"262\">Log 1 (90%) Reduktion bei 0.1 mg\/l<\/td>\n<td>12,5 Minuten<\/td>\n<td width=\"0\"><\/td>\n<\/tr>\n<tr>\n<td width=\"327\">Coxsackie-Virus A9<\/td>\n<td width=\"262\">95% Reduktion bei 0.035 mg\/l in Wasser<\/td>\n<td>10 Sekunden<\/td>\n<td width=\"0\"><\/td>\n<\/tr>\n<tr>\n<td width=\"327\">Echo-Virus 29<\/td>\n<td width=\"262\">1 mg\/l<\/td>\n<td>1 Minute<\/td>\n<td width=\"0\"><\/td>\n<\/tr>\n<tr>\n<td width=\"327\">Enterisches Virus<\/td>\n<td width=\"262\">95% Reduktion bei 4.1 mg\/l in Abwasser<\/td>\n<td>29 Minuten<\/td>\n<td width=\"0\"><\/td>\n<\/tr>\n<tr>\n<td width=\"327\">E-coli (in Trinkwasser)<\/td>\n<td width=\"262\">Log 4 (99,99%) Reduktion bei 0.25 mg\/l<\/td>\n<td>2 Minuten<\/td>\n<td width=\"0\"><\/td>\n<\/tr>\n<tr>\n<td width=\"327\">E-coli (in Abwasser)<\/td>\n<td width=\"262\">Log 4 (99,99%) Reduktion bei 2.2 mg\/l<\/td>\n<td>19 Minuten<\/td>\n<td width=\"0\"><\/td>\n<\/tr>\n<tr>\n<td width=\"327\">Encephalomyocarditis-Virus<\/td>\n<td width=\"262\">Log 4 (99,99%) Reduktion bei 0.8 mg\/l<\/td>\n<td>30 Sekunden<\/td>\n<td width=\"0\"><\/td>\n<\/tr>\n<tr>\n<td width=\"327\">Enterovirus-Virus<\/td>\n<td width=\"262\">Log 4 (99,99%) Reduktion bei 0.8 mg\/l<\/td>\n<td>30 Sekunden<\/td>\n<td width=\"0\"><\/td>\n<\/tr>\n<tr>\n<td width=\"327\">Fusarium oxysporum f.sp. lycopersici<\/td>\n<td width=\"262\">1.1 mg\/l<\/td>\n<td>10 Minuten<\/td>\n<td width=\"0\"><\/td>\n<\/tr>\n<tr>\n<td width=\"327\">Fusarium oxysporum f.sp. melonogea<\/td>\n<td width=\"262\">Log 4 (99,99%) Reduktion bei 1.1 mg\/l<\/td>\n<td>20 Minuten<\/td>\n<td width=\"0\"><\/td>\n<\/tr>\n<tr>\n<td width=\"327\">GDVII-Virus<\/td>\n<td width=\"262\">Log 4 (99,99%) Reduktion bei 0.8 mg\/l<\/td>\n<td>30 Sekunden<\/td>\n<td width=\"0\"><\/td>\n<\/tr>\n<tr>\n<td width=\"327\">Herpes-Virus<\/td>\n<td width=\"262\">Log 4 (99,99%) Reduktion bei 0.8 mg\/l<\/td>\n<td>30 Sekunden<\/td>\n<td width=\"0\"><\/td>\n<\/tr>\n<tr>\n<td width=\"327\">Legionella pneumophila<\/td>\n<td width=\"262\">Log 4 (99,99%) Reduktion bei 0.4 mg\/l<\/td>\n<td>20 Minuten<\/td>\n<td width=\"0\"><\/td>\n<\/tr>\n<tr>\n<td width=\"327\">Lumineszierende Basidiomycetes<\/td>\n<td width=\"262\">Log 4 (99,99%) Reduktion bei 100 mg\/l<\/td>\n<td>10 Minuten<\/td>\n<td width=\"0\"><\/td>\n<\/tr>\n<tr>\n<td width=\"327\">Mucor piriformis<\/td>\n<td width=\"262\">Log 4 (99,99%) Reduktion bei 3.8 mg\/l<\/td>\n<td>2 Minuten<\/td>\n<td width=\"0\"><\/td>\n<\/tr>\n<tr>\n<td width=\"327\">Mycobacterium foruitum<\/td>\n<td width=\"262\">Log 1 (90%) Reduktion bei 0.25 mg\/l<\/td>\n<td>2 Minuten<\/td>\n<td width=\"0\"><\/td>\n<\/tr>\n<tr>\n<td width=\"327\">Phytophthora parasitica<\/td>\n<td width=\"262\">Log 4 (99,99%) Reduktion bei 3.8 mg\/l<\/td>\n<td>2 Minuten<\/td>\n<td width=\"0\"><\/td>\n<\/tr>\n<tr>\n<td width=\"327\">Poliomyelitis-Virus<\/td>\n<td width=\"262\">Log 4 (99,99%) Reduktion bei 0.4 mg\/l<\/td>\n<td>4 Minuten<\/td>\n<td width=\"0\"><\/td>\n<\/tr>\n<tr>\n<td width=\"327\">Poliovirus Typ 1<\/td>\n<td width=\"262\">Log 2 (99%) Reduktion bei 0.25 mg\/l<\/td>\n<td>2 Minuten<\/td>\n<td width=\"0\"><\/td>\n<\/tr>\n<tr>\n<td width=\"327\">Rhabdovirus-Virus<\/td>\n<td width=\"262\">Log 4 (99,99%) Reduktion bei 0.8 mg\/l<\/td>\n<td>30 Sekunden<\/td>\n<td width=\"0\"><\/td>\n<\/tr>\n<tr>\n<td width=\"327\">Salmonella typhimurium<\/td>\n<td width=\"262\">Log 4 (99,99%) Reduktion bei 0.25 mg\/l<\/td>\n<td>2 Minuten<\/td>\n<td width=\"0\"><\/td>\n<\/tr>\n<tr>\n<td width=\"327\">Staphylokokken-Epidermidis<\/td>\n<td width=\"262\">Log 1 (90%) Reduktion bei 0.1 mg\/l<\/td>\n<td>2 Minuten<\/td>\n<td width=\"0\"><\/td>\n<\/tr>\n<tr>\n<td width=\"327\">Stomatitis-Virus<\/td>\n<td width=\"262\">Log 4 (99,99%) Reduktion bei 0.8 mg\/l<\/td>\n<td>30 Sekunden<\/td>\n<td width=\"0\"><\/td>\n<\/tr>\n<tr>\n<td width=\"327\">Streptokokken-Bakterie<\/td>\n<td width=\"262\">Log 4 (99,99%) Reduktion bei 0.2 mg\/l<\/td>\n<td>30 Sekunden<\/td>\n<td width=\"0\"><\/td>\n<\/tr>\n<tr>\n<td width=\"327\">Verticillium dahliae<\/td>\n<td width=\"262\">Log 4 (99,99%) Reduktion bei 1.1 mg\/l<\/td>\n<td>20 Minuten<\/td>\n<td width=\"0\"><\/td>\n<\/tr>\n<tr>\n<td width=\"327\">Vesicular-Virus<\/td>\n<td width=\"262\">Log 4 (99,99%) Reduktion bei 0.8 mg\/l<\/td>\n<td>30 Sekunden<\/td>\n<td width=\"0\"><\/td>\n<\/tr>\n<tr>\n<td>&nbsp;<\/td>\n<td>&nbsp;<\/td>\n<td>&nbsp;<\/td>\n<td width=\"0\"><\/td>\n<\/tr>\n<tr>\n<td colspan=\"3\" rowspan=\"2\" width=\"687\">* Die Behandlungsdauer h\u00e4ngt von der Dosierung ab. Bei h\u00f6heren Dosen kann die Dauer verk\u00fcrzt werden und umgekehrt. F\u00fcr viele Krankheitserreger ist jedoch eine Mindestkonzentration an Ozon erforderlich!<\/td>\n<td width=\"0\"><\/td>\n<\/tr>\n<tr>\n<td width=\"0\"><\/td>\n<\/tr>\n<\/tbody>\n<\/table>\n<p>&nbsp;<\/p>\n","protected":false},"excerpt":{"rendered":"<p>Ozon und seine Wirkung auf Krankheitserreger.<\/p>\n","protected":false},"author":1,"featured_media":0,"parent":0,"menu_order":0,"comment_status":"open","ping_status":"open","template":"","meta":{"_et_pb_use_builder":"","_et_pb_old_content":"","_et_gb_content_width":"","footnotes":""},"class_list":["post-3565","page","type-page","status-publish","hentry"],"_links":{"self":[{"href":"https:\/\/tolwatertechniek.nl\/de\/wp-json\/wp\/v2\/pages\/3565","targetHints":{"allow":["GET"]}}],"collection":[{"href":"https:\/\/tolwatertechniek.nl\/de\/wp-json\/wp\/v2\/pages"}],"about":[{"href":"https:\/\/tolwatertechniek.nl\/de\/wp-json\/wp\/v2\/types\/page"}],"author":[{"embeddable":true,"href":"https:\/\/tolwatertechniek.nl\/de\/wp-json\/wp\/v2\/users\/1"}],"replies":[{"embeddable":true,"href":"https:\/\/tolwatertechniek.nl\/de\/wp-json\/wp\/v2\/comments?post=3565"}],"version-history":[{"count":3,"href":"https:\/\/tolwatertechniek.nl\/de\/wp-json\/wp\/v2\/pages\/3565\/revisions"}],"predecessor-version":[{"id":6132,"href":"https:\/\/tolwatertechniek.nl\/de\/wp-json\/wp\/v2\/pages\/3565\/revisions\/6132"}],"wp:attachment":[{"href":"https:\/\/tolwatertechniek.nl\/de\/wp-json\/wp\/v2\/media?parent=3565"}],"curies":[{"name":"wp","href":"https:\/\/api.w.org\/{rel}","templated":true}]}}