{"id":3553,"date":"2013-06-20T09:54:22","date_gmt":"2013-06-20T09:54:22","guid":{"rendered":""},"modified":"2020-11-11T17:28:23","modified_gmt":"2020-11-11T17:28:23","slug":"purusaqua-2","status":"publish","type":"page","link":"https:\/\/tolwatertechniek.nl\/de\/purusaqua-2\/","title":{"rendered":"Purusaqua"},"content":{"rendered":"<p>Purusaqua ist ein Markenname von Tol Watertechniek. Tol Watertechniek entwickelt und baut eine Vielzahl von ozonbezogenen Ger\u00e4ten selbst. Unter anderem Ozongeneratoren, Ozonreaktoren, Messger\u00e4te, etc. Als Tol Watertechniek gegr\u00fcndet wurde, konzentrierte sich das Unternehmen ausschlie\u00dflich auf die Wasseraufbereitung und den Einsatz von Ozon in diesem Prozess. Purusaqua steht f\u00fcr gesundes Wasser, daher der Name Purusaqua f\u00fcr unsere eigene Produktlinie. Nach und nach begann das Unternehmen jedoch, sich mehr und mehr auf Ozon im Allgemeinen und weniger auf die Wasseraufbereitung zu konzentrieren. Heutzutage werden unsere Produkte in viel mehr Bereichen als nur in der Wasseraufbereitung eingesetzt. Luftbehandlung, Oxidation von Chemikalien und Desinfektion sind einige Beispiele daf\u00fcr.<\/p>\n<p>Alle Purusaqua-Produkte sind auf einfache Bedienung, niedrige Betriebskosten und geringe Wartungsintervalle ausgelegt. Nach der Entwicklung werden die Purusaqua-Produkte zun\u00e4chst \u00fcber einen l\u00e4ngeren Zeitraum unter strengsten Bedingungen getestet. Nur so k\u00f6nnen wir die Qualit\u00e4t unserer Produkte garantieren. Mit einem Purusaqua-Produkt k\u00f6nnen Sie daher sicher sein, dass Sie ein zuverl\u00e4ssiges Produkt erworben haben. F\u00fcr den unwahrscheinlichen Fall, dass doch einmal etwas schief gehen sollte, sind die Teile auf Lager und die Produkte k\u00f6nnen schnell repariert werden.<\/p>\n<p>Kurzum, Purusaqua ist ein Qualit\u00e4tsprodukt, made in the Netherlands!<\/p>\n","protected":false},"excerpt":{"rendered":"<p>Purusaqua<\/p>\n","protected":false},"author":1,"featured_media":0,"parent":0,"menu_order":0,"comment_status":"open","ping_status":"open","template":"","meta":{"_et_pb_use_builder":"","_et_pb_old_content":"","_et_gb_content_width":"","footnotes":""},"class_list":["post-3553","page","type-page","status-publish","hentry"],"_links":{"self":[{"href":"https:\/\/tolwatertechniek.nl\/de\/wp-json\/wp\/v2\/pages\/3553","targetHints":{"allow":["GET"]}}],"collection":[{"href":"https:\/\/tolwatertechniek.nl\/de\/wp-json\/wp\/v2\/pages"}],"about":[{"href":"https:\/\/tolwatertechniek.nl\/de\/wp-json\/wp\/v2\/types\/page"}],"author":[{"embeddable":true,"href":"https:\/\/tolwatertechniek.nl\/de\/wp-json\/wp\/v2\/users\/1"}],"replies":[{"embeddable":true,"href":"https:\/\/tolwatertechniek.nl\/de\/wp-json\/wp\/v2\/comments?post=3553"}],"version-history":[{"count":1,"href":"https:\/\/tolwatertechniek.nl\/de\/wp-json\/wp\/v2\/pages\/3553\/revisions"}],"predecessor-version":[{"id":6153,"href":"https:\/\/tolwatertechniek.nl\/de\/wp-json\/wp\/v2\/pages\/3553\/revisions\/6153"}],"wp:attachment":[{"href":"https:\/\/tolwatertechniek.nl\/de\/wp-json\/wp\/v2\/media?parent=3553"}],"curies":[{"name":"wp","href":"https:\/\/api.w.org\/{rel}","templated":true}]}}