{"id":3550,"date":"2013-06-20T07:56:00","date_gmt":"2013-06-20T07:56:00","guid":{"rendered":""},"modified":"2020-11-02T18:54:46","modified_gmt":"2020-11-02T18:54:46","slug":"probleme-ozonanlage","status":"publish","type":"page","link":"https:\/\/tolwatertechniek.nl\/de\/probleme-ozonanlage\/","title":{"rendered":"Probleme mit Ozonanlagen"},"content":{"rendered":"<p>Probleme mit Ihrer Ozonanlage? Dann sind Sie leider nicht der Einzige, es gibt weltweit viele Ozonanlagen, viele davon mit Problemen. Ein gro\u00dfer Teil dieser Anlagen steht still, weil sie nicht richtig funktionieren. Das ist nat\u00fcrlich eine Trag\u00f6die, zum einen wegen des investierten Kapitals, zum anderen wegen der Tatsache, dass viele dieser Ozonanlagen mit kleinen Anpassungen einwandfrei funktionieren k\u00f6nnen.<\/p>\n<p>Die meisten station\u00e4ren Ozonanlagen haben nie richtig funktioniert, was auf Fehler in der Konstruktion zur\u00fcckzuf\u00fchren ist. Es werden viele Fehler gemacht:<\/p>\n<ul>\n<li>Die Verwendung einer zu niedrigen Ozonkonzentration<\/li>\n<li>Falsches Verh\u00e4ltnis von Ozonmischung zu Wasserfluss<\/li>\n<li>Schlechte Gaskonditionierung der Versorgung<\/li>\n<li>Schlecht gew\u00e4hlte Arbeitsbelastung<\/li>\n<li>Ozonreaktoren sind zu klein, und der gr\u00f6\u00dfte Teil des erzeugten Ozons wird nicht genutzt.<\/li>\n<\/ul>\n<p>Tol Watertechniek ist auf die L\u00f6sung von Problemen und Konstruktionsfehlern von Ozonanlagen spezialisiert. Aufgrund unserer umfangreichen Erfahrung und weil wir \u00fcber die modernsten Messger\u00e4te verf\u00fcgen, k\u00f6nnen wir Probleme schnell l\u00f6sen. Bitte kontaktieren Sie uns f\u00fcr weitere Informationen.<\/p>\n","protected":false},"excerpt":{"rendered":"<p>Probleme Ozonanlage<\/p>\n","protected":false},"author":1,"featured_media":0,"parent":0,"menu_order":0,"comment_status":"open","ping_status":"open","template":"","meta":{"_et_pb_use_builder":"","_et_pb_old_content":"","_et_gb_content_width":"","footnotes":""},"class_list":["post-3550","page","type-page","status-publish","hentry"],"_links":{"self":[{"href":"https:\/\/tolwatertechniek.nl\/de\/wp-json\/wp\/v2\/pages\/3550","targetHints":{"allow":["GET"]}}],"collection":[{"href":"https:\/\/tolwatertechniek.nl\/de\/wp-json\/wp\/v2\/pages"}],"about":[{"href":"https:\/\/tolwatertechniek.nl\/de\/wp-json\/wp\/v2\/types\/page"}],"author":[{"embeddable":true,"href":"https:\/\/tolwatertechniek.nl\/de\/wp-json\/wp\/v2\/users\/1"}],"replies":[{"embeddable":true,"href":"https:\/\/tolwatertechniek.nl\/de\/wp-json\/wp\/v2\/comments?post=3550"}],"version-history":[{"count":1,"href":"https:\/\/tolwatertechniek.nl\/de\/wp-json\/wp\/v2\/pages\/3550\/revisions"}],"predecessor-version":[{"id":5960,"href":"https:\/\/tolwatertechniek.nl\/de\/wp-json\/wp\/v2\/pages\/3550\/revisions\/5960"}],"wp:attachment":[{"href":"https:\/\/tolwatertechniek.nl\/de\/wp-json\/wp\/v2\/media?parent=3550"}],"curies":[{"name":"wp","href":"https:\/\/api.w.org\/{rel}","templated":true}]}}