{"id":3547,"date":"2013-04-26T18:25:17","date_gmt":"2013-04-26T18:25:17","guid":{"rendered":"https:\/\/tolwatertechniek.nl\/de\/Specialisatie\/"},"modified":"2020-11-11T18:14:37","modified_gmt":"2020-11-11T18:14:37","slug":"spezialisierung","status":"publish","type":"page","link":"https:\/\/tolwatertechniek.nl\/de\/spezialisierung\/","title":{"rendered":"Ozon-Spezialisierung"},"content":{"rendered":"<p>Seit der Gr\u00fcndung von Tol Watertechniek hat sich die Spezialisierung auf die Ozontechnik und die Anwendung von Ozon bei der Behandlung von (Ab-)Wasser und Luft konzentriert. Der Schwerpunkt liegt vor allem auf qualitativ hochwertigen Ozonger\u00e4ten f\u00fcr anspruchsvolle Anwendungen. Nat\u00fcrlich k\u00f6nnen wir auch Standard Ozonger\u00e4te liefern, einen Teil davon finden Sie in unserem Webshop. Wir sind jedoch besonders stark bei sehr speziellen Ozonger\u00e4ten und sehr anspruchsvollen Anwendungen. Eine Auswahl aus unserem Sortiment:<\/p>\n<p>&nbsp;<\/p>\n<p><strong>Ozongeneratoren mit Luft als Versorgungsgas<\/strong><\/p>\n<ul>\n<li>Luftgek\u00fchlte Ozongeneratoren bis zu 10 Gr\/Stunde<\/li>\n<li>Wassergek\u00fchlte Ozongeneratoren bis zu 200 Gr\/Stunde<\/li>\n<\/ul>\n<p>&nbsp;<\/p>\n<p><strong>Ozongeneratoren mit Sauerstoff als Versorgungsgas<\/strong><\/p>\n<ul>\n<li>Luftgek\u00fchlte Ozongeneratoren bis zu 30 Gr\/Stunde<\/li>\n<li>Wassergek\u00fchlt bis zu 800 Gr\/Stunde<\/li>\n<\/ul>\n<p>&nbsp;<\/p>\n<p><strong>Spezielle Ozongeneratoren<\/strong><\/p>\n<ul>\n<li>Mit Doppelglas-Ozonzellen f\u00fcr ultrareines Ozongas (Medizin- und Halbleiterindustrie)<\/li>\n<li>Ozongeneratoren mit einer sehr hohen Ozonkonzentration (bis zu 16 Gewichtsprozent)<\/li>\n<li>Sehr wirtschaftliche Ozongeneratoren ab 7kW pro kg Ozon<\/li>\n<li>Ozongeneratoren mit eingebauten Lufttrocknern und\/oder Sauerstoffversorgung<\/li>\n<\/ul>\n<p>&nbsp;<\/p>\n<p><strong>Ozonreaktoren<\/strong><\/p>\n<ul>\n<li>Absch\u00e4umer (Energie und Schwerkraft) bis zu 800 mm Durchmesser<\/li>\n<li>HD-Hochleistungs-Ozonreaktoren mit bis zu 800 mm Durchmesser<\/li>\n<li>Ozonreaktoren aus Edelstahl<\/li>\n<\/ul>\n<p>&nbsp;<\/p>\n<p><strong>Komplette Ozon-Systeme<\/strong><\/p>\n<ul>\n<li>Komplette Ozonanlagen \/ Ozonsysteme bis zu 800 gr\/Stunde<\/li>\n<li>Vollst\u00e4ndig gel\u00f6ste Ozonsysteme<\/li>\n<\/ul>\n<p>&nbsp;<\/p>\n<p><strong>Zubeh\u00f6r f\u00fcr Ozonanlagen<\/strong><\/p>\n<ul>\n<li>Lufttrockner (Membran und Adsorption)<\/li>\n<li>Sauerstoff-Konzentratoren<\/li>\n<li>Redox-Messger\u00e4te<\/li>\n<li>Messger\u00e4te f\u00fcr gel\u00f6stes Ozon<\/li>\n<li>Restozonvernichter<\/li>\n<li>Ozon-Analysatoren<\/li>\n<li>Ozon-Raumerkennung<\/li>\n<li>usw.<\/li>\n<\/ul>\n<p>&nbsp;<\/p>\n<p><strong>Dienstleistungen<\/strong><\/p>\n<ul>\n<li>Durchf\u00fchrung von Kapazit\u00e4tsmessungen an Ozongeneratoren und Ozonreaktoren<\/li>\n<li>Wartung, \u00dcberholung und Reparatur von Ozonger\u00e4ten und Ozonsystemen (nahezu alle Marken)<\/li>\n<li>Vermietung von Ozonger\u00e4ten<\/li>\n<li>Ozon-Beratung<\/li>\n<li>Entwurf von Ozonsystemen<\/li>\n<\/ul>\n","protected":false},"excerpt":{"rendered":"<p>Spezialisierung Ozon<\/p>\n","protected":false},"author":1,"featured_media":0,"parent":0,"menu_order":0,"comment_status":"open","ping_status":"open","template":"","meta":{"_et_pb_use_builder":"","_et_pb_old_content":"","_et_gb_content_width":"","footnotes":""},"class_list":["post-3547","page","type-page","status-publish","hentry"],"_links":{"self":[{"href":"https:\/\/tolwatertechniek.nl\/de\/wp-json\/wp\/v2\/pages\/3547","targetHints":{"allow":["GET"]}}],"collection":[{"href":"https:\/\/tolwatertechniek.nl\/de\/wp-json\/wp\/v2\/pages"}],"about":[{"href":"https:\/\/tolwatertechniek.nl\/de\/wp-json\/wp\/v2\/types\/page"}],"author":[{"embeddable":true,"href":"https:\/\/tolwatertechniek.nl\/de\/wp-json\/wp\/v2\/users\/1"}],"replies":[{"embeddable":true,"href":"https:\/\/tolwatertechniek.nl\/de\/wp-json\/wp\/v2\/comments?post=3547"}],"version-history":[{"count":3,"href":"https:\/\/tolwatertechniek.nl\/de\/wp-json\/wp\/v2\/pages\/3547\/revisions"}],"predecessor-version":[{"id":6161,"href":"https:\/\/tolwatertechniek.nl\/de\/wp-json\/wp\/v2\/pages\/3547\/revisions\/6161"}],"wp:attachment":[{"href":"https:\/\/tolwatertechniek.nl\/de\/wp-json\/wp\/v2\/media?parent=3547"}],"curies":[{"name":"wp","href":"https:\/\/api.w.org\/{rel}","templated":true}]}}