{"id":3544,"date":"2013-04-13T11:35:42","date_gmt":"2013-04-13T11:35:42","guid":{"rendered":""},"modified":"2025-12-30T12:24:11","modified_gmt":"2025-12-30T12:24:11","slug":"einfluss-feuchte-ozon-ausbeute","status":"publish","type":"page","link":"https:\/\/tolwatertechniek.nl\/de\/einfluss-feuchte-ozon-ausbeute\/","title":{"rendered":"Die Auswirkung von feuchte Luft auf der Ozon"},"content":{"rendered":"<h2 style=\"text-align: center;\">Die Auswirkung von feuchte Luft auf der Ozon<\/h2>\n<p style=\"text-align: left;\">Feucht in das zufuhr Gas von ein Ozon Generator hat negativen Auswirkungen, unter anderem f\u00fcr die Wartungsarbeiten an der Ozon Generator, das ist allgemein bekannt. Aber Feucht hat auch negative Auswirkungen auf der maximale Ozon Ertrag.<br \/>\nDer Ozon Ertrag von ein Ozon Generator wird in Gramm Ozon pro Uhr angegeben. Nur einige Hersteller geben Messbedingungen von der Ozon Ertrag, w\u00e4hrend es doch sehr wichtig ist zu wissen wie ein Ozon Generator funktionieren wird in Ihr System.<\/p>\n<p style=\"text-align: left;\">Als es nicht gegeben ist bei Ihr Ozon Generator, ist der Ozon Ertrag oft gemessen mit ein Taupunkt zwischen -40 bis -70 Grad Celsius. Bei ein Taupunkt von -70 Grad Celsius ist der Ozon Ertrag 100%. Aber ein Taupunkt von -5 Grad Celsius ist h\u00e4ufiger in der Praxis und dann ist der Ozon Ertrag nur ~50%. Mit anderen Worten, ein Ozon Generator von &#8222;2 Gramm&#8220; gibt in der Praxis viel weniger Ozon pro Uhr dank der gro\u00dfe Unterscheid in Taupunkt. Ein 2 Gramm Ozon Generator von Purusaqua ist darum zu vergleichen mit ein 4 Gramm Generator von viel andere Hersteller. Bei unsere Ozon Generatoren sind der Messbedingungen gegeben so dass da kein \u00dcberraschungen warten.<\/p>\n<p>Es ist sogar so, dass der Ozon Ertrag von Ozon Generatoren ohne Messbedingungen oft gemessen ist mit trockenes Sauerstoff als zufuhr Gas. Wenn Sie dann diese Generator Verwendet mit Luft und nicht Sauerstoff bedeutet dass der Ertrag halb so gro\u00df ist wegen das Unterschein in Taupunkt. Aber dann k\u00f6nnen Sie der Ertrag auch teilen durch Zwei oder Drei wegen das gebrauch von Luft und nicht Sauerstoff. Dann haben Sie ein Generator gekauft von \u2018\u20182 Gramm\u2018\u2018 aber er gibt nur 0,3 bis 0,45 Gramm\/Uhr!<\/p>\n<p>Wie Sie sehen, die Auswirkung von feuchte Luft auf ein Ozon Generator ist sehr gro\u00df. Informieren Sie sich deshalb nach die Messbedingungen von der Ozon Generator. Das oben genannte Effekt ist einer von der gr\u00f6\u00dften Ursachen von schlecht funktionierende Ozon Systeme. Ohne weitere Informationen wei\u00dfen Sie nichts \u00fcber das Funktionieren von ein Ozon Generator wenn Hersteller nur die Grammen pro Uhr nennen.<\/p>\n<p>F\u00fcr weitere Informationen k\u00f6nnen Sie gern Kontakt aufnehmen. M\u00f6chten Sie wissen was Ihrer Ozon Generator tats\u00e4chlich gibt an Ozon auf Luft oder Sauerstoff? Wir k\u00f6nnen gegen eine kleine Geb\u00fchr Ihrer Ozon Generator durchmessen. Sie erhalten dann ein Messbericht von der Ozon Ertrag und der Messbedingungen.<\/p>\n","protected":false},"excerpt":{"rendered":"<p>Die Auswirkung von feuchte Luft auf der Ozon<\/p>\n","protected":false},"author":1,"featured_media":0,"parent":0,"menu_order":0,"comment_status":"open","ping_status":"open","template":"","meta":{"_et_pb_use_builder":"","_et_pb_old_content":"","_et_gb_content_width":"","footnotes":""},"class_list":["post-3544","page","type-page","status-publish","hentry"],"_links":{"self":[{"href":"https:\/\/tolwatertechniek.nl\/de\/wp-json\/wp\/v2\/pages\/3544","targetHints":{"allow":["GET"]}}],"collection":[{"href":"https:\/\/tolwatertechniek.nl\/de\/wp-json\/wp\/v2\/pages"}],"about":[{"href":"https:\/\/tolwatertechniek.nl\/de\/wp-json\/wp\/v2\/types\/page"}],"author":[{"embeddable":true,"href":"https:\/\/tolwatertechniek.nl\/de\/wp-json\/wp\/v2\/users\/1"}],"replies":[{"embeddable":true,"href":"https:\/\/tolwatertechniek.nl\/de\/wp-json\/wp\/v2\/comments?post=3544"}],"version-history":[{"count":5,"href":"https:\/\/tolwatertechniek.nl\/de\/wp-json\/wp\/v2\/pages\/3544\/revisions"}],"predecessor-version":[{"id":9228,"href":"https:\/\/tolwatertechniek.nl\/de\/wp-json\/wp\/v2\/pages\/3544\/revisions\/9228"}],"wp:attachment":[{"href":"https:\/\/tolwatertechniek.nl\/de\/wp-json\/wp\/v2\/media?parent=3544"}],"curies":[{"name":"wp","href":"https:\/\/api.w.org\/{rel}","templated":true}]}}