{"id":3540,"date":"2013-04-13T07:39:05","date_gmt":"2013-04-13T07:39:05","guid":{"rendered":""},"modified":"2020-11-02T19:04:52","modified_gmt":"2020-11-02T19:04:52","slug":"antibiotika-medikamente-wasser","status":"publish","type":"page","link":"https:\/\/tolwatertechniek.nl\/de\/antibiotika-medikamente-wasser\/","title":{"rendered":"Antibiotika und Medikamente aus dem Wasser entfernen"},"content":{"rendered":"<p>Die Entfernung von Antibiotika und Medikamenten (Arzneimittelr\u00fcckst\u00e4nde) aus dem Wasser ist ein zunehmendes Problem. Wasserreiniger sind im Allgemeinen nicht in der Lage, diese Stoffe zu entfernen. Ozon kann die meisten dieser Stoffe abbauen. Bei den meisten Substanzen ist eine Reduktion von &gt;95% erreichbar.<\/p>\n<p>Um Antibiotika und Medikamente wirksam zu entfernen, sind sehr hohe Ozonkonzentrationen erforderlich, die dem Wasser effizient beigemischt werden. Tol Watertechniek baut Ozongeneratoren, die sehr hohe Ozonkonzentrationen erreichen k\u00f6nnen. Auch die Auslegung hocheffizienter Ozonreaktoren geh\u00f6rt zu unserer t\u00e4glichen Arbeit.<\/p>\n<p>Bitte kontaktieren Sie uns f\u00fcr weitere Informationen.<\/p>\n<p><strong>\u00a9 Tol Watertechniek<\/strong><\/p>\n","protected":false},"excerpt":{"rendered":"<p>Antibiotika und Medikamente aus dem Wasser entfernen<\/p>\n","protected":false},"author":1,"featured_media":0,"parent":0,"menu_order":0,"comment_status":"open","ping_status":"open","template":"","meta":{"_et_pb_use_builder":"","_et_pb_old_content":"","_et_gb_content_width":"","footnotes":""},"class_list":["post-3540","page","type-page","status-publish","hentry"],"_links":{"self":[{"href":"https:\/\/tolwatertechniek.nl\/de\/wp-json\/wp\/v2\/pages\/3540","targetHints":{"allow":["GET"]}}],"collection":[{"href":"https:\/\/tolwatertechniek.nl\/de\/wp-json\/wp\/v2\/pages"}],"about":[{"href":"https:\/\/tolwatertechniek.nl\/de\/wp-json\/wp\/v2\/types\/page"}],"author":[{"embeddable":true,"href":"https:\/\/tolwatertechniek.nl\/de\/wp-json\/wp\/v2\/users\/1"}],"replies":[{"embeddable":true,"href":"https:\/\/tolwatertechniek.nl\/de\/wp-json\/wp\/v2\/comments?post=3540"}],"version-history":[{"count":1,"href":"https:\/\/tolwatertechniek.nl\/de\/wp-json\/wp\/v2\/pages\/3540\/revisions"}],"predecessor-version":[{"id":5964,"href":"https:\/\/tolwatertechniek.nl\/de\/wp-json\/wp\/v2\/pages\/3540\/revisions\/5964"}],"wp:attachment":[{"href":"https:\/\/tolwatertechniek.nl\/de\/wp-json\/wp\/v2\/media?parent=3540"}],"curies":[{"name":"wp","href":"https:\/\/api.w.org\/{rel}","templated":true}]}}