{"id":3519,"date":"2013-01-23T13:33:33","date_gmt":"2013-01-23T13:33:33","guid":{"rendered":"https:\/\/tolwatertechniek.nl\/de\/redox\/"},"modified":"2020-11-11T19:14:27","modified_gmt":"2020-11-11T19:14:27","slug":"redox","status":"publish","type":"page","link":"https:\/\/tolwatertechniek.nl\/de\/redox\/","title":{"rendered":"Was bedeutet der Redoxwert von Wasser?"},"content":{"rendered":"<p><strong>Was bedeutet der Redoxwert von Wasser?<\/strong><\/p>\n<p>Der Begriff &#8222;Redox&#8220; wird oft in der Wasseraufbereitung verwendet, aber was bedeutet er eigentlich? Redox steht f\u00fcr <strong>Red<\/strong>uktions- und <strong>Ox<\/strong>idationspotential, und wenn wir uns den englischen Begriff ORP ansehen, steht er f\u00fcr <strong>O<\/strong>xidation-<strong>R<\/strong>eduction-<strong>P<\/strong>otential. Wir wissen jetzt, wof\u00fcr die Buchstaben stehen, aber was bedeuten sie eigentlich? Das ist schwer zu erkl\u00e4ren, die beste Definition, die ich geben kann, ist, dass es die Reinheit des Wassers und die F\u00e4higkeit zum Abbau von Verschmutzung darstellt. Die Redox wird in mV gemessen und variiert von -2000mV bis +2000mV. Negative Redox-Werte sind eigentlich nur bei bestimmten Methoden der Wasserreinigung w\u00fcnschenswert. Da sich dieser Beitrag auf Redox in Bezug auf Ozon (Oxidation) konzentriert, konzentrieren wir uns nur auf einen positiven Redoxwert.<\/p>\n<p>Der Redoxwert wird durch einen Redoxsensor gemessen, dieser Sensor misst die Oxidationskapazit\u00e4t von Wasser. Der Redoxwert gibt auch einen Hinweis auf den Gehalt an gel\u00f6stem Sauerstoff im Wasser. Schwerer verschmutztes Wasser enth\u00e4lt weniger gel\u00f6sten Sauerstoff, da organische Verschmutzung Sauerstoff verbraucht. Infolgedessen wird das Redoxpotential von verschmutztem Wasser niedriger sein als das von sauberem Wasser. Unten sehen Sie einige Redox-Werte und ihre Anwendung.<\/p>\n<table width=\"406\">\n<tbody>\n<tr>\n<td width=\"124\">Redoxwert (mV)<\/td>\n<td width=\"282\">Anwendung<\/td>\n<\/tr>\n<tr>\n<td>0-150<\/td>\n<td>Einige biologische Reinigungsmethoden<\/td>\n<\/tr>\n<tr>\n<td>150-300<\/td>\n<td>Teiche, Fischzucht und Aquarien<\/td>\n<\/tr>\n<tr>\n<td>300-400<\/td>\n<td>K\u00fchlt\u00fcrem<\/td>\n<\/tr>\n<tr>\n<td>400-500<\/td>\n<td>Schwimmb\u00e4der<\/td>\n<\/tr>\n<tr>\n<td>500-600<\/td>\n<td>Whirlpools und Spas<\/td>\n<\/tr>\n<tr>\n<td>600-800<\/td>\n<td>Wasserdesinfektion<\/td>\n<\/tr>\n<tr>\n<td>&gt;800<\/td>\n<td>Wasserstrerilistation<\/td>\n<\/tr>\n<\/tbody>\n<\/table>\n<p>&nbsp;<\/p>\n<p>Der Redoxwert gibt auch einen Hinweis auf die bakteriologische Aktivit\u00e4t des Wassers. Unten finden Sie einen Hinweis auf die Beziehung zwischen dem Redox und der Anzahl der coliformen Bakterien.<\/p>\n<table width=\"406\">\n<tbody>\n<tr>\n<td width=\"124\">Redoxwert (mV)<\/td>\n<td width=\"282\">Coliforme Menge pro 100 ml Wasser<\/td>\n<\/tr>\n<tr>\n<td>200<\/td>\n<td>300<\/td>\n<\/tr>\n<tr>\n<td>300<\/td>\n<td>30<\/td>\n<\/tr>\n<tr>\n<td>400<\/td>\n<td>3<\/td>\n<\/tr>\n<tr>\n<td>600<\/td>\n<td>0<\/td>\n<\/tr>\n<\/tbody>\n<\/table>\n<p>&nbsp;<\/p>\n<p>In sauberem Wasser ist der Redoxwert ein guter Indikator f\u00fcr die Menge des im Wasser gel\u00f6sten Ozons, vorausgesetzt, dass keine anderen Oxidationsmittel im Wasser vorhanden sind.<\/p>\n<p><strong>\u00a9 Tol Watertechiek<\/strong><\/p>\n","protected":false},"excerpt":{"rendered":"<p>Was bedeutet der Redoxwert von Wasser?<\/p>\n","protected":false},"author":1,"featured_media":0,"parent":0,"menu_order":0,"comment_status":"open","ping_status":"open","template":"","meta":{"_et_pb_use_builder":"","_et_pb_old_content":"","_et_gb_content_width":"","footnotes":""},"class_list":["post-3519","page","type-page","status-publish","hentry"],"_links":{"self":[{"href":"https:\/\/tolwatertechniek.nl\/de\/wp-json\/wp\/v2\/pages\/3519","targetHints":{"allow":["GET"]}}],"collection":[{"href":"https:\/\/tolwatertechniek.nl\/de\/wp-json\/wp\/v2\/pages"}],"about":[{"href":"https:\/\/tolwatertechniek.nl\/de\/wp-json\/wp\/v2\/types\/page"}],"author":[{"embeddable":true,"href":"https:\/\/tolwatertechniek.nl\/de\/wp-json\/wp\/v2\/users\/1"}],"replies":[{"embeddable":true,"href":"https:\/\/tolwatertechniek.nl\/de\/wp-json\/wp\/v2\/comments?post=3519"}],"version-history":[{"count":3,"href":"https:\/\/tolwatertechniek.nl\/de\/wp-json\/wp\/v2\/pages\/3519\/revisions"}],"predecessor-version":[{"id":6184,"href":"https:\/\/tolwatertechniek.nl\/de\/wp-json\/wp\/v2\/pages\/3519\/revisions\/6184"}],"wp:attachment":[{"href":"https:\/\/tolwatertechniek.nl\/de\/wp-json\/wp\/v2\/media?parent=3519"}],"curies":[{"name":"wp","href":"https:\/\/api.w.org\/{rel}","templated":true}]}}