{"id":3516,"date":"2013-01-23T12:54:22","date_gmt":"2013-01-23T12:54:22","guid":{"rendered":"https:\/\/tolwatertechniek.nl\/de\/ozonbestendigheid-materialen\/"},"modified":"2025-07-23T15:06:16","modified_gmt":"2025-07-23T15:06:16","slug":"ozonbestaendige-materialien","status":"publish","type":"page","link":"https:\/\/tolwatertechniek.nl\/de\/ozonbestaendige-materialien\/","title":{"rendered":"Ozonbest\u00e4ndigkeit verschiedener Materialien"},"content":{"rendered":"\t\t<div data-elementor-type=\"wp-page\" data-elementor-id=\"3516\" class=\"elementor elementor-3516 elementor-3514\" data-elementor-post-type=\"page\">\n\t\t\t\t<div class=\"elementor-element elementor-element-5c88cd4c e-flex e-con-boxed e-con e-parent\" data-id=\"5c88cd4c\" data-element_type=\"container\" data-e-type=\"container\">\n\t\t\t\t\t<div class=\"e-con-inner\">\n\t\t\t\t<div class=\"elementor-element elementor-element-2c2d38ea elementor-widget elementor-widget-text-editor\" data-id=\"2c2d38ea\" data-element_type=\"widget\" data-e-type=\"widget\" data-widget_type=\"text-editor.default\">\n\t\t\t\t<div class=\"elementor-widget-container\">\n\t\t\t\t\t\t\t\t\t<p>Ozon ist ein sehr aggressives Gas, und nur wenige Materialien sind ozonbest\u00e4ndig. Es macht auch einen Unterschied, ob das Ozon gasf\u00f6rmig oder in Wasser gel\u00f6st ist. Nachstehend finden Sie eine Liste der Ozonbest\u00e4ndigkeit verschiedener Materialien. Die Tabelle geht von hohen Ozonkonzentrationen aus.<\/p><br><table width=\"672\">\r\n<tbody>\r\n<tr>\r\n<td colspan=\"2\" width=\"389\"><strong>Ozon gasf\u00f6rmig<\/strong><\/td>\r\n<td width=\"22\">\u00a0<\/td>\r\n<td colspan=\"2\" width=\"260\"><strong>Ozon in Wasser gel\u00f6st<\/strong><\/td>\r\n<\/tr>\r\n<tr>\r\n<td width=\"103\"><strong><u>Material<\/u><\/strong><\/td>\r\n<td><strong><u>Best\u00e4ndigkeit<\/u><\/strong><\/td>\r\n<td width=\"22\"><strong><u>\u00a0<\/u><\/strong><\/td>\r\n<td width=\"143\"><strong><u>Material<\/u><\/strong><\/td>\r\n<td width=\"117\"><strong><u>Best\u00e4ndigkeit<\/u><\/strong><\/td>\r\n<\/tr>\r\n<tr>\r\n<td width=\"103\">ABS<\/td>\r\n<td>Gut<\/td>\r\n<td width=\"22\">\u00a0<\/td>\r\n<td width=\"143\">ABS<\/td>\r\n<td width=\"117\">Befriedigend<\/td>\r\n<\/tr>\r\n<tr>\r\n<td width=\"103\">Acrylat (Plexiglas)<\/td>\r\n<td>Gut<\/td>\r\n<td width=\"22\">\u00a0<\/td>\r\n<td width=\"143\">Acrylat (Plexiglas)<\/td>\r\n<td width=\"117\">Perfekt<\/td>\r\n<\/tr>\r\n<tr>\r\n<td width=\"103\">Aluminium<\/td>\r\n<td>Gut (trockenes Ozon)<\/td>\r\n<td width=\"22\">\u00a0<\/td>\r\n<td width=\"143\">Aluminium<\/td>\r\n<td width=\"117\">Schlecht<\/td>\r\n<\/tr>\r\n<tr>\r\n<td width=\"103\">EPDM<\/td>\r\n<td>Gut<\/td>\r\n<td width=\"22\">\u00a0<\/td>\r\n<td width=\"143\">EPDM<\/td>\r\n<td width=\"117\">Befriedigend<\/td>\r\n<\/tr>\r\n<tr>\r\n<td width=\"103\">Verzinktes Eisen<\/td>\r\n<td>Befriedigend<\/td>\r\n<td width=\"22\">\u00a0<\/td>\r\n<td width=\"143\">Verzinktes Eisen<\/td>\r\n<td width=\"117\">Schlecht<\/td>\r\n<\/tr>\r\n<tr>\r\n<td width=\"103\">Gusseisen<\/td>\r\n<td>Befriedigend<\/td>\r\n<td width=\"22\">\u00a0<\/td>\r\n<td width=\"143\">Gusseisen<\/td>\r\n<td width=\"117\">Schlecht<\/td>\r\n<\/tr>\r\n<tr>\r\n<td width=\"103\">Glas<\/td>\r\n<td>Perfekt<\/td>\r\n<td width=\"22\">\u00a0<\/td>\r\n<td width=\"143\">Glas<\/td>\r\n<td width=\"117\">Perfekt<\/td>\r\n<\/tr>\r\n<tr>\r\n<td width=\"103\">Hastelloy-C \u00ae<\/td>\r\n<td>Perfekt<\/td>\r\n<td width=\"22\">\u00a0<\/td>\r\n<td width=\"143\">Hastelloy-C \u00ae<\/td>\r\n<td width=\"117\">Perfekt<\/td>\r\n<\/tr>\r\n<tr>\r\n<td width=\"103\">HDPE<\/td>\r\n<td>Befriedigend<\/td>\r\n<td width=\"22\">\u00a0<\/td>\r\n<td width=\"143\">HDPE<\/td>\r\n<td width=\"117\">Befriedigend<\/td>\r\n<\/tr>\r\n<tr>\r\n<td width=\"103\">LDPE<\/td>\r\n<td>Schlecht<\/td>\r\n<td width=\"22\">\u00a0<\/td>\r\n<td width=\"143\">LDPE<\/td>\r\n<td width=\"117\">Schlecht<\/td>\r\n<\/tr>\r\n<tr>\r\n<td width=\"103\">Monel<\/td>\r\n<td>Schlecht<\/td>\r\n<td width=\"22\">\u00a0<\/td>\r\n<td width=\"143\">Monel<\/td>\r\n<td width=\"117\">Schlecht<\/td>\r\n<\/tr>\r\n<tr>\r\n<td width=\"103\">Naturkautschuk<\/td>\r\n<td>Schlecht<\/td>\r\n<td width=\"22\">\u00a0<\/td>\r\n<td width=\"143\">Naturkautschuk<\/td>\r\n<td width=\"117\">Schlecht<\/td>\r\n<\/tr>\r\n<tr>\r\n<td width=\"103\">Nylon<\/td>\r\n<td>Schlecht<\/td>\r\n<td width=\"22\">\u00a0<\/td>\r\n<td width=\"143\">Nylon<\/td>\r\n<td width=\"117\">Schlecht<\/td>\r\n<\/tr>\r\n<tr>\r\n<td width=\"103\">Polykarbonat<\/td>\r\n<td>Perfekt<\/td>\r\n<td width=\"22\">\u00a0<\/td>\r\n<td width=\"143\">Polykarbonat<\/td>\r\n<td width=\"117\">Perfekt<\/td>\r\n<\/tr>\r\n<tr>\r\n<td width=\"103\">PTFE<\/td>\r\n<td>Perfekt<\/td>\r\n<td width=\"22\">\u00a0<\/td>\r\n<td width=\"143\">PTFE<\/td>\r\n<td width=\"117\">Perfekt<\/td>\r\n<\/tr>\r\n<tr>\r\n<td width=\"103\">PVC-C<\/td>\r\n<td>Gut (wird mit der Zeit spr\u00f6de)<\/td>\r\n<td width=\"22\">\u00a0<\/td>\r\n<td width=\"143\">PVC-C<\/td>\r\n<td width=\"117\">Perfekt<\/td>\r\n<\/tr>\r\n<tr>\r\n<td width=\"103\">PVC-U<\/td>\r\n<td>Gut (wird mit der Zeit spr\u00f6de)<\/td>\r\n<td width=\"22\">\u00a0<\/td>\r\n<td width=\"143\">PVC-U<\/td>\r\n<td width=\"117\">Perfekt<\/td>\r\n<\/tr>\r\n<tr>\r\n<td width=\"103\">PVDF<\/td>\r\n<td>Perfekt<\/td>\r\n<td width=\"22\">\u00a0<\/td>\r\n<td width=\"143\">PVDF<\/td>\r\n<td width=\"117\">Perfekt<\/td>\r\n<\/tr>\r\n<tr>\r\n<td width=\"103\">Rostfreier Stahl 304<\/td>\r\n<td>Perfekt<\/td>\r\n<td width=\"22\">\u00a0<\/td>\r\n<td width=\"143\">Rostfreier Stahl 304<\/td>\r\n<td width=\"117\">Perfekt<\/td>\r\n<\/tr>\r\n<tr>\r\n<td width=\"103\">Rostfreier Stahl 316<\/td>\r\n<td>Perfekt<\/td>\r\n<td width=\"22\">\u00a0<\/td>\r\n<td width=\"143\">Rostfreier Stahl 316<\/td>\r\n<td width=\"117\">Perfekt<\/td>\r\n<\/tr>\r\n<tr>\r\n<td width=\"103\">Silikon<\/td>\r\n<td>Perfekt<\/td>\r\n<td width=\"22\">\u00a0<\/td>\r\n<td width=\"143\">Silikon<\/td>\r\n<td width=\"117\">Perfekt<\/td>\r\n<\/tr>\r\n<tr>\r\n<td width=\"103\">Titan<\/td>\r\n<td>Perfekt<\/td>\r\n<td width=\"22\">\u00a0<\/td>\r\n<td width=\"143\">Titan<\/td>\r\n<td width=\"117\">Perfekt<\/td>\r\n<\/tr>\r\n<tr>\r\n<td width=\"103\">Viton<\/td>\r\n<td>Perfekt<\/td>\r\n<td width=\"22\">\u00a0<\/td>\r\n<td width=\"143\">Viton<\/td>\r\n<td width=\"117\">Perfekt<\/td>\r\n<\/tr>\r\n<tr>\r\n<td width=\"103\">\u00a0<\/td>\r\n<td>\u00a0<\/td>\r\n<td width=\"22\">\u00a0<\/td>\r\n<td width=\"143\">\u00a0<\/td>\r\n<td width=\"117\">\u00a0<\/td>\r\n<\/tr>\r\n<tr>\r\n<td width=\"103\">\u00a0<\/td>\r\n<td>\u00a0<\/td>\r\n<td width=\"22\">\u00a0<\/td>\r\n<td width=\"143\">\u00a0<\/td>\r\n<td width=\"117\">\u00a0<\/td>\r\n<\/tr>\r\n<tr>\r\n<td width=\"103\"><strong>Perfekt<\/strong><\/td>\r\n<td>Ozon greift diese Materialien nicht an.<\/td>\r\n<td width=\"22\">\u00a0<\/td>\r\n<td width=\"143\">\u00a0<\/td>\r\n<td width=\"117\">\u00a0<\/td>\r\n<\/tr>\r\n<tr>\r\n<td width=\"103\"><strong>Gut<\/strong><\/td>\r\n<td colspan=\"4\" width=\"569\">Ozon greift diese Materialien in sehr begrenztem Umfang an (eine Exposition gegen\u00fcber sehr hohen Ozonkonzentrationen wird nicht empfohlen).<\/td>\r\n<\/tr>\r\n<tr>\r\n<td width=\"103\"><strong>Befriedigend<\/strong><\/td>\r\n<td colspan=\"3\">Ozon greift diese Materialien innerhalb weniger Wochen an<\/td>\r\n<td width=\"117\">\u00a0<\/td>\r\n<\/tr>\r\n<tr>\r\n<td width=\"103\"><strong>Schlecht<\/strong><\/td>\r\n<td colspan=\"3\">Ozon greift diese Materialien sofort an (innerhalb von Tagen, machmal sogar Stunden)<\/td>\r\n<td width=\"117\">\u00a0<\/td>\r\n<\/tr>\r\n<\/tbody>\r\n<\/table><br><p><strong>\u00a9 Tol Watertechniek<\/strong><\/p>\t\t\t\t\t\t\t\t<\/div>\n\t\t\t\t<\/div>\n\t\t\t\t\t<\/div>\n\t\t\t\t<\/div>\n\t\t<div class=\"elementor-element elementor-element-2edcff5 e-flex e-con-boxed e-con e-parent\" data-id=\"2edcff5\" data-element_type=\"container\" data-e-type=\"container\">\n\t\t\t\t\t<div class=\"e-con-inner\">\n\t\t\t\t<div class=\"elementor-element elementor-element-b211204 elementor-widget elementor-widget-heading\" data-id=\"b211204\" data-element_type=\"widget\" data-e-type=\"widget\" data-widget_type=\"heading.default\">\n\t\t\t\t<div class=\"elementor-widget-container\">\n\t\t\t\t\t<h2 class=\"elementor-heading-title elementor-size-default\">Ozonbest\u00e4ndigkeit testen lassen<\/h2>\t\t\t\t<\/div>\n\t\t\t\t<\/div>\n\t\t\t\t<div class=\"elementor-element elementor-element-d99bd6d elementor-widget elementor-widget-text-editor\" data-id=\"d99bd6d\" data-element_type=\"widget\" data-e-type=\"widget\" data-widget_type=\"text-editor.default\">\n\t\t\t\t<div class=\"elementor-widget-container\">\n\t\t\t\t\t\t\t\t\t<p style=\"font-weight: 400;\">Ozon ist ein stark oxidierendes Gas. In der Wasser- und Luftaufbereitung nutzen wir diese Eigenschaft. Sie f\u00fchrt jedoch auch dazu, dass viele Materialien vom Ozon angegriffen werden<\/p><br><p style=\"font-weight: 400;\">Bei manchen Materialien ist diese Sch\u00e4digung sehr schnell sichtbar, zum Beispiel bei Naturkautschuk. Andere Materialien werden vom Ozon viel langsamer beeinflusst, wie zum Beispiel das Spr\u00f6dewerden mancher Kunststoffe.<\/p><br><p style=\"font-weight: 400;\">Risse, Verf\u00e4rbungen, Verh\u00e4rtung oder sogar vollst\u00e4ndiger Abbau von Gummi, Kunststoff oder Beschichtungen sind alles Beispiele f\u00fcr die Wirkung von Ozon.<\/p><br><p style=\"font-weight: 400;\">Wir k\u00f6nnen Ihre Materialien auf Ozonbest\u00e4ndigkeit testen. Es gibt verschiedene Testparameter, die auf Ihre spezifische Situation abgestimmt werden k\u00f6nnen. Parameter wie:<\/p><br><ul style=\"font-weight: 400;\">\r\n<li>Ozonkonzentration<\/li>\r\n<li>Belastungsdauer<\/li>\r\n<li>Temperatur<\/li>\r\n<li>Luftfeuchtigkeit<\/li>\r\n<\/ul><br><p style=\"font-weight: 400;\">Nach einem Ozonbest\u00e4ndigkeitstest erhalten Sie einen Bericht mit den Testparametern. Auf Wunsch erg\u00e4nzt durch periodische Probenahmen mit Fotos und\/oder Analysen.<\/p>\t\t\t\t\t\t\t\t<\/div>\n\t\t\t\t<\/div>\n\t\t\t\t\t<\/div>\n\t\t\t\t<\/div>\n\t\t<div class=\"elementor-element elementor-element-7e900bc e-flex e-con-boxed e-con e-parent\" data-id=\"7e900bc\" data-element_type=\"container\" data-e-type=\"container\">\n\t\t\t\t\t<div class=\"e-con-inner\">\n\t\t\t\t<div class=\"elementor-element elementor-element-ce976d8 elementor-widget elementor-widget-heading\" data-id=\"ce976d8\" data-element_type=\"widget\" data-e-type=\"widget\" data-widget_type=\"heading.default\">\n\t\t\t\t<div class=\"elementor-widget-container\">\n\t\t\t\t\t<h2 class=\"elementor-heading-title elementor-size-default\">Ozon-Test anfordern? Nehmen Sie gern Kontakt mit uns auf!<\/h2>\t\t\t\t<\/div>\n\t\t\t\t<\/div>\n\t\t\t\t\t<\/div>\n\t\t\t\t<\/div>\n\t\t<div class=\"elementor-element elementor-element-9f6cc64 e-flex e-con-boxed e-con e-parent\" data-id=\"9f6cc64\" data-element_type=\"container\" data-e-type=\"container\">\n\t\t\t\t\t<div class=\"e-con-inner\">\n\t\t\t\t<div class=\"elementor-element elementor-element-8eff26c elementor-align-start elementor-icon-list--layout-traditional elementor-list-item-link-full_width elementor-widget elementor-widget-icon-list\" data-id=\"8eff26c\" data-element_type=\"widget\" data-e-type=\"widget\" data-widget_type=\"icon-list.default\">\n\t\t\t\t<div class=\"elementor-widget-container\">\n\t\t\t\t\t\t\t<ul class=\"elementor-icon-list-items\">\n\t\t\t\t\t\t\t<li class=\"elementor-icon-list-item\">\n\t\t\t\t\t\t\t\t\t\t\t<a href=\"tel:+31612454088\">\n\n\t\t\t\t\t\t\t\t\t\t\t\t<span class=\"elementor-icon-list-icon\">\n\t\t\t\t\t\t\t<svg aria-hidden=\"true\" class=\"e-font-icon-svg e-fas-phone-alt\" viewBox=\"0 0 512 512\" xmlns=\"http:\/\/www.w3.org\/2000\/svg\"><path d=\"M497.39 361.8l-112-48a24 24 0 0 0-28 6.9l-49.6 60.6A370.66 370.66 0 0 1 130.6 204.11l60.6-49.6a23.94 23.94 0 0 0 6.9-28l-48-112A24.16 24.16 0 0 0 122.6.61l-104 24A24 24 0 0 0 0 48c0 256.5 207.9 464 464 464a24 24 0 0 0 23.4-18.6l24-104a24.29 24.29 0 0 0-14.01-27.6z\"><\/path><\/svg>\t\t\t\t\t\t<\/span>\n\t\t\t\t\t\t\t\t\t\t<span class=\"elementor-icon-list-text\">+31(0)6 12 45 40 88<\/span>\n\t\t\t\t\t\t\t\t\t\t\t<\/a>\n\t\t\t\t\t\t\t\t\t<\/li>\n\t\t\t\t\t\t\t\t<li class=\"elementor-icon-list-item\">\n\t\t\t\t\t\t\t\t\t\t\t<a href=\"mailto:info@tolwatertechniek.nl\">\n\n\t\t\t\t\t\t\t\t\t\t\t\t<span class=\"elementor-icon-list-icon\">\n\t\t\t\t\t\t\t<svg aria-hidden=\"true\" class=\"e-font-icon-svg e-fas-envelope\" viewBox=\"0 0 512 512\" xmlns=\"http:\/\/www.w3.org\/2000\/svg\"><path d=\"M502.3 190.8c3.9-3.1 9.7-.2 9.7 4.7V400c0 26.5-21.5 48-48 48H48c-26.5 0-48-21.5-48-48V195.6c0-5 5.7-7.8 9.7-4.7 22.4 17.4 52.1 39.5 154.1 113.6 21.1 15.4 56.7 47.8 92.2 47.6 35.7.3 72-32.8 92.3-47.6 102-74.1 131.6-96.3 154-113.7zM256 320c23.2.4 56.6-29.2 73.4-41.4 132.7-96.3 142.8-104.7 173.4-128.7 5.8-4.5 9.2-11.5 9.2-18.9v-19c0-26.5-21.5-48-48-48H48C21.5 64 0 85.5 0 112v19c0 7.4 3.4 14.3 9.2 18.9 30.6 23.9 40.7 32.4 173.4 128.7 16.8 12.2 50.2 41.8 73.4 41.4z\"><\/path><\/svg>\t\t\t\t\t\t<\/span>\n\t\t\t\t\t\t\t\t\t\t<span class=\"elementor-icon-list-text\">info@tolwatertechniek.nl<\/span>\n\t\t\t\t\t\t\t\t\t\t\t<\/a>\n\t\t\t\t\t\t\t\t\t<\/li>\n\t\t\t\t\t\t<\/ul>\n\t\t\t\t\t\t<\/div>\n\t\t\t\t<\/div>\n\t\t\t\t\t<\/div>\n\t\t\t\t<\/div>\n\t\t<div class=\"elementor-element elementor-element-8534273 e-flex e-con-boxed e-con e-parent\" data-id=\"8534273\" data-element_type=\"container\" data-e-type=\"container\">\n\t\t\t\t\t<div class=\"e-con-inner\">\n\t\t\t\t<div class=\"elementor-element elementor-element-3d1868e elementor-button-align-stretch elementor-widget elementor-widget-form\" data-id=\"3d1868e\" data-element_type=\"widget\" data-e-type=\"widget\" data-settings=\"{&quot;button_width&quot;:&quot;33&quot;,&quot;step_next_label&quot;:&quot;Volgende&quot;,&quot;step_previous_label&quot;:&quot;Vorige&quot;,&quot;step_type&quot;:&quot;number_text&quot;,&quot;step_icon_shape&quot;:&quot;circle&quot;}\" data-widget_type=\"form.default\">\n\t\t\t\t<div class=\"elementor-widget-container\">\n\t\t\t\t\t\t\t<form class=\"elementor-form\" method=\"post\" name=\"Nieuw formulier\" aria-label=\"Nieuw formulier\">\n\t\t\t<input type=\"hidden\" name=\"post_id\" value=\"3516\"\/>\n\t\t\t<input type=\"hidden\" name=\"form_id\" value=\"3d1868e\"\/>\n\t\t\t<input type=\"hidden\" name=\"referer_title\" value=\"\" \/>\n\n\t\t\t\n\t\t\t<div class=\"elementor-form-fields-wrapper elementor-labels-\">\n\t\t\t\t\t\t\t\t<div class=\"elementor-field-type-text elementor-field-group elementor-column elementor-field-group-name elementor-col-100\">\n\t\t\t\t\t\t\t\t\t\t\t\t<label for=\"form-field-name\" class=\"elementor-field-label elementor-screen-only\">\n\t\t\t\t\t\t\t\tName\t\t\t\t\t\t\t<\/label>\n\t\t\t\t\t\t\t\t\t\t\t\t\t\t<input size=\"1\" type=\"text\" name=\"form_fields[name]\" id=\"form-field-name\" class=\"elementor-field elementor-size-sm  elementor-field-textual\" placeholder=\"  Name\">\n\t\t\t\t\t\t\t\t\t\t\t<\/div>\n\t\t\t\t\t\t\t\t<div class=\"elementor-field-type-email elementor-field-group elementor-column elementor-field-group-email elementor-col-100 elementor-field-required\">\n\t\t\t\t\t\t\t\t\t\t\t\t<label for=\"form-field-email\" class=\"elementor-field-label elementor-screen-only\">\n\t\t\t\t\t\t\t\tE-mail\t\t\t\t\t\t\t<\/label>\n\t\t\t\t\t\t\t\t\t\t\t\t\t\t<input size=\"1\" type=\"email\" name=\"form_fields[email]\" id=\"form-field-email\" class=\"elementor-field elementor-size-sm  elementor-field-textual\" placeholder=\"   E-mail\" required=\"required\">\n\t\t\t\t\t\t\t\t\t\t\t<\/div>\n\t\t\t\t\t\t\t\t<div class=\"elementor-field-type-text elementor-field-group elementor-column elementor-field-group-field_36c3de3 elementor-col-100 elementor-field-required\">\n\t\t\t\t\t\t\t\t\t\t\t\t<label for=\"form-field-field_36c3de3\" class=\"elementor-field-label elementor-screen-only\">\n\t\t\t\t\t\t\t\tTelefonnummer\t\t\t\t\t\t\t<\/label>\n\t\t\t\t\t\t\t\t\t\t\t\t\t\t<input size=\"1\" type=\"text\" name=\"form_fields[field_36c3de3]\" id=\"form-field-field_36c3de3\" class=\"elementor-field elementor-size-sm  elementor-field-textual\" placeholder=\"   Telefonnummer\" required=\"required\">\n\t\t\t\t\t\t\t\t\t\t\t<\/div>\n\t\t\t\t\t\t\t\t<div class=\"elementor-field-type-textarea elementor-field-group elementor-column elementor-field-group-message elementor-col-100\">\n\t\t\t\t\t\t\t\t\t\t\t\t<label for=\"form-field-message\" class=\"elementor-field-label elementor-screen-only\">\n\t\t\t\t\t\t\t\tNachricht\t\t\t\t\t\t\t<\/label>\n\t\t\t\t\t\t<textarea class=\"elementor-field-textual elementor-field  elementor-size-sm\" name=\"form_fields[message]\" id=\"form-field-message\" rows=\"4\" placeholder=\"Nachricht\"><\/textarea>\t\t\t\t<\/div>\n\t\t\t\t\t\t\t\t<div class=\"elementor-field-type-recaptcha_v3 elementor-field-group elementor-column elementor-field-group-field_d062ad9 elementor-col-100 recaptcha_v3-bottomright\">\n\t\t\t\t\t<div class=\"elementor-field\" id=\"form-field-field_d062ad9\"><div class=\"elementor-g-recaptcha\" data-sitekey=\"6Ld0FggqAAAAAPjFu1-3RfpJwF_tG-XZLeV25CK2\" data-type=\"v3\" data-action=\"Form\" data-badge=\"bottomright\" data-size=\"invisible\"><\/div><\/div>\t\t\t\t<\/div>\n\t\t\t\t\t\t\t\t<div class=\"elementor-field-group elementor-column elementor-field-type-submit elementor-col-33 e-form__buttons\">\n\t\t\t\t\t<button class=\"elementor-button elementor-size-sm\" type=\"submit\">\n\t\t\t\t\t\t<span class=\"elementor-button-content-wrapper\">\n\t\t\t\t\t\t\t\t\t\t\t\t\t\t\t\t\t\t\t\t\t\t<span class=\"elementor-button-text\">Verstuur<\/span>\n\t\t\t\t\t\t\t\t\t\t\t\t\t<\/span>\n\t\t\t\t\t<\/button>\n\t\t\t\t<\/div>\n\t\t\t<\/div>\n\t\t<\/form>\n\t\t\t\t\t\t<\/div>\n\t\t\t\t<\/div>\n\t\t\t\t\t<\/div>\n\t\t\t\t<\/div>\n\t\t\t\t<\/div>\n\t\t","protected":false},"excerpt":{"rendered":"<p>Ozonbest\u00e4ndigkeit verschiedener Materialien<\/p>\n","protected":false},"author":1,"featured_media":0,"parent":0,"menu_order":0,"comment_status":"open","ping_status":"open","template":"","meta":{"_et_pb_use_builder":"","_et_pb_old_content":"","_et_gb_content_width":"","footnotes":""},"class_list":["post-3516","page","type-page","status-publish","hentry"],"_links":{"self":[{"href":"https:\/\/tolwatertechniek.nl\/de\/wp-json\/wp\/v2\/pages\/3516","targetHints":{"allow":["GET"]}}],"collection":[{"href":"https:\/\/tolwatertechniek.nl\/de\/wp-json\/wp\/v2\/pages"}],"about":[{"href":"https:\/\/tolwatertechniek.nl\/de\/wp-json\/wp\/v2\/types\/page"}],"author":[{"embeddable":true,"href":"https:\/\/tolwatertechniek.nl\/de\/wp-json\/wp\/v2\/users\/1"}],"replies":[{"embeddable":true,"href":"https:\/\/tolwatertechniek.nl\/de\/wp-json\/wp\/v2\/comments?post=3516"}],"version-history":[{"count":4,"href":"https:\/\/tolwatertechniek.nl\/de\/wp-json\/wp\/v2\/pages\/3516\/revisions"}],"predecessor-version":[{"id":9104,"href":"https:\/\/tolwatertechniek.nl\/de\/wp-json\/wp\/v2\/pages\/3516\/revisions\/9104"}],"wp:attachment":[{"href":"https:\/\/tolwatertechniek.nl\/de\/wp-json\/wp\/v2\/media?parent=3516"}],"curies":[{"name":"wp","href":"https:\/\/api.w.org\/{rel}","templated":true}]}}