{"id":3510,"date":"2013-01-18T12:36:32","date_gmt":"2013-01-18T12:36:32","guid":{"rendered":""},"modified":"2025-12-30T11:20:26","modified_gmt":"2025-12-30T11:20:26","slug":"information-geloest-ozon","status":"publish","type":"page","link":"https:\/\/tolwatertechniek.nl\/de\/information-geloest-ozon\/","title":{"rendered":"Information gel\u00f6stes Ozon"},"content":{"rendered":"<p><strong><em>Informationen \u00fcber gel\u00f6stes Ozon in Wasser.<\/em><\/strong><\/p>\n<p>Diese Seite enth\u00e4lt Informationen \u00fcber gel\u00f6stes Ozon in Wasser. Zum Beispiel: Was bedeutet gel\u00f6stes Ozon, was sagt dieser Wert aus und wovon h\u00e4ngt er ab.<\/p>\n<p>Genau wie Sauerstoff kann sich auch Ozon in Wasser l\u00f6sen, sogar viel besser als Sauerstoff. Bei Ozon hingegen wird die im Wasser gel\u00f6ste Menge schnell abnehmen, da Ozon von selbst in Sauerstoff zerf\u00e4llt. Auf der anderen Seite wird das Ozon auch mit der im Wasser vorhandenen Verschmutzung reagieren. Es h\u00e4ngt von der Anwendung ab, ob und wie viel gel\u00f6stes Ozon in Wasser gew\u00fcnscht wird, aber dazu sp\u00e4ter mehr.<\/p>\n<p>Die maximal erreichbare Menge des im Wasser gel\u00f6sten Ozons h\u00e4ngt von verschiedenen Faktoren wie Druck, Temperatur, pH-Wert und verschiedenen anderen Parametern ab. Temperatur und Druck sind jedoch die wichtigsten und einflussreichsten Faktoren.<\/p>\n<p>Wenn das Ozongas eine Konzentration von 100gr\/Nm\u00b3 hat, k\u00f6nnen bei einer Wassertemperatur von 20 Grad etwa 30 Gramm Ozon pro Kubikmeter Wasser gel\u00f6st werden. Hier tritt die Bedeutung einer hohen Ozonkonzentration sofort in den Vordergrund. Eine gro\u00dfe Menge an gel\u00f6stem Ozon in Wasser ist nur m\u00f6glich, wenn die Ozonkonzentration in der Gasphase hoch ist!<\/p>\n<p>Wie viel gel\u00f6stes Ozon wir im Wasser haben wollen, h\u00e4ngt von der Anwendung ab. Zum Beispiel wollen wir f\u00fcr einen Teich kein\/n\u00e4hernd gel\u00f6stes Ozon im Wasser haben. Dies ist der Grund daf\u00fcr, dass Teiche relativ gro\u00dfe Ozonreaktoren ben\u00f6tigen. Da wir kein gel\u00f6stes Ozon im Teichwasser wollen, m\u00fcssen wir dem Ozon irgendwo anders die Chance geben, zu reagieren. Dazu wird ein Ozonreaktor eingesetzt.<\/p>\n<p>In der Industrie, zum Beispiel f\u00fcr Desinfektionsanwendungen, wollen wir so viel gel\u00f6stes Ozon wie m\u00f6glich im Wasser haben. Je mehr Ozon im Wasser gel\u00f6st wird, desto effektiver werden Bakterien, Schmutz und dergleichen oxidiert. Bei Anwendungen, bei denen gel\u00f6stes Ozon im Wasser vorhanden sein kann, ist es nicht immer notwendig, einen gro\u00dfen Reaktor zu verwenden, da das Ozon im Prozess mit der Verschmutzung reagieren kann. Jetzt m\u00fcssen wir nur noch eine gute Methode anwenden, um das Ozon im Wasser zu l\u00f6sen. Hier kann ein Venturi- oder HD-Ozonreaktor sehr n\u00fctzlich sein.<\/p>\n<p>Der oben beschriebene Text beschreibt die Grundlagen \u00fcber gel\u00f6stes Ozon. In der Praxis spielen mehrere andere Faktoren eine Rolle. Zum Beispiel wird der Einfluss von Druck hier nicht beschrieben, weil die Erkl\u00e4rung zu weit geht, um sie auf einer Website zu beschreiben. Wenn Sie Fragen zu dieser Erkl\u00e4rung haben, k\u00f6nnen Sie sich nat\u00fcrlich jederzeit an uns wenden.<\/p>\n<p><strong>\u00a9 Tol Watertechniek<\/strong><\/p>\n","protected":false},"excerpt":{"rendered":"<p>Information gel\u00f6stes Ozon<\/p>\n","protected":false},"author":1,"featured_media":0,"parent":0,"menu_order":0,"comment_status":"open","ping_status":"open","template":"","meta":{"_et_pb_use_builder":"","_et_pb_old_content":"","_et_gb_content_width":"","footnotes":""},"class_list":["post-3510","page","type-page","status-publish","hentry"],"_links":{"self":[{"href":"https:\/\/tolwatertechniek.nl\/de\/wp-json\/wp\/v2\/pages\/3510","targetHints":{"allow":["GET"]}}],"collection":[{"href":"https:\/\/tolwatertechniek.nl\/de\/wp-json\/wp\/v2\/pages"}],"about":[{"href":"https:\/\/tolwatertechniek.nl\/de\/wp-json\/wp\/v2\/types\/page"}],"author":[{"embeddable":true,"href":"https:\/\/tolwatertechniek.nl\/de\/wp-json\/wp\/v2\/users\/1"}],"replies":[{"embeddable":true,"href":"https:\/\/tolwatertechniek.nl\/de\/wp-json\/wp\/v2\/comments?post=3510"}],"version-history":[{"count":2,"href":"https:\/\/tolwatertechniek.nl\/de\/wp-json\/wp\/v2\/pages\/3510\/revisions"}],"predecessor-version":[{"id":5784,"href":"https:\/\/tolwatertechniek.nl\/de\/wp-json\/wp\/v2\/pages\/3510\/revisions\/5784"}],"wp:attachment":[{"href":"https:\/\/tolwatertechniek.nl\/de\/wp-json\/wp\/v2\/media?parent=3510"}],"curies":[{"name":"wp","href":"https:\/\/api.w.org\/{rel}","templated":true}]}}