{"id":3506,"date":"2013-01-17T16:09:06","date_gmt":"2013-01-17T16:09:06","guid":{"rendered":""},"modified":"2022-05-13T09:00:27","modified_gmt":"2022-05-13T09:00:27","slug":"information-restozon","status":"publish","type":"page","link":"https:\/\/tolwatertechniek.nl\/de\/information-restozon\/","title":{"rendered":"Informationen \u00fcber Restozon"},"content":{"rendered":"<p>Auf dieser Seite finden Sie weitere Informationen \u00fcber Restozon, z.B. was Restozon ist und wie Restozon entfernt werden kann. Zun\u00e4chst ein wenig mehr \u00fcber die Bedeutung von Restozon.<\/p>\n<p>Restozon ist Ozon, das in Ihrem Ozonreaktor nicht verbraucht wird. In einem Ozonreaktor werden Wasser und Gas (in diesem Fall Ozon) miteinander vermischt. Das Gas wird in der Regel \u00fcber ein Venturirohr oder blasenf\u00f6rmig eingeleitet und nach getaner Arbeit verl\u00e4sst der Gasstrom den Ozonreaktor \u00fcber einen Auslass. Ein Ozonreaktor ist nicht in der Lage, das gesamte zugef\u00fchrte Ozon mit dem Wasser zu reagieren, einfach weil der Wirkungsgrad eines Ozonreaktors nicht 100%, sondern zwischen 10% und 80% liegt.<\/p>\n<p>Ein Teil des eingeleiteten Ozons wird sich daher noch im austretenden Gasstrom befinden, dies wird als Restozon bezeichnet. In der Regel ist die Ozonkonzentration des Restozons so hoch, dass sie f\u00fcr die Gesundheit von Mensch und Tier sch\u00e4dlich ist. Wir m\u00fcssen also daf\u00fcr sorgen, dass wir die Ozonkonzentration im Restozon auf ein akzeptables Niveau senken, wof\u00fcr wir einen Restozonvernichter einsetzen.<\/p>\n<p>Der Abbau von Restozon kann auf verschiedene Weise erfolgen. Ein Restozonvernichter ist in mehreren Versionen erh\u00e4ltlich, jede mit Vor- und Nachteilen. Im Folgenden beschreiben wir 3 Wege zum Abbau von Restozon.<\/p>\n<p>&nbsp;<\/p>\n<p><strong>Ozonabbau mit Aktivkohle<\/strong><\/p>\n<p>Ein auf Aktivkohle basierender Restozonvernichter ist zweifellos der bekannteste Restozonvernichter. Ozon ist ein instabiles Gas, das schnell wieder zu Sauerstoff wird. Eine der M\u00f6glichkeiten, dies zu tun, besteht darin, daf\u00fcr zu sorgen, dass das Ozon etwas oxidieren kann. Eine Kohlenstoffquelle (z.B. Aktivkohle) wird durch Ozon sehr schnell oxidiert, wodurch Ozon wieder zu Sauerstoff zur\u00fcckf\u00e4llt.<\/p>\n<p>Bei dieser Reaktion wird W\u00e4rme freigesetzt, da Kohlenstoff oxidiert (verbrannt) wird. Dies ist der Grund daf\u00fcr, dass Aktivkohle nur in Restozon mit einer niedrigen Ozonkonzentration eingesetzt werden darf. Wenn die Ozonkonzentration des Restozons zu hoch ist, kann so viel W\u00e4rme erzeugt werden, dass sich die Aktivkohle spontan entz\u00fcndet! Eine einfache Faustregel lautet daher: Aktivkohle darf nur in Systemen eingesetzt werden, in denen das Ozon aus Luft erzeugt wird.<\/p>\n<p>In Ozonsystemen, in denen Ozon aus reinem Sauerstoff erzeugt wird, ist die Brandgefahr zu hoch.<\/p>\n<p>\u00dcbrigens, h\u00e4ngen Sie einen Aktivkohlefilter immer so auf, dass das Ozon durch die Aktivkohle sinkt, so dass das Ozon von oben zugef\u00fchrt wird und der Auslass unten liegt. Der Grund ist einfach: Ozon ist schwerer als Luft und sammelt sich am tiefsten Punkt. Wenn Ihr Aktivkohlefilter verkehrt herum h\u00e4ngt, sammelt sich das Ozon im Aktivkohlefilter. Bei eng bemessenen Aktivkohlefiltern kann dies zu einer zus\u00e4tzlichen W\u00e4rmeproduktion (und damit zu einer erh\u00f6hten Brandgefahr) f\u00fchren.<\/p>\n<p>&nbsp;<\/p>\n<p><em>Vorteile<\/em>:<\/p>\n<ul>\n<li>G\u00fcnstig<\/li>\n<li>Einfach<\/li>\n<\/ul>\n<p>&nbsp;<\/p>\n<p><em>Nachteile<\/em>:<\/p>\n<ul>\n<li>Verliert seine Wirkung, wenn (zu) viel Feuchtigkeit im Restozon vorhanden ist.<\/li>\n<li>Bei hoher Ozonkonzentration im Restozon besteht Brandgefahr.<\/li>\n<\/ul>\n<p>&nbsp;<\/p>\n<p><strong>Ozonabbau mit Mangandioxid<\/strong><\/p>\n<p>Diese Methode \u00e4hnelt einem auf Aktivkohle basierenden Restozonvernichter. Mangandioxid hat den Vorteil, dass die Brandgefahr um ein Vielfaches geringer ist.<\/p>\n<p>&nbsp;<\/p>\n<p><em>Vorteile<\/em>:<\/p>\n<ul>\n<li>Keine Brandgefahr<\/li>\n<li>Einfach<\/li>\n<\/ul>\n<p>&nbsp;<\/p>\n<p><em>Nachteile<\/em>:<\/p>\n<ul>\n<li>Verliert seine Wirkung, wenn (zu) viel Feuchtigkeit im Restozon vorhanden ist.<\/li>\n<li>Relativ teuer<\/li>\n<\/ul>\n<p>&nbsp;<\/p>\n<p><strong>Ozonabbau mit W\u00e4rme\/W\u00e4rme<\/strong><\/p>\n<p>Ozon zerf\u00e4llt auf nat\u00fcrliche Weise von selbst wieder in Sauerstoff, wobei die Geschwindigkeit, mit der dies geschieht, haupts\u00e4chlich von der Temperatur des Ozongases abh\u00e4ngt. Um Ihnen eine Vorstellung zu geben: Bei 20 Grad Celsius betr\u00e4gt die Halbwertszeit etwa 72 Stunden. Bei 250 Grad Celsius sind das nur eineinhalb Sekunden! In einem thermischen Restozonvernichter wird das Restozon auf +\/- 275 Grad Celsius erhitzt. Dies f\u00fchrt dazu, dass das Ozon schnell wieder in Sauerstoff zur\u00fcckf\u00e4llt.<\/p>\n<p>&nbsp;<\/p>\n<p><em>Vorteile: <\/em><\/p>\n<ul>\n<li>Kann auch verwendet werden, wenn viel Feuchtigkeit im Restozon vorhanden ist<\/li>\n<li>Wartungsfrei<\/li>\n<\/ul>\n<p><em>\u00a0<\/em><\/p>\n<p><em>Nachteile: <\/em><\/p>\n<ul>\n<li>Die Auswahl des Restozonvernichters ist recht pr\u00e4zise, da eine Mindestkontaktzeit erforderlich ist. Wenn die Kontaktzeit zu kurz ist, wird ein Teil des Ozons nicht in Sauerstoff umgewandelt.<\/li>\n<li>verbraucht eine angemessene Menge an Energie<\/li>\n<\/ul>\n<p>&nbsp;<\/p>\n<p><strong>Ozonabbau mit Mangandioxid und Thermik<\/strong><\/p>\n<p>Tol Watertechniek setzt Ozonvernichter ein, die aus einer mit Manganoxid gef\u00fcllten Patrone bestehen. Diese Patronen werden dann auf 50~100 Grad Celsius erhitzt. Auf diese Weise werden die Vorteile beider Methoden kombiniert. Diese Art von Restozonvernichtern ist weniger feuchtigkeitsempfindlich und die Auswahl des richtigen Typs ist auch weniger eng.<\/p>\n<p>&nbsp;<\/p>\n<p><em>Vorteile<\/em>:<\/p>\n<ul>\n<li>Kann auch verwendet werden, wenn viel Feuchtigkeit im Restozon vorhanden ist.<\/li>\n<li>Wartungsfrei<\/li>\n<li>\u00c4u\u00dferst zuverl\u00e4ssig<\/li>\n<\/ul>\n<p>&nbsp;<\/p>\n<p><em>Nachteile: <\/em><\/p>\n<ul>\n<li>Ben\u00f6tigt eine angemessene Menge an Energie<\/li>\n<\/ul>\n<p>&nbsp;<\/p>\n<p><strong>Ozonabbau mit UV-Licht<\/strong><\/p>\n<p>Ozon zerf\u00e4llt auch unter UV-Licht wieder zu Sauerstoff. Zu diesem Zweck k\u00f6nnen UV-C-Lampen mit einer Wellenl\u00e4nge von +\/- 254nm verwendet werden. Aufgrund des sehr hohen Stromverbrauchs und der gro\u00dfen Abmessungen wird diese Methode jedoch kaum angewendet. Daher wird diese Methode hier nicht n\u00e4her beschrieben.<\/p>\n<p><strong>\u00a9 Tol Watertechniek<\/strong><\/p>\n","protected":false},"excerpt":{"rendered":"<p>Informationen \u00fcber Restozon<\/p>\n","protected":false},"author":1,"featured_media":0,"parent":0,"menu_order":0,"comment_status":"open","ping_status":"open","template":"","meta":{"_et_pb_use_builder":"","_et_pb_old_content":"","_et_gb_content_width":"","footnotes":""},"class_list":["post-3506","page","type-page","status-publish","hentry"],"_links":{"self":[{"href":"https:\/\/tolwatertechniek.nl\/de\/wp-json\/wp\/v2\/pages\/3506","targetHints":{"allow":["GET"]}}],"collection":[{"href":"https:\/\/tolwatertechniek.nl\/de\/wp-json\/wp\/v2\/pages"}],"about":[{"href":"https:\/\/tolwatertechniek.nl\/de\/wp-json\/wp\/v2\/types\/page"}],"author":[{"embeddable":true,"href":"https:\/\/tolwatertechniek.nl\/de\/wp-json\/wp\/v2\/users\/1"}],"replies":[{"embeddable":true,"href":"https:\/\/tolwatertechniek.nl\/de\/wp-json\/wp\/v2\/comments?post=3506"}],"version-history":[{"count":2,"href":"https:\/\/tolwatertechniek.nl\/de\/wp-json\/wp\/v2\/pages\/3506\/revisions"}],"predecessor-version":[{"id":5794,"href":"https:\/\/tolwatertechniek.nl\/de\/wp-json\/wp\/v2\/pages\/3506\/revisions\/5794"}],"wp:attachment":[{"href":"https:\/\/tolwatertechniek.nl\/de\/wp-json\/wp\/v2\/media?parent=3506"}],"curies":[{"name":"wp","href":"https:\/\/api.w.org\/{rel}","templated":true}]}}