{"id":3503,"date":"2012-12-16T17:55:11","date_gmt":"2012-12-16T17:55:11","guid":{"rendered":"https:\/\/tolwatertechniek.nl\/de\/informatie-ozon-vijver\/"},"modified":"2022-05-09T08:27:26","modified_gmt":"2022-05-09T08:27:26","slug":"information-ozon-koiteich","status":"publish","type":"page","link":"https:\/\/tolwatertechniek.nl\/de\/information-ozon-koiteich\/","title":{"rendered":"Informationen \u00fcber ozon in einem Koi-Teiche"},"content":{"rendered":"<p>Ozon ist f\u00fcr Teiche und Koi-Teiche weit verbreitet, leider ist das Wissen \u00fcber Ozon in der Koi-Welt gering. In den verschiedenen Foren und bei zahlreichen Koi-H\u00e4ndlern finden Sie die wildesten Aussagen \u00fcber Ozon (unter anderem deshalb haben wir nur eine sehr begrenzte Anzahl von H\u00e4ndlern in der Koi-Welt). Das ist schade, weil es das Ozon in ein falsches Licht r\u00fcckt, aber gleichzeitig auch falsche Ratschl\u00e4ge gibt. Wir sto\u00dfen jedes Jahr auf Dutzende von Ozonanlagen an Koiteichen, die nicht richtig funktionieren.<\/p>\n<p>Es ist h\u00f6chste Zeit, hier einige hartn\u00e4ckige Missverst\u00e4ndnisse auszur\u00e4umen. Nachfolgend finden Sie den Verweis auf die beiden Artikel, die wir bereits verfasst haben:<\/p>\n<p>&#8211; Ozon zo zit dat dus (ver\u00f6ffentlicht in Koi Wijzer dec. 2011): <a href=\"https:\/\/tolwatertechniek.nl\/wp-content\/uploads\/Ozon-zo-zit-dat-dus.pdf\">Ozon zo zit dat dus<\/a><\/p>\n<p>&#8211; De beginselen van ozon voor vijvers (ver\u00f6ffentlicht im kostenlosen e-Magazin Nr. 41 von Vijvers &amp; koi): <a href=\"https:\/\/tolwatertechniek.nl\/wp-content\/uploads\/Artikel-Koimaster-v3.pdf\">Artikel Koimaster v3<\/a><\/p>\n<p><strong>Was ist Restozon.<\/strong><\/p>\n<p>Restozon und gel\u00f6stes Ozon werden oft verwechselt. Restozon ist Ozon, das nicht in Wasser gel\u00f6st ist. Die Luftblasen, die Sie in einem Reaktor aufsteigen sehen, sind also in Wirklichkeit Restozon, sobald diese Blasen das Wasser verlassen. Deshalb sollte ein Reaktor immer einen Anschluss haben, aus dem das zugef\u00fchrte Luft\/Ozon-Gemisch wieder austritt. Der austretende Gasstrom enth\u00e4lt ebenfalls Ozon oder auch Restozon.<\/p>\n<p>Dies ist ein Grund, warum wir gegen statische Mischer sind. Ein statischer Mischer hat einen traurig niedrigen Wirkungsgrad, so dass der gr\u00f6\u00dfte Teil des eingef\u00fchrten Ozons den Mischer als Restozon verl\u00e4sst. In der Regel ist keine Entgasungsm\u00f6glichkeit eingebaut, so dass das gesamte Restozon nur im Teich entgasen kann!<\/p>\n<p><strong>Was ist gel\u00f6stes Ozon.<\/strong><\/p>\n<p>Der Name sagt schon alles: Ozon, das in Wasser gel\u00f6st ist. Wie Sauerstoff kann auch Ozon im Wasser gel\u00f6st werden, sogar viel besser als Sauerstoff. Ein guter Reaktor wird daher einen gro\u00dfen Teil des zugef\u00fchrten Ozons in Wasser aufl\u00f6sen, aber das kann man nicht sehen. Mit den Anlagen, die an Koiteichen eingesetzt werden, lassen sich nur sehr niedrige Werte des gel\u00f6sten Ozons erzielen, was mit der Ozongaskonzentration zu tun hat. Das ist auch gut so, denn h\u00f6here Werte k\u00f6nnen schlecht f\u00fcr Ihre Koi sein.<\/p>\n<p><strong>Ein Redoxwert von 350~400 mV ist ein guter Wert f\u00fcr Teiche.<\/strong><\/p>\n<p>Dieser Wert ist eigentlich zu hoch f\u00fcr einen Teich, 275mV ist ein besserer Richtwert. Streng genommen kann der richtige Redoxwert nur bestimmt werden, wenn man auch den pH-Wert des Wassers kennt, dies geht zu weit, um es hier zu beschreiben. Ein zu hoher Redoxwert ist an der Blauf\u00e4rbung des Wassers zu erkennen. Das ist nicht gut f\u00fcr die Koi, weil das Wasser einen zu hohen Oxidationswert hat, es reizt die Schleimhaut der Koi.<\/p>\n<p><strong>Das Teichwasser ist blau oder hat einen blauen Schimmer.<\/strong><\/p>\n<p>Wie bereits erw\u00e4hnt, ist dies ein Zeichen daf\u00fcr, dass der Redoxwert des Wassers zu hoch ist. Ein hoher Redoxwert deutet darauf hin, dass sich im Wasser wenig Material befindet, das oxidiert werden muss. Jede im Wasser vorhandene Verf\u00e4rbung wird vollst\u00e4ndig oxidiert, wodurch das Wasser eine leuchtend blaue Farbe erh\u00e4lt.<\/p>\n<p>Es wird manchmal behauptet, dass blaues Wasser durch eine schlechte Kontaktzeit verursacht wird, gel\u00f6stes Ozon w\u00fcrde im Wasser verbleiben. Diese Aussage widerspricht sich jedoch, denn bei einer schlechten Einwirkzeit ist es kaum m\u00f6glich, Ozon im Wasser zu l\u00f6sen, so dass kaum gel\u00f6stes Ozon im Wasser vorhanden ist. Gemeint ist wahrscheinlich, dass das Wasser nicht richtig entgast wird (Ursache kann eine zu kurze Kontaktzeit sein), so dass Ozonblasen im Wasser verbleiben. Diese Blasen landen dann im Teich.<\/p>\n<p><strong>Ein Redox-Messger\u00e4t misst die Ozonmenge im Wasser.<\/strong><\/p>\n<p>Das ist keineswegs der Fall, ein Redox-Messger\u00e4t misst die Oxidationskapazit\u00e4t von Wasser. Dies gibt einen Hinweis auf das Ausma\u00df, in dem das Wasser in der Lage ist, die Verschmutzung zu oxidieren. Bei h\u00f6heren Redoxwerten (&gt;500mV) besteht ein einigerma\u00dfen klarer Zusammenhang zwischen dem Redoxwert und der Menge des gel\u00f6sten Ozons. Da wir nicht mit diesen hohen Redoxwerten in Teichen arbeiten, sagt der Redoxwert in diesem Fall nichts \u00fcber die Menge des gel\u00f6sten Ozons aus.<\/p>\n<p>Wenn Sie die Menge des gel\u00f6sten Ozons messen m\u00f6chten, gibt es spezielle Messger\u00e4te, die eine Ozonkonzentration in mg\/l oder PPM anzeigen. Sehr verschieden vom Redoxwert, der in mV (Millivolt und kein Mv, oder Megavolt!) ausgedr\u00fcckt wird.<\/p>\n<p><strong>Ozon macht meinen Teich steril.<\/strong><\/p>\n<p>Einen Teich mit den normalerweise empfohlenen Ozonmengen steril zu bekommen, ist fast unm\u00f6glich. Bei missbr\u00e4uchlicher Verwendung kann freies Ozon im Teichwasser vorhanden sein (die zuvor erw\u00e4hnten Ozonblasen\/Restozon), das sch\u00e4dliche Auswirkungen auf Ihre Fische hat. Die Folgen davon kann man mit einem sterilen Teich verwechseln. Die Schleimhaut der Koi wird gereizt und im Extremfall k\u00f6nnen sogar L\u00f6cher in der Haut entstehen.<\/p>\n<p><strong>Ozon baut Ammoniak \/ Ammonium ab oder beschleunigt diesen Prozess.<\/strong><\/p>\n<p>Streng genommen trifft dies unter bestimmten Bedingungen zu. Bei einem pH-Wert von mehr als 7 kann Ammonium zu Nitrat oxidiert werden (es zerf\u00e4llt nicht). Dieser Prozess nimmt jedoch sehr viel Zeit in Anspruch. Nur bei einem pH-Wert von mehr als 9 ist der Einfluss von Ozon auf Ammonium signifikant.<\/p>\n<p>In einem Teich wird Ozon wenig Einfluss auf Ammonium haben. Um Ihnen eine Vorstellung zu geben: Bei einem pH-Wert von 9 kann Ozon die Ammoniumkonzentration innerhalb von 15 Minuten halbieren. Bei einem pH-Wert von 8,4 dauert dies mehr als 30 Minuten! Hinzu kommt, dass in Teichen in der Regel so viel organische Verschmutzung zu oxidieren ist, dass das Ozon bereits verbraucht ist, bevor es etwas mit Ammonium anfangen kann.<\/p>\n<p>F\u00fcr einen Teich k\u00f6nnen wir daher mit Sicherheit sagen, dass Ozon keinen Einfluss auf die Oxidation von Ammoniak und Ammonium hat.<\/p>\n<p><strong>Ozon baut Nitrit ab oder beschleunigt diesen Prozess.<\/strong><\/p>\n<p>Nitrit wird durch Ozon in Nitrat umgewandelt, ohne dass Sauerstoff ben\u00f6tigt wird. Der pH-Wert hat keinen Einfluss auf die Umwandlung von Nitrit, obwohl manchmal von anderen behauptet wird, dass dies der Fall sei.<\/p>\n<p><strong>Ozon baut Nitrat und Phosphat ab oder beschleunigt diesen Prozess.<\/strong><\/p>\n<p>Ozon hat keinen direkten Einfluss auf den Nitrat- oder Phosphatgehalt im Wasser.<\/p>\n<p><strong>Ozon verbessert die Funktion meines biologischen Filters.<\/strong><\/p>\n<p>Da der Sauerstoffverbrauch von Oxidationsprozessen durch Ozon abnimmt, steht mehr Sauerstoff f\u00fcr den biologischen Filter zur Verf\u00fcgung. Dadurch wird der biologische Filter besser funktionieren.<\/p>\n<p><strong>Ozon f\u00fcgt dem Wasser zus\u00e4tzlichen Sauerstoff zu.<\/strong><\/p>\n<p>Ja und nein. Das eingeleitete Ozon wird wieder zu Sauerstoff zur\u00fcckverwandelt und nimmt daher an Sauerstoff zu. Der gleiche Effekt kann jedoch viel billiger mit einer Luftpumpe erzielt werden. Ein wichtiger Vorteil ist, dass Ozon den Sauerstoffverbrauch Ihres Teiches reduziert, weil es Stoffe oxidiert, die sonst viel Sauerstoff ben\u00f6tigen w\u00fcrden.<\/p>\n<p><strong>Ozon hilft gegen Schwebealgen.<\/strong><\/p>\n<p>Die durchschnittliche Ozonanlage auf einem Teich wird gegen Algen wenig ausrichten, die Reaktionszeit ist einfach zu kurz. Um die Algen abzut\u00f6ten, ist eine minimale Reaktionszeit von 4~5 Minuten erforderlich. Ein C\/T-Wert von 1,5 ist erforderlich, um Algen richtig zu oxidieren, bei einer Kontaktzeit von 5 Minuten bedeutet dies, dass 0,3mg\/l Ozon im Wasser vorhanden sein muss. Etwas, das mit einer durchschnittlichen Installation auf einem Teich nicht funktionieren wird.<\/p>\n<p><strong>Ich kann eine UVC-Lampe hinter meiner Ozonanlage platzieren, um Restozon abzubauen.<\/strong><\/p>\n<p>Sowohl Restozon als auch gel\u00f6stes Ozon k\u00f6nnen mit UVC abgebaut werden.\u00a0 Wir raten jedoch dringend davon ab, eine UVC-Lampe hinter dem Ozonreaktor zu platzieren. UVC-Licht wandelt gel\u00f6stes Ozon in Wasserstoffperoxid und OH- Radikale um. Wenn Sie einen guten Ozonreaktor verwenden, ist es \u00fcberhaupt nicht notwendig, eine UVC-Lampe zu verwenden, um gel\u00f6stes Ozon oder Restozon abzubauen. Bei Verwendung einer Ozonanlage sollte die UVC-Lampe immer vor oder parallel zum Ozonreaktor und niemals nach dem Ozonreaktor platziert werden!<\/p>\n<p><strong>Man ben\u00f6tigt 1 Gramm Ozon pro 20 m\u00b3 Wasser.<\/strong><\/p>\n<p>Dies h\u00e4ngt von vielen Faktoren ab, wobei der Betrieb Ihres Ozonreaktors und die Ozonkonzentration die wichtigsten sind. Mit einem schlechten Ozonreaktor reicht 1 Gramm Ozon nicht aus, mit einem guten Ozonreaktor kann 1 Gramm f\u00fcr 50 m\u00b3 Wasser ausreichen.<\/p>\n<p><strong>1 Gramm Ozon, entspricht 1 Gramm Ozon<\/strong><\/p>\n<p>Das mag etwas seltsam erscheinen, aber wenn Sie den folgenden Text lesen, werden Sie verstehen, was wir damit meinen.<\/p>\n<p>Es gibt die sch\u00f6nsten Zahlen bei Ozongeneratoren, aber sind diese Zahlen wahr? Ist 1 Gramm Ozon 1 Gramm? Unter welchen Umst\u00e4nden wurde der Wert zum Beispiel gemessen, und wurde dieser Wert gemessen?<\/p>\n<p>Leider erw\u00e4hnen die meisten Hersteller nicht die Messbedingungen, unter denen der Ozonertrag gemessen wurde, so dass dieser Wert eigentlich nichts aussagt.<\/p>\n<p>Die Messbedingungen machen jedoch einen gro\u00dfen Unterschied! Die Ozonausbeute vieler (Haushalts-)Ozongeneratoren wird bei einem Taupunkt der Zuluft von -40 oder -60 Grad (wenn sie \u00fcberhaupt gemessen wurde) gemessen. Mit einem Standard-Lufttrockner, der von einer Luftpumpe angetrieben wird, erreichen Sie mit M\u00fche einen Taupunkt von +5 Grad. Dieser Unterschied von 45 Grad bewirkt jedoch, dass Ihr Ozongenerator Ihnen nicht 1 Gramm Ozon, sondern wahrscheinlich 0,5 Gramm oder weniger liefert.<\/p>\n<p>Dar\u00fcber hinaus ist die Luftmenge, die ben\u00f6tigt wird, um 1 Gramm Ozon herzustellen, ein wichtiger Faktor, der die Ozonkonzentration bestimmt. Dieser Wert sagt etwas dar\u00fcber aus, wie leicht Ozon mit Wasser ausgetauscht wird.<\/p>\n<p>Ein guter Ozongenerator ben\u00f6tigt zwischen 5 und 8 Liter Luft (Taupunkt von 0 Grad), um 1 Gramm Ozon pro Stunde zu erzeugen. Es gibt auch solche, die f\u00fcr die gleiche Menge Ozon mehr als 20 Liter ben\u00f6tigen, die Ozonkonzentration ist dann um den Faktor 4 niedriger!<\/p>\n<p>Sie sehen, 1 Gramm Ozon ist nicht immer 1 Gramm Ozon.<\/p>\n<p>F\u00fcr weitere Informationen \u00fcber den Einfluss der Ozonkonzentration und des Taupunktes von Luft lesen Sie bitte auch den folgenden Artikel: Ozon, zo zit dat dus (ACHTUNG, die Dateigr\u00f6\u00dfe betr\u00e4gt 9Mb!)<\/p>\n<p><strong>Bei richtiger Anwendung ist Ozon eine sehr gute und sichere Erg\u00e4nzung zu Ihrem Filter. Bei falscher Anwendung ist sie jedoch gef\u00e4hrlich (sowohl f\u00fcr Sie als auch f\u00fcr Ihre Fische), seien Sie also gut beraten, bevor Sie eine Ozonanlage kaufen! Z\u00f6gern Sie nicht, uns f\u00fcr weitere Informationen zu kontaktieren.<\/strong><\/p>\n<p><strong>\u00a9 Tol Watertechniek<\/strong><\/p>\n","protected":false},"excerpt":{"rendered":"<p>Ozon Teich<\/p>\n","protected":false},"author":1,"featured_media":0,"parent":0,"menu_order":0,"comment_status":"open","ping_status":"open","template":"","meta":{"_et_pb_use_builder":"","_et_pb_old_content":"","_et_gb_content_width":"","footnotes":""},"class_list":["post-3503","page","type-page","status-publish","hentry"],"_links":{"self":[{"href":"https:\/\/tolwatertechniek.nl\/de\/wp-json\/wp\/v2\/pages\/3503","targetHints":{"allow":["GET"]}}],"collection":[{"href":"https:\/\/tolwatertechniek.nl\/de\/wp-json\/wp\/v2\/pages"}],"about":[{"href":"https:\/\/tolwatertechniek.nl\/de\/wp-json\/wp\/v2\/types\/page"}],"author":[{"embeddable":true,"href":"https:\/\/tolwatertechniek.nl\/de\/wp-json\/wp\/v2\/users\/1"}],"replies":[{"embeddable":true,"href":"https:\/\/tolwatertechniek.nl\/de\/wp-json\/wp\/v2\/comments?post=3503"}],"version-history":[{"count":5,"href":"https:\/\/tolwatertechniek.nl\/de\/wp-json\/wp\/v2\/pages\/3503\/revisions"}],"predecessor-version":[{"id":6648,"href":"https:\/\/tolwatertechniek.nl\/de\/wp-json\/wp\/v2\/pages\/3503\/revisions\/6648"}],"wp:attachment":[{"href":"https:\/\/tolwatertechniek.nl\/de\/wp-json\/wp\/v2\/media?parent=3503"}],"curies":[{"name":"wp","href":"https:\/\/api.w.org\/{rel}","templated":true}]}}