{"id":3500,"date":"2012-12-16T13:31:36","date_gmt":"2012-12-16T13:31:36","guid":{"rendered":"https:\/\/tolwatertechniek.nl\/de\/Ozonconcentratie\/"},"modified":"2020-11-11T16:59:41","modified_gmt":"2020-11-11T16:59:41","slug":"ozonkonzentration","status":"publish","type":"page","link":"https:\/\/tolwatertechniek.nl\/de\/ozonkonzentration\/","title":{"rendered":"Ozonkonzentration"},"content":{"rendered":"<p><strong>Die Ozonkonzentration und der Einfluss auf die Einbindung von Ozon in Wasser.<\/strong><\/p>\n<p><strong>Was bedeutet die Ozonkonzentration?<\/strong><\/p>\n<p>Die Ozonkonzentration sagt uns, wie viel Ozonpartikel in einem bestimmten Volumen des Einsatzgases enthalten sind. Dieser Wert kann in Gewichtsprozent, Volumenprozent und Gramm pro Normalkubikmeter angegeben werden. Der gebr\u00e4uchlichste Berechnungswert ist Gramm pro normalem Kubikmeter, in der Praxis variiert dieser Wert von 0,1 gr\/Nm\u00b3 bis 200 gr\/Nm\u00b3. In der Anzeige Gr\/Nm\u00b3 kann man sofort erkennen, was damit gemeint ist, wie viel Gramm Ozon pro normalem Kubikmeter Sauerstoff (oder Luft) erzeugt wird.<\/p>\n<p>Wenn man die Ozonkonzentration und die Str\u00f6mung des Versorgungsgases kennt, kann der tats\u00e4chliche Ozonertrag (Gramm pro Stunde) berechnet werden. Normalerweise werden nur der Ozonertrag (Gramm pro Stunde) und der Durchfluss (Liter pro Minute) des Versorgungsgases genannt, damit k\u00f6nnen wir die Ozonkonzentration bestimmen.<\/p>\n<p><strong>Warum ist die Ozonkonzentration wichtig?<\/strong><\/p>\n<p>Wie oben beschrieben, ist es wichtig, die Ozonkonzentration zu kennen, damit wir den Ozonertrag berechnen k\u00f6nnen. Es gibt jedoch einen viel wichtigeren Aspekt f\u00fcr die Bestimmung der Ozonkonzentration, da sie einen gro\u00dfen Einfluss auf die L\u00f6slichkeit von Ozon in Wasser hat. Bei der Behandlung von (Ab-)Wasser spielt der C\/T-Wert (concentration\/time) eine wichtige Rolle. Vereinfacht ausgedr\u00fcckt, gibt dies an, wie lange ein bestimmter Stoff einer Ozonkonzentration ausgesetzt werden muss, um diesen Stoff abzubauen. Je h\u00f6her die Konzentration, desto schneller erfolgt die Zersetzung. Bei einfachen Verfahren kann man bei gleichem Ergebnis auch die Kontaktzeit erh\u00f6hen.<\/p>\n<p>F\u00fcr die meisten Prozesse ist es leider etwas komplizierter, wie zum Beispiel f\u00fcr Desinfektionsanlagen f\u00fcr Flaschen. Um Flaschen richtig zu desinfizieren, ben\u00f6tigen wir eine Ozonkonzentration (im Wasser!) von 1~2 mg\/l.<\/p>\n<p>Wir rechnen mit den folgenden Werten:<\/p>\n<ul>\n<li>Ozonkonzentration des Ozongenerators: 5 gr\/Nm\u00b3<\/li>\n<li>Wassertemperatur: 30 Grad Celsius<\/li>\n<\/ul>\n<p>In Wasser mit einer Temperatur von 30 Grad Celsius betr\u00e4gt die L\u00f6slichkeit von Ozon etwa 0,23. Das bedeutet, dass die Ozonkonzentration im Wasser maximal 23% der Ozonkonzentration in der Gasphase betr\u00e4gt. In diesem Fall erreichen wir also eine maximale Ozonkonzentration im Wasser von 1,15 mg\/l. Eine Verl\u00e4ngerung der Kontaktzeit wird diesen Wert nicht erh\u00f6hen und macht daher keinen Sinn!<\/p>\n<p>Bei der Abwasserbehandlung sind Ozondosen von 20~40mg\/l keine Seltenheit. Bei einer Temperatur von 20 Grad Celsius muss der Ozongenerator dann eine minimale Ozonkonzentration von 100~200 Gr\/Nm\u00b3 erreichen. Aus praktischer Sicht ist es nicht machbar, mit solchen Behandlungen eine sehr lange Kontaktzeit zu erreichen. Schlie\u00dflich m\u00fcssten die erforderlichen Ozonreaktoren extrem gro\u00df sein.<\/p>\n<p>In einigen F\u00e4llen kann eine \u00dcberdosierung von Ozon unerw\u00fcnscht sein, zum Beispiel bei der Oxidation von Mangan. Wenn die Ozonkonzentration im Wasser zu hoch ist, f\u00e4rbt sich das Wasser violett, was wiederum nicht w\u00fcnschenswert ist. Dies zeigt die Bedeutung der Ozonkonzentration. Ohne diese ist es unm\u00f6glich zu berechnen, wie viel Ozon im Wasser dosiert werden muss, um die Verschmutzung zu oxidieren. Einfach viel Ozon zu verabreichen, kann unangenehme Folgen haben, deshalb ist die Kenntnis der Ozonkonzentration ein Muss!<\/p>\n<p style=\"text-align: center;\"><strong>\u00a9 Tol Watertechniek<\/strong><\/p>\n","protected":false},"excerpt":{"rendered":"<p>Ozonconcentratie<\/p>\n","protected":false},"author":1,"featured_media":0,"parent":0,"menu_order":0,"comment_status":"open","ping_status":"open","template":"","meta":{"_et_pb_use_builder":"","_et_pb_old_content":"","_et_gb_content_width":"","footnotes":""},"class_list":["post-3500","page","type-page","status-publish","hentry"],"_links":{"self":[{"href":"https:\/\/tolwatertechniek.nl\/de\/wp-json\/wp\/v2\/pages\/3500","targetHints":{"allow":["GET"]}}],"collection":[{"href":"https:\/\/tolwatertechniek.nl\/de\/wp-json\/wp\/v2\/pages"}],"about":[{"href":"https:\/\/tolwatertechniek.nl\/de\/wp-json\/wp\/v2\/types\/page"}],"author":[{"embeddable":true,"href":"https:\/\/tolwatertechniek.nl\/de\/wp-json\/wp\/v2\/users\/1"}],"replies":[{"embeddable":true,"href":"https:\/\/tolwatertechniek.nl\/de\/wp-json\/wp\/v2\/comments?post=3500"}],"version-history":[{"count":3,"href":"https:\/\/tolwatertechniek.nl\/de\/wp-json\/wp\/v2\/pages\/3500\/revisions"}],"predecessor-version":[{"id":6145,"href":"https:\/\/tolwatertechniek.nl\/de\/wp-json\/wp\/v2\/pages\/3500\/revisions\/6145"}],"wp:attachment":[{"href":"https:\/\/tolwatertechniek.nl\/de\/wp-json\/wp\/v2\/media?parent=3500"}],"curies":[{"name":"wp","href":"https:\/\/api.w.org\/{rel}","templated":true}]}}