{"id":3497,"date":"2012-12-15T09:36:37","date_gmt":"2012-12-15T09:36:37","guid":{"rendered":""},"modified":"2023-12-30T10:03:50","modified_gmt":"2023-12-30T10:03:50","slug":"abwasser-desinfektion-2","status":"publish","type":"page","link":"https:\/\/tolwatertechniek.nl\/de\/abwasser-desinfektion-2\/","title":{"rendered":"Industrieabwasser"},"content":{"rendered":"<p>Industrieabwasser besteht oft aus verschiedene (chemische) Stoffe. Ozon kann zu das behandeln von dieses Wasser beitragen. Die Anforderungen die man an der Ablauf von Wasseraufbereitungen stellen werden st\u00e4ndig strenger. Da werden nicht nur hohe Anforderungen gestellt an die Konzentrationen von Nitrat und Stickstoff, aber auch an die Menge an chemische Stoffe und Schwermetalle die l\u00f6st werden d\u00fcrfen. Insbesondere Medizin Residuen sind ein wachsendes Problem. Aufmerksamkeit steigt ebenfalls f\u00fcr dieses Problem. Ozon ist ein sehr effektive Methode um Medizin Residuen weitgehend zu entfernen. Ozon kann zum Beispiel eingesetzt werden f\u00fcr:<\/p>\n<ul>\n<li>Entf\u00e4rben<\/li>\n<li>Entfernen von Duft<\/li>\n<li>Micro Flockung von Abf\u00e4lle<\/li>\n<li>Senkung des TOC<\/li>\n<li>Senkung des COD\/CZV<\/li>\n<li>Desinfektion<\/li>\n<li>Abbau von verschiedene chemische Stoffe (Medizin, Pestizide, etc)<\/li>\n<li>Entfernung von Schwermetale<\/li>\n<\/ul>\n<p>Da ist immer ein Vorbehandlung notwendig bevor Industrieabwasser behandelt werden kann. Die Behandlung kann bestehen aus mechanische oder biologische Filterung oder ein Kombination von Techniken. Wir k\u00f6nnen auch die Vorbehandlung von das Abwasser f\u00fcr Sie \u00fcbernehmen, beide mechanisch als biologisch.<\/p>\n<p>Tol Watertechniek bietet die M\u00f6glichkeit um ein Pilot Installation zu platzieren um zu testen welche Wirkung Ozon hat auf der Ablauf von zum Beispiel ein rwzi. Sie k\u00f6nnen mehr lesen \u00fcber ein <a href=\"https:\/\/tolwatertechniek.nl\/de\/pilot-2\/\">Pilot Installation<\/a> hier:<\/p>\n<p>Nehmen Sie freibleibend Kontakt mit uns auf um zu erfahren, was wir f\u00fcr Sie tun k\u00f6nnen.<\/p>\n<p><strong>\u00a9 Tol Watertechniek<\/strong><\/p>\n<div id=\"attachment_6747\" style=\"width: 310px\" class=\"wp-caption aligncenter\"><a href=\"https:\/\/tolwatertechniek.nl\/wp-content\/uploads\/\/sewage-treatment-plant-2224933_1920-300x200.jpg\"><img fetchpriority=\"high\" fetchpriority=\"high\" decoding=\"async\" aria-describedby=\"caption-attachment-6747\" class=\"size-medium wp-image-6745\" src=\"https:\/\/tolwatertechniek.nl\/wp-content\/uploads\/\/sewage-treatment-plant-2224933_1920-300x200.jpg\" alt=\"Industrieel afvalwater\" width=\"300\" height=\"200\" srcset=\"https:\/\/tolwatertechniek.nl\/wp-content\/uploads\/sewage-treatment-plant-2224933_1920-300x200.jpg 300w, https:\/\/tolwatertechniek.nl\/wp-content\/uploads\/sewage-treatment-plant-2224933_1920-1024x683.jpg 1024w, https:\/\/tolwatertechniek.nl\/wp-content\/uploads\/sewage-treatment-plant-2224933_1920-768x512.jpg 768w, https:\/\/tolwatertechniek.nl\/wp-content\/uploads\/sewage-treatment-plant-2224933_1920-1536x1024.jpg 1536w, https:\/\/tolwatertechniek.nl\/wp-content\/uploads\/sewage-treatment-plant-2224933_1920-1080x720.jpg 1080w, https:\/\/tolwatertechniek.nl\/wp-content\/uploads\/sewage-treatment-plant-2224933_1920-1280x853.jpg 1280w, https:\/\/tolwatertechniek.nl\/wp-content\/uploads\/sewage-treatment-plant-2224933_1920-980x653.jpg 980w, https:\/\/tolwatertechniek.nl\/wp-content\/uploads\/sewage-treatment-plant-2224933_1920-480x320.jpg 480w, https:\/\/tolwatertechniek.nl\/wp-content\/uploads\/sewage-treatment-plant-2224933_1920-600x400.jpg 600w, https:\/\/tolwatertechniek.nl\/wp-content\/uploads\/sewage-treatment-plant-2224933_1920.jpg 1920w\" sizes=\"(max-width: 300px) 100vw, 300px\" \/><\/a><p id=\"caption-attachment-6747\" class=\"wp-caption-text\">Industrieabwasser<\/p><\/div>\n","protected":false},"excerpt":{"rendered":"<p>Industrieabwasser<\/p>\n","protected":false},"author":1,"featured_media":0,"parent":0,"menu_order":0,"comment_status":"open","ping_status":"open","template":"","meta":{"_et_pb_use_builder":"","_et_pb_old_content":"","_et_gb_content_width":"","footnotes":""},"class_list":["post-3497","page","type-page","status-publish","hentry"],"_links":{"self":[{"href":"https:\/\/tolwatertechniek.nl\/de\/wp-json\/wp\/v2\/pages\/3497","targetHints":{"allow":["GET"]}}],"collection":[{"href":"https:\/\/tolwatertechniek.nl\/de\/wp-json\/wp\/v2\/pages"}],"about":[{"href":"https:\/\/tolwatertechniek.nl\/de\/wp-json\/wp\/v2\/types\/page"}],"author":[{"embeddable":true,"href":"https:\/\/tolwatertechniek.nl\/de\/wp-json\/wp\/v2\/users\/1"}],"replies":[{"embeddable":true,"href":"https:\/\/tolwatertechniek.nl\/de\/wp-json\/wp\/v2\/comments?post=3497"}],"version-history":[{"count":6,"href":"https:\/\/tolwatertechniek.nl\/de\/wp-json\/wp\/v2\/pages\/3497\/revisions"}],"predecessor-version":[{"id":8332,"href":"https:\/\/tolwatertechniek.nl\/de\/wp-json\/wp\/v2\/pages\/3497\/revisions\/8332"}],"wp:attachment":[{"href":"https:\/\/tolwatertechniek.nl\/de\/wp-json\/wp\/v2\/media?parent=3497"}],"curies":[{"name":"wp","href":"https:\/\/api.w.org\/{rel}","templated":true}]}}