{"id":3475,"date":"2012-11-04T12:59:47","date_gmt":"2012-11-04T12:59:47","guid":{"rendered":""},"modified":"2022-05-10T07:56:00","modified_gmt":"2022-05-10T07:56:00","slug":"information-lufttrockner","status":"publish","type":"page","link":"https:\/\/tolwatertechniek.nl\/de\/information-lufttrockner\/","title":{"rendered":"Informationen \u00fcber einen Lufttrockner f\u00fcr Ozon"},"content":{"rendered":"<p><strong><em>Informationen \u00fcber Lufttrockner f\u00fcr Ozon.<\/em><\/strong><\/p>\n<p>Die Trocknung der Zuluft eines Ozongenerators wird oft als Erg\u00e4nzung gesehen, obwohl sie eigentlich eine Notwendigkeit ist. Im Gegensatz zu dem, was viele Leute denken, muss stets trockene Luft durch den Ozongenerator str\u00f6men, sowohl beim Einschalten als auch beim Ausschalten! Letzteres wird oft vergessen.<\/p>\n<p><strong>Einfluss von Feuchtigkeit auf die Ozonerzeugung<\/strong><\/p>\n<p>Dass Salpeters\u00e4ure durch die Zufuhr feuchter Luft gebildet wird, ist den meisten Menschen gut bekannt. Dies geschieht nur, wenn der Ozongenerator eingeschaltet ist. Wenn der Ozongenerator abgeschaltet wird, geschieht etwas anderes, das mindestens ebenso sch\u00e4dlich ist. Die in der Luft vorhandene Feuchtigkeit kondensiert in der Ozonzelle und macht sie feucht und klebrig.<\/p>\n<p>In der Luft vorhandene Staub- und Schmutzpartikel bleiben an der Ozonzelle haften. In dem Moment, in dem der Ozongenerator eingeschaltet wird, heizt sich die Ozonzelle auf und die Verschmutzung wird in der Ozonzelle gebrannt. Die gebildete Salpeters\u00e4ure wird sich mit dieser Schicht vermischen. Das Ergebnis ist, dass die Ozonzelle auf der Innenseite mit einer sehr aggressiven Ablagerung &#8222;beschichtet&#8220; ist, die sie stark beeintr\u00e4chtigt.<\/p>\n<p><strong>Manuelle Lufttrockner<\/strong><\/p>\n<p>Die einfachsten Lufttrockner bestehen aus einem mit Kieselgel gef\u00fcllten R\u00f6hrchen. Diese Trockner werden h\u00e4ufig in der Hobbyarbeit eingesetzt. Diese Trockner k\u00f6nnen gut funktionieren, solange sie ausreichend gewartet werden. Das Wartungsintervall variiert in der Regel von einigen Tagen bis h\u00f6chstens einigen Wochen. Das Wartungsintervall wird haupts\u00e4chlich durch die Menge an Feuchtigkeit in der Luft und durch die Art des verwendeten Kieselgels bestimmt.<\/p>\n<p>Es gibt viele Sorten von Kieselgel, jede mit spezifischen Eigenschaften, von denen die wichtigste die Taupunktsenkung ist. Industrielle Kiesels\u00e4ure kann eine Taupunkterniedrigung von -70\u00b0C erreichen. Billige Kiesels\u00e4uretypen k\u00f6nnen eine Taupunktabsenkung von h\u00f6chstens -10\u00b0C erreichen.<\/p>\n<p>Was bedeutet das in der Praxis, werden Sie sich vielleicht fragen. F\u00fcr eine hohe Ozonausbeute und geringen Wartungsaufwand ist es wichtig, einen m\u00f6glichst niedrigen Taupunkt zu erreichen. Bei einem manuellen Trockner hat dies den Nachteil, dass der Trockner sehr wartungsintensiv ist. Ein 500-Gramm-Trockner mit industrieller Kiesels\u00e4ure s\u00e4ttigt viel schneller als der gleiche Trockner mit billiger Kiesels\u00e4ure. Die billige Version nimmt viel weniger Feuchtigkeit aus der durchstr\u00f6menden Luft auf. Die Verwendung eines mit billigem Siliciumdioxid gef\u00fcllten Trockners reduziert die Bildung aggressiver Ablagerungen in der Ozonzelle. Er hat jedoch wenig Einfluss auf den Ozonertrag. Um eine h\u00f6here Ozonausbeute zu erzielen, muss ein Siliciumdioxid guter Qualit\u00e4t verwendet werden. In der Praxis ist dies aufgrund des sehr hohen Wartungsintervalls oft nicht praktikabel.<\/p>\n<p><em>Vorteile<\/em>:<\/p>\n<p>&#8211; Einfach<\/p>\n<p>&#8211; G\u00fcnstig<\/p>\n<p>&nbsp;<\/p>\n<p><em>Nachteile<\/em>:<\/p>\n<p>&#8211; Jede Menge Wartung<\/p>\n<p>&#8211; Beeinflusst den Ozonertrag nicht<\/p>\n<p>&nbsp;<\/p>\n<p><strong>Automatische Lufttrockner<\/strong><\/p>\n<p>Es gibt auch automatische Lufttrockner auf dem Markt, die sogenannten automatischen Regeneriertrockner. Diese Trockner bestehen aus 2 Rohren, die mit einem Trockenmittel gef\u00fcllt sind. Luft wird durch eine dieser R\u00f6hren angesaugt und durch den Ozongenerator gepumpt. Nach einiger Zeit wird das Trockenmittel ges\u00e4ttigt sein. In diesem Moment schaltet der Trockner auf das andere Rohr um. Das ges\u00e4ttigte Rohr wird nun erhitzt und die Feuchtigkeit wird aus dem Trockenmittel ausgetrieben. Dieser Prozess wiederholt sich kontinuierlich.<\/p>\n<p>Diese Trockner erfordern keine\/n\u00e4hernd keine Wartung und k\u00f6nnen je nach Modell einen Taupunkt von -40\u00b0C erreichen. Leider sind diese Trockner recht teuer. Es bietet jedoch eine h\u00f6here Ozonausbeute und einen wesentlich geringeren Wartungsaufwand f\u00fcr den Ozongenerator.<\/p>\n<p>&nbsp;<\/p>\n<p><em>Vorteile<\/em>:<\/p>\n<p>&#8211; Trockene Luft<\/p>\n<p>&#8211; Kein\/kaum Wartung<\/p>\n<p>&nbsp;<\/p>\n<p><em>Nachteile<\/em>:<\/p>\n<p>&#8211; Relativ teuer<\/p>\n<p>&#8211; verbraucht in der Regel so viel Energie wie der Ozongenerator<\/p>\n<p>&nbsp;<\/p>\n<p><strong>Welcher Lufttrockner ist in meiner Situation anwendbar?<\/strong><\/p>\n<p>Generell kann man sagen, dass der manuelle Trockner nur f\u00fcr den Hobbymarkt geeignet ist. In allen anderen Situationen ist ein automatisch regenerierender Trockner oder ein Sauerstoffkonzentrator die bessere Alternative.<\/p>\n<p><strong>Luftbehandlung <\/strong><\/p>\n<p>Um gro\u00dfe R\u00e4ume mit Ozon zu behandeln, werden h\u00e4ufig spezielle Ozongeneratoren f\u00fcr gro\u00dfe Volumina eingesetzt. Bei diesen Ozongeneratoren ist es nicht m\u00f6glich, einen Trockner zu verwenden. Es ist jedoch m\u00f6glich, Ozongeneratoren mit einem Trockner zu verwenden, wenn Ozon in Luftbehandlungsanlagen eingef\u00fchrt wird. Es kann nur ein automatisch regenerierender Trockner verwendet werden.<\/p>\n<p><strong>Teich und Schwimmbad<\/strong><\/p>\n<p>F\u00fcr Teiche und private Pools ist ein manueller Trockner eine vern\u00fcnftige Wahl, f\u00fcr den anspruchsvollen Benutzer ist ein automatischer Trockner die bessere Alternative.<\/p>\n<p><strong>\u00d6ffentliche Schwimmb\u00e4der, Zoos und Vergn\u00fcgungsparks<\/strong><\/p>\n<p>In diesem Sektor ist ein Sauerstoffkonzentrator fast immer die beste Wahl. Die einzige Ausnahme sind (relativ) kleine Pools, in denen manchmal ein automatischer Regenerierungstrockner eingesetzt werden kann.<\/p>\n<p><strong>Industrie<\/strong><\/p>\n<p>Die beste Wahl ist ein Sauerstoffkonzentrator mit einem passenden Ozongenerator.<\/p>\n<p><strong>\u00a9 Tol Watertechniek<\/strong><\/p>\n","protected":false},"excerpt":{"rendered":"<p>Informationen \u00fcber einen Lufttrockner f\u00fcr Ozon<\/p>\n","protected":false},"author":1,"featured_media":0,"parent":0,"menu_order":0,"comment_status":"open","ping_status":"open","template":"","meta":{"_et_pb_use_builder":"","_et_pb_old_content":"","_et_gb_content_width":"","footnotes":""},"class_list":["post-3475","page","type-page","status-publish","hentry"],"_links":{"self":[{"href":"https:\/\/tolwatertechniek.nl\/de\/wp-json\/wp\/v2\/pages\/3475","targetHints":{"allow":["GET"]}}],"collection":[{"href":"https:\/\/tolwatertechniek.nl\/de\/wp-json\/wp\/v2\/pages"}],"about":[{"href":"https:\/\/tolwatertechniek.nl\/de\/wp-json\/wp\/v2\/types\/page"}],"author":[{"embeddable":true,"href":"https:\/\/tolwatertechniek.nl\/de\/wp-json\/wp\/v2\/users\/1"}],"replies":[{"embeddable":true,"href":"https:\/\/tolwatertechniek.nl\/de\/wp-json\/wp\/v2\/comments?post=3475"}],"version-history":[{"count":2,"href":"https:\/\/tolwatertechniek.nl\/de\/wp-json\/wp\/v2\/pages\/3475\/revisions"}],"predecessor-version":[{"id":5788,"href":"https:\/\/tolwatertechniek.nl\/de\/wp-json\/wp\/v2\/pages\/3475\/revisions\/5788"}],"wp:attachment":[{"href":"https:\/\/tolwatertechniek.nl\/de\/wp-json\/wp\/v2\/media?parent=3475"}],"curies":[{"name":"wp","href":"https:\/\/api.w.org\/{rel}","templated":true}]}}