{"id":3469,"date":"2012-10-29T12:39:37","date_gmt":"2012-10-29T12:39:37","guid":{"rendered":""},"modified":"2025-12-30T12:09:19","modified_gmt":"2025-12-30T12:09:19","slug":"informationen-ozonreaktor","status":"publish","type":"page","link":"https:\/\/tolwatertechniek.nl\/de\/informationen-ozonreaktor\/","title":{"rendered":"Informationen zum Ozonreaktor"},"content":{"rendered":"<p>Hier finden Sie weitere Informationen \u00fcber den Ozonreaktor. Der Begriff Ozonreaktor ist eine Sammelbezeichnung f\u00fcr alle Produkte, die zum Mischen von Ozon in Wasser verwendet werden. Ein Ozonreaktor ist der wichtigste Teil einer Ozonanlage, ohne einen guten Ozonreaktor wird der Betrieb einer Ozonanlage nie optimal sein.<\/p>\n<h2>Der Betrieb eines Ozonreaktors<\/h2>\n<p>Alle Ozonreaktoren arbeiten in etwa auf die gleiche Weise. Ein ozonhaltiger Gasstrom wird in den Ozonreaktor eingeleitet. Dieser Gasstrom wird intensiv mit dem Wasser vermischt, um dem Ozon eine Chance zu geben, mit der Verschmutzung zu reagieren. Ein guter Ozonreaktor wird daher das Ozon intensiv mit dem Wasser mischen, um eine lange Kontaktzeit zu erreichen. Es gibt eine Reihe von Dingen, die die Effektivit\u00e4t eines Ozonreaktors erh\u00f6hen:<\/p>\n<p>&#8211; Kleine Ozonblasen (+\/- 2mm, zu klein ist auch nicht gut!)<\/p>\n<p>&#8211; Mischen unter hohem Druck<\/p>\n<p>&#8211; Optimales Verh\u00e4ltnis zwischen Wasser und Ozon<\/p>\n<p>&nbsp;<\/p>\n<h2>Wie gro\u00df sollten die Ozonblasen sein?<\/h2>\n<p>Ein Mythos, den ich sofort aufkl\u00e4ren m\u00f6chte. \u00dcberall, wo man liest und h\u00f6rt, dass Ozonblasen f\u00fcr einen optimalen Betrieb so klein wie m\u00f6glich sein sollten, h\u00f6rt man Zahlen von 0,1 mm bis 3 mm. Ozongas (eigentlich jedes Gas), das in Wasser eingebracht wird, l\u00e4sst sich nur schwer von der Gasblase zum Wasser austauschen. Dabei spielt die Geschwindigkeit, mit der sich die Gasblase durch das Wasser bewegt, eine gro\u00dfe Rolle. Blasen von 0,1 mm bewegen sich kaum in einer Wassers\u00e4ule und tauschen daher kaum Gas aus.<\/p>\n<p>In normalen Reaktoren (Skimmer, Hochdruckreaktoren) liegt die optimale Blasengr\u00f6\u00dfe bei etwa 2~2,5mm. Dies h\u00e4ngt auch von der Str\u00f6mung durch den Reaktor ab. Wenn die Blasen kleiner sind, steigen sie nicht in der Wassers\u00e4ule auf, so dass das Ozongas am Ausgang des Reaktors mitgerissen wird. Bei gr\u00f6\u00dferen Blasen ist die Kontaktfl\u00e4che zu klein.<\/p>\n<p>Wenn wir uns Venturis und statische Mischer ansehen, k\u00f6nnen die Blasen f\u00fcr einen optimalen Betrieb kleiner sein, da die Blasen mit dem Wasserfluss mitgehen. Dennoch n\u00fctzt es nichts, Blasen von 0,1 mm zu erzeugen. Wenn die Ozonblasen zu klein sind, gibt es keinen guten Ozonaustausch. Es geht ein bisschen zu weit, dies hier vollst\u00e4ndig zu beschreiben, aber kurz gesagt l\u00e4uft es auf folgendes hinaus: Die Ozonblasen bestehen nie aus reinem Ozon, normalerweise liegt der Ozongehalt zwischen 0,1% und 10%, der Rest besteht aus Luft oder Sauerstoff. Wenn die Blasen extrem klein sind, tauscht sich nur das Ozon am Rand der Blase mit Wasser aus. Das Ozon in der Mitte der Blase ist nicht in der Lage, sich zum Rand der Blase zu bewegen. So wird nur ein kleiner Teil des Ozons im Wasser gel\u00f6st.<\/p>\n<p>Wie oben beschrieben, ist die Einspeisung von Ozon wichtig. Auch die Entfernung von Ozon aus dem Wasser ist sehr wichtig. Heute gibt es jedoch 2 verschiedene &#8222;Ozonarten&#8220; im Wasser: gel\u00f6stes Ozon und freies Ozon.<\/p>\n<p>&nbsp;<\/p>\n<h2>Freies Ozon<\/h2>\n<p>Freies Ozon ist Ozon, das sich noch in den im Wasser vorhandenen Gasblasen befindet, das sind die im Wasser sichtbaren Blasen. Freies Ozon muss nach einem Ozonreaktor immer entfernt werden. Geschieht dies nicht, werden diese Blasen freigesetzt, sobald sie die M\u00f6glichkeit haben, aus dem Wasser zu entweichen. Zum Beispiel in einem Schwimmbad oder Pool eines Zoos. Dies wird sich im Geruch von Ozon in der N\u00e4he des Ausflusses des ozonbehandelten Wassers \u00e4u\u00dfern. Dies wird auch als Restozon bezeichnet.<\/p>\n<p>&nbsp;<\/p>\n<h2>Gel\u00f6stes Ozon<\/h2>\n<p>In einigen Situationen (haupts\u00e4chlich bei der Desinfektion) ist es w\u00fcnschenswert, Ozon im Wasser gel\u00f6st zu haben. Die Desinfektion von Oberfl\u00e4chen und Produkten beruht auf der Tatsache, dass gel\u00f6stes Ozon mit Schadstoffen reagiert, sobald es mit ihnen in Kontakt kommt. Deshalb wollen wir in dieser Situation so viel gel\u00f6stes Ozon wie m\u00f6glich im Wasser haben.<\/p>\n<p>In Tierbecken wollen wir kein gel\u00f6stes Ozon im Wasser, weil das gel\u00f6ste Ozon mit allem im Wasser selbst reagiert. Zum Beispiel k\u00f6nnen Tiere durch gel\u00f6stes Ozon im Wasser gereizt werden. Bei Schwimmb\u00e4dern ist eine sehr geringe Menge an gel\u00f6stem Ozon im Wasser erw\u00fcnscht, man denke an ein Maximum von 0,05 mg\/l.<\/p>\n<p>Wir kommen zur\u00fcck zur Desinfektion mit Ozon, denn wir wollen viel gel\u00f6stes Ozon im Wasser haben. Dies ist nur durch Mischen von Ozon m\u00f6glich, das aus Sauerstoff unter Druck erzeugt wird. Auch die Ozonkonzentration in der Gasphase muss hoch sein, sonst wird es nicht m\u00f6glich sein, eine hohe Ozonkonzentration im Wasser zu erreichen.<\/p>\n<p>Das Mischen von Ozon unter Druck ist nicht ganz ohne Risiko. Das mit Ozon behandelte Wasser kann irgendwo als Sp\u00fclwasser oder \u00e4hnliches verwendet werden. In diesem Moment wird der Druck des Wassers atmosph\u00e4risch. Abh\u00e4ngig von der Ozonkonzentration im Wasser wird das Ozon aus dem Wasser entgast. In R\u00e4umen, in denen sich Menschen oder Tiere aufhalten, sollte man dies auf jeden Fall ber\u00fccksichtigen. Die Ozonkonzentration in diesen R\u00e4umen kann gef\u00e4hrlich hoch sein.<\/p>\n<p>In Situationen, in denen Ozon unter Druck eingemischt und dann wieder auf atmosph\u00e4rischen Druck gebracht wird, muss daher immer ein Ozonmessger\u00e4t vorhanden sein. Dieses Messger\u00e4t misst die Ozonkonzentration im Raum und gibt Alarm, wenn ein Grenzwert \u00fcberschritten wird.<\/p>\n<p>&nbsp;<\/p>\n<h2>Eiwei\u00dfabsch\u00e4umer<\/h2>\n<p>Besonders in Zoos und Teichen wird diese Art von Ozonreaktor h\u00e4ufig eingesetzt. Absch\u00e4umer stammen aus der &#8222;Salzwasserwelt&#8220;. Hier sind sie auch am wirksamsten, im S\u00fc\u00dfwasser n\u00fctzt meiner Meinung nach ein Absch\u00e4umer wenig, dennoch sieht man sie regelm\u00e4\u00dfig an Teichen.<\/p>\n<p>Als Ozonreaktor sind sie im S\u00fc\u00dfwasser einigerma\u00dfen zufriedenstellend, erwarten aber nicht die gleichen Ergebnisse wie im Salzwasser. In Zoos haben sie ihre N\u00fctzlichkeit seit langem unter Beweis gestellt, aber t\u00e4uschen Sie sich nicht, es handelt sich dabei oft um ganz andere Absch\u00e4umer als bei Teichen. Es gibt 2 verschiedene Typen, den Schwerkraft-Absch\u00e4umer und den Energie-Absch\u00e4umer.<\/p>\n<p>&nbsp;<\/p>\n<h2>Schwerkraft-Absch\u00e4umer<\/h2>\n<p>Dies ist die bekannte Variante, die auf Teiche angewandt wird. Das Wasser wird oben in den Skimmer gepumpt. Am Boden des Absch\u00e4umers befinden sich Brausesteine, \u00fcber die das Ozon in das Wasser eingeleitet wird. Die Blasen steigen durch die Wassers\u00e4ule auf, bis sie den Skimmer durch das Schaumabteil verlassen.<\/p>\n<p>&nbsp;<\/p>\n<p><em>Vorteile:<\/em><\/p>\n<p>&#8211; Niedriger Gegendruck f\u00fcr die Wasserpumpe (kann sogar \u00fcber einen Air-Lift versorgt werden).<\/p>\n<p>&#8211; Sch\u00e4umt auch gleich Protein ab.<\/p>\n<p>&#8211; Kann als Teichwasserbel\u00fcftung verwendet werden<\/p>\n<p>&#8211; Gast Restozone aus<\/p>\n<p>&nbsp;<\/p>\n<p><em>Nachteile:<\/em><\/p>\n<p>&#8211; Gro\u00df<\/p>\n<p>&#8211; Kostspielig<\/p>\n<p>&#8211; Relativ niedriger Ertrag<\/p>\n<p>&#8211; Viel Luft f\u00fcr guten Absch\u00f6pfungseffekt erforderlich<\/p>\n<p>&#8211; Muss teilweise oberhalb des Wasserspiegels aufgestellt werden<\/p>\n<p>&nbsp;<\/p>\n<h2>Engergie-Absch\u00e4umer<\/h2>\n<p>In Zoos ist dies die am h\u00e4ufigsten verwendete Variante. Das Wasser wird mittels leistungsstarker Pumpen durch Venturies gepresst. In diesen Venturiern wird das Ozon dem Wasser zugesetzt. Das Wasser aus den Venturies gelangt dann in den Skimmer, wonach die Blasen in den Schaumraum aufsteigen. Durch die Verwendung von Venturiern ist diese Art von Absch\u00e4umer viel effektiver als der Schwerkraft-Absch\u00e4umer, der Stromverbrauch ist auch viel h\u00f6her.<\/p>\n<p>&nbsp;<\/p>\n<p><em>Vorteile:<\/em><\/p>\n<p>&#8211; Effizient<\/p>\n<p>&#8211; Gast Restozone aus<\/p>\n<p>&nbsp;<\/p>\n<p><em>Nachteile:<\/em><\/p>\n<p>&#8211; Gro\u00df<\/p>\n<p>&#8211; Kostspielig<\/p>\n<p>&#8211; Hohe Leistungsaufnahme<\/p>\n<p>&#8211; Muss teilweise oberhalb des Wasserspiegels aufgestellt werden<\/p>\n<p>&nbsp;<\/p>\n<h2>Hochdruck-Ozonreaktor<\/h2>\n<p>Der Hochdruckreaktor ist ein Ozonreaktor, in dem das Ozon \u00fcber einen Brausenstein in das Wasser eingeleitet wird. Die Ozonblasen werden durch die Wassers\u00e4ule nach oben steigen, wo sie wieder vermischt werden. Aus diesem Grund hat ein Hochdruckreaktor einen hohen Wirkungsgrad und dennoch einen niedrigen Gegendruck (1,5~2m).<\/p>\n<p>Dies ist der einzige Ozonreaktor, der Restozon ausgasen und trotzdem unterhalb des Wasserspiegels platziert werden kann. Die Vorteile eines Energieskimmers und eines Venturis, aber nicht die Nachteile. Diese Art von Ozonreaktor wird h\u00e4ufig in Teichen, Schwimmb\u00e4dern und Zoos eingesetzt. In geringerem Ma\u00dfe werden sie in der Industrie eingesetzt.\u00a0 Obwohl die hier eingesetzten Ozonreaktoren mehr oder weniger nach dem gleichen Prinzip arbeiten.<\/p>\n<p>&nbsp;<\/p>\n<p><em>Vorteile:<\/em><\/p>\n<p>&#8211; Hohe Effizienz<\/p>\n<p>&#8211; Kann unterhalb des Wasserspiegels platziert werden<\/p>\n<p>&#8211; Geringer Luftbedarf f\u00fcr ordnungsgem\u00e4\u00dfen Betrieb<\/p>\n<p>&#8211; Gast Restozone aus<\/p>\n<p>&#8211; In einigen Situationen sch\u00e4umt dieser Reaktor auch ab<\/p>\n<p>&nbsp;<\/p>\n<p><em>Nachteile:<\/em><\/p>\n<p>&#8211; Relativ gro\u00df<\/p>\n<p>&nbsp;<\/p>\n<h2>Statischer Mischer<\/h2>\n<p>Seit einigen Jahren werden statische Mischer zum Mischen von Ozon eingesetzt. Diese Methode wird in der Industrie seit einiger Zeit zum Mischen von Gasen und Fl\u00fcssigkeiten verwendet. Der auf dem Bild gezeigte Mischer ist einer der wenigen gut funktionierenden statischen Mischer und der einzige Mischer, den wir f\u00fcr industrielle Anwendungen einsetzen.<\/p>\n<p>Ein guter statischer Mischer reduziert die eingef\u00fchrten Luftblasen. Leider gibt es viele Mischer auf dem Markt, die die Blasen nur zirkulieren, anstatt sie zu reduzieren. Diese Mischer haben einen sehr geringen Wirkungsgrad. Deshalb sollten Sie sich vor dem Kauf eines Mixers gut informieren. Wenn Sie einen statischen Mischer verwenden, m\u00fcssen Sie auch Ma\u00dfnahmen zur Entgasung des Restozons ergreifen.<\/p>\n<p>&nbsp;<\/p>\n<p><em>Vorteile<\/em>:<\/p>\n<p>&#8211; Vern\u00fcnftig kompakt<\/p>\n<p>&#8211; Geringer Luftbedarf f\u00fcr ordnungsgem\u00e4\u00dfen Betrieb<\/p>\n<p>&nbsp;<\/p>\n<p><em>Nachteile<\/em>:<\/p>\n<p>&#8211; Sehr hoher Gegendruck, wenn man einen guten Ertrag erzielen will<\/p>\n<p>&#8211; Es muss eine zus\u00e4tzliche Vorkehrung getroffen werden, um Restozon abzusagen.<\/p>\n<p>&#8211; Ein guter Mixer ist kostspielig<\/p>\n<p>&nbsp;<\/p>\n<h2>Venturi<\/h2>\n<p>In industriellen Systemen ist das Venturirohr immer noch eines der am h\u00e4ufigsten verwendeten Produkte, um Ozon in Wasser zu mischen. Die Verwendung eines Venturirohrs bietet die h\u00f6chste Effizienz, weshalb es in der Industrie immer noch h\u00e4ufig eingesetzt wird. F\u00fcr den ordnungsgem\u00e4\u00dfen Betrieb eines Venturirohrs ist jedoch ein sehr gro\u00dfer Druckabfall \u00fcber dem Venturirohr erforderlich. Um dies zu erreichen, m\u00fcssen starke Pumpen eingesetzt werden, was der gr\u00f6\u00dfte Nachteil ist.<\/p>\n<p><em>Vorteile<\/em>:<\/p>\n<p>&#8211; Sehr hohe Effizienz<\/p>\n<p>&#8211; Sehr kompakt<\/p>\n<p>&#8211; Geringer Luftbedarf f\u00fcr ordnungsgem\u00e4\u00dfen Betrieb<\/p>\n<p>&#8211; G\u00fcnstig<\/p>\n<p>&nbsp;<\/p>\n<p><em>Nachteile<\/em>:<\/p>\n<p>&#8211; Sehr hoher Gegendruck, wenn man einen guten Ertrag erzielen will<\/p>\n<p>&#8211; Es muss eine zus\u00e4tzliche Vorkehrung getroffen werden, um Restozon abzugasen.<\/p>\n<h2>Welcher Ozonreaktor ist in meiner Situation geeignet?<\/h2>\n<p>Welcher Ozonreaktor f\u00fcr Ihre Anwendung am besten geeignet ist, h\u00e4ngt von der Situation ab.<\/p>\n<h2>Teich<\/h2>\n<p>F\u00fcr Teiche gibt es eine Reihe von Ozonreaktoren, die eingesetzt werden k\u00f6nnen. Der Schwerkraft-Absch\u00e4umer, der Hochdruck-Ozonreaktor und der statische Mischer sind die gebr\u00e4uchlichsten. Der Einsatz eines Hochdruck-Ozonreaktors oder eines Schwerkraft-Skimmers wird bevorzugt. Beide Optionen sind einfach in der Anwendung, haben niedrige Betriebskosten und weisen eine f\u00fcr diese Anwendung ausreichende Effizienz auf.<\/p>\n<h2>Privates Schwimmbad<\/h2>\n<p>F\u00fcr private Schwimmb\u00e4der wird in der Regel Venturis verwendet. Das ist perfekt anwendbar, aber dann muss das System auf die richtige Art und Weise aufgebaut werden. Es sollte niemals gel\u00f6stes Ozon im Pool selbst vorhanden sein, dies ist ein echtes Risiko bei der Verwendung eines Venturis.<\/p>\n<p>Bei Verwendung eines Venturirohrs ist stets darauf zu achten, dass sich hinter dem Venturirohr ein Entgasungsrohr befindet. In einigen F\u00e4llen wird das Ozon \u00fcber ein Venturirohr in einen Sandfilter eingeleitet. Dies ist auch eine gute Option, aber stellen Sie sicher, dass Sie einen ozonbest\u00e4ndigen Sandfilter verwenden! Polyester entlaminiert bei Ozonkonzentrationen von mehr als 2% (Gewichtsprozent).<\/p>\n<h2>\u00d6ffentliche Schwimmb\u00e4der und Vergn\u00fcgungsparks<\/h2>\n<p>F\u00fcr \u00f6ffentliche Schwimmb\u00e4der kann die gleiche Methode angewendet werden, wie unter der \u00dcberschrift &#8222;privates Schwimmbad&#8220; beschrieben. Bei gr\u00f6\u00dferen Schwimmb\u00e4dern und Wasserattraktionen in Vergn\u00fcgungsparks ist es in der Regel billiger, einen Hochdruckreaktor zu installieren, da die Entgasungsm\u00f6glichkeit bereits enthalten ist.<\/p>\n<h2>Zoos<\/h2>\n<p>In Zoos h\u00e4ngt die Wahl eines Ozonreaktors vom Beckenwasser ab. F\u00fcr Frischwasser ist es vorzuziehen, einen Hochdruck-Ozonreaktor zu verwenden, m\u00f6glicherweise in Kombination mit einem Venturi- oder statischen Mischer. Wenn das Wasser eine hohe organische Belastung aufweist, kann es interessant sein, einen Absch\u00e4umer zu installieren. Auch im S\u00fc\u00dfwasser ist er in der Lage, kleine organische Verschmutzungen zu entfernen.<\/p>\n<p>Im Salzwasser werden eigentlich immer Energie-Absch\u00e4umer eingesetzt, denn hier kommen sie voll zur Geltung. Nachteilig ist nat\u00fcrlich der Stromverbrauch, aber f\u00fcr Salzwasser ist dies die beste Wahl.<\/p>\n<h2>Industrie<\/h2>\n<p>In der Industrie werden h\u00e4ufig Venturies eingesetzt, insbesondere wenn hohe Ozonkonzentrationen erforderlich sind. F\u00fcr weniger anspruchsvolle Anwendungen kann der Hochdruck-Ozonreaktor eine interessante Alternative sein.<\/p>\n<p>&nbsp;<\/p>\n<p><strong>\u00a9 Tol Watertechniek<\/strong><\/p>\n","protected":false},"excerpt":{"rendered":"<p>Informationen zum Ozonreaktor<\/p>\n","protected":false},"author":1,"featured_media":0,"parent":0,"menu_order":0,"comment_status":"open","ping_status":"open","template":"","meta":{"_et_pb_use_builder":"","_et_pb_old_content":"","_et_gb_content_width":"","footnotes":""},"class_list":["post-3469","page","type-page","status-publish","hentry"],"_links":{"self":[{"href":"https:\/\/tolwatertechniek.nl\/de\/wp-json\/wp\/v2\/pages\/3469","targetHints":{"allow":["GET"]}}],"collection":[{"href":"https:\/\/tolwatertechniek.nl\/de\/wp-json\/wp\/v2\/pages"}],"about":[{"href":"https:\/\/tolwatertechniek.nl\/de\/wp-json\/wp\/v2\/types\/page"}],"author":[{"embeddable":true,"href":"https:\/\/tolwatertechniek.nl\/de\/wp-json\/wp\/v2\/users\/1"}],"replies":[{"embeddable":true,"href":"https:\/\/tolwatertechniek.nl\/de\/wp-json\/wp\/v2\/comments?post=3469"}],"version-history":[{"count":4,"href":"https:\/\/tolwatertechniek.nl\/de\/wp-json\/wp\/v2\/pages\/3469\/revisions"}],"predecessor-version":[{"id":9226,"href":"https:\/\/tolwatertechniek.nl\/de\/wp-json\/wp\/v2\/pages\/3469\/revisions\/9226"}],"wp:attachment":[{"href":"https:\/\/tolwatertechniek.nl\/de\/wp-json\/wp\/v2\/media?parent=3469"}],"curies":[{"name":"wp","href":"https:\/\/api.w.org\/{rel}","templated":true}]}}