{"id":3452,"date":"2012-10-27T18:10:50","date_gmt":"2012-10-27T18:10:50","guid":{"rendered":""},"modified":"2025-12-23T15:36:11","modified_gmt":"2025-12-23T15:36:11","slug":"information-ozongenerator","status":"publish","type":"page","link":"https:\/\/tolwatertechniek.nl\/de\/information-ozongenerator\/","title":{"rendered":"Informationen Ozongenerator"},"content":{"rendered":"<p>Ein Ozongenerator ist ein unverzichtbarer Bestandteil einer Ozonanlage, der Ozongenerator sorgt daf\u00fcr, dass Sauerstoff in Ozon umgewandelt wird. Ein Ozongenerator wird auch als Ozonator, Ozonisator oder Ozoniser bezeichnet, wobei dies nur andere Bezeichnungen f\u00fcr dasselbe Ger\u00e4t sind. N\u00e4mlich ein Ger\u00e4t, das Ozon aus Luft oder Sauerstoff herstellt. Ozon wird aus Sauerstoff erzeugt, was nicht bedeutet, dass reiner Sauerstoff als Versorgungsgas verwendet werden muss. Luft kann auch als Versorgungsgas verwendet werden, da sie 21% Sauerstoff enth\u00e4lt.<\/p>\n<p>Jede Art von Versorgungsgas hat ihre Vor- und Nachteile. Die Umwandlung von Sauerstoff in Ozon erfolgt in Ozongeneratoren mit UV-Licht oder Hochspannung. Letztere Methode ist bei weitem die am weitesten verbreitete, weil der Energieverbrauch um ein Vielfaches geringer ist.<\/p>\n<h2>Ozonerzeugung mit UV<\/h2>\n<p>Zur effektiven Erzeugung von Ozon mittels UV ist eine kurze Wellenl\u00e4nge von 185 nm erforderlich. Dies erfordert spezielle Lampen. Die bekannten UV-Lampen zur Algenentfernung haben eine Wellenl\u00e4nge von 254 nm, bei dieser Wellenl\u00e4nge wird Ozon zu Sauerstoff abgebaut.<\/p>\n<p>Mit UV-Licht k\u00f6nnen theoretisch mit 1 kWh etwa 130 Gramm Ozon erzeugt werden. In der Praxis ben\u00f6tigen Ozongeneratoren, die Ozon mit UV-Licht erzeugen, etwa 100 bis 150 Watt, um 1 Gramm Ozon zu erzeugen.<\/p>\n<p>Diese Methode hat einen Vorteil, trockene Zuluft ist nicht notwendig.<\/p>\n<p>&nbsp;<\/p>\n<p><em>Vorteile<\/em>:<\/p>\n<ul>\n<li>Einfache Konstruktion<\/li>\n<li>Keine trockene Luft als Gasversorgung erforderlich<\/li>\n<\/ul>\n<p>&nbsp;<\/p>\n<p><em>Nachteile<\/em>:<\/p>\n<ul>\n<li>Sehr hoher Stromverbrauch<\/li>\n<li>Niedrige Ozonkonzentration<\/li>\n<li>Viel Wartung (UV-Lampen ersetzen)<\/li>\n<\/ul>\n<p>&nbsp;<\/p>\n<h2>Erzeugung von Ozon mit Hochspannung<\/h2>\n<p>Heutzutage verwenden fast alle Ozongeneratoren Hochspannung zur Erzeugung von Ozon. Im allgemeinen Sprachgebrauch wird dies auch als &#8222;Korona-Entladung&#8220; bezeichnet, obwohl dies in Wirklichkeit der falsche Begriff ist. Die Koronaentladung basiert auf einem elektrischen Feld zwischen zwei Elektroden ohne dazwischen liegenden Isolator. In fast allen kommerziellen Ozongeneratoren wird ein Isolator verwendet. Der richtige Begriff ist daher nicht &#8222;Korona-Entladung&#8220;, sondern &#8220; dielektrische Barrierenentladung&#8220;.<\/p>\n<p>Hochspannungs-Ozongeneratoren sind viel sparsamer, bei trockener Luft werden etwa 20 Watt pro Gramm Ozon ben\u00f6tigt. Bei Sauerstoff liegt der Verbrauch sogar bei etwa 10 Watt pro Gramm. Diese Art von Ozongeneratoren muss eine trockene Gasversorgung haben, da Feuchtigkeit die Ozonzelle beeintr\u00e4chtigt.<\/p>\n<p>Die Ozongeneratoren, die wir verkaufen, arbeiten alle mit Hochspannung.<\/p>\n<p>&nbsp;<\/p>\n<p><em>Vorteile<\/em>:<\/p>\n<ul>\n<li>Energieeffizient<\/li>\n<li>Hohe Ozonkonzentrationen m\u00f6glich (bis 14 % Gewicht).<\/li>\n<li>Relativ kosteng\u00fcnstig in Anschaffung und Wartung<\/li>\n<\/ul>\n<p>&nbsp;<\/p>\n<p><em>Nachteile<\/em>:<\/p>\n<ul>\n<li>Die Gasversorgung muss trocken sein<\/li>\n<li>F\u00fcr einen optimalen Betrieb wird Sauerstoff als Gasversorgung empfohlen.<\/li>\n<\/ul>\n<p>&nbsp;<\/p>\n<h2>Luft als Gas-Versorgung<\/h2>\n<p>Luft als Versorgungsgas wird haupts\u00e4chlich in kleineren Ozongeneratoren bis zu +\/- 10 Gramm Ozon pro Stunde verwendet. Diese Art von Ozongeneratoren wird h\u00e4ufig f\u00fcr Teiche, Schwimmb\u00e4der und Spas verwendet, da sie relativ billig sind. In der Industrie wird diese Art von Ozongeneratoren kaum eingesetzt, da die maximal erreichbare Ozonkonzentration niedrig ist, h\u00f6chstens etwa 3 Gewichtsprozent (f\u00fcr trockene Luft).<\/p>\n<p>F\u00fcr einen ordnungsgem\u00e4\u00dfen Betrieb muss die Zuluft getrocknet werden, da die in der Luft enthaltene Feuchtigkeit zur Bildung von Salpeters\u00e4ure, zu Ablagerungen auf der Ozonzelle und zu einer niedrigen Ozonkonzentration ( Ozonertrag) f\u00fchrt. Das bedeutet, dass nicht nur trockene Luft durch den Ozongenerator str\u00f6men sollte, wenn er in Betrieb ist, auch wenn er ausgeschaltet ist, darf keine feuchte Luft durchstr\u00f6men! Wenn der Ozongenerator abgeschaltet wird, bildet sich keine Salpeters\u00e4ure, aber die Feuchtigkeit wirkt sich trotzdem auf die Ozonzelle aus!<\/p>\n<p>Beachten Sie auch, dass fast alle Hersteller dieser Art von Ozongeneratoren den Ozonertrag mit trockener Luft als Versorgungsgas messen. Mit trockener Luft ist ein Taupunkt von -40\u00b0C und manchmal sogar -60\u00b0C gemeint. Ein solch niedriger Taupunkt ist mit den meisten Lufttrocknern kaum zu erreichen. Auf unserer Website finden Sie die genauen Bedingungen, unter denen der Ozonertrag gemessen wurde. Leider gibt es kaum Hersteller, die diese Daten erw\u00e4hnen.<\/p>\n<p>Im Folgenden sind die Vor- und Nachteile aufgef\u00fchrt:<\/p>\n<p>&nbsp;<\/p>\n<p><em>Vorteile<\/em>:<\/p>\n<ul>\n<li>Niedrige Investitionskosten<\/li>\n<li>Einfach zu verwenden<\/li>\n<\/ul>\n<p>&nbsp;<\/p>\n<p><em>Nachteile<\/em>:<\/p>\n<ul>\n<li>Relativ viel Wartung erforderlich<\/li>\n<li>Niedrige Ozonkonzentration<\/li>\n<li>Feuchte Luft reduziert den Ozonertrag drastisch<\/li>\n<li>Ozongas enth\u00e4lt Schadstoffe wie Salpeters\u00e4ure<\/li>\n<li>Relativ hoher Stromverbrauch<\/li>\n<\/ul>\n<p>&nbsp;<\/p>\n<h2>Sauerstoff als Gasversorgung<\/h2>\n<p>Ozongeneratoren, die Sauerstoff als Versorgungsgas verwenden, haben in der Regel eine Ozonausbeute von mindestens 10 Gramm. Bei kleineren Ozongeneratoren ist die Herstellung des notwendigen Sauerstoffs zu teuer, um ihn effektiv zu nutzen. Sauerstoffbetriebene Ozongeneratoren finden sich daher haupts\u00e4chlich in der Industrie, in gro\u00dfen Schwimmb\u00e4dern, Zoos und Aquakulturen. Der Ozonertrag von sauerstoffbetriebenen Generatoren betr\u00e4gt bis zu etwa 2 kg\/h. Diese Art von Ozongeneratoren wird eigentlich nur in der Trinkwasseraufbereitung und Abwasserbehandlung eingesetzt.<\/p>\n<p>Der von einem Sauerstoffkonzentrator oder aus Flaschen erzeugte Sauerstoff hat bereits einen relativ niedrigen Taupunkt. Deshalb ist es in der Regel nicht notwendig, das Versorgungsgas zus\u00e4tzlich zu trocknen. Die maximale Ozonkonzentration, die mit Sauerstoff erreicht werden kann, ist mit bis zu 15% sehr hoch. Dadurch sind diese Ozongeneratoren perfekt f\u00fcr Desinfektionsanwendungen geeignet.<\/p>\n<p>&nbsp;<\/p>\n<p><em>Vorteile<\/em>:<\/p>\n<ul>\n<li>Sehr hohe Ozonkonzentration (bis zu mehr als 15%)<\/li>\n<li>Niedriger Energieverbrauch<\/li>\n<li>Geringe Wartung erforderlich<\/li>\n<li>Sauberes Ozongas<\/li>\n<\/ul>\n<p>&nbsp;<\/p>\n<p><em>Nachteile<\/em>:<\/p>\n<ul>\n<li>Hohe Investitionen<\/li>\n<li>Sauerstoffkonzentrator verbraucht ziemlich viel Energie, besonders bei kleineren Systemen<\/li>\n<\/ul>\n<p>&nbsp;<\/p>\n<h2>Welcher Ozongenerator ist in meiner Situation sinnvoll?<\/h2>\n<p>Welcher Ozongenerator f\u00fcr Ihre Anwendung am besten geeignet ist, h\u00e4ngt von der Situation ab.<\/p>\n<p>&nbsp;<\/p>\n<h2>Luftbehandlung<\/h2>\n<p>F\u00fcr die Behandlung von kleinen R\u00e4umen (Auto, Wohnung) ist ein UV-Ger\u00e4t oder eine einfache Hochspannungseinheit eine gute Wahl. F\u00fcr die Luftbehandlung in B\u00fcrogeb\u00e4uden ist ein Ozongenerator auf der Basis von Hochspannung die beste Wahl. Wenn Sie Luft in Lagerr\u00e4umen, Lagerhallen und K\u00fchlh\u00e4usern behandeln wollen, dann ist ein mit Sauerstoff betriebener Hochspannungs-Ozongenerator die beste Wahl.<\/p>\n<p>&nbsp;<\/p>\n<h2>Teich und Schwimmbad<\/h2>\n<p>Bei Teichen und privaten Schwimmb\u00e4dern werden der Kostenpreis und der Stromverbrauch besonders wichtig sein. Ein Ozongenerator, der mit trockener Luft gespeist wird, ist die beste Wahl f\u00fcr diese Anwendung. Ein einfacher Lufttrockner, der aus einem Rohr mit Trockenpellets besteht, ist f\u00fcr den ordnungsgem\u00e4\u00dfen Betrieb ausreichend.<\/p>\n<p>&nbsp;<\/p>\n<h2>\u00d6ffentliche Schwimmb\u00e4der, Zoos und Vergn\u00fcgungsparks<\/h2>\n<p>F\u00fcr diese Gruppe werden der Stromverbrauch und die Wartungskosten besonders wichtig sein. In den meisten F\u00e4llen ist ein luftgespeister Ozongenerator mit einem automatisch regenerierenden Lufttrockner die beste Wahl. F\u00fcr Wasserk\u00f6rper mit einer Gr\u00f6\u00dfe von mehr als +\/- 200 m\u00b3 ist es in der Regel kl\u00fcger, ein System auf Sauerstoffbasis zu w\u00e4hlen.<\/p>\n<p>&nbsp;<\/p>\n<h2>Industrie<\/h2>\n<p>Hier kommen fast immer sauerstoffbetriebene Hochspannungs-Ozongeneratoren zum Einsatz. Ganz einfach, weil sie eine hohe Ozonkonzentration erreichen und wartungsarm sind.<\/p>\n","protected":false},"excerpt":{"rendered":"<p>Information Ozongenerator<\/p>\n","protected":false},"author":1,"featured_media":0,"parent":0,"menu_order":0,"comment_status":"open","ping_status":"open","template":"","meta":{"_et_pb_use_builder":"","_et_pb_old_content":"","_et_gb_content_width":"","footnotes":""},"class_list":["post-3452","page","type-page","status-publish","hentry"],"_links":{"self":[{"href":"https:\/\/tolwatertechniek.nl\/de\/wp-json\/wp\/v2\/pages\/3452","targetHints":{"allow":["GET"]}}],"collection":[{"href":"https:\/\/tolwatertechniek.nl\/de\/wp-json\/wp\/v2\/pages"}],"about":[{"href":"https:\/\/tolwatertechniek.nl\/de\/wp-json\/wp\/v2\/types\/page"}],"author":[{"embeddable":true,"href":"https:\/\/tolwatertechniek.nl\/de\/wp-json\/wp\/v2\/users\/1"}],"replies":[{"embeddable":true,"href":"https:\/\/tolwatertechniek.nl\/de\/wp-json\/wp\/v2\/comments?post=3452"}],"version-history":[{"count":3,"href":"https:\/\/tolwatertechniek.nl\/de\/wp-json\/wp\/v2\/pages\/3452\/revisions"}],"predecessor-version":[{"id":9220,"href":"https:\/\/tolwatertechniek.nl\/de\/wp-json\/wp\/v2\/pages\/3452\/revisions\/9220"}],"wp:attachment":[{"href":"https:\/\/tolwatertechniek.nl\/de\/wp-json\/wp\/v2\/media?parent=3452"}],"curies":[{"name":"wp","href":"https:\/\/api.w.org\/{rel}","templated":true}]}}