{"id":3435,"date":"2012-10-16T08:31:45","date_gmt":"2012-10-16T08:31:45","guid":{"rendered":"https:\/\/tolwatertechniek.nl\/de\/reinigen-oppervlakken\/"},"modified":"2020-11-11T17:43:23","modified_gmt":"2020-11-11T17:43:23","slug":"oberflaechen-reinigen","status":"publish","type":"page","link":"https:\/\/tolwatertechniek.nl\/de\/oberflaechen-reinigen\/","title":{"rendered":"Reinigung von Oberfl\u00e4chen mit Ozon"},"content":{"rendered":"<p>Ozon eignet sich gut zur Reinigung von Oberfl\u00e4chen und Produkten. Ozon hat eine sehr starke desinfizierende Wirkung, wodurch es sich hervorragend als Desinfektionsmittel eignet. Insbesondere in der Lebensmittelindustrie kann Ozon einen wichtigen Beitrag zur Lebensmittelsicherheit leisten.\u00a0 Ozon l\u00e4sst sich hervorragend zur Desinfektion von z.B. Oberfl\u00e4chen, Maschinen, Verpackungsmaterialien und Werkzeugen einsetzen. Ozon ist sehr wirksam bei der Bek\u00e4mpfung der folgenden Probleme:<\/p>\n<ul>\n<li>Bakterien (Salmonellen, E-coli, etc.)<\/li>\n<li>Pilze<\/li>\n<li>Viren<\/li>\n<li>Spuren<\/li>\n<\/ul>\n<p>Ozon wirkt um ein Vielfaches schneller als herk\u00f6mmliche Desinfektionsmittel, eine Reduzierung des Bakteriendrucks um log 3 (einen Faktor 1000) ist durchaus machbar! In der Lebensmittelindustrie wird in der Regel in Wasser gel\u00f6stes Ozon verwendet. Die in der Lebensmittelindustrie verwendeten Materialien sind meist ozonbest\u00e4ndig, so dass der Einsatz von Ozon relativ einfach zu integrieren ist. Bitte kontaktieren Sie uns f\u00fcr weitere Informationen.<\/p>\n","protected":false},"excerpt":{"rendered":"<p>Reinigung von Oberfl\u00e4chen mit Ozon<\/p>\n","protected":false},"author":1,"featured_media":0,"parent":0,"menu_order":0,"comment_status":"open","ping_status":"open","template":"","meta":{"_et_pb_use_builder":"","_et_pb_old_content":"","_et_gb_content_width":"","footnotes":""},"class_list":["post-3435","page","type-page","status-publish","hentry"],"_links":{"self":[{"href":"https:\/\/tolwatertechniek.nl\/de\/wp-json\/wp\/v2\/pages\/3435","targetHints":{"allow":["GET"]}}],"collection":[{"href":"https:\/\/tolwatertechniek.nl\/de\/wp-json\/wp\/v2\/pages"}],"about":[{"href":"https:\/\/tolwatertechniek.nl\/de\/wp-json\/wp\/v2\/types\/page"}],"author":[{"embeddable":true,"href":"https:\/\/tolwatertechniek.nl\/de\/wp-json\/wp\/v2\/users\/1"}],"replies":[{"embeddable":true,"href":"https:\/\/tolwatertechniek.nl\/de\/wp-json\/wp\/v2\/comments?post=3435"}],"version-history":[{"count":3,"href":"https:\/\/tolwatertechniek.nl\/de\/wp-json\/wp\/v2\/pages\/3435\/revisions"}],"predecessor-version":[{"id":6157,"href":"https:\/\/tolwatertechniek.nl\/de\/wp-json\/wp\/v2\/pages\/3435\/revisions\/6157"}],"wp:attachment":[{"href":"https:\/\/tolwatertechniek.nl\/de\/wp-json\/wp\/v2\/media?parent=3435"}],"curies":[{"name":"wp","href":"https:\/\/api.w.org\/{rel}","templated":true}]}}