{"id":3432,"date":"2012-10-15T18:09:11","date_gmt":"2012-10-15T18:09:11","guid":{"rendered":""},"modified":"2022-12-05T08:21:09","modified_gmt":"2022-12-05T08:21:09","slug":"eisen-manganentfernung-2","status":"publish","type":"page","link":"https:\/\/tolwatertechniek.nl\/de\/eisen-manganentfernung-2\/","title":{"rendered":"Eisen und Mangan entfernen mit Ozon"},"content":{"rendered":"<p>Eisen und Mangan entfernen mit Ozon wird seit einiger Zeit getan. Dies funktioniert nur mit die Entfernung von wasserl\u00f6sliches Eisen (Fe ll) und wasserl\u00f6sliches Mangan (Mn ll). Beide Stoffe sind (wie die Name schon sagt) l\u00f6st in Wasser und k\u00f6nnen nicht herausgefiltert werden. Wenn Ozon eingesetzt wird wasserl\u00f6sliches Eisen oxidieren um Eisenhydroxid zu bilden. Das kann man dann mit ein Sandfilter einfach entfernen von das Wasser. <\/p>\n<p>Mangan wird mit Ozon oxidieren um Mangandioxid zu bilden, das auch einfach mit ein Sandfilter entfernt werden kann.  <\/p>\n<p>Das Entfernen von beide Stoffe mit Ozon ist relativ einfach mit Ozon, aber auch \u00dcberdosierung muss ber\u00fccksichtigt werden.  <\/p>\n","protected":false},"excerpt":{"rendered":"<p>Eisen und Mangan entfernen mit Ozon<\/p>\n","protected":false},"author":1,"featured_media":0,"parent":0,"menu_order":0,"comment_status":"open","ping_status":"open","template":"","meta":{"_et_pb_use_builder":"","_et_pb_old_content":"","_et_gb_content_width":"","footnotes":""},"class_list":["post-3432","page","type-page","status-publish","hentry"],"_links":{"self":[{"href":"https:\/\/tolwatertechniek.nl\/de\/wp-json\/wp\/v2\/pages\/3432","targetHints":{"allow":["GET"]}}],"collection":[{"href":"https:\/\/tolwatertechniek.nl\/de\/wp-json\/wp\/v2\/pages"}],"about":[{"href":"https:\/\/tolwatertechniek.nl\/de\/wp-json\/wp\/v2\/types\/page"}],"author":[{"embeddable":true,"href":"https:\/\/tolwatertechniek.nl\/de\/wp-json\/wp\/v2\/users\/1"}],"replies":[{"embeddable":true,"href":"https:\/\/tolwatertechniek.nl\/de\/wp-json\/wp\/v2\/comments?post=3432"}],"version-history":[{"count":3,"href":"https:\/\/tolwatertechniek.nl\/de\/wp-json\/wp\/v2\/pages\/3432\/revisions"}],"predecessor-version":[{"id":7816,"href":"https:\/\/tolwatertechniek.nl\/de\/wp-json\/wp\/v2\/pages\/3432\/revisions\/7816"}],"wp:attachment":[{"href":"https:\/\/tolwatertechniek.nl\/de\/wp-json\/wp\/v2\/media?parent=3432"}],"curies":[{"name":"wp","href":"https:\/\/api.w.org\/{rel}","templated":true}]}}