{"id":3429,"date":"2012-10-15T17:32:39","date_gmt":"2012-10-15T17:32:39","guid":{"rendered":""},"modified":"2025-12-30T12:27:45","modified_gmt":"2025-12-30T12:27:45","slug":"ozon-kuehltuerme-2","status":"publish","type":"page","link":"https:\/\/tolwatertechniek.nl\/de\/ozon-kuehltuerme-2\/","title":{"rendered":"K\u00fchlt\u00fcrme und Ozon"},"content":{"rendered":"<p>Ozon wird f\u00fcr die Desinfektion von K\u00fchlwasser in K\u00fchlt\u00fcrmen verwendet. Ozon dient nicht nur der Desinfektion, sondern entfernt auch Biofilm und Verschmutzungen im gesamten System. Dies erh\u00f6ht die Effizienz Ihres K\u00fchlturms und senkt die Betriebskosten. Durch den Einsatz von Ozon brauchen Sie auch kaum noch Chemie einzusetzen (nur noch pH-Korrektur), was zu wesentlich geringeren Betriebskosten f\u00fchrt als die K\u00fchlwasseraufbereitung mit den traditionellen Techniken, die viel Chemie einsetzen.<\/p>\n<p>Ozon hat die folgenden Vorteile:<\/p>\n<p>&#8211; Keine Lagerung von Chemikalien vor Ort<\/p>\n<p>&#8211; Entfernt Mikroorganismen und Biofilm<\/p>\n<p>&#8211; Minimiert die Verschmutzung des Kondensators und der W\u00e4rmetauscher und erh\u00f6ht die Effizienz<\/p>\n<p>&#8211; Kampf gegen Legionellen<\/p>\n<p>&#8211; Niedrige Betriebskosten<\/p>\n<p>&#8211; Sicher<\/p>\n<p>&nbsp;<\/p>\n","protected":false},"excerpt":{"rendered":"<p>K\u00fchlt\u00fcrme und Ozon<\/p>\n","protected":false},"author":1,"featured_media":0,"parent":0,"menu_order":0,"comment_status":"open","ping_status":"open","template":"","meta":{"_et_pb_use_builder":"","_et_pb_old_content":"","_et_gb_content_width":"","footnotes":""},"class_list":["post-3429","page","type-page","status-publish","hentry"],"_links":{"self":[{"href":"https:\/\/tolwatertechniek.nl\/de\/wp-json\/wp\/v2\/pages\/3429","targetHints":{"allow":["GET"]}}],"collection":[{"href":"https:\/\/tolwatertechniek.nl\/de\/wp-json\/wp\/v2\/pages"}],"about":[{"href":"https:\/\/tolwatertechniek.nl\/de\/wp-json\/wp\/v2\/types\/page"}],"author":[{"embeddable":true,"href":"https:\/\/tolwatertechniek.nl\/de\/wp-json\/wp\/v2\/users\/1"}],"replies":[{"embeddable":true,"href":"https:\/\/tolwatertechniek.nl\/de\/wp-json\/wp\/v2\/comments?post=3429"}],"version-history":[{"count":2,"href":"https:\/\/tolwatertechniek.nl\/de\/wp-json\/wp\/v2\/pages\/3429\/revisions"}],"predecessor-version":[{"id":5848,"href":"https:\/\/tolwatertechniek.nl\/de\/wp-json\/wp\/v2\/pages\/3429\/revisions\/5848"}],"wp:attachment":[{"href":"https:\/\/tolwatertechniek.nl\/de\/wp-json\/wp\/v2\/media?parent=3429"}],"curies":[{"name":"wp","href":"https:\/\/api.w.org\/{rel}","templated":true}]}}